


{"id":3689,"date":"2025-04-30T14:45:11","date_gmt":"2025-04-30T12:45:11","guid":{"rendered":"https:\/\/www.degro.org\/radiobiologie\/?page_id=3689"},"modified":"2026-01-06T17:15:31","modified_gmt":"2026-01-06T16:15:31","slug":"fokusgruppe-normalgewebe","status":"publish","type":"page","link":"https:\/\/www.degro.org\/radiobiologie\/fokusgruppe-normalgewebe\/","title":{"rendered":"Fokusgruppe: Normalgewebe"},"content":{"rendered":"<div id=\"pl-3689\"><style scoped>#pgc-3689-0-0 , #pgc-3689-0-2 { width:20.038% } #pgc-3689-0-1 { width:59.925% } #pg-3689-0 .panel-grid-cell { float:left } #pl-3689 .panel-grid-cell .so-panel { margin-bottom:30px } #pl-3689 .panel-grid-cell .so-panel:last-child { margin-bottom:0px } #pg-3689-0 { margin-left:-15px;margin-right:-15px } #pg-3689-0 .panel-grid-cell { padding-left:15px;padding-right:15px } @media (max-width:780px){ #pg-3689-0 .panel-grid-cell { float:none;width:auto } #pgc-3689-0-0 , #pgc-3689-0-1 { margin-bottom:30px } #pl-3689 .panel-grid , #pl-3689 .panel-grid-cell {  } #pl-3689 .panel-grid .panel-grid-cell-empty { display:none } #pl-3689 .panel-grid .panel-grid-cell-mobile-last { margin-bottom:0px }  } <\/style><div class=\"panel-grid\" id=\"pg-3689-0\" ><div class=\"panel-grid-cell\" id=\"pgc-3689-0-0\" ><div class=\"so-panel widget widget_sow-editor panel-first-child panel-last-child\" id=\"panel-3689-0-0-0\" data-index=\"0\"><div class=\"so-widget-sow-editor so-widget-sow-editor-base\">\n<div class=\"siteorigin-widget-tinymce textwidget\">\n\t<p><strong>Fokusgruppensprecher:innen<\/strong><\/p>\n<p><img loading=\"lazy\" class=\"aligncenter wp-image-3729 size-medium\" src=\"https:\/\/www.degro.org\/radiobiologie\/wp-content\/uploads\/sites\/11\/2025\/05\/22_ST_Deloch_V2-219x300.jpg\" alt=\"\" width=\"219\" height=\"300\" srcset=\"https:\/\/www.degro.org\/radiobiologie\/wp-content\/uploads\/sites\/11\/2025\/05\/22_ST_Deloch_V2-219x300.jpg 219w, https:\/\/www.degro.org\/radiobiologie\/wp-content\/uploads\/sites\/11\/2025\/05\/22_ST_Deloch_V2.jpg 706w\" sizes=\"(max-width: 219px) 100vw, 219px\" \/><\/p>\n<p><a href=\"https:\/\/www.strahlenklinik.uk-erlangen.de\/kontakt\/visitenkarte\/lisa-deloch-4413\/\">Lisa Deloch<\/a><br \/>\nNachwuchsgruppenleiterin<br \/>\nStrahlenklinik Erlangen<img loading=\"lazy\" class=\"aligncenter wp-image-3787 size-medium\" src=\"https:\/\/www.degro.org\/radiobiologie\/wp-content\/uploads\/sites\/11\/2025\/05\/Florian_Wirsdoerfer-200x300.jpg\" alt=\"\" width=\"200\" height=\"300\" srcset=\"https:\/\/www.degro.org\/radiobiologie\/wp-content\/uploads\/sites\/11\/2025\/05\/Florian_Wirsdoerfer-200x300.jpg 200w, https:\/\/www.degro.org\/radiobiologie\/wp-content\/uploads\/sites\/11\/2025\/05\/Florian_Wirsdoerfer-683x1024.jpg 683w, https:\/\/www.degro.org\/radiobiologie\/wp-content\/uploads\/sites\/11\/2025\/05\/Florian_Wirsdoerfer-768x1152.jpg 768w, https:\/\/www.degro.org\/radiobiologie\/wp-content\/uploads\/sites\/11\/2025\/05\/Florian_Wirsdoerfer-1024x1536.jpg 1024w, https:\/\/www.degro.org\/radiobiologie\/wp-content\/uploads\/sites\/11\/2025\/05\/Florian_Wirsdoerfer-1365x2048.jpg 1365w, https:\/\/www.degro.org\/radiobiologie\/wp-content\/uploads\/sites\/11\/2025\/05\/Florian_Wirsdoerfer.jpg 1472w\" sizes=\"(max-width: 200px) 100vw, 200px\" \/><\/p>\n<p><a href=\"https:\/\/zellbiologie.uk-essen.de\/immunmodulation\/\">Florian Wirsd\u00f6rfer<\/a><br \/>\nNachwuchsgruppenleiter<br \/>\nInstitut f\u00fcr Zellbiologie<br \/>\nUniversit\u00e4tsklinikum Essen<\/p>\n<\/div>\n<\/div><\/div><\/div><div class=\"panel-grid-cell\" id=\"pgc-3689-0-1\" ><div class=\"so-panel widget widget_sow-editor panel-first-child\" id=\"panel-3689-0-1-0\" data-index=\"1\"><div class=\"so-widget-sow-editor so-widget-sow-editor-base\">\n<div class=\"siteorigin-widget-tinymce textwidget\">\n\t<h2><b>Hintergrund und Ziele der Fokusgruppe<br \/>\n<\/b><\/h2>\n<p><strong>Normalgewebstoxizit\u00e4ten<\/strong> sind ein zentraler Aspekt bei der Strahlentherapie, da sie akute und chronische Komplikationen hervorrufen k\u00f6nnen. Ein vertieftes Verst\u00e4ndnis ihrer Mechanismen ist daher ein wichtiger Forschungsansatz, um Nebenwirkungen zu reduzieren und die <strong>Lebensqualit\u00e4t der Patient:innen zu verbessern<\/strong>. Strahlentherapie f\u00fchrt zu komplexen biologischen Reaktionen im Gewebe, insbesondere zu DNA-Sch\u00e4den, der Bildung reaktiver Sauerstoffspezies und der Aussch\u00fcttung entz\u00fcndlicher Zytokine. Diese Prozesse verursachen Zelltod, Entz\u00fcndungsreaktionen und Fibrose. Weitere Faktoren wie der Verlust von Stammzellen und die Sch\u00e4digung vaskul\u00e4rer Endothelzellen k\u00f6nnen das Fortschreiten strahleninduzierter Sch\u00e4den zus\u00e4tzlich beg\u00fcnstigen.<\/p>\n<p><img loading=\"lazy\" class=\"aligncenter wp-image-3678\" src=\"https:\/\/www.degro.org\/radiobiologie\/wp-content\/uploads\/sites\/11\/2025\/04\/FG-Normalgewebe_vorlaeufig-300x273.png\" alt=\"\" width=\"600\" height=\"546\" srcset=\"https:\/\/www.degro.org\/radiobiologie\/wp-content\/uploads\/sites\/11\/2025\/04\/FG-Normalgewebe_vorlaeufig-300x273.png 300w, https:\/\/www.degro.org\/radiobiologie\/wp-content\/uploads\/sites\/11\/2025\/04\/FG-Normalgewebe_vorlaeufig-768x699.png 768w, https:\/\/www.degro.org\/radiobiologie\/wp-content\/uploads\/sites\/11\/2025\/04\/FG-Normalgewebe_vorlaeufig.png 794w\" sizes=\"(max-width: 600px) 100vw, 600px\" \/><\/p>\n<p><strong>Akute Reaktionen<\/strong> treten meist innerhalb weniger Tage oder Wochen nach der Strahlentherapie, insbesondere in Geweben mit hoher Proliferationsrate als Hautr\u00f6tungen, Schleimhautentz\u00fcndungen oder h\u00e4matologische Effekte, auf. <strong>Sp\u00e4treaktionen<\/strong> entwickeln sich dagegen oft erst nach Monaten oder Jahren und sind aufgrund ihrer kumulativen Natur meist schwerwiegender. Diese umfassen chronische Entz\u00fcndungen, Gef\u00e4\u00dfverletzungen, Fibrosen, Organdysfunktionen oder die Entstehung sekund\u00e4rer Malignome. Die <strong>Normalgewebstoxizit\u00e4t wird von verschiedenen Faktoren<\/strong> <strong>beeinflusst<\/strong>, darunter die applizierte Strahlendosis, die Art des bestrahlten Gewebes, die angewandten Therapietechniken und individuelle Patient:innenfaktoren. Beispielsweise k\u00f6nnen eskalierende Dosen das Risiko von Sp\u00e4treaktionen erh\u00f6hen, w\u00e4hrend Gewebe je nach Regenerationsf\u00e4higkeit unterschiedlich empfindlich auf Strahlung reagiert. Technische Fortschritte wie die intensit\u00e4tsmodulierte Strahlentherapie (IMRT) oder die Protonentherapie erm\u00f6glichen durch pr\u00e4zisere Dosisverteilung eine effektive Tumorbehandlung bei gleichzeitig reduzierter Belastung des Normalgewebes. Neben den beschriebenen Einfl\u00fcssen spielen auch molekulare, gesundheitliche und umweltbedingte Faktoren eine Rolle. Insgesamt ist die <strong>Erforschung der Normalgewebstoxizit\u00e4ten<\/strong> essenziell, um die Behandlungsergebnisse zu verbessern, da Nebenwirkungen oft die applizierbare Gesamtdosis begrenzen und somit auch die Tumorkontrolle beeinflussen k\u00f6nnen. Moderne Forschung bleibt daher essenziell, um Behandlungsstrategien weiter zu optimieren, <strong>Therapieergebnisse zu maximieren und Nebenwirkungen zu minimieren<\/strong>.<\/p>\n<\/div>\n<\/div><\/div><div class=\"so-panel widget widget_icon-box\" id=\"panel-3689-0-1-1\" data-index=\"2\"><div class=\"thim-widget-icon-box thim-widget-icon-box-base\"><div class=\"wrapper-box-icon text-right  \" ><div class=\"smicon-box iconbox-left\"><div class=\"boxes-icon\" style=\"width: 100px;height: 100px;\"><span class=\"inner-icon\"><span class=\"icon\"><i class=\"fa fa-child\" style=\"color:#1e73be; font-size:30px; line-height:30px; vertical-align: middle;\"><\/i><\/span><\/span><\/div><div class=\"content-inner\"  style=\"width: calc( 100% - 100px - 15px);\"><div class=\"sc-heading article_heading\"><h3 class = \"heading__primary\" style=\"color: #1e73be;\">Derzeit Aktive Mitglieder<\/h3><\/div><div class=\"desc-icon-box\"><p >F\u00fcr weitere Informationen klicken Sie bitte auf die Namen.<\/p><\/div><\/div><\/div><!--end smicon-box--><\/div><\/div><\/div><div class=\"so-panel widget widget_lsow-accordion panel-last-child\" id=\"panel-3689-0-1-2\" data-index=\"3\"><div style=\"background-color:#b7d4e2;\" class=\"panel-widget-style\" ><div class=\"so-widget-lsow-accordion so-widget-lsow-accordion-default-d75171398898\">\n\n<div class=\"lsow-accordion style3\" data-toggle=\"false\">\n\n    \n        <div class=\"lsow-panel\">\n\n            <div class=\"lsow-panel-title\">Benjamin Frey<\/div>\n\n            <div class=\"lsow-panel-content\"><p><span data-sheets-root=\"1\">Translationale Strahlenbiologie, Strahlenklinik<\/span><\/p><p><span data-sheets-root=\"1\">Universit\u00e4tsklinikum Erlangen, Friedrich-Alexander-Universit\u00e4t Erlangen-N\u00fcrnberg<\/span><\/p><p>https:\/\/www.strahlenklinik.uk-erlangen.de\/forschung\/translatradbio\/<\/p><p><span data-sheets-root=\"1\">benjamin.frey@uk-erlangen.de<\/span><\/p><p><span data-sheets-root=\"1\">+49 9131 85 44248<\/span><\/p><\/div>\n\n        <\/div>\n\n        \n        <div class=\"lsow-panel\">\n\n            <div class=\"lsow-panel-title\">Elena Sperk<\/div>\n\n            <div class=\"lsow-panel-content\"><p><span data-sheets-root=\"1\">Mannheim Cancer Center, Medizinische Fakult\u00e4t Mannheim, Universit\u00e4t Heidelberg<\/span><\/p><p>https:\/\/www.linkedin.com\/in\/elena-sperk-0965a0180\/<\/p><\/div>\n\n        <\/div>\n\n        \n        <div class=\"lsow-panel\">\n\n            <div class=\"lsow-panel-title\">Florian Wirsd\u00f6rfer<\/div>\n\n            <div class=\"lsow-panel-content\"><p><span data-sheets-root=\"1\">Institut f\u00fcr Zellbiologie (Tumorforschung)<\/span><\/p><p><span data-sheets-root=\"1\">Universit\u00e4tsklinikum Essen<\/span><\/p><p><span data-sheets-root=\"1\">florian.wirsdoerfer@uk-essen.de<\/span><\/p><p><span data-sheets-root=\"1\">+49 201 72383343<\/span><\/p><p>https:\/\/zellbiologie.uk-essen.de\/immunmodulation\/<\/p><\/div>\n\n        <\/div>\n\n        \n        <div class=\"lsow-panel\">\n\n            <div class=\"lsow-panel-title\">G\u00fcnther Dollinger<\/div>\n\n            <div class=\"lsow-panel-content\"><p><span data-sheets-root=\"1\">Universit\u00e4t der Bundewehr M\u00fcnchen<\/span><\/p><p><span data-sheets-root=\"1\">Protonen Minibeam Therapie Neubiberg<\/span><\/p><\/div>\n\n        <\/div>\n\n        \n        <div class=\"lsow-panel\">\n\n            <div class=\"lsow-panel-title\">Julius Fischer<\/div>\n\n            <div class=\"lsow-panel-content\"><p><span data-sheets-root=\"1\">Klinik und Poliklinik f\u00fcr RadioOnkologie und Strahlentherapie <\/span><\/p><p><span data-sheets-root=\"1\">TU M\u00fcnchen<\/span><\/p><p>https:\/\/radioonkologie.mri.tum.de\/de\/ag-radioimmunonkologie<\/p><p><span data-sheets-root=\"1\">julius.fischer@tum.de<\/span><\/p><p><span data-sheets-root=\"1\">+49 89 4140 4501<\/span><\/p><\/div>\n\n        <\/div>\n\n        \n        <div class=\"lsow-panel\">\n\n            <div class=\"lsow-panel-title\">Lisa Deloch<\/div>\n\n            <div class=\"lsow-panel-content\"><\/div>\n\n        <\/div>\n\n        \n        <div class=\"lsow-panel\">\n\n            <div class=\"lsow-panel-title\">Nina Struve<\/div>\n\n            <div class=\"lsow-panel-content\"><p><span data-sheets-root=\"1\">AG Struve, Strahlenbiologie von p\u00e4diatrischen Hirntumoren, Labor f\u00fcr Strahlenbiologie &amp; Experimentelle Radioonkologie<\/span><\/p><p><span data-sheets-root=\"1\">Universit\u00e4tsklinikum Hamburg-Eppendorf<\/span><\/p><p>https:\/\/www.uke.de\/kliniken-institute\/kliniken\/strahlentherapie-radioonkologie\/forschung\/strahlenbiologie-experimentelle-radioonkologie\/ag5-strahlenbiologie-von-kindlichen-hirntumoren\/index.html<\/p><p><span data-sheets-root=\"1\">ni.struve@uke.de<\/span><\/p><p><span data-sheets-root=\"1\">+49 40741052358<\/span><\/p><\/div>\n\n        <\/div>\n\n        \n<\/div><\/div><\/div><\/div><\/div><div class=\"panel-grid-cell\" id=\"pgc-3689-0-2\" ><div class=\"so-panel widget widget_sow-editor panel-first-child\" id=\"panel-3689-0-2-0\" data-index=\"4\"><div class=\"so-widget-sow-editor so-widget-sow-editor-base\">\n<div class=\"siteorigin-widget-tinymce textwidget\">\n\t<h3>Highlights Fokusgruppe<\/h3>\n<\/div>\n<\/div><\/div><div class=\"so-panel widget widget_lsow-accordion panel-last-child\" id=\"panel-3689-0-2-1\" data-index=\"5\"><div class=\"so-widget-lsow-accordion so-widget-lsow-accordion-default-d75171398898\">\n<h3 class=\"widget-title\">Publikationen<\/h3>\n<div class=\"lsow-accordion style3\" data-toggle=\"true\">\n\n    \n        <div class=\"lsow-panel\">\n\n            <div class=\"lsow-panel-title\">XXX<\/div>\n\n            <div class=\"lsow-panel-content\"><\/div>\n\n        <\/div>\n\n        \n<\/div><\/div><\/div><\/div><\/div><\/div>","protected":false},"excerpt":{"rendered":"<p>#pgc-3689-0-0 , #pgc-3689-0-2 { width:20.038% } #pgc-3689-0-1 { width:59.925% } #pg-3689-0 .panel-grid-cell { float:left } #pl-3689 .panel-grid-cell .so-panel { margin-bottom:30px } #pl-3689 .panel-grid-cell .so-panel:last-child { margin-bottom:0px } #pg-3689-0 { margin-left:-15px;margin-right:-15px } #pg-3689-0 .panel-grid-cell { padding-left:15px;padding-right:15px } @media (max-width:780px){ #pg-3689-0 .panel-grid-cell <\/p>\n","protected":false},"author":43,"featured_media":0,"parent":0,"menu_order":0,"comment_status":"closed","ping_status":"closed","template":"","meta":[],"_links":{"self":[{"href":"https:\/\/www.degro.org\/radiobiologie\/wp-json\/wp\/v2\/pages\/3689"}],"collection":[{"href":"https:\/\/www.degro.org\/radiobiologie\/wp-json\/wp\/v2\/pages"}],"about":[{"href":"https:\/\/www.degro.org\/radiobiologie\/wp-json\/wp\/v2\/types\/page"}],"author":[{"embeddable":true,"href":"https:\/\/www.degro.org\/radiobiologie\/wp-json\/wp\/v2\/users\/43"}],"replies":[{"embeddable":true,"href":"https:\/\/www.degro.org\/radiobiologie\/wp-json\/wp\/v2\/comments?post=3689"}],"version-history":[{"count":11,"href":"https:\/\/www.degro.org\/radiobiologie\/wp-json\/wp\/v2\/pages\/3689\/revisions"}],"predecessor-version":[{"id":3808,"href":"https:\/\/www.degro.org\/radiobiologie\/wp-json\/wp\/v2\/pages\/3689\/revisions\/3808"}],"wp:attachment":[{"href":"https:\/\/www.degro.org\/radiobiologie\/wp-json\/wp\/v2\/media?parent=3689"}],"curies":[{"name":"wp","href":"https:\/\/api.w.org\/{rel}","templated":true}]}}