


{"id":3613,"date":"2025-04-10T12:02:08","date_gmt":"2025-04-10T10:02:08","guid":{"rendered":"https:\/\/www.degro.org\/radiobiologie\/?page_id=3613"},"modified":"2025-09-24T10:10:31","modified_gmt":"2025-09-24T08:10:31","slug":"fokusgruppen","status":"publish","type":"page","link":"https:\/\/www.degro.org\/radiobiologie\/fokusgruppen\/","title":{"rendered":"Fokusgruppen"},"content":{"rendered":"<div id=\"pl-3613\"><style scoped>#pgc-3613-0-0 , #pgc-3613-0-2 { width:15% } #pgc-3613-0-1 { width:70% } #pg-3613-0 , #pg-3613-1 , #pl-3613 .panel-grid-cell .so-panel { margin-bottom:30px } #pg-3613-0 .panel-grid-cell , #pg-3613-1 .panel-grid-cell { float:left } #pgc-3613-1-0 , #pgc-3613-1-4 { width:15.015% } #pgc-3613-1-1 , #pgc-3613-1-2 , #pgc-3613-1-3 { width:23.323% } #pg-3613-2 .panel-grid-cell { float:none } #pl-3613 .panel-grid-cell .so-panel:last-child { margin-bottom:0px } #pg-3613-0 , #pg-3613-1 , #pg-3613-2 { margin-left:-15px;margin-right:-15px } #pg-3613-0 .panel-grid-cell , #pg-3613-1 .panel-grid-cell , #pg-3613-2 .panel-grid-cell { padding-left:15px;padding-right:15px } #panel-3613-0-1-0 > .panel-widget-style { padding:30px 30px 30px 30px } @media (max-width:780px){ #pg-3613-0 .panel-grid-cell , #pg-3613-1 .panel-grid-cell , #pg-3613-2 .panel-grid-cell { float:none;width:auto } #pgc-3613-0-0 , #pgc-3613-0-1 , #pgc-3613-1-0 , #pgc-3613-1-1 , #pgc-3613-1-2 , #pgc-3613-1-3 { margin-bottom:30px } #pl-3613 .panel-grid , #pl-3613 .panel-grid-cell {  } #pl-3613 .panel-grid .panel-grid-cell-empty { display:none } #pl-3613 .panel-grid .panel-grid-cell-mobile-last { margin-bottom:0px }  } <\/style><div class=\"panel-grid\" id=\"pg-3613-0\" ><div class=\"panel-grid-cell\" id=\"pgc-3613-0-0\" ><div class=\"so-panel widget widget_sow-editor panel-first-child panel-last-child\" id=\"panel-3613-0-0-0\" data-index=\"0\"><div class=\"so-widget-sow-editor so-widget-sow-editor-base\">\n<div class=\"siteorigin-widget-tinymce textwidget\">\n\t<p><strong>Sprecher:innenrat<\/strong><\/p>\n<p><img loading=\"lazy\" class=\"aligncenter wp-image-3832 size-medium\" src=\"https:\/\/www.degro.org\/radiobiologie\/wp-content\/uploads\/sites\/11\/2025\/07\/Photo_Roedel_Franz-roedelf@gmx.de_-193x300.png\" alt=\"\" width=\"193\" height=\"300\" srcset=\"https:\/\/www.degro.org\/radiobiologie\/wp-content\/uploads\/sites\/11\/2025\/07\/Photo_Roedel_Franz-roedelf@gmx.de_-193x300.png 193w, https:\/\/www.degro.org\/radiobiologie\/wp-content\/uploads\/sites\/11\/2025\/07\/Photo_Roedel_Franz-roedelf@gmx.de_-660x1024.png 660w, https:\/\/www.degro.org\/radiobiologie\/wp-content\/uploads\/sites\/11\/2025\/07\/Photo_Roedel_Franz-roedelf@gmx.de_-768x1191.png 768w, https:\/\/www.degro.org\/radiobiologie\/wp-content\/uploads\/sites\/11\/2025\/07\/Photo_Roedel_Franz-roedelf@gmx.de_-991x1536.png 991w, https:\/\/www.degro.org\/radiobiologie\/wp-content\/uploads\/sites\/11\/2025\/07\/Photo_Roedel_Franz-roedelf@gmx.de_-1321x2048.png 1321w, https:\/\/www.degro.org\/radiobiologie\/wp-content\/uploads\/sites\/11\/2025\/07\/Photo_Roedel_Franz-roedelf@gmx.de_.png 1956w\" sizes=\"(max-width: 193px) 100vw, 193px\" \/><\/p>\n<p><a href=\"https:\/\/www.unimedizin-ffm.de\/einrichtungen\/kliniken\/zentrum-der-radiologie\/strahlentherapie\/unsere-klinik\/mitarbeiter\/strahlenbiologie\">Franz R\u00f6del<\/a><\/p>\n<p>Leiter Molekulare Strahlenbiologie<br \/>\nKlinik f\u00fcr Strahlentherapie und Onkologie<br \/>\nGoethe-Universit\u00e4t Frankfurt am Main<\/p>\n<p><img loading=\"lazy\" class=\"aligncenter size-medium wp-image-150\" src=\"https:\/\/www.degro.org\/radiobiologie\/wp-content\/uploads\/sites\/11\/2017\/10\/Verena_Jendrossek-203x300.jpg\" alt=\"\" width=\"203\" height=\"300\" srcset=\"https:\/\/www.degro.org\/radiobiologie\/wp-content\/uploads\/sites\/11\/2017\/10\/Verena_Jendrossek-203x300.jpg 203w, https:\/\/www.degro.org\/radiobiologie\/wp-content\/uploads\/sites\/11\/2017\/10\/Verena_Jendrossek-768x1133.jpg 768w, https:\/\/www.degro.org\/radiobiologie\/wp-content\/uploads\/sites\/11\/2017\/10\/Verena_Jendrossek-694x1024.jpg 694w\" sizes=\"(max-width: 203px) 100vw, 203px\" \/><\/p>\n<p>Verena Jendrossek<\/p>\n<p>Institutsleiterin<br \/>\nInstitut f\u00fcr Zellbiologie (Tumorforschung)<br \/>\nUniversit\u00e4tsklinikum Essen<\/p>\n<\/div>\n<\/div><\/div><\/div><div class=\"panel-grid-cell\" id=\"pgc-3613-0-1\" ><div class=\"so-panel widget widget_sow-image panel-first-child\" id=\"panel-3613-0-1-0\" data-index=\"1\"><div class=\"panel-widget-style\" ><div class=\"so-widget-sow-image so-widget-sow-image-default-1c389ca87c1a\">\n\n<div class=\"sow-image-container\">\n\t<img src=\"https:\/\/www.degro.org\/radiobiologie\/wp-content\/uploads\/sites\/11\/2025\/06\/Fokusgruppen_Logo_3005-1024x1024.jpeg\" width=\"640\" height=\"640\" srcset=\"https:\/\/www.degro.org\/radiobiologie\/wp-content\/uploads\/sites\/11\/2025\/06\/Fokusgruppen_Logo_3005-1024x1024.jpeg 1024w, https:\/\/www.degro.org\/radiobiologie\/wp-content\/uploads\/sites\/11\/2025\/06\/Fokusgruppen_Logo_3005-300x300.jpeg 300w, https:\/\/www.degro.org\/radiobiologie\/wp-content\/uploads\/sites\/11\/2025\/06\/Fokusgruppen_Logo_3005-150x150.jpeg 150w, https:\/\/www.degro.org\/radiobiologie\/wp-content\/uploads\/sites\/11\/2025\/06\/Fokusgruppen_Logo_3005-768x768.jpeg 768w, https:\/\/www.degro.org\/radiobiologie\/wp-content\/uploads\/sites\/11\/2025\/06\/Fokusgruppen_Logo_3005-1536x1536.jpeg 1536w, https:\/\/www.degro.org\/radiobiologie\/wp-content\/uploads\/sites\/11\/2025\/06\/Fokusgruppen_Logo_3005-2048x2048.jpeg 2048w\" title=\"Fokusgruppen_Logo_3005\"  class=\"so-widget-image\"\/>\n<\/div>\n\n<\/div><\/div><\/div><div class=\"so-panel widget widget_sow-editor panel-last-child\" id=\"panel-3613-0-1-1\" data-index=\"2\"><div class=\"so-widget-sow-editor so-widget-sow-editor-base\"><h3 class=\"widget-title\">Schwerpunktarbeit<\/h3>\n<div class=\"siteorigin-widget-tinymce textwidget\">\n\t<p>Aufgrund der <strong>zunehmenden Fokussierung und Spezialisierung<\/strong> der experimentellen Forschungst\u00e4tigkeit haben sich unter dem Dach der Deutschen Gesellschaft f\u00fcr Radioonkologie (DEGRO) <strong>Arbeitsgruppen mit vergleichbaren Fragestellungen<\/strong> und wissenschaftlichem Interesse zu Netzwerken und Arbeitsgruppen zusammengeschlossen. Diese beinhalten einige herausragende neue Forschungsthemen und Forschungsans\u00e4tze, welche gro\u00dfes Potenzial f\u00fcr die zielgerichtete Optimierung der modernen Radioonkologie bieten.<\/p>\n<p>Den einzelnen Arbeitsgruppen steht ein <strong>Sprecher:innenrat<\/strong> zur Seite, dessen Aufgabe die Koordination der Gesamtaktivit\u00e4t und Vermittlung einer netzwerk\u00fcbergreifenden Kommunikation ist. Gerne k\u00f6nnen Sie uns bei Fragen und Ideen kontaktieren.<\/p>\n<h4>Die<span style=\"color: #307496\"><strong> AG Experimentelle Radioonkologie<\/strong><\/span> teilt sich auf in die<span style=\"color: #307496\"><strong> drei Fokusgruppen<\/strong><\/span>:<\/h4>\n<\/div>\n<\/div><\/div><\/div><div class=\"panel-grid-cell\" id=\"pgc-3613-0-2\" ><div class=\"so-panel widget widget_sow-editor panel-first-child\" id=\"panel-3613-0-2-0\" data-index=\"3\"><div class=\"so-widget-sow-editor so-widget-sow-editor-base\"><h3 class=\"widget-title\">Communities<\/h3>\n<div class=\"siteorigin-widget-tinymce textwidget\">\n\t<\/div>\n<\/div><\/div><div class=\"so-panel widget widget_sow-image\" id=\"panel-3613-0-2-1\" data-index=\"4\"><div class=\"so-widget-sow-image so-widget-sow-image-default-1c389ca87c1a\">\n\n<div class=\"sow-image-container\">\n<a href=\"https:\/\/degbs.de\/\" >\t<img src=\"https:\/\/www.degro.org\/radiobiologie\/wp-content\/uploads\/sites\/11\/2025\/09\/Logo_DeGBS_transparent.png\" width=\"640\" height=\"265\" srcset=\"https:\/\/www.degro.org\/radiobiologie\/wp-content\/uploads\/sites\/11\/2025\/09\/Logo_DeGBS_transparent.png 900w, https:\/\/www.degro.org\/radiobiologie\/wp-content\/uploads\/sites\/11\/2025\/09\/Logo_DeGBS_transparent-300x124.png 300w, https:\/\/www.degro.org\/radiobiologie\/wp-content\/uploads\/sites\/11\/2025\/09\/Logo_DeGBS_transparent-768x317.png 768w\"  class=\"so-widget-image\"\/>\n<\/a><\/div>\n\n<\/div><\/div><div class=\"so-panel widget widget_sow-image\" id=\"panel-3613-0-2-2\" data-index=\"5\"><div class=\"so-widget-sow-image so-widget-sow-image-default-3f547a15eaaa\">\n\n<div class=\"sow-image-container\">\n<a href=\"https:\/\/www.dgmp.de\/\" >\t<img src=\"https:\/\/www.degro.org\/radiobiologie\/wp-content\/uploads\/sites\/11\/2025\/09\/Logo_DGMP_transparent.png\" width=\"1920\" height=\"600\" srcset=\"https:\/\/www.degro.org\/radiobiologie\/wp-content\/uploads\/sites\/11\/2025\/09\/Logo_DGMP_transparent.png 1920w, https:\/\/www.degro.org\/radiobiologie\/wp-content\/uploads\/sites\/11\/2025\/09\/Logo_DGMP_transparent-300x94.png 300w, https:\/\/www.degro.org\/radiobiologie\/wp-content\/uploads\/sites\/11\/2025\/09\/Logo_DGMP_transparent-1024x320.png 1024w, https:\/\/www.degro.org\/radiobiologie\/wp-content\/uploads\/sites\/11\/2025\/09\/Logo_DGMP_transparent-768x240.png 768w, https:\/\/www.degro.org\/radiobiologie\/wp-content\/uploads\/sites\/11\/2025\/09\/Logo_DGMP_transparent-1536x480.png 1536w\"  class=\"so-widget-image\"\/>\n<\/a><\/div>\n\n<\/div><\/div><div class=\"so-panel widget widget_sow-image\" id=\"panel-3613-0-2-3\" data-index=\"6\"><div class=\"so-widget-sow-image so-widget-sow-image-default-3f547a15eaaa\">\n\n<div class=\"sow-image-container\">\n<a href=\"https:\/\/www.estro.org\/\" >\t<img src=\"https:\/\/www.degro.org\/radiobiologie\/wp-content\/uploads\/sites\/11\/2025\/09\/Logo_ESTRO_transparent.png\" width=\"655\" height=\"433\" srcset=\"https:\/\/www.degro.org\/radiobiologie\/wp-content\/uploads\/sites\/11\/2025\/09\/Logo_ESTRO_transparent.png 655w, https:\/\/www.degro.org\/radiobiologie\/wp-content\/uploads\/sites\/11\/2025\/09\/Logo_ESTRO_transparent-300x198.png 300w\"  class=\"so-widget-image\"\/>\n<\/a><\/div>\n\n<\/div><\/div><div class=\"so-panel widget widget_sow-editor\" id=\"panel-3613-0-2-4\" data-index=\"7\"><div class=\"so-widget-sow-editor so-widget-sow-editor-base\"><h3 class=\"widget-title\">Social Media<\/h3>\n<div class=\"siteorigin-widget-tinymce textwidget\">\n\t<\/div>\n<\/div><\/div><div class=\"so-panel widget widget_sow-button\" id=\"panel-3613-0-2-5\" data-index=\"8\"><div class=\"so-widget-sow-button so-widget-sow-button-atom-7ac47b4fefec\"><div class=\"ow-button-base ow-button-align-right\">\n\n\t\t<a class=\"ow-button-hover\" href=\"https:\/\/www.linkedin.com\/company\/deutsche-gesellschaft-fuer-radioonkologie\/posts\/?feedView=all\" >\n\t\t<span>\n\t\t\t\n\t\t\tDEGRO @ LinkedIn\t\t<\/span>\n\t<\/a>\n<\/div>\n<\/div><\/div><div class=\"so-panel widget widget_sow-button\" id=\"panel-3613-0-2-6\" data-index=\"9\"><div class=\"so-widget-sow-button so-widget-sow-button-atom-7ac47b4fefec\"><div class=\"ow-button-base ow-button-align-right\">\n\n\t\t<a class=\"ow-button-hover\" href=\"https:\/\/www.linkedin.com\/in\/jdegbs\/\" >\n\t\t<span>\n\t\t\t\n\t\t\tjDeGBS @ LinkedIn\t\t<\/span>\n\t<\/a>\n<\/div>\n<\/div><\/div><div class=\"so-panel widget widget_sow-button panel-last-child\" id=\"panel-3613-0-2-7\" data-index=\"10\"><div class=\"so-widget-sow-button so-widget-sow-button-atom-7ac47b4fefec\"><div class=\"ow-button-base ow-button-align-right\">\n\n\t\t<a class=\"ow-button-hover\" href=\"https:\/\/www.linkedin.com\/in\/junge-medizinphysik-790170281\/\" >\n\t\t<span>\n\t\t\t\n\t\t\tjMP @ LinkedIn\t\t<\/span>\n\t<\/a>\n<\/div>\n<\/div><\/div><\/div><\/div><div class=\"panel-grid\" id=\"pg-3613-1\" ><div class=\"panel-grid-cell panel-grid-cell-empty\" id=\"pgc-3613-1-0\" ><\/div><div class=\"panel-grid-cell\" id=\"pgc-3613-1-1\" ><div class=\"so-panel widget widget_sow-button panel-first-child panel-last-child\" id=\"panel-3613-1-1-0\" data-index=\"11\"><div class=\"so-widget-sow-button so-widget-sow-button-atom-9aac9ca37ab2\"><div class=\"ow-button-base ow-button-align-center\">\n\n\t\t<a class=\"ow-button-hover\" href=\"https:\/\/www.degro.org\/radiobiologie\/fokusgruppe-intrinsische-strahlensensibilitaet\/\" >\n\t\t<span>\n\t\t\t<span class=\"sow-icon-fontawesome\" data-sow-icon=\"&#xf1ae;\" style=\"color: #ffffff\"><\/span>\n\t\t\tIntrinsische Strahlensensitivit\u00e4t\t\t<\/span>\n\t<\/a>\n<\/div>\n<\/div><\/div><\/div><div class=\"panel-grid-cell\" id=\"pgc-3613-1-2\" ><div class=\"so-panel widget widget_sow-button panel-first-child panel-last-child\" id=\"panel-3613-1-2-0\" data-index=\"12\"><div class=\"so-widget-sow-button so-widget-sow-button-atom-9aac9ca37ab2\"><div class=\"ow-button-base ow-button-align-center\">\n\n\t\t<a class=\"ow-button-hover\" href=\"https:\/\/www.degro.org\/radiobiologie\/fokusgruppe-normalgewebe\/\" >\n\t\t<span>\n\t\t\t<span class=\"sow-icon-fontawesome\" data-sow-icon=\"&#xf24e;\" style=\"color: #ffffff\"><\/span>\n\t\t\tNormalgewebe\t\t<\/span>\n\t<\/a>\n<\/div>\n<\/div><\/div><\/div><div class=\"panel-grid-cell panel-grid-cell-mobile-last\" id=\"pgc-3613-1-3\" ><div class=\"so-panel widget widget_sow-button panel-first-child panel-last-child\" id=\"panel-3613-1-3-0\" data-index=\"13\"><div class=\"so-widget-sow-button so-widget-sow-button-atom-8a00389cb612\"><div class=\"ow-button-base ow-button-align-center\">\n\n\t\t<a class=\"ow-button-hover\" href=\"https:\/\/www.degro.org\/radiobiologie\/fokusgruppe-tumormikroumgebung-alternative\/\" >\n\t\t<span>\n\t\t\t<span class=\"sow-icon-fontawesome\" data-sow-icon=\"&#xf0b2;\" style=\"color: #ffffff\"><\/span>\n\t\t\tTumormikroumgebung\t\t<\/span>\n\t<\/a>\n<\/div>\n<\/div><\/div><\/div><div class=\"panel-grid-cell panel-grid-cell-empty\" id=\"pgc-3613-1-4\" ><\/div><\/div><div class=\"panel-grid\" id=\"pg-3613-2\" ><div class=\"panel-grid-cell panel-grid-cell-empty\" id=\"pgc-3613-2-0\" ><\/div><\/div><\/div>","protected":false},"excerpt":{"rendered":"<p>#pgc-3613-0-0 , #pgc-3613-0-2 { width:15% } #pgc-3613-0-1 { width:70% } #pg-3613-0 , #pg-3613-1 , #pl-3613 .panel-grid-cell .so-panel { margin-bottom:30px } #pg-3613-0 .panel-grid-cell , #pg-3613-1 .panel-grid-cell { float:left } #pgc-3613-1-0 , #pgc-3613-1-4 { width:15.015% } #pgc-3613-1-1 , #pgc-3613-1-2 , #pgc-3613-1-3 { <\/p>\n","protected":false},"author":43,"featured_media":0,"parent":0,"menu_order":0,"comment_status":"closed","ping_status":"closed","template":"","meta":[],"_links":{"self":[{"href":"https:\/\/www.degro.org\/radiobiologie\/wp-json\/wp\/v2\/pages\/3613"}],"collection":[{"href":"https:\/\/www.degro.org\/radiobiologie\/wp-json\/wp\/v2\/pages"}],"about":[{"href":"https:\/\/www.degro.org\/radiobiologie\/wp-json\/wp\/v2\/types\/page"}],"author":[{"embeddable":true,"href":"https:\/\/www.degro.org\/radiobiologie\/wp-json\/wp\/v2\/users\/43"}],"replies":[{"embeddable":true,"href":"https:\/\/www.degro.org\/radiobiologie\/wp-json\/wp\/v2\/comments?post=3613"}],"version-history":[{"count":26,"href":"https:\/\/www.degro.org\/radiobiologie\/wp-json\/wp\/v2\/pages\/3613\/revisions"}],"predecessor-version":[{"id":3884,"href":"https:\/\/www.degro.org\/radiobiologie\/wp-json\/wp\/v2\/pages\/3613\/revisions\/3884"}],"wp:attachment":[{"href":"https:\/\/www.degro.org\/radiobiologie\/wp-json\/wp\/v2\/media?parent=3613"}],"curies":[{"name":"wp","href":"https:\/\/api.w.org\/{rel}","templated":true}]}}