


{"id":27,"date":"2017-09-19T22:30:08","date_gmt":"2017-09-19T20:30:08","guid":{"rendered":"https:\/\/www.degro.org\/radiobiologie\/?page_id=27"},"modified":"2025-09-24T10:06:12","modified_gmt":"2025-09-24T08:06:12","slug":"forschung","status":"publish","type":"page","link":"https:\/\/www.degro.org\/radiobiologie\/forschung\/","title":{"rendered":"Forschung"},"content":{"rendered":"<div id=\"pl-27\"><style scoped>#pgc-27-0-0 { width:19.972% } #pgc-27-0-1 { width:80.028% } #pg-27-0 .panel-grid-cell { float:left } #pl-27 .panel-grid-cell .so-panel { margin-bottom:30px } #pl-27 .panel-grid-cell .so-panel:last-child { margin-bottom:0px } #pg-27-0 { margin-left:-15px;margin-right:-15px } #pg-27-0 .panel-grid-cell { padding-left:15px;padding-right:15px } @media (max-width:780px){ #pg-27-0 .panel-grid-cell { float:none;width:auto } #pgc-27-0-0 { margin-bottom:30px } #pl-27 .panel-grid , #pl-27 .panel-grid-cell {  } #pl-27 .panel-grid .panel-grid-cell-empty { display:none } #pl-27 .panel-grid .panel-grid-cell-mobile-last { margin-bottom:0px }  } <\/style><div class=\"panel-grid\" id=\"pg-27-0\" ><div class=\"panel-grid-cell\" id=\"pgc-27-0-0\" ><div class=\"so-panel widget widget_sow-editor panel-first-child panel-last-child\" id=\"panel-27-0-0-0\" data-index=\"0\"><div class=\"so-widget-sow-editor so-widget-sow-editor-base\">\n<div class=\"siteorigin-widget-tinymce textwidget\">\n\t<p><img loading=\"lazy\" class=\"alignnone wp-image-79\" src=\"https:\/\/www.degro.org\/radiobiologie\/wp-content\/uploads\/sites\/11\/2017\/09\/Image2_Radiobio.jpg\" alt=\"\" width=\"300\" height=\"232\" \/><\/p>\n<p><img loading=\"lazy\" class=\"size-medium wp-image-3863 alignleft\" src=\"https:\/\/www.degro.org\/radiobiologie\/wp-content\/uploads\/sites\/11\/2025\/09\/fluorescence_microscope-300x200.jpg\" alt=\"\" width=\"300\" height=\"200\" \/><\/p>\n<p><img loading=\"lazy\" class=\"size-medium wp-image-3861 alignleft\" src=\"https:\/\/www.degro.org\/radiobiologie\/wp-content\/uploads\/sites\/11\/2025\/09\/frozen_serum-300x225.jpg\" alt=\"\" width=\"300\" height=\"225\" srcset=\"https:\/\/www.degro.org\/radiobiologie\/wp-content\/uploads\/sites\/11\/2025\/09\/frozen_serum-300x225.jpg 300w, https:\/\/www.degro.org\/radiobiologie\/wp-content\/uploads\/sites\/11\/2025\/09\/frozen_serum-1024x768.jpg 1024w, https:\/\/www.degro.org\/radiobiologie\/wp-content\/uploads\/sites\/11\/2025\/09\/frozen_serum-768x576.jpg 768w, https:\/\/www.degro.org\/radiobiologie\/wp-content\/uploads\/sites\/11\/2025\/09\/frozen_serum-1536x1152.jpg 1536w, https:\/\/www.degro.org\/radiobiologie\/wp-content\/uploads\/sites\/11\/2025\/09\/frozen_serum-2048x1536.jpg 2048w\" sizes=\"(max-width: 300px) 100vw, 300px\" \/><\/p>\n<p><img loading=\"lazy\" class=\"size-medium wp-image-3862 alignleft\" src=\"https:\/\/www.degro.org\/radiobiologie\/wp-content\/uploads\/sites\/11\/2025\/09\/pipet_blood-300x200.jpg\" alt=\"\" width=\"300\" height=\"200\" srcset=\"https:\/\/www.degro.org\/radiobiologie\/wp-content\/uploads\/sites\/11\/2025\/09\/pipet_blood-300x200.jpg 300w, https:\/\/www.degro.org\/radiobiologie\/wp-content\/uploads\/sites\/11\/2025\/09\/pipet_blood-1024x683.jpg 1024w, https:\/\/www.degro.org\/radiobiologie\/wp-content\/uploads\/sites\/11\/2025\/09\/pipet_blood-768x512.jpg 768w, https:\/\/www.degro.org\/radiobiologie\/wp-content\/uploads\/sites\/11\/2025\/09\/pipet_blood-1536x1024.jpg 1536w, https:\/\/www.degro.org\/radiobiologie\/wp-content\/uploads\/sites\/11\/2025\/09\/pipet_blood-2048x1365.jpg 2048w, https:\/\/www.degro.org\/radiobiologie\/wp-content\/uploads\/sites\/11\/2025\/09\/pipet_blood-272x182.jpg 272w\" sizes=\"(max-width: 300px) 100vw, 300px\" \/><\/p>\n<\/div>\n<\/div><\/div><\/div><div class=\"panel-grid-cell\" id=\"pgc-27-0-1\" ><div class=\"so-panel widget widget_sow-editor panel-first-child\" id=\"panel-27-0-1-0\" data-index=\"1\"><div class=\"so-widget-sow-editor so-widget-sow-editor-base\"><h3 class=\"widget-title\">Strahlenbiologie \u2013 von molekularen Mechanismen zur klinischen Anwendung<\/h3>\n<div class=\"siteorigin-widget-tinymce textwidget\">\n\t<p data-start=\"353\" data-end=\"532\">Strahlenbiologie bedeutet zum einen die Erforschung der grundlegenden <strong>Wirkungen ionisierender Strahlung<\/strong>, zum anderen die \u00dcbertragung dieser Erkenntnisse in die klinische Praxis.<\/p>\n<p data-start=\"534\" data-end=\"1079\">Aktuelle Forschungsergebnisse verdeutlichen, dass Strahlung weit \u00fcber die DNA-Sch\u00e4digung hinaus wirkt: Sie beeinflusst vielf\u00e4ltige zellul\u00e4re und nicht-zellul\u00e4re Strukturen in Tumoren und Normalgeweben. Heute verstehen wir immer besser, welche molekularen Schadensmuster auftreten und wie deren Ausma\u00df bestimmt wird. Eine zentrale Rolle spielt dabei die Signaltransduktion, die neben DNA-Reparatur auch Zell\u00fcberleben, Wachstum, Migration und Differenzierung reguliert \u2013 Prozesse, die dosisabh\u00e4ngig durch ionisierende Strahlung moduliert werden.<\/p>\n<p data-start=\"1081\" data-end=\"1492\">Zunehmend r\u00fcckt das komplexe Zusammenspiel unterschiedlicher Zelltypen im Tumormikromilieu in den Fokus. Daraus haben sich neue Forschungsfelder entwickelt, insbesondere zu Tumormikroumgebung, Immunsystem und biologischem Targeting. Die experimentelle Radioonkologie arbeitet dabei eng mit Molekularbiologie, Genetik, Biochemie und Immunologie zusammen und ist ein zentraler Partner translationaler Forschung.<\/p>\n<p data-start=\"1799\" data-end=\"2274\">\u00a0<\/p>\n<\/div>\n<\/div><\/div><div class=\"so-panel widget widget_sow-editor panel-last-child\" id=\"panel-27-0-1-1\" data-index=\"2\"><div class=\"so-widget-sow-editor so-widget-sow-editor-base\"><h3 class=\"widget-title\">Translationale Forschung \u2013 Br\u00fccke zwischen Labor und Klinik<\/h3>\n<div class=\"siteorigin-widget-tinymce textwidget\">\n\t<p data-start=\"1566\" data-end=\"1797\">Die Weiterentwicklung und Optimierung von Krebstherapien erfordert eine enge Zusammenarbeit von Klinikern und Strahlenbiologen. Translationale Forschung lebt vom bidirektionalen Wissenstransfer zwischen Laborbank und Krankenbett.<\/p>\n<p data-start=\"1799\" data-end=\"2274\">Ziel ist es, die Krebstherapie zunehmend zu personalisieren: Molekulare Tumorprofile sollen das individuelle Therapieansprechen und m\u00f6gliche Normalgewebsreaktionen vorhersagen. Darauf aufbauend werden innovative Konzepte entwickelt, etwa die Kombination von Strahlentherapie mit gezielten molekularen (\u201etargeted\u201c) Ans\u00e4tzen. Auch die Rolle der biologischen Individualisierung in Verbindung mit Protonen- und Teilchenbestrahlung ist Gegenstand intensiver aktueller Forschung.<\/p>\n<\/div>\n<\/div><\/div><\/div><\/div><\/div>","protected":false},"excerpt":{"rendered":"<p>#pgc-27-0-0 { width:19.972% } #pgc-27-0-1 { width:80.028% } #pg-27-0 .panel-grid-cell { float:left } #pl-27 .panel-grid-cell .so-panel { margin-bottom:30px } #pl-27 .panel-grid-cell .so-panel:last-child { margin-bottom:0px } #pg-27-0 { margin-left:-15px;margin-right:-15px } #pg-27-0 .panel-grid-cell { padding-left:15px;padding-right:15px } @media (max-width:780px){ #pg-27-0 .panel-grid-cell { float:none;width:auto <\/p>\n","protected":false},"author":3,"featured_media":0,"parent":0,"menu_order":0,"comment_status":"closed","ping_status":"closed","template":"","meta":[],"_links":{"self":[{"href":"https:\/\/www.degro.org\/radiobiologie\/wp-json\/wp\/v2\/pages\/27"}],"collection":[{"href":"https:\/\/www.degro.org\/radiobiologie\/wp-json\/wp\/v2\/pages"}],"about":[{"href":"https:\/\/www.degro.org\/radiobiologie\/wp-json\/wp\/v2\/types\/page"}],"author":[{"embeddable":true,"href":"https:\/\/www.degro.org\/radiobiologie\/wp-json\/wp\/v2\/users\/3"}],"replies":[{"embeddable":true,"href":"https:\/\/www.degro.org\/radiobiologie\/wp-json\/wp\/v2\/comments?post=27"}],"version-history":[{"count":7,"href":"https:\/\/www.degro.org\/radiobiologie\/wp-json\/wp\/v2\/pages\/27\/revisions"}],"predecessor-version":[{"id":3881,"href":"https:\/\/www.degro.org\/radiobiologie\/wp-json\/wp\/v2\/pages\/27\/revisions\/3881"}],"wp:attachment":[{"href":"https:\/\/www.degro.org\/radiobiologie\/wp-json\/wp\/v2\/media?parent=27"}],"curies":[{"name":"wp","href":"https:\/\/api.w.org\/{rel}","templated":true}]}}