


{"id":66,"date":"2023-12-05T14:50:02","date_gmt":"2023-12-05T13:50:02","guid":{"rendered":"https:\/\/www.degro.org\/professionals\/?page_id=66"},"modified":"2025-10-21T10:09:52","modified_gmt":"2025-10-21T08:09:52","slug":"kontakt","status":"publish","type":"page","link":"https:\/\/www.degro.org\/professionals\/kontakt\/","title":{"rendered":"Kontakt"},"content":{"rendered":"<div id=\"pl-66\"><style scoped>#pg-66-0 .panel-grid-cell { float:none } #pl-66 .panel-grid-cell .so-panel { margin-bottom:30px } #pl-66 .panel-grid-cell .so-panel:last-child { margin-bottom:0px } #pg-66-0 { margin-left:-15px;margin-right:-15px } #pg-66-0 .panel-grid-cell { padding-left:15px;padding-right:15px } @media (max-width:780px){ #pg-66-0 .panel-grid-cell { float:none;width:auto } #pl-66 .panel-grid , #pl-66 .panel-grid-cell {  } #pl-66 .panel-grid .panel-grid-cell-empty { display:none } #pl-66 .panel-grid .panel-grid-cell-mobile-last { margin-bottom:0px }  } <\/style><div class=\"panel-grid\" id=\"pg-66-0\" ><div class=\"panel-grid-cell\" id=\"pgc-66-0-0\" ><div class=\"so-panel widget widget_lsow-team-members panel-first-child\" id=\"panel-66-0-0-0\" data-index=\"0\"><div class=\"so-widget-lsow-team-members so-widget-lsow-team-members-base\">\n\n\n\n\n<div class=\"lsow-team-members lsow-style2 lsow-container\">\n\n    \n        <div class=\"lsow-team-member-wrapper \">\n\n            <div class=\"lsow-team-member\">\n\n                <div class=\"lsow-image-wrapper\">\n\n                    <img width=\"146\" height=\"218\" src=\"https:\/\/www.degro.org\/professionals\/wp-content\/uploads\/sites\/18\/2023\/11\/20232211_E.Sperk_Mannheim.jpg\" class=\"lsow-image full\" alt=\"\" loading=\"lazy\" \/>\n                    \n                <\/div>\n\n                <div class=\"lsow-team-member-text\">\n\n                    <h3 class=\"lsow-title\">PD Dr. med. Elena Sperk<\/h3>\n\n                    <div class=\"lsow-team-member-position\">\n\n                        \n                    <\/div>\n\n                    <div class=\"lsow-team-member-details\">\n\n                        Universit\u00e4tsmedizin Mannheim | MCC Studienzentrale | Theodor-Kutzer-Ufer 1-3 | 68167 Mannheim | Elena.Sperk@medma.uni-heidelberg.de\n\n                    <\/div>\n\n                    \n                        \n<div class=\"lsow-social-wrap\">\n\n    <div class=\"lsow-social-list\">\n\n        \n    <\/div>\n\n<\/div>\n\n                    \n                <\/div>\n\n            <\/div>\n\n        <\/div>\n\n    \n<\/div><\/div><\/div><div class=\"so-panel widget widget_lsow-team-members panel-last-child\" id=\"panel-66-0-0-1\" data-index=\"1\"><div class=\"so-widget-lsow-team-members so-widget-lsow-team-members-base\">\n\n\n\n\n<div class=\"lsow-team-members lsow-style2 lsow-container\">\n\n    \n        <div class=\"lsow-team-member-wrapper \">\n\n            <div class=\"lsow-team-member\">\n\n                <div class=\"lsow-image-wrapper\">\n\n                    <img width=\"144\" height=\"217\" src=\"https:\/\/www.degro.org\/professionals\/wp-content\/uploads\/sites\/18\/2023\/11\/20232211_M.Oertel_Muenster.jpg\" class=\"lsow-image full\" alt=\"\" loading=\"lazy\" \/>\n                    \n                <\/div>\n\n                <div class=\"lsow-team-member-text\">\n\n                    <h3 class=\"lsow-title\">PD Dr. med. Michael Oertel<\/h3>\n\n                    <div class=\"lsow-team-member-position\">\n\n                        \n                    <\/div>\n\n                    <div class=\"lsow-team-member-details\">\n\n                        Universit\u00e4tsklinikum M\u00fcnster | Klinik f\u00fcr Strahlentherapie | Albert-Schweitzer-Campus 1 | 48149 M\u00fcnster | michael.oertel@ukmuenster.de\n                    <\/div>\n\n                    \n                        \n<div class=\"lsow-social-wrap\">\n\n    <div class=\"lsow-social-list\">\n\n        \n    <\/div>\n\n<\/div>\n\n                    \n                <\/div>\n\n            <\/div>\n\n        <\/div>\n\n    \n<\/div><\/div><\/div><\/div><\/div><\/div>","protected":false},"excerpt":{"rendered":"<p>#pg-66-0 .panel-grid-cell { float:none } #pl-66 .panel-grid-cell .so-panel { margin-bottom:30px } #pl-66 .panel-grid-cell .so-panel:last-child { margin-bottom:0px } #pg-66-0 { margin-left:-15px;margin-right:-15px } #pg-66-0 .panel-grid-cell { padding-left:15px;padding-right:15px } @media (max-width:780px){ #pg-66-0 .panel-grid-cell { float:none;width:auto } #pl-66 .panel-grid , #pl-66 .panel-grid-cell {  <\/p>\n","protected":false},"author":8,"featured_media":0,"parent":0,"menu_order":0,"comment_status":"closed","ping_status":"closed","template":"","meta":[],"_links":{"self":[{"href":"https:\/\/www.degro.org\/professionals\/wp-json\/wp\/v2\/pages\/66"}],"collection":[{"href":"https:\/\/www.degro.org\/professionals\/wp-json\/wp\/v2\/pages"}],"about":[{"href":"https:\/\/www.degro.org\/professionals\/wp-json\/wp\/v2\/types\/page"}],"author":[{"embeddable":true,"href":"https:\/\/www.degro.org\/professionals\/wp-json\/wp\/v2\/users\/8"}],"replies":[{"embeddable":true,"href":"https:\/\/www.degro.org\/professionals\/wp-json\/wp\/v2\/comments?post=66"}],"version-history":[{"count":3,"href":"https:\/\/www.degro.org\/professionals\/wp-json\/wp\/v2\/pages\/66\/revisions"}],"predecessor-version":[{"id":69,"href":"https:\/\/www.degro.org\/professionals\/wp-json\/wp\/v2\/pages\/66\/revisions\/69"}],"wp:attachment":[{"href":"https:\/\/www.degro.org\/professionals\/wp-json\/wp\/v2\/media?parent=66"}],"curies":[{"name":"wp","href":"https:\/\/api.w.org\/{rel}","templated":true}]}}