


{"id":108,"date":"2024-01-26T10:11:40","date_gmt":"2024-01-26T09:11:40","guid":{"rendered":"https:\/\/www.degro.org\/professionals\/?page_id=108"},"modified":"2026-03-22T10:43:36","modified_gmt":"2026-03-22T09:43:36","slug":"aktuelles","status":"publish","type":"page","link":"https:\/\/www.degro.org\/professionals\/aktuelles\/","title":{"rendered":"Aktuelles"},"content":{"rendered":"<div id=\"pl-108\"><style scoped>#pg-108-0 .panel-grid-cell { float:none } #pl-108 .panel-grid-cell .so-panel { margin-bottom:30px } #pl-108 .panel-grid-cell .so-panel:last-child { margin-bottom:0px } #pg-108-0 { margin-left:-15px;margin-right:-15px } #pg-108-0 .panel-grid-cell { padding-left:15px;padding-right:15px } @media (max-width:780px){ #pg-108-0 .panel-grid-cell { float:none;width:auto } #pl-108 .panel-grid , #pl-108 .panel-grid-cell {  } #pl-108 .panel-grid .panel-grid-cell-empty { display:none } #pl-108 .panel-grid .panel-grid-cell-mobile-last { margin-bottom:0px }  } <\/style><div class=\"panel-grid\" id=\"pg-108-0\" ><div class=\"panel-grid-cell\" id=\"pgc-108-0-0\" ><div class=\"so-panel widget widget_sow-editor panel-first-child\" id=\"panel-108-0-0-0\" data-index=\"0\"><div class=\"so-widget-sow-editor so-widget-sow-editor-base\">\n<div class=\"siteorigin-widget-tinymce textwidget\">\n\t<hr \/>\n<p>\u00a0<\/p>\n<\/div>\n<\/div><\/div><div class=\"so-panel widget widget_sow-editor\" id=\"panel-108-0-0-1\" data-index=\"1\"><div class=\"so-widget-sow-editor so-widget-sow-editor-base\">\n<div class=\"siteorigin-widget-tinymce textwidget\">\n\t<h3 class=\"widget-title\">ESTRO 2026<\/h3>\n<p><img loading=\"lazy\" class=\"alignnone size-full wp-image-304\" src=\"https:\/\/www.degro.org\/professionals\/wp-content\/uploads\/sites\/18\/2025\/07\/Screenshot-2025-07-09-150458.jpg\" alt=\"\" width=\"196\" height=\"84\" \/><\/p>\n<ul>\n<li><strong>Datum: <\/strong>15.-19.05.2026<\/li>\n<li><strong>Veranstaltungsort<\/strong>: Stockholm, Schweden<\/li>\n<li><strong>Weitere Informationen<\/strong>: <a href=\"https:\/\/www.estro.org\/Congresses\/ESTRO-2026\">Kongress-Webseite<\/a>\u00a0<\/li>\n<\/ul>\n<\/div>\n<\/div><\/div><div class=\"so-panel widget widget_sow-editor\" id=\"panel-108-0-0-2\" data-index=\"2\"><div class=\"so-widget-sow-editor so-widget-sow-editor-base\">\n<div class=\"siteorigin-widget-tinymce textwidget\">\n\t<hr \/>\n<p>\u00a0<\/p>\n<\/div>\n<\/div><\/div><div class=\"so-panel widget widget_sow-editor\" id=\"panel-108-0-0-3\" data-index=\"3\"><div class=\"so-widget-sow-editor so-widget-sow-editor-base\">\n<div class=\"siteorigin-widget-tinymce textwidget\">\n\t<h3 class=\"widget-title\">32. DEGRO JAHRESKONGRESS 2026<\/h3>\n<p><img loading=\"lazy\" class=\"alignnone size-medium wp-image-301\" src=\"https:\/\/www.degro.org\/professionals\/wp-content\/uploads\/sites\/18\/2025\/07\/DEGRO2026_StD-Banner_5zu2-300x120.png\" alt=\"\" width=\"300\" height=\"120\" srcset=\"https:\/\/www.degro.org\/professionals\/wp-content\/uploads\/sites\/18\/2025\/07\/DEGRO2026_StD-Banner_5zu2-300x120.png 300w, https:\/\/www.degro.org\/professionals\/wp-content\/uploads\/sites\/18\/2025\/07\/DEGRO2026_StD-Banner_5zu2-1024x409.png 1024w, https:\/\/www.degro.org\/professionals\/wp-content\/uploads\/sites\/18\/2025\/07\/DEGRO2026_StD-Banner_5zu2-768x307.png 768w, https:\/\/www.degro.org\/professionals\/wp-content\/uploads\/sites\/18\/2025\/07\/DEGRO2026_StD-Banner_5zu2.png 1398w\" sizes=\"(max-width: 300px) 100vw, 300px\" \/><\/p>\n<p><strong>Datum:<\/strong> 25 - 27. Juni 2026, CCL Leipzig<br \/>\nWeitere Informationen sind auf der\u00a0<a href=\"https:\/\/www.degro-kongress.org\/\" target=\"_blank\" rel=\"noopener\">Kongresswebseite\u00a0<\/a>verf\u00fcgbar.<\/p>\n<p><span style=\"color: #009cd8\"><strong>Netzwerk Sitzung in Pr\u00e4senz auf dem DEGRO Kongress 2026 in Leipzig:<\/strong><\/span><br \/>\n<span style=\"color: #009cd8\"><strong><span class=\"session-info-box__detail--date-day\">Freitag, 26 Juni<span class=\"session-info-box__detail--date-time\">, 12:45 - 13:45<span class=\"sessionPresentation__detail__timezone\"> Uhr im Saal 5 | Ebene +1<\/span><\/span><\/span><\/strong><\/span><\/p>\n<p>\u00a0<\/p>\n<\/div>\n<\/div><\/div><div class=\"so-panel widget widget_sow-editor\" id=\"panel-108-0-0-4\" data-index=\"4\"><div class=\"so-widget-sow-editor so-widget-sow-editor-base\">\n<div class=\"siteorigin-widget-tinymce textwidget\">\n\t<hr \/>\n<p>\u00a0<\/p>\n<\/div>\n<\/div><\/div><div class=\"so-panel widget widget_sow-editor\" id=\"panel-108-0-0-5\" data-index=\"5\"><div class=\"so-widget-sow-editor so-widget-sow-editor-base\">\n<div class=\"siteorigin-widget-tinymce textwidget\">\n\t<h3 class=\"widget-title\">jDEGRO zu Gast in Marburg 2026<\/h3>\n<ul>\n<li>Datum: 06.-07. November 2026<\/li>\n<li>Veranstaltungsort: Auditorium des Universit\u00e4tsklinikums Marburg<\/li>\n<li><a href=\"https:\/\/www.degro.org\/jd\/jdegro-zu-gast\/\">Informationen zur Anmeldung und Programm<\/a><\/li>\n<\/ul>\n<\/div>\n<\/div><\/div><div class=\"so-panel widget widget_sow-editor\" id=\"panel-108-0-0-6\" data-index=\"6\"><div class=\"so-widget-sow-editor so-widget-sow-editor-base\">\n<div class=\"siteorigin-widget-tinymce textwidget\">\n\t<hr \/>\n<p>\u00a0<\/p>\n<\/div>\n<\/div><\/div><div class=\"so-panel widget widget_sow-editor panel-last-child\" id=\"panel-108-0-0-7\" data-index=\"7\"><div class=\"so-widget-sow-editor so-widget-sow-editor-base\"><h3 class=\"widget-title\">News aus dem Netzwerk<\/h3>\n<div class=\"siteorigin-widget-tinymce textwidget\">\n\t<p>Zum Jahresanfang m\u00f6chten wir Sie gerne \u00fcber unsere Aktivit\u00e4ten informieren und herzlich zur Teilnahme einladen. Der Newsletter gibt Ihnen einen Einblick zur Historie sowie der Struktur des Netzwerks. Weiterhin werden Ihnen die verschiedenen Veranstaltungsformate vorgestellt und ein Ausblick auf die in 2025 anstehenden Veranstaltungen gegeben. Hier gelangen Sie zum aktuellen <a href=\"https:\/\/www.degro.org\/professionals\/wp-content\/uploads\/sites\/18\/2025\/02\/20250207-Newsletter-Netzwerk-Professionals_Update.pdf\">Newsletter<\/a>.<\/p>\n<\/div>\n<\/div><\/div><\/div><\/div><\/div>","protected":false},"excerpt":{"rendered":"<p>#pg-108-0 .panel-grid-cell { float:none } #pl-108 .panel-grid-cell .so-panel { margin-bottom:30px } #pl-108 .panel-grid-cell .so-panel:last-child { margin-bottom:0px } #pg-108-0 { margin-left:-15px;margin-right:-15px } #pg-108-0 .panel-grid-cell { padding-left:15px;padding-right:15px } @media (max-width:780px){ #pg-108-0 .panel-grid-cell { float:none;width:auto } #pl-108 .panel-grid , #pl-108 .panel-grid-cell {  <\/p>\n","protected":false},"author":8,"featured_media":0,"parent":0,"menu_order":0,"comment_status":"closed","ping_status":"closed","template":"","meta":[],"_links":{"self":[{"href":"https:\/\/www.degro.org\/professionals\/wp-json\/wp\/v2\/pages\/108"}],"collection":[{"href":"https:\/\/www.degro.org\/professionals\/wp-json\/wp\/v2\/pages"}],"about":[{"href":"https:\/\/www.degro.org\/professionals\/wp-json\/wp\/v2\/types\/page"}],"author":[{"embeddable":true,"href":"https:\/\/www.degro.org\/professionals\/wp-json\/wp\/v2\/users\/8"}],"replies":[{"embeddable":true,"href":"https:\/\/www.degro.org\/professionals\/wp-json\/wp\/v2\/comments?post=108"}],"version-history":[{"count":37,"href":"https:\/\/www.degro.org\/professionals\/wp-json\/wp\/v2\/pages\/108\/revisions"}],"predecessor-version":[{"id":427,"href":"https:\/\/www.degro.org\/professionals\/wp-json\/wp\/v2\/pages\/108\/revisions\/427"}],"wp:attachment":[{"href":"https:\/\/www.degro.org\/professionals\/wp-json\/wp\/v2\/media?parent=108"}],"curies":[{"name":"wp","href":"https:\/\/api.w.org\/{rel}","templated":true}]}}