


{"id":25,"date":"2018-01-30T13:23:34","date_gmt":"2018-01-30T12:23:34","guid":{"rendered":"https:\/\/www.degro.org\/palliativmedizin\/?page_id=25"},"modified":"2025-12-04T17:15:35","modified_gmt":"2025-12-04T16:15:35","slug":"startseite","status":"publish","type":"page","link":"https:\/\/www.degro.org\/palliativmedizin\/","title":{"rendered":"\u00dcber uns"},"content":{"rendered":"<div id=\"pl-25\"><style scoped>#pg-25-0 .panel-grid-cell { float:none } #pl-25 .panel-grid-cell .so-panel { margin-bottom:30px } #pl-25 .panel-grid-cell .so-panel:last-child { margin-bottom:0px } #pg-25-0 { margin-left:-15px;margin-right:-15px } #pg-25-0 .panel-grid-cell { padding-left:15px;padding-right:15px } @media (max-width:780px){ #pg-25-0 .panel-grid-cell { float:none;width:auto } #pl-25 .panel-grid , #pl-25 .panel-grid-cell {  } #pl-25 .panel-grid .panel-grid-cell-empty { display:none } #pl-25 .panel-grid .panel-grid-cell-mobile-last { margin-bottom:0px }  } <\/style><div class=\"panel-grid\" id=\"pg-25-0\" ><div class=\"panel-grid-cell\" id=\"pgc-25-0-0\" ><div class=\"so-panel widget widget_sow-editor panel-first-child\" id=\"panel-25-0-0-0\" data-index=\"0\"><div class=\"so-widget-sow-editor so-widget-sow-editor-base\">\n<div class=\"siteorigin-widget-tinymce textwidget\">\n\t<h2>Herzlich Willkommen auf der Webseite der Arbeitsgruppe Palliativmedizin und palliative Strahlentherapie<\/h2>\n<p>Unser Ziel ist es, eine Plattform f\u00fcr diejenigen zu bieten, die in der Radioonkologie t\u00e4tig und aktiv an der Verbesserung von palliativmedizinischer Versorgung im Bereich der Radioonkologie und Strahlentherapie interessiert sind. Hierbei liegt unser Schwerpunkt auf einem interdisziplin\u00e4ren und multiprofessionellen Austausch und Diskussionen, weshalb wir offen sind gegen\u00fcber neuen Mitgliedern aus therapiebegleitenden Berufsgruppen (MTR, MFA, Gesundheits- und Krankenpflege, MPE).<\/p>\n<p>Die Arbeitsgruppe der Deutschen Gesellschaft f\u00fcr Radioonkologie (DEGRO) wird von Frau PD Dr. Steffi Pigorsch, gesch\u00e4ftsf\u00fchrende Ober\u00e4rztin der Klinik f\u00fcr RadioOnkologie und Strahlentherapie am TUM Universit\u00e4tsklinikum Rechts der Isar der TU M\u00fcnchen und Frau Dr. Rebecca Moser, geleitet.<\/p>\n<p><strong>Aufgaben und Ziele der Arbeitsgruppe:<\/strong><\/p>\n<p><strong>Ziele:<\/strong><\/p>\n<ul>\n<li>Engere Vernetzung der Radioonkologie mit der Palliativmedizin bei gro\u00dfer Schnittmenge im Patientenklientel<\/li>\n<li>Direkter Support von radioonkologisch t\u00e4tigen Behandlern im deutschsprachigen Raum bei palliativmedizinischen Fragestellungen in der Patientenversorgung<\/li>\n<\/ul>\n<p><strong>Arbeitsschwerpunkte:<\/strong><\/p>\n<ul>\n<li>Mitarbeit an der S3-Leitlinie Palliativmedizin der Deutschen Krebsgesellschaft<\/li>\n<li>Projekte, Studien und Outcome-Analysen zur Palliativversorgung in der Radioonkologie auf Basis von erlebten und zugetragenen Problemen im klinischen Arbeitsalltag<\/li>\n<li>Erarbeitung von Empfehlungen und SOPs im Bereich der palliativen Strahlentherapie\u00a0<\/li>\n<li>Etablierung einer multiprofessionellen Arbeitsgruppe unter Ber\u00fccksichtigung der Perspektiven aller therapiebegleitenden Berufsgruppen (MTR, MFA, Gesundheits- und Krankenpflege, MPE)<\/li>\n<li>Sensibilisierung f\u00fcr Themen der Kommunikation am Lebensende und therapiebegleitenden Gespr\u00e4chen in der Radioonkologie<\/li>\n<\/ul>\n<p>Unsere AG steht allen interessierten \u00e4rztlichen Kolleg:innen und Kollegen, Pflegenden, MFAs, MPEs und MTRs offen. Die Kontaktaufnahme zur Aufnahme in das Mitgliederverzeichnis erfolgt gerne \u00fcber das Leitungsteam oder \u00fcber die DEGRO-Gesch\u00e4ftsstelle. Wir freuen und auf rege Teilnahme!<\/p>\n<p><strong>Neu: Informationen zu geplanten Projekten und Studien sowie die Materialien der AG-Treffen und themenrelevante Publikationen im passwortgesch\u00fctzen Mitgliederbereich<\/strong><\/p>\n<\/div>\n<\/div><\/div><div class=\"so-panel widget widget_sow-image panel-last-child\" id=\"panel-25-0-0-1\" data-index=\"1\"><div class=\"so-widget-sow-image so-widget-sow-image-default-1c389ca87c1a\">\n\n<div class=\"sow-image-container\">\n\t<img src=\"https:\/\/www.degro.org\/palliativmedizin\/wp-content\/uploads\/sites\/12\/2025\/12\/Bild1.jpg\" width=\"640\" height=\"415\" srcset=\"https:\/\/www.degro.org\/palliativmedizin\/wp-content\/uploads\/sites\/12\/2025\/12\/Bild1.jpg 666w, https:\/\/www.degro.org\/palliativmedizin\/wp-content\/uploads\/sites\/12\/2025\/12\/Bild1-300x195.jpg 300w\"  class=\"so-widget-image\"\/>\n<\/div>\n\n<\/div><\/div><\/div><\/div><\/div>","protected":false},"excerpt":{"rendered":"<p>#pg-25-0 .panel-grid-cell { float:none } #pl-25 .panel-grid-cell .so-panel { margin-bottom:30px } #pl-25 .panel-grid-cell .so-panel:last-child { margin-bottom:0px } #pg-25-0 { margin-left:-15px;margin-right:-15px } #pg-25-0 .panel-grid-cell { padding-left:15px;padding-right:15px } @media (max-width:780px){ #pg-25-0 .panel-grid-cell { float:none;width:auto } #pl-25 .panel-grid , #pl-25 .panel-grid-cell {  <\/p>\n","protected":false},"author":3,"featured_media":0,"parent":0,"menu_order":0,"comment_status":"closed","ping_status":"closed","template":"","meta":[],"_links":{"self":[{"href":"https:\/\/www.degro.org\/palliativmedizin\/wp-json\/wp\/v2\/pages\/25"}],"collection":[{"href":"https:\/\/www.degro.org\/palliativmedizin\/wp-json\/wp\/v2\/pages"}],"about":[{"href":"https:\/\/www.degro.org\/palliativmedizin\/wp-json\/wp\/v2\/types\/page"}],"author":[{"embeddable":true,"href":"https:\/\/www.degro.org\/palliativmedizin\/wp-json\/wp\/v2\/users\/3"}],"replies":[{"embeddable":true,"href":"https:\/\/www.degro.org\/palliativmedizin\/wp-json\/wp\/v2\/comments?post=25"}],"version-history":[{"count":7,"href":"https:\/\/www.degro.org\/palliativmedizin\/wp-json\/wp\/v2\/pages\/25\/revisions"}],"predecessor-version":[{"id":167,"href":"https:\/\/www.degro.org\/palliativmedizin\/wp-json\/wp\/v2\/pages\/25\/revisions\/167"}],"wp:attachment":[{"href":"https:\/\/www.degro.org\/palliativmedizin\/wp-json\/wp\/v2\/media?parent=25"}],"curies":[{"name":"wp","href":"https:\/\/api.w.org\/{rel}","templated":true}]}}