


{"id":189,"date":"2018-07-12T14:46:50","date_gmt":"2018-07-12T12:46:50","guid":{"rendered":"https:\/\/www.degro.org\/palliativmedizin\/?page_id=189"},"modified":"2018-07-18T10:57:21","modified_gmt":"2018-07-18T08:57:21","slug":"ermittlung-der-verbreitung-und-des-inhaltes-von-patientenverfuegungen-und-vorsorgevollmachten-onkologischer","status":"publish","type":"page","link":"https:\/\/www.degro.org\/palliativmedizin\/ermittlung-der-verbreitung-und-des-inhaltes-von-patientenverfuegungen-und-vorsorgevollmachten-onkologischer\/","title":{"rendered":"Inhalt von Patientenverf\u00fcgungen und Vorsorgevollmachten"},"content":{"rendered":"<div id=\"pl-189\"><style scoped>#pg-189-0 .panel-grid-cell { float:none } #pl-189 .panel-grid-cell .so-panel { margin-bottom:30px } #pl-189 .panel-grid-cell .so-panel:last-child { margin-bottom:0px } #pg-189-0 { margin-left:-15px;margin-right:-15px } #pg-189-0 .panel-grid-cell { padding-left:15px;padding-right:15px } @media (max-width:780px){ #pg-189-0 .panel-grid-cell { float:none;width:auto } #pl-189 .panel-grid , #pl-189 .panel-grid-cell {  } #pl-189 .panel-grid .panel-grid-cell-empty { display:none } #pl-189 .panel-grid .panel-grid-cell-mobile-last { margin-bottom:0px }  } <\/style><div class=\"panel-grid\" id=\"pg-189-0\" ><div class=\"panel-grid-cell\" id=\"pgc-189-0-0\" ><div class=\"so-panel widget widget_sow-editor panel-first-child panel-last-child\" id=\"panel-189-0-0-0\" data-index=\"0\"><div class=\"so-widget-sow-editor so-widget-sow-editor-base\"><h3 class=\"widget-title\">Inhalt von Patientenverf\u00fcgungen und Vorsorgevollmachten<\/h3>\n<div class=\"siteorigin-widget-tinymce textwidget\">\n\t<p>In einer prospektiven Studie werden Krebspatienten im Rahmen der Erstvorstellung nach dem Vorhandensein einer Patientenverf\u00fcgung, einer Vorsorgevollmacht oder einer Betreuungsverf\u00fcgung gefragt. Patienten mit entsprechenden Dokumenten werden zu einem ausf\u00fchrlichen, leitfaden-geleiteten Interview eingeladen. In der Studie der Klinik und Poliklinik f\u00fcr Strahlentherapie soll untersucht werden, ob sich der Anteil der Patienten mit Patientenverf\u00fcgungen unter den Patienten mit malignen Tumorerkrankungen signifikant ge\u00e4ndert hat und ob die konkrete Formulierung dieser Dokumente \u2013\u00a0 insbesondere in Hinblick auf die spezielle Krankheitssituation onkologischer Patienten \u2013\u00a0 ausreichend erscheint, oder ob sich \u00e4hnliche Probleme bei der Auslegung ergeben wie in der Anwendung von Patientenverf\u00fcgungen in der Intensivmedizin. Ethikantrag am 4.7.18 in W\u00fcrzburg eingereicht, weitere Projektpartner willkommen!<\/p>\n<h4>Ansprechpartnerin:<\/h4>\n<p>Franziska Pemsel(<a href=\"mailto:Pemsel_F@ukw.de\">Pemsel_F@ukw.de<\/a>)<\/p>\n<\/div>\n<\/div><\/div><\/div><\/div><\/div>","protected":false},"excerpt":{"rendered":"<p>#pg-189-0 .panel-grid-cell { float:none } #pl-189 .panel-grid-cell .so-panel { margin-bottom:30px } #pl-189 .panel-grid-cell .so-panel:last-child { margin-bottom:0px } #pg-189-0 { margin-left:-15px;margin-right:-15px } #pg-189-0 .panel-grid-cell { padding-left:15px;padding-right:15px } @media (max-width:780px){ #pg-189-0 .panel-grid-cell { float:none;width:auto } #pl-189 .panel-grid , #pl-189 .panel-grid-cell {  <\/p>\n","protected":false},"author":8,"featured_media":0,"parent":0,"menu_order":0,"comment_status":"closed","ping_status":"closed","template":"","meta":[],"_links":{"self":[{"href":"https:\/\/www.degro.org\/palliativmedizin\/wp-json\/wp\/v2\/pages\/189"}],"collection":[{"href":"https:\/\/www.degro.org\/palliativmedizin\/wp-json\/wp\/v2\/pages"}],"about":[{"href":"https:\/\/www.degro.org\/palliativmedizin\/wp-json\/wp\/v2\/types\/page"}],"author":[{"embeddable":true,"href":"https:\/\/www.degro.org\/palliativmedizin\/wp-json\/wp\/v2\/users\/8"}],"replies":[{"embeddable":true,"href":"https:\/\/www.degro.org\/palliativmedizin\/wp-json\/wp\/v2\/comments?post=189"}],"version-history":[{"count":5,"href":"https:\/\/www.degro.org\/palliativmedizin\/wp-json\/wp\/v2\/pages\/189\/revisions"}],"predecessor-version":[{"id":209,"href":"https:\/\/www.degro.org\/palliativmedizin\/wp-json\/wp\/v2\/pages\/189\/revisions\/209"}],"wp:attachment":[{"href":"https:\/\/www.degro.org\/palliativmedizin\/wp-json\/wp\/v2\/media?parent=189"}],"curies":[{"name":"wp","href":"https:\/\/api.w.org\/{rel}","templated":true}]}}