


{"id":183,"date":"2018-07-12T14:42:16","date_gmt":"2018-07-12T12:42:16","guid":{"rendered":"https:\/\/www.degro.org\/palliativmedizin\/?page_id=183"},"modified":"2018-07-12T14:55:58","modified_gmt":"2018-07-12T12:55:58","slug":"therapieabbruch-bei-stationaeren-radioonkologischen-patienten","status":"publish","type":"page","link":"https:\/\/www.degro.org\/palliativmedizin\/therapieabbruch-bei-stationaeren-radioonkologischen-patienten\/","title":{"rendered":"Therapieabbruch bei station\u00e4ren radioonkologischen Patienten"},"content":{"rendered":"<div id=\"pl-183\"><style scoped>#pg-183-0 .panel-grid-cell { float:none } #pl-183 .panel-grid-cell .so-panel { margin-bottom:30px } #pl-183 .panel-grid-cell .so-panel:last-child { margin-bottom:0px } #pg-183-0 { margin-left:-15px;margin-right:-15px } #pg-183-0 .panel-grid-cell { padding-left:15px;padding-right:15px } @media (max-width:780px){ #pg-183-0 .panel-grid-cell { float:none;width:auto } #pl-183 .panel-grid , #pl-183 .panel-grid-cell {  } #pl-183 .panel-grid .panel-grid-cell-empty { display:none } #pl-183 .panel-grid .panel-grid-cell-mobile-last { margin-bottom:0px }  } <\/style><div class=\"panel-grid\" id=\"pg-183-0\" ><div class=\"panel-grid-cell\" id=\"pgc-183-0-0\" ><div class=\"so-panel widget widget_sow-editor panel-first-child panel-last-child\" id=\"panel-183-0-0-0\" data-index=\"0\"><div class=\"so-widget-sow-editor so-widget-sow-editor-base\"><h3 class=\"widget-title\">Therapieabbruch bei station\u00e4ren radioonkologischen Patienten<\/h3>\n<div class=\"siteorigin-widget-tinymce textwidget\">\n\t<p>In einer multizentrischen Analyse sollen Therapieziel\u00e4nderungen und vorzeitige Abbr\u00fcche einer Strahlentherapie bei station\u00e4ren radioonkologischen Patienten analysiert werden. Das Ziel ist eine Reflexion und Verbesserung der Entscheidungsfindung.<\/p>\n<h4>Ansprechpartner:<\/h4>\n<p>Dr. Rebecca Asadpour, M\u00fcnchen (<a href=\"mailto:rebecca.asadpour@mri.tum.de\">rebecca.asadpour@mri.tum.de<\/a>)<br \/>\nDr. Anett Seifert, Rostock (<a href=\"mailto:anett.seifert@med.uni-rostock.de\">anett.seifert@med.uni-rostock.de<\/a>)<br \/>\nDr. Felix Bock, Rostock\u00a0 (<a href=\"mailto:felix.bock@med.uni-rostock.de\">felix.bock@med.uni-rostock.de<\/a>)<\/p>\n<\/div>\n<\/div><\/div><\/div><\/div><\/div>","protected":false},"excerpt":{"rendered":"<p>#pg-183-0 .panel-grid-cell { float:none } #pl-183 .panel-grid-cell .so-panel { margin-bottom:30px } #pl-183 .panel-grid-cell .so-panel:last-child { margin-bottom:0px } #pg-183-0 { margin-left:-15px;margin-right:-15px } #pg-183-0 .panel-grid-cell { padding-left:15px;padding-right:15px } @media (max-width:780px){ #pg-183-0 .panel-grid-cell { float:none;width:auto } #pl-183 .panel-grid , #pl-183 .panel-grid-cell {  <\/p>\n","protected":false},"author":8,"featured_media":0,"parent":0,"menu_order":0,"comment_status":"closed","ping_status":"closed","template":"","meta":[],"_links":{"self":[{"href":"https:\/\/www.degro.org\/palliativmedizin\/wp-json\/wp\/v2\/pages\/183"}],"collection":[{"href":"https:\/\/www.degro.org\/palliativmedizin\/wp-json\/wp\/v2\/pages"}],"about":[{"href":"https:\/\/www.degro.org\/palliativmedizin\/wp-json\/wp\/v2\/types\/page"}],"author":[{"embeddable":true,"href":"https:\/\/www.degro.org\/palliativmedizin\/wp-json\/wp\/v2\/users\/8"}],"replies":[{"embeddable":true,"href":"https:\/\/www.degro.org\/palliativmedizin\/wp-json\/wp\/v2\/comments?post=183"}],"version-history":[{"count":11,"href":"https:\/\/www.degro.org\/palliativmedizin\/wp-json\/wp\/v2\/pages\/183\/revisions"}],"predecessor-version":[{"id":207,"href":"https:\/\/www.degro.org\/palliativmedizin\/wp-json\/wp\/v2\/pages\/183\/revisions\/207"}],"wp:attachment":[{"href":"https:\/\/www.degro.org\/palliativmedizin\/wp-json\/wp\/v2\/media?parent=183"}],"curies":[{"name":"wp","href":"https:\/\/api.w.org\/{rel}","templated":true}]}}