


{"id":143,"date":"2018-06-27T12:44:40","date_gmt":"2018-06-27T10:44:40","guid":{"rendered":"https:\/\/www.degro.org\/palliativmedizin\/?page_id=143"},"modified":"2019-05-23T11:41:24","modified_gmt":"2019-05-23T09:41:24","slug":"leitungsteam","status":"publish","type":"page","link":"https:\/\/www.degro.org\/palliativmedizin\/leitungsteam\/","title":{"rendered":"Leitungsteam"},"content":{"rendered":"\r\n\r\n\r\n\r\n\r\n\r\n\r\n\r\n\r\n\r\n\r\n\r\n\r\n\r\n\r\n<br><img width=\"16\" height=\"16\" class=\"alignnone size-full wp-image-1430\" alt=\"degro-arrow\" src=\"https:\/\/www.degro.org\/wp-content\/uploads\/2016\/07\/degro-arrow.gif\">&nbsp;<b>Vorsitz:<\/b><br><b>PD Dr. med. Steffi Ulrike Pigorsch<\/b><br>Klinikum rechts der Isar, Technische Universit\u00e4t M\u00fcnchen<br>Klinik und Poliklinik f\u00fcr Strahlentherapie und RadioOnkologie<br>E-Mail: <a href=\"mailto:steffi.pigorsch@tum.de\">steffi.pigorsch@tum.de<\/a><br><br><img width=\"16\" height=\"16\" class=\"alignnone size-full wp-image-1430\" alt=\"degro-arrow\" src=\"https:\/\/www.degro.org\/wp-content\/uploads\/2016\/07\/degro-arrow.gif\"><b>&nbsp;Stellvertreter:<\/b><br><b>Dr. med. Rebecca Moser<\/b><br>Klinikum rechts der Isar, Technische Universit\u00e4t M\u00fcnchen<br>Klinik und Poliklinik f\u00fcr Strahlentherapie und RadioOnkologie<br>E-Mail: <a href=\"mailto:rebecca.moser@tum.de\">rebecca.moser@tum.de<\/a><br><br><img width=\"16\" height=\"16\" class=\"alignnone size-full wp-image-1430\" alt=\"degro-arrow\" src=\"https:\/\/www.degro.org\/wp-content\/uploads\/2016\/07\/degro-arrow.gif\">&nbsp;<b>Beisitzer:<\/b><br><b>Dr. med. Felix Bock<\/b><br>Universit\u00e4tsmedizin Rostock<br>Klinik und Poliklinik f\u00fcr Strahlentherapie mit MVZ<br>E-Mail: <a href=\"mailto:felix.bock@med.uni-rostock.de\">felix.bock@med.uni-rostock.de<\/a><br>\r\n\t\t\t\t\t\t\r\n\n<p>&nbsp;<\/p>\n","protected":false},"excerpt":{"rendered":"<p>&nbsp;<\/p>\n","protected":false},"author":8,"featured_media":0,"parent":0,"menu_order":0,"comment_status":"closed","ping_status":"closed","template":"","meta":[],"_links":{"self":[{"href":"https:\/\/www.degro.org\/palliativmedizin\/wp-json\/wp\/v2\/pages\/143"}],"collection":[{"href":"https:\/\/www.degro.org\/palliativmedizin\/wp-json\/wp\/v2\/pages"}],"about":[{"href":"https:\/\/www.degro.org\/palliativmedizin\/wp-json\/wp\/v2\/types\/page"}],"author":[{"embeddable":true,"href":"https:\/\/www.degro.org\/palliativmedizin\/wp-json\/wp\/v2\/users\/8"}],"replies":[{"embeddable":true,"href":"https:\/\/www.degro.org\/palliativmedizin\/wp-json\/wp\/v2\/comments?post=143"}],"version-history":[{"count":3,"href":"https:\/\/www.degro.org\/palliativmedizin\/wp-json\/wp\/v2\/pages\/143\/revisions"}],"predecessor-version":[{"id":257,"href":"https:\/\/www.degro.org\/palliativmedizin\/wp-json\/wp\/v2\/pages\/143\/revisions\/257"}],"wp:attachment":[{"href":"https:\/\/www.degro.org\/palliativmedizin\/wp-json\/wp\/v2\/media?parent=143"}],"curies":[{"name":"wp","href":"https:\/\/api.w.org\/{rel}","templated":true}]}}