


{"id":109,"date":"2018-06-24T10:44:52","date_gmt":"2018-06-24T08:44:52","guid":{"rendered":"https:\/\/www.degro.org\/palliativmedizin\/?page_id=109"},"modified":"2018-07-13T12:55:21","modified_gmt":"2018-07-13T10:55:21","slug":"fort-und-weiterbildung","status":"publish","type":"page","link":"https:\/\/www.degro.org\/palliativmedizin\/fort-und-weiterbildung\/","title":{"rendered":"Weiterbildung"},"content":{"rendered":"<div id=\"pl-109\"><style scoped>#pg-109-0 .panel-grid-cell { float:none } #pl-109 .panel-grid-cell .so-panel { margin-bottom:30px } #pl-109 .panel-grid-cell .so-panel:last-child { margin-bottom:0px } #pg-109-0 { margin-left:-15px;margin-right:-15px } #pg-109-0 .panel-grid-cell { padding-left:15px;padding-right:15px } @media (max-width:780px){ #pg-109-0 .panel-grid-cell { float:none;width:auto } #pl-109 .panel-grid , #pl-109 .panel-grid-cell {  } #pl-109 .panel-grid .panel-grid-cell-empty { display:none } #pl-109 .panel-grid .panel-grid-cell-mobile-last { margin-bottom:0px }  } <\/style><div class=\"panel-grid\" id=\"pg-109-0\" ><div class=\"panel-grid-cell\" id=\"pgc-109-0-0\" ><div class=\"so-panel widget widget_sow-editor panel-first-child panel-last-child\" id=\"panel-109-0-0-0\" data-index=\"0\"><div class=\"so-widget-sow-editor so-widget-sow-editor-base\">\n<div class=\"siteorigin-widget-tinymce textwidget\">\n\t<p>Durch den Deutschen \u00c4rtzetag wurde im Fr\u00fchjahr 2018 die Vorschriften f\u00fcr den Erwerb der Zusatzberzeichnung Palliativmedizin ge\u00e4ndert:\u00a0<strong><a href=\"https:\/\/www.bundesaerztekammer.de\/aerztetag\/121-deutscher-aerztetag-2018\/beschlussprotokoll\/\">Zum Beschlussprotokoll&gt;&gt;&gt;&gt;&gt;&gt;&gt;<\/a><\/strong><\/p>\n<p>Eine \u00dcbersicht \u00fcber Akademien, die die Kursweiterbildung Palliativmedizin inklusive der Fallseminare anbieten, finden Sie <strong><a href=\"https:\/\/www.dgpalliativmedizin.de\/allgemein\/weiterbildung-fuer-aerzte.html\">hier&gt;&gt;&gt;&gt;&gt;&gt;&gt;.<\/a><\/strong><\/p>\n<p>Strahlentherapeuten mit Erm\u00e4chtigung zur Palliativ-Weiterbildung:<\/p>\n<ul>\n<li>Prof. Dr. Birgit van Oorschot (W\u00fcrzburg)<\/li>\n<\/ul>\n<\/div>\n<\/div><\/div><\/div><\/div><\/div>","protected":false},"excerpt":{"rendered":"<p>#pg-109-0 .panel-grid-cell { float:none } #pl-109 .panel-grid-cell .so-panel { margin-bottom:30px } #pl-109 .panel-grid-cell .so-panel:last-child { margin-bottom:0px } #pg-109-0 { margin-left:-15px;margin-right:-15px } #pg-109-0 .panel-grid-cell { padding-left:15px;padding-right:15px } @media (max-width:780px){ #pg-109-0 .panel-grid-cell { float:none;width:auto } #pl-109 .panel-grid , #pl-109 .panel-grid-cell {  <\/p>\n","protected":false},"author":8,"featured_media":0,"parent":0,"menu_order":0,"comment_status":"closed","ping_status":"closed","template":"","meta":[],"_links":{"self":[{"href":"https:\/\/www.degro.org\/palliativmedizin\/wp-json\/wp\/v2\/pages\/109"}],"collection":[{"href":"https:\/\/www.degro.org\/palliativmedizin\/wp-json\/wp\/v2\/pages"}],"about":[{"href":"https:\/\/www.degro.org\/palliativmedizin\/wp-json\/wp\/v2\/types\/page"}],"author":[{"embeddable":true,"href":"https:\/\/www.degro.org\/palliativmedizin\/wp-json\/wp\/v2\/users\/8"}],"replies":[{"embeddable":true,"href":"https:\/\/www.degro.org\/palliativmedizin\/wp-json\/wp\/v2\/comments?post=109"}],"version-history":[{"count":6,"href":"https:\/\/www.degro.org\/palliativmedizin\/wp-json\/wp\/v2\/pages\/109\/revisions"}],"predecessor-version":[{"id":230,"href":"https:\/\/www.degro.org\/palliativmedizin\/wp-json\/wp\/v2\/pages\/109\/revisions\/230"}],"wp:attachment":[{"href":"https:\/\/www.degro.org\/palliativmedizin\/wp-json\/wp\/v2\/media?parent=109"}],"curies":[{"name":"wp","href":"https:\/\/api.w.org\/{rel}","templated":true}]}}