


{"id":20,"date":"2018-07-18T12:57:54","date_gmt":"2018-07-18T10:57:54","guid":{"rendered":"https:\/\/www.degro.org\/nebenwirkungen\/?page_id=20"},"modified":"2025-06-25T14:45:33","modified_gmt":"2025-06-25T12:45:33","slug":"ueber-uns","status":"publish","type":"page","link":"https:\/\/www.degro.org\/nebenwirkungen\/","title":{"rendered":"\u00dcber uns"},"content":{"rendered":"<div id=\"pl-20\"><style scoped>#pg-20-0 , #pg-20-1 , #pl-20 .panel-grid-cell .so-panel { margin-bottom:30px } #pg-20-0 .panel-grid-cell , #pg-20-1 .panel-grid-cell , #pg-20-2 .panel-grid-cell { float:none } #pl-20 .panel-grid-cell .so-panel:last-child { margin-bottom:0px } #pg-20-0 , #pg-20-1 , #pg-20-2 { margin-left:-15px;margin-right:-15px } #pg-20-0 .panel-grid-cell , #pg-20-1 .panel-grid-cell , #pg-20-2 .panel-grid-cell { padding-left:15px;padding-right:15px } @media (max-width:780px){ #pg-20-0 .panel-grid-cell , #pg-20-1 .panel-grid-cell , #pg-20-2 .panel-grid-cell { float:none;width:auto } #pl-20 .panel-grid , #pl-20 .panel-grid-cell {  } #pl-20 .panel-grid .panel-grid-cell-empty { display:none } #pl-20 .panel-grid .panel-grid-cell-mobile-last { margin-bottom:0px }  } <\/style><div class=\"panel-grid\" id=\"pg-20-0\" ><div class=\"panel-grid-cell\" id=\"pgc-20-0-0\" ><div class=\"so-panel widget widget_sow-editor panel-first-child panel-last-child\" id=\"panel-20-0-0-0\" data-index=\"0\"><div class=\"so-widget-sow-editor so-widget-sow-editor-base\">\n<div class=\"siteorigin-widget-tinymce textwidget\">\n\t<h3>Herzlich Willkommen auf der Webseite der Arbeitsgruppe Nebenwirkungen und Supportive Therapie!<\/h3>\n<p>Die Arbeitsgruppe wird von Herrn Dr. med. Lukas K\u00e4smann und Herrn Dr. med. Cas Dejonckheeregeleitet.<\/p>\n<h4><strong>Aufgaben und Ziele der Arbeitsgruppe:<\/strong><\/h4>\n<ul>\n<li>F\u00f6rderung der Kenntnis von Nebenwirkungen und Supportivtherapie<\/li>\n<li>Interdisziplin\u00e4re Vernetzung und Integration der verschiedenen Optionen von Prophylaxe und Therapie<\/li>\n<li>Unterst\u00fctzung von Projekten zur Erforschung der Normalgewebsreaktionen, ihrer Prophylaxe, Therapie und Dokumentation<\/li>\n<\/ul>\n<h4><strong>Arbeitsschwerpunkte:<\/strong><\/h4>\n<ul>\n<li>Erstellung von Leitlinien und Empfehlungen zu Prophylaxe und Therapie von Nebenwirkungen<\/li>\n<li>Einbringen der radioonkologischen Aspekte in Querschnittsleitlinien<\/li>\n<li>Ansprechpartner f\u00fcr Fragen zu Supportivtherapie und Nebenwirkungsmanagement<\/li>\n<li>Fortbildung f\u00fcr \u00e4rztliche und nicht-\u00e4rztliche Berufsgruppen<\/li>\n<li>Bewertung und Kommunikation relevanter Publikationen<\/li>\n<li>Unterst\u00fctzung von klinischen Projekten zur Dokumentation von Nebenwirkungen<\/li>\n<\/ul>\n<\/div>\n<\/div><\/div><\/div><\/div><div class=\"panel-grid\" id=\"pg-20-1\" ><div class=\"panel-grid-cell\" id=\"pgc-20-1-0\" ><div class=\"so-panel widget widget_sow-editor panel-first-child panel-last-child\" id=\"panel-20-1-0-0\" data-index=\"1\"><div class=\"so-widget-sow-editor so-widget-sow-editor-base\">\n<div class=\"siteorigin-widget-tinymce textwidget\">\n\t<hr \/>\n<p>\u00a0<\/p>\n<\/div>\n<\/div><\/div><\/div><\/div><div class=\"panel-grid\" id=\"pg-20-2\" ><div class=\"panel-grid-cell\" id=\"pgc-20-2-0\" ><div class=\"so-panel widget widget_sow-button panel-first-child\" id=\"panel-20-2-0-0\" data-index=\"2\"><div class=\"so-widget-sow-button so-widget-sow-button-atom-d0a8a77b6f79\"><div class=\"ow-button-base ow-button-align-center\">\n\n\t\t<a class=\"ow-button-hover\" href=\"https:\/\/www.degro.org\/nebenwirkungen\/category\/journal-club\/\" >\n\t\t<span>\n\t\t\t<span class=\"sow-icon-fontawesome\" data-sow-icon=\"&#xf1ea;\" style=\"color: #ffffff\"><\/span>\n\t\t\tJournal Club\t\t<\/span>\n\t<\/a>\n<\/div>\n<\/div><\/div><div class=\"so-panel widget widget_sow-editor panel-last-child\" id=\"panel-20-2-0-1\" data-index=\"3\"><div class=\"so-widget-sow-editor so-widget-sow-editor-base\">\n<div class=\"siteorigin-widget-tinymce textwidget\">\n\t<p style=\"text-align: center\">Unsere Arbeitsgruppe ver\u00f6ffentlicht regelm\u00e4\u00dfig interessante Publikationen!<br \/>\nJeden Monat ein neuer Artikel - werfen Sie einen Blick in unsere Lekt\u00fcre.<\/p>\n<\/div>\n<\/div><\/div><\/div><\/div><\/div>","protected":false},"excerpt":{"rendered":"<p>#pg-20-0 , #pg-20-1 , #pl-20 .panel-grid-cell .so-panel { margin-bottom:30px } #pg-20-0 .panel-grid-cell , #pg-20-1 .panel-grid-cell , #pg-20-2 .panel-grid-cell { float:none } #pl-20 .panel-grid-cell .so-panel:last-child { margin-bottom:0px } #pg-20-0 , #pg-20-1 , #pg-20-2 { margin-left:-15px;margin-right:-15px } #pg-20-0 .panel-grid-cell , #pg-20-1 .panel-grid-cell <\/p>\n","protected":false},"author":8,"featured_media":0,"parent":0,"menu_order":0,"comment_status":"closed","ping_status":"closed","template":"","meta":[],"_links":{"self":[{"href":"https:\/\/www.degro.org\/nebenwirkungen\/wp-json\/wp\/v2\/pages\/20"}],"collection":[{"href":"https:\/\/www.degro.org\/nebenwirkungen\/wp-json\/wp\/v2\/pages"}],"about":[{"href":"https:\/\/www.degro.org\/nebenwirkungen\/wp-json\/wp\/v2\/types\/page"}],"author":[{"embeddable":true,"href":"https:\/\/www.degro.org\/nebenwirkungen\/wp-json\/wp\/v2\/users\/8"}],"replies":[{"embeddable":true,"href":"https:\/\/www.degro.org\/nebenwirkungen\/wp-json\/wp\/v2\/comments?post=20"}],"version-history":[{"count":14,"href":"https:\/\/www.degro.org\/nebenwirkungen\/wp-json\/wp\/v2\/pages\/20\/revisions"}],"predecessor-version":[{"id":654,"href":"https:\/\/www.degro.org\/nebenwirkungen\/wp-json\/wp\/v2\/pages\/20\/revisions\/654"}],"wp:attachment":[{"href":"https:\/\/www.degro.org\/nebenwirkungen\/wp-json\/wp\/v2\/media?parent=20"}],"curies":[{"name":"wp","href":"https:\/\/api.w.org\/{rel}","templated":true}]}}