


{"id":99,"date":"2025-10-07T15:31:21","date_gmt":"2025-10-07T13:31:21","guid":{"rendered":"https:\/\/www.degro.org\/mammakarzinom\/?page_id=99"},"modified":"2025-10-08T16:03:49","modified_gmt":"2025-10-08T14:03:49","slug":"webinare-nachlese","status":"publish","type":"page","link":"https:\/\/www.degro.org\/mammakarzinom\/webinare-nachlese\/","title":{"rendered":"Webinare-Nachlese"},"content":{"rendered":"<div id=\"pl-99\"><style scoped>#pg-99-0 , #pg-99-1 , #pg-99-2 , #pg-99-3 , #pl-99 .panel-grid-cell .so-panel { margin-bottom:30px } #pg-99-0 .panel-grid-cell , #pg-99-2 .panel-grid-cell , #pg-99-3 .panel-grid-cell { float:none } #pgc-99-1-0 , #pgc-99-1-1 , #pgc-99-1-2 , #pgc-99-4-0 , #pgc-99-4-1 , #pgc-99-4-2 { width:33.333% } #pg-99-1 .panel-grid-cell , #pg-99-4 .panel-grid-cell { float:left } #pl-99 .panel-grid-cell .so-panel:last-child { margin-bottom:0px } #pg-99-0 , #pg-99-1 , #pg-99-2 , #pg-99-3 , #pg-99-4 { margin-left:-15px;margin-right:-15px } #pg-99-0 .panel-grid-cell , #pg-99-1 .panel-grid-cell , #pg-99-2 .panel-grid-cell , #pg-99-3 .panel-grid-cell , #pg-99-4 .panel-grid-cell { padding-left:15px;padding-right:15px } @media (max-width:780px){ #pg-99-0 .panel-grid-cell , #pg-99-1 .panel-grid-cell , #pg-99-2 .panel-grid-cell , #pg-99-3 .panel-grid-cell , #pg-99-4 .panel-grid-cell { float:none;width:auto } #pgc-99-1-0 , #pgc-99-1-1 , #pgc-99-4-0 , #pgc-99-4-1 { margin-bottom:30px } #pl-99 .panel-grid , #pl-99 .panel-grid-cell {  } #pl-99 .panel-grid .panel-grid-cell-empty { display:none } #pl-99 .panel-grid .panel-grid-cell-mobile-last { margin-bottom:0px }  } <\/style><div class=\"panel-grid\" id=\"pg-99-0\" ><div class=\"panel-grid-cell\" id=\"pgc-99-0-0\" ><div class=\"so-panel widget widget_sow-editor panel-first-child\" id=\"panel-99-0-0-0\" data-index=\"0\"><div class=\"so-widget-sow-editor so-widget-sow-editor-base\">\n<div class=\"siteorigin-widget-tinymce textwidget\">\n\t<h4>\ud83c\udfacR\u00fcckblick auf das zweite Webinar der AG-Mammakarzinom!<\/h4>\n<p>Heute fand das Webinar zum Thema \"Deeskalation der Strahlentherapie nach neoadjuvanter Systemtherapie beim Mammakarzinom\" statt - mit gro\u00dfem Interesse und engagierter Diskussion!<br \/>\nEin herzliches Dankesch\u00f6n an unsere Referent:innen<\/p>\n<p>\ud83c\udf99\ufe0f Univ.-Prof. Dr. med. Juliane H\u00f6rner-Rieber (D\u00fcsseldorf) und PD Dr. med. Kai Borm (M\u00fcnchen)<\/p>\n<p>f\u00fcr ihre exzellenten Vortr\u00e4ge und praxisnahen Einblicke,<\/p>\n<p>sowie an die Moderatoren<\/p>\n<p>\ud83d\udc65 Prof. Dr. med. Marc Piroth und PD Dr. med. David Krug<\/p>\n<p>f\u00fcr die souver\u00e4ne Leitung und den inspirierenden Austausch.<\/p>\n<p>\ud83d\udcac Der Fokus auf eine individualisierte, risikoadaptierte Strahlentherapie zeigt: Die Zukunft liegt in der pr\u00e4zisen Balance zwischen Wirksamkeit und Deeskalation.<br \/>\nWir danken allen Teilnehmenden f\u00fcr die aktive Beteiligung und das gro\u00dfe Interesse! Bleiben Sie dran \u2013 weitere Veranstaltungen der DEGRO-AG Mammakarzinom folgen.<\/p>\n<p>Unten finden Sie in den n\u00e4chsten Tagen die Pr\u00e4sentationen von Herrn Prof. H\u00f6rner-Rieber &amp; PD Dr. Borm zum nachschlagen - Ebenfalls haben wir die unbeantworteten Fragen aus dem F&amp;A Tool beantwortet und als PDF bereitgestellt.<\/p>\n<\/div>\n<\/div><\/div><div class=\"so-panel widget widget_sow-image panel-last-child\" id=\"panel-99-0-0-1\" data-index=\"1\"><div class=\"so-widget-sow-image so-widget-sow-image-default-3f547a15eaaa\">\n\n<div class=\"sow-image-container\">\n\t<img src=\"https:\/\/www.degro.org\/mammakarzinom\/wp-content\/uploads\/sites\/23\/2025\/10\/AG-Webinar-Mamma.jpg\" width=\"1541\" height=\"938\" srcset=\"https:\/\/www.degro.org\/mammakarzinom\/wp-content\/uploads\/sites\/23\/2025\/10\/AG-Webinar-Mamma.jpg 1541w, https:\/\/www.degro.org\/mammakarzinom\/wp-content\/uploads\/sites\/23\/2025\/10\/AG-Webinar-Mamma-300x183.jpg 300w, https:\/\/www.degro.org\/mammakarzinom\/wp-content\/uploads\/sites\/23\/2025\/10\/AG-Webinar-Mamma-1024x623.jpg 1024w, https:\/\/www.degro.org\/mammakarzinom\/wp-content\/uploads\/sites\/23\/2025\/10\/AG-Webinar-Mamma-768x467.jpg 768w, https:\/\/www.degro.org\/mammakarzinom\/wp-content\/uploads\/sites\/23\/2025\/10\/AG-Webinar-Mamma-1536x935.jpg 1536w\" title=\"AG Webinar Mamma\"  class=\"so-widget-image\"\/>\n<\/div>\n\n<\/div><\/div><\/div><\/div><div class=\"panel-grid\" id=\"pg-99-1\" ><div class=\"panel-grid-cell\" id=\"pgc-99-1-0\" ><div class=\"so-panel widget widget_icon-box panel-first-child panel-last-child\" id=\"panel-99-1-0-0\" data-index=\"2\"><div class=\"thim-widget-icon-box thim-widget-icon-box-base\"><div class=\"wrapper-box-icon text-left  \" ><div class=\"smicon-box iconbox-top\"><div class=\"boxes-icon\" style=\"width: 75px;height: 75px;\"><span class=\"inner-icon\"><span class=\"icon\"><i class=\"fa fa-folder-open-o\" style=\"color:#009cd8; font-size:50px; line-height:50px; vertical-align: middle;\"><\/i><\/span><\/span><\/div><div class=\"content-inner\" ><div class=\"sc-heading article_heading\"><h4 class = \"heading__primary\" style=\"font-size: 14px; line-height: 14px;font-weight: normal;\"><a class=\"smicon-box-link\" href=\"https:\/\/www.degro.org\/mammakarzinom\/wp-content\/uploads\/sites\/23\/2025\/10\/Vortrag_PD-Dr.-med.-Kai-Borm.pdf\" style=\"font-size: 14px; line-height: 14px;font-weight: normal;\">Pr\u00e4sentationen<\/a><\/h4><\/div><div class=\"desc-icon-box\"><p style=\"color: #000000;font-size: 14px;line-height: 21px;\">Vortrag PD Dr. med. Kai Borm <\/p><\/div><\/div><\/div><!--end smicon-box--><\/div><\/div><\/div><\/div><div class=\"panel-grid-cell\" id=\"pgc-99-1-1\" ><div class=\"so-panel widget widget_icon-box panel-first-child panel-last-child\" id=\"panel-99-1-1-0\" data-index=\"3\"><div class=\"thim-widget-icon-box thim-widget-icon-box-base\"><div class=\"wrapper-box-icon text-left  \" ><div class=\"smicon-box iconbox-top\"><div class=\"boxes-icon\" style=\"width: 75px;height: 75px;\"><span class=\"inner-icon\"><span class=\"icon\"><i class=\"fa fa-question-circle\" style=\"color:#009cd8; font-size:50px; line-height:50px; vertical-align: middle;\"><\/i><\/span><\/span><\/div><div class=\"content-inner\" ><div class=\"sc-heading article_heading\"><h4 class = \"heading__primary\" style=\"font-size: 14px; line-height: 14px;font-weight: normal;\">Offene Fragen <\/h4><\/div><div class=\"desc-icon-box\"><p style=\"color: #000000;font-size: 14px;line-height: 21px;\">Hier finden Sie die offenen Fragen vom Webinar - Inkl. Beantwortungen <\/p><\/div><\/div><\/div><!--end smicon-box--><\/div><\/div><\/div><\/div><div class=\"panel-grid-cell\" id=\"pgc-99-1-2\" ><div class=\"so-panel widget widget_icon-box panel-first-child panel-last-child\" id=\"panel-99-1-2-0\" data-index=\"4\"><div class=\"thim-widget-icon-box thim-widget-icon-box-base\"><div class=\"wrapper-box-icon text-left  \" ><div class=\"smicon-box iconbox-top\"><div class=\"boxes-icon\" style=\"width: 75px;height: 75px;\"><span class=\"inner-icon\"><span class=\"icon\"><i class=\"fa fa-folder-open-o\" style=\"color:#009cd8; font-size:50px; line-height:50px; vertical-align: middle;\"><\/i><\/span><\/span><\/div><div class=\"content-inner\" ><div class=\"sc-heading article_heading\"><h4 class = \"heading__primary\" style=\"font-size: 14px; line-height: 14px;font-weight: normal;\"><a class=\"smicon-box-link\" href=\"https:\/\/www.degro.org\/mammakarzinom\/wp-content\/uploads\/sites\/23\/2025\/10\/Vortrag_Prof.-Dr.-med.-Juliane-Hoerner-Rieber.pdf\" style=\"font-size: 14px; line-height: 14px;font-weight: normal;\">Pr\u00e4sentationen<\/a><\/h4><\/div><div class=\"desc-icon-box\"><p style=\"color: #000000;font-size: 14px;line-height: 21px;\">Vortrag Prof. Dr. med. Juliane H\u00f6rner-Rieber<\/p><\/div><\/div><\/div><!--end smicon-box--><\/div><\/div><\/div><\/div><\/div><div class=\"panel-grid\" id=\"pg-99-2\" ><div class=\"panel-grid-cell\" id=\"pgc-99-2-0\" ><div class=\"so-panel widget widget_sow-editor panel-first-child panel-last-child\" id=\"panel-99-2-0-0\" data-index=\"5\"><div class=\"so-widget-sow-editor so-widget-sow-editor-base\">\n<div class=\"siteorigin-widget-tinymce textwidget\">\n\t<p><span style=\"color: #ff0000\">_____________________________________________________________________________________________________________________<\/span><\/p>\n<\/div>\n<\/div><\/div><\/div><\/div><div class=\"panel-grid\" id=\"pg-99-3\" ><div class=\"panel-grid-cell\" id=\"pgc-99-3-0\" ><div class=\"so-panel widget widget_sow-editor panel-first-child\" id=\"panel-99-3-0-0\" data-index=\"6\"><div class=\"so-widget-sow-editor so-widget-sow-editor-base\">\n<div class=\"siteorigin-widget-tinymce textwidget\">\n\t<h4><span class=\"break-words tvm-parent-container\"><span dir=\"ltr\">\ud83d\udce2 Am 16.April.2025 fand das\u00a0 erste Webinar der Arbeitsgruppe Mammakarzinom der DEGRO zum Thema \"<span style=\"color: #009cd8\">AGO-Leitlinien 2025: Was gibt es neues f\u00fcr die Strahlentherapie<\/span>\" statt.\u00a0<br \/>\nMit \u00fcber 400 Teilnehmenden haben wir einen neuen DEGRO-Rekord aufgestellt!\ud83d\ude80\ud83d\udca5<\/span><\/span><\/h4>\n<p>Wir haben uns sehr \u00fcber die interessanten Vortr\u00e4ge von unserem Generalsekret\u00e4r der DEGRO Prof. Dr. med. Wilfried Budach und\u00a0 dem Sprecher der AG Mammakarzionom PD Dr. med. David Krug gefreut.\u00a0<\/p>\n<h4><span class=\"break-words tvm-parent-container\"><span dir=\"ltr\">Vielen Dank auch an Prof. Dr. med. Marc Piroth f\u00fcr die tolle Moderation des Webinars!<\/span><\/span><\/h4>\n<p>Unten finden Sie die Pr\u00e4sentationen von Herrn Prof. Budach &amp; PD Dr. David Krug zum nachschlagen - Ebenfalls haben wir die unbeantworteten Fragen aus dem F&amp;A Tool beantwortet und als PDF bereitgestellt.<\/p>\n<\/div>\n<\/div><\/div><div class=\"so-panel widget widget_sow-image panel-last-child\" id=\"panel-99-3-0-1\" data-index=\"7\"><div class=\"so-widget-sow-image so-widget-sow-image-default-3f547a15eaaa\">\n\n<div class=\"sow-image-container\">\n\t<img src=\"https:\/\/www.degro.org\/mammakarzinom\/wp-content\/uploads\/sites\/23\/2025\/04\/Mamma.jpg\" width=\"1903\" height=\"1159\" srcset=\"https:\/\/www.degro.org\/mammakarzinom\/wp-content\/uploads\/sites\/23\/2025\/04\/Mamma.jpg 1903w, https:\/\/www.degro.org\/mammakarzinom\/wp-content\/uploads\/sites\/23\/2025\/04\/Mamma-300x183.jpg 300w, https:\/\/www.degro.org\/mammakarzinom\/wp-content\/uploads\/sites\/23\/2025\/04\/Mamma-1024x624.jpg 1024w, https:\/\/www.degro.org\/mammakarzinom\/wp-content\/uploads\/sites\/23\/2025\/04\/Mamma-768x468.jpg 768w, https:\/\/www.degro.org\/mammakarzinom\/wp-content\/uploads\/sites\/23\/2025\/04\/Mamma-1536x935.jpg 1536w\"  class=\"so-widget-image\"\/>\n<\/div>\n\n<\/div><\/div><\/div><\/div><div class=\"panel-grid\" id=\"pg-99-4\" ><div class=\"panel-grid-cell\" id=\"pgc-99-4-0\" ><div class=\"so-panel widget widget_icon-box panel-first-child panel-last-child\" id=\"panel-99-4-0-0\" data-index=\"8\"><div class=\"thim-widget-icon-box thim-widget-icon-box-base\"><div class=\"wrapper-box-icon text-left  \" ><div class=\"smicon-box iconbox-top\"><div class=\"boxes-icon\" style=\"width: 75px;height: 75px;\"><span class=\"inner-icon\"><span class=\"icon\"><i class=\"fa fa-folder-open-o\" style=\"color:#009cd8; font-size:50px; line-height:50px; vertical-align: middle;\"><\/i><\/span><\/span><\/div><div class=\"content-inner\" ><div class=\"sc-heading article_heading\"><h4 class = \"heading__primary\" style=\"font-size: 14px; line-height: 14px;font-weight: normal;\"><a class=\"smicon-box-link\" href=\"https:\/\/www.degro.org\/mammakarzinom\/wp-content\/uploads\/sites\/23\/2025\/04\/Vortrag_PD.Dr_.-med.-David-Krug.pdf\" style=\"font-size: 14px; line-height: 14px;font-weight: normal;\">Pr\u00e4sentationen<\/a><\/h4><\/div><div class=\"desc-icon-box\"><p style=\"color: #000000;font-size: 14px;line-height: 21px;\">Hier finden Sie die Pr\u00e4sentation von PD Dr. med. David Krug <\/p><\/div><\/div><\/div><!--end smicon-box--><\/div><\/div><\/div><\/div><div class=\"panel-grid-cell\" id=\"pgc-99-4-1\" ><div class=\"so-panel widget widget_icon-box panel-first-child panel-last-child\" id=\"panel-99-4-1-0\" data-index=\"9\"><div class=\"thim-widget-icon-box thim-widget-icon-box-base\"><div class=\"wrapper-box-icon text-left  \" ><div class=\"smicon-box iconbox-top\"><div class=\"boxes-icon\" style=\"width: 75px;height: 75px;\"><span class=\"inner-icon\"><span class=\"icon\"><i class=\"fa fa-question-circle\" style=\"color:#009cd8; font-size:50px; line-height:50px; vertical-align: middle;\"><\/i><\/span><\/span><\/div><div class=\"content-inner\" ><div class=\"sc-heading article_heading\"><h4 class = \"heading__primary\" style=\"font-size: 14px; line-height: 14px;font-weight: normal;\"><a class=\"smicon-box-link\" href=\"https:\/\/www.degro.org\/mammakarzinom\/wp-content\/uploads\/sites\/23\/2025\/04\/ANtworten-DEGRO-Webinar-16.04.2025.pdf\" style=\"font-size: 14px; line-height: 14px;font-weight: normal;\">Offene Fragen <\/a><\/h4><\/div><div class=\"desc-icon-box\"><p style=\"color: #000000;font-size: 14px;line-height: 21px;\">Hier finden Sie die offenen Fragen vom Webinar - Inkl. Beantwortung durch die AG <\/p><\/div><\/div><\/div><!--end smicon-box--><\/div><\/div><\/div><\/div><div class=\"panel-grid-cell\" id=\"pgc-99-4-2\" ><div class=\"so-panel widget widget_icon-box panel-first-child panel-last-child\" id=\"panel-99-4-2-0\" data-index=\"10\"><div class=\"thim-widget-icon-box thim-widget-icon-box-base\"><div class=\"wrapper-box-icon text-left  \" ><div class=\"smicon-box iconbox-top\"><div class=\"boxes-icon\" style=\"width: 75px;height: 75px;\"><span class=\"inner-icon\"><span class=\"icon\"><i class=\"fa fa-folder-open-o\" style=\"color:#009cd8; font-size:50px; line-height:50px; vertical-align: middle;\"><\/i><\/span><\/span><\/div><div class=\"content-inner\" ><div class=\"sc-heading article_heading\"><h4 class = \"heading__primary\" style=\"font-size: 14px; line-height: 14px;font-weight: normal;\"><a class=\"smicon-box-link\" href=\"https:\/\/www.degro.org\/mammakarzinom\/wp-content\/uploads\/sites\/23\/2025\/04\/AG-Mamma-Vergleich-AGO-S3-Leitlinien.pdf\" style=\"font-size: 14px; line-height: 14px;font-weight: normal;\">Pr\u00e4sentationen<\/a><\/h4><\/div><div class=\"desc-icon-box\"><p style=\"color: #000000;font-size: 14px;line-height: 21px;\">Hier finden Sie die Pr\u00e4sentation von Prof. Dr. med. Wilfried Budach<\/p><\/div><\/div><\/div><!--end smicon-box--><\/div><\/div><\/div><\/div><\/div><\/div>","protected":false},"excerpt":{"rendered":"<p>#pg-99-0 , #pg-99-1 , #pg-99-2 , #pg-99-3 , #pl-99 .panel-grid-cell .so-panel { margin-bottom:30px } #pg-99-0 .panel-grid-cell , #pg-99-2 .panel-grid-cell , #pg-99-3 .panel-grid-cell { float:none } #pgc-99-1-0 , #pgc-99-1-1 , #pgc-99-1-2 , #pgc-99-4-0 , #pgc-99-4-1 , #pgc-99-4-2 { width:33.333% } #pg-99-1 <\/p>\n","protected":false},"author":8,"featured_media":0,"parent":0,"menu_order":0,"comment_status":"closed","ping_status":"closed","template":"","meta":[],"_links":{"self":[{"href":"https:\/\/www.degro.org\/mammakarzinom\/wp-json\/wp\/v2\/pages\/99"}],"collection":[{"href":"https:\/\/www.degro.org\/mammakarzinom\/wp-json\/wp\/v2\/pages"}],"about":[{"href":"https:\/\/www.degro.org\/mammakarzinom\/wp-json\/wp\/v2\/types\/page"}],"author":[{"embeddable":true,"href":"https:\/\/www.degro.org\/mammakarzinom\/wp-json\/wp\/v2\/users\/8"}],"replies":[{"embeddable":true,"href":"https:\/\/www.degro.org\/mammakarzinom\/wp-json\/wp\/v2\/comments?post=99"}],"version-history":[{"count":13,"href":"https:\/\/www.degro.org\/mammakarzinom\/wp-json\/wp\/v2\/pages\/99\/revisions"}],"predecessor-version":[{"id":126,"href":"https:\/\/www.degro.org\/mammakarzinom\/wp-json\/wp\/v2\/pages\/99\/revisions\/126"}],"wp:attachment":[{"href":"https:\/\/www.degro.org\/mammakarzinom\/wp-json\/wp\/v2\/media?parent=99"}],"curies":[{"name":"wp","href":"https:\/\/api.w.org\/{rel}","templated":true}]}}