


{"id":96,"date":"2025-10-07T15:29:38","date_gmt":"2025-10-07T13:29:38","guid":{"rendered":"https:\/\/www.degro.org\/mammakarzinom\/?page_id=96"},"modified":"2026-01-22T09:57:38","modified_gmt":"2026-01-22T08:57:38","slug":"webinare","status":"publish","type":"page","link":"https:\/\/www.degro.org\/mammakarzinom\/webinare\/","title":{"rendered":"Webinare"},"content":{"rendered":"<div id=\"pl-96\"><style scoped>#pg-96-0 , #pl-96 .panel-grid-cell .so-panel { margin-bottom:30px } #pg-96-0 .panel-grid-cell , #pg-96-1 .panel-grid-cell { float:none } #pl-96 .panel-grid-cell .so-panel:last-child { margin-bottom:0px } #pg-96-0 , #pg-96-1 { margin-left:-15px;margin-right:-15px } #pg-96-0 .panel-grid-cell , #pg-96-1 .panel-grid-cell { padding-left:15px;padding-right:15px } @media (max-width:780px){ #pg-96-0 .panel-grid-cell , #pg-96-1 .panel-grid-cell { float:none;width:auto } #pl-96 .panel-grid , #pl-96 .panel-grid-cell {  } #pl-96 .panel-grid .panel-grid-cell-empty { display:none } #pl-96 .panel-grid .panel-grid-cell-mobile-last { margin-bottom:0px }  } <\/style><div class=\"panel-grid\" id=\"pg-96-0\" ><div class=\"panel-grid-cell\" id=\"pgc-96-0-0\" ><div class=\"so-panel widget widget_sow-editor panel-first-child\" id=\"panel-96-0-0-0\" data-index=\"0\"><div class=\"so-widget-sow-editor so-widget-sow-editor-base\">\n<div class=\"siteorigin-widget-tinymce textwidget\">\n\t<h3><span style=\"color: #ff0000\">AG Mammakarzinom Webinar\u00a0<\/span><br \/>\n<span style=\"color: #ff0000\"><strong>Individualisierte Strahlentherapie beim metastasierten Mammakarzinom<\/strong><\/span><br \/>\n<strong data-start=\"352\" data-end=\"390\"><span style=\"color: #00ccff\">24. M\u00e4rz 2026 \u00b7 17:00 -18:00 Uhr<\/span><br \/>\n<\/strong><br data-start=\"390\" data-end=\"393\" \/>\ud83d\udcbb <strong data-start=\"396\" data-end=\"414\">Online-Webinar<\/strong><br data-start=\"414\" data-end=\"417\" \/>\ud83d\udc69\u200d\ud83d\udcbc <strong data-start=\"423\" data-end=\"438\">Vorsitz:<\/strong>\u00a0 Prof. Dr. med. David Krug \u00b7 Prof. Dr. med. Marc Piroth<\/h3>\n<h3 data-start=\"502\" data-end=\"530\">\ud83d\udca1 Vortr\u00e4ge<\/h3>\n<ul>\n<li>bei Hirnmetastasen und Meningeosis<\/li>\n<li>bei Oligometastasierung<\/li>\n<\/ul>\n<h3 data-start=\"1524\" data-end=\"1563\">Programm\u00fcbersicht (60 Minuten)<\/h3>\n<ul data-start=\"1670\" data-end=\"2107\">\n<li data-start=\"1670\" data-end=\"1861\">\n<p data-start=\"1672\" data-end=\"1861\">17:00\u201317:05 Uhr Begr\u00fc\u00dfung und Einf\u00fchrung<\/p>\n<\/li>\n<li data-start=\"1670\" data-end=\"1861\">\n<p data-start=\"1672\" data-end=\"1861\">17:05\u201317:25 Uhr Hirnmetastasen und Meningeosis bei Mamma-Ca PD Dr. Kai Borm<\/p>\n<\/li>\n<li data-start=\"1670\" data-end=\"1861\">\n<p data-start=\"1672\" data-end=\"1861\">17:25\u201317:45 Uhr Oligometastasierung bei Mamma-Ca Prof. Dr. med. Marc Piroth<\/p>\n<\/li>\n<li data-start=\"1670\" data-end=\"1861\">\n<p data-start=\"1672\" data-end=\"1861\">17:45\u201318:00 Uhr Diskussion &amp; Fragen - Fragen k\u00f6nnen w\u00e4hrend des Webinars bequem per Chat gestellt werden<\/p>\n<\/li>\n<\/ul>\n<h2>\u00a0<\/h2>\n<\/div>\n<\/div><\/div><div class=\"so-panel widget widget_sow-image\" id=\"panel-96-0-0-1\" data-index=\"1\"><div class=\"so-widget-sow-image so-widget-sow-image-default-3f547a15eaaa\">\n\n<div class=\"sow-image-container\">\n\t<img src=\"https:\/\/www.degro.org\/mammakarzinom\/wp-content\/uploads\/sites\/23\/2026\/01\/Flyer_Webinar_AG-Mamma-scaled.jpg\" width=\"2560\" height=\"1440\" srcset=\"https:\/\/www.degro.org\/mammakarzinom\/wp-content\/uploads\/sites\/23\/2026\/01\/Flyer_Webinar_AG-Mamma-scaled.jpg 2560w, https:\/\/www.degro.org\/mammakarzinom\/wp-content\/uploads\/sites\/23\/2026\/01\/Flyer_Webinar_AG-Mamma-300x169.jpg 300w, https:\/\/www.degro.org\/mammakarzinom\/wp-content\/uploads\/sites\/23\/2026\/01\/Flyer_Webinar_AG-Mamma-1024x576.jpg 1024w, https:\/\/www.degro.org\/mammakarzinom\/wp-content\/uploads\/sites\/23\/2026\/01\/Flyer_Webinar_AG-Mamma-768x432.jpg 768w, https:\/\/www.degro.org\/mammakarzinom\/wp-content\/uploads\/sites\/23\/2026\/01\/Flyer_Webinar_AG-Mamma-1536x864.jpg 1536w, https:\/\/www.degro.org\/mammakarzinom\/wp-content\/uploads\/sites\/23\/2026\/01\/Flyer_Webinar_AG-Mamma-2048x1152.jpg 2048w\" title=\"Flyer_Webinar_AG Mamma\"  class=\"so-widget-image\"\/>\n<\/div>\n\n<\/div><\/div><div class=\"so-panel widget widget_countdown-box panel-last-child\" id=\"panel-96-0-0-2\" data-index=\"2\"><div class=\"thim-widget-countdown-box thim-widget-countdown-box-base\"><div class=\"text-center color-black\" id=\"coming-soon-counter69d20de28ae9e\"><\/div><script type=\"text\/javascript\">\njQuery(function () {\n\tjQuery(document).ready(function () {\n\t\tjQuery(\"#coming-soon-counter69d20de28ae9e\").mbComingsoon({\n\t\t\texpiryDate  : new Date(2026,2,23,17),\n\t\t\tlocalization: {\n\t\t\t\tdays   : \"Tage\",\n\t\t\t\thours  : \"Stunden\",\n\t\t\t\tminutes: \"minutes\",\n\t\t\t\tseconds: \"seconds\"\n\t\t\t},\n\t\t\tspeed       : 100\n\t\t});\n\t\tsetTimeout(function () {\n\t\t\tjQuery(window).resize();\n\t\t}, 200);\n\t});\n});\n<\/script><\/div><\/div><\/div><\/div><div class=\"panel-grid\" id=\"pg-96-1\" ><div class=\"panel-grid-cell\" id=\"pgc-96-1-0\" ><div class=\"so-panel widget widget_icon-box panel-first-child panel-last-child\" id=\"panel-96-1-0-0\" data-index=\"3\"><div class=\"thim-widget-icon-box thim-widget-icon-box-base\"><div class=\"wrapper-box-icon text-center  \" ><div class=\"smicon-box iconbox-top\"><div class=\"boxes-icon\" style=\"width: 100px;height: 100px;\"><a class=\"icon-box-link\" href=\"https:\/\/us06web.zoom.us\/webinar\/register\/WN__GZ659fOT5ew1deIs9epgg\" style=\"color: #21bbd3;\"><span class=\"inner-icon\"><span class=\"icon\"><i class=\"fa fa-sign-out\" style=\"color:#dd3333; font-size:60px; line-height:60px; vertical-align: middle;\"><\/i><\/span><\/span><\/a><\/div><div class=\"content-inner\" ><div class=\"sc-heading article_heading\"><h3 class = \"heading__primary\" style=\"color: #21bbd3;\"><a class=\"icon-box-link\" href=\"https:\/\/us06web.zoom.us\/webinar\/register\/WN__GZ659fOT5ew1deIs9epgg\" style=\"color: #21bbd3;\">Anmeldung<\/a><\/h3><\/div><div class=\"desc-icon-box\"><p ><a class=\"icon-box-link\" href=\"https:\/\/us06web.zoom.us\/webinar\/register\/WN__GZ659fOT5ew1deIs9epgg\" style=\"color: #21bbd3;\">Kostenfreie Anmeldung in Zoom <\/a><\/p><\/div><\/div><\/div><!--end smicon-box--><\/div><\/div><\/div><\/div><\/div><\/div>","protected":false},"excerpt":{"rendered":"<p>#pg-96-0 , #pl-96 .panel-grid-cell .so-panel { margin-bottom:30px } #pg-96-0 .panel-grid-cell , #pg-96-1 .panel-grid-cell { float:none } #pl-96 .panel-grid-cell .so-panel:last-child { margin-bottom:0px } #pg-96-0 , #pg-96-1 { margin-left:-15px;margin-right:-15px } #pg-96-0 .panel-grid-cell , #pg-96-1 .panel-grid-cell { padding-left:15px;padding-right:15px } @media (max-width:780px){ #pg-96-0 .panel-grid-cell <\/p>\n","protected":false},"author":8,"featured_media":0,"parent":0,"menu_order":0,"comment_status":"closed","ping_status":"closed","template":"","meta":[],"_links":{"self":[{"href":"https:\/\/www.degro.org\/mammakarzinom\/wp-json\/wp\/v2\/pages\/96"}],"collection":[{"href":"https:\/\/www.degro.org\/mammakarzinom\/wp-json\/wp\/v2\/pages"}],"about":[{"href":"https:\/\/www.degro.org\/mammakarzinom\/wp-json\/wp\/v2\/types\/page"}],"author":[{"embeddable":true,"href":"https:\/\/www.degro.org\/mammakarzinom\/wp-json\/wp\/v2\/users\/8"}],"replies":[{"embeddable":true,"href":"https:\/\/www.degro.org\/mammakarzinom\/wp-json\/wp\/v2\/comments?post=96"}],"version-history":[{"count":6,"href":"https:\/\/www.degro.org\/mammakarzinom\/wp-json\/wp\/v2\/pages\/96\/revisions"}],"predecessor-version":[{"id":109,"href":"https:\/\/www.degro.org\/mammakarzinom\/wp-json\/wp\/v2\/pages\/96\/revisions\/109"}],"wp:attachment":[{"href":"https:\/\/www.degro.org\/mammakarzinom\/wp-json\/wp\/v2\/media?parent=96"}],"curies":[{"name":"wp","href":"https:\/\/api.w.org\/{rel}","templated":true}]}}