


{"id":10,"date":"2024-12-18T10:01:48","date_gmt":"2024-12-18T09:01:48","guid":{"rendered":"https:\/\/www.degro.org\/mammakarzinom\/?page_id=10"},"modified":"2025-12-01T12:48:47","modified_gmt":"2025-12-01T11:48:47","slug":"ueber-uns","status":"publish","type":"page","link":"https:\/\/www.degro.org\/mammakarzinom\/","title":{"rendered":"\u00dcber uns"},"content":{"rendered":"<div id=\"pl-10\"><style scoped>#pg-10-0 , #pl-10 .panel-grid-cell .so-panel { margin-bottom:30px } #pg-10-0 .panel-grid-cell , #pg-10-1 .panel-grid-cell { float:none } #pl-10 .panel-grid-cell .so-panel:last-child { margin-bottom:0px } #pg-10-0 , #pg-10-1 { margin-left:-15px;margin-right:-15px } #pg-10-0 .panel-grid-cell , #pg-10-1 .panel-grid-cell { padding-left:15px;padding-right:15px } @media (max-width:780px){ #pg-10-0 .panel-grid-cell , #pg-10-1 .panel-grid-cell { float:none;width:auto } #pl-10 .panel-grid , #pl-10 .panel-grid-cell {  } #pl-10 .panel-grid .panel-grid-cell-empty { display:none } #pl-10 .panel-grid .panel-grid-cell-mobile-last { margin-bottom:0px }  } <\/style><div class=\"panel-grid\" id=\"pg-10-0\" ><div class=\"panel-grid-cell\" id=\"pgc-10-0-0\" ><div class=\"so-panel widget widget_sow-editor panel-first-child panel-last-child\" id=\"panel-10-0-0-0\" data-index=\"0\"><div class=\"so-widget-sow-editor so-widget-sow-editor-base\">\n<div class=\"siteorigin-widget-tinymce textwidget\">\n\t<p>Die Arbeitsgruppe der Deutschen Gesellschaft f\u00fcr Radioonkologie (DEGRO) wird von Herrn PD Dr. med. David Krug, Universit\u00e4tsklinikum Hamburg-Eppendorf, sowie Herrn Prof. Dr. med. Marc Piroth, Helios Universit\u00e4tsklinikum Wuppertal geleitet.<\/p>\n<p><strong>Aufgaben und Ziele der Arbeitsgruppe:<\/strong><\/p>\n<p>Die Arbeitsgruppe Mammakarzinom der DEGRO verfolgt mehrere zentrale Ziele. Sie ist verantwortlich f\u00fcr die Erstellung und \u00dcberarbeitung von Leitlinien sowie Stellungnahmen, die f\u00fcr die DEGRO von Bedeutung sind. Zudem vertritt die AG Mammakarzinom die DEGRO als Ansprechpartner f\u00fcr Strahlentherapie in relevanten Fachgesellschaften, \u00fcbernimmt Referate auf Fachkongressen und nimmt an verschiedenen Veranstaltungen teil. Ein weiteres Ziel ist es, eine fachkompetente Meinung zu wissenschaftlichen Studien abzugeben, die f\u00fcr das Mammakarzinom und die Strahlentherapie von Relevanz sind.<\/p>\n<p><strong>Arbeitsschwerpunkte:<\/strong><\/p>\n<p>Die Arbeitsschwerpunkte der Arbeitsgruppe Mammakarzinom der DEGRO liegen in der Erstellung praxisrelevanter Handlungs-Leitlinien f\u00fcr radioonkologische Kolleginnen und Kollegen in Krankenh\u00e4usern und Praxen im Bereich Brustkrebs. Diese Leitlinien werden unter Ber\u00fccksichtigung neuer Entwicklungen in der gyn\u00e4kologischen Onkologie entwickelt und umfassen das gesamte Spektrum, das von der Diagnose \u00fcber die Behandlung bis hin zur Nachsorge reicht.<\/p>\n<p>Unsere AG steht allen interessierten offen. Kontaktaufnahme zur Aufnahme in das Mitgliederverzeichnis bitte \u00fcber das Leitungsteam oder die DEGRO-Gesch\u00e4ftstelle.<\/p>\n<\/div>\n<\/div><\/div><\/div><\/div><div class=\"panel-grid\" id=\"pg-10-1\" ><div class=\"panel-grid-cell\" id=\"pgc-10-1-0\" ><div class=\"so-panel widget widget_lsow-team-members panel-first-child panel-last-child\" id=\"panel-10-1-0-0\" data-index=\"1\"><div class=\"so-widget-lsow-team-members so-widget-lsow-team-members-base\">\n\n\n\n\n<div class=\"lsow-team-members lsow-style2 lsow-container\">\n\n    \n        <div class=\"lsow-team-member-wrapper \">\n\n            <div class=\"lsow-team-member\">\n\n                <div class=\"lsow-image-wrapper\">\n\n                    <img width=\"1892\" height=\"2432\" src=\"https:\/\/www.degro.org\/mammakarzinom\/wp-content\/uploads\/sites\/23\/2024\/12\/20240602_Foto_PD-Dr.-med.-David-Krug.jpg\" class=\"lsow-image full\" alt=\"\" loading=\"lazy\" srcset=\"https:\/\/www.degro.org\/mammakarzinom\/wp-content\/uploads\/sites\/23\/2024\/12\/20240602_Foto_PD-Dr.-med.-David-Krug.jpg 1892w, https:\/\/www.degro.org\/mammakarzinom\/wp-content\/uploads\/sites\/23\/2024\/12\/20240602_Foto_PD-Dr.-med.-David-Krug-233x300.jpg 233w, https:\/\/www.degro.org\/mammakarzinom\/wp-content\/uploads\/sites\/23\/2024\/12\/20240602_Foto_PD-Dr.-med.-David-Krug-797x1024.jpg 797w, https:\/\/www.degro.org\/mammakarzinom\/wp-content\/uploads\/sites\/23\/2024\/12\/20240602_Foto_PD-Dr.-med.-David-Krug-768x987.jpg 768w, https:\/\/www.degro.org\/mammakarzinom\/wp-content\/uploads\/sites\/23\/2024\/12\/20240602_Foto_PD-Dr.-med.-David-Krug-1195x1536.jpg 1195w, https:\/\/www.degro.org\/mammakarzinom\/wp-content\/uploads\/sites\/23\/2024\/12\/20240602_Foto_PD-Dr.-med.-David-Krug-1593x2048.jpg 1593w\" sizes=\"(max-width: 1892px) 100vw, 1892px\" \/>\n                    \n                <\/div>\n\n                <div class=\"lsow-team-member-text\">\n\n                    <h3 class=\"lsow-title\">Prof. Dr. med. David Krug <\/h3>\n\n                    <div class=\"lsow-team-member-position\">\n\n                        Sprecher der Arbeitsgruppe Mammakarzinom\n                    <\/div>\n\n                    <div class=\"lsow-team-member-details\">\n\n                        Universit\u00e4tsklinikum Schleswig-Holstein\nKlinikdirektor | Klinik f\u00fcr Strahlentherapie (Radioonkologie)\nCampus Kiel\nArnold-Heller-Str. 3\n24105 Kiel\n                    <\/div>\n\n                    \n                        \n<div class=\"lsow-social-wrap\">\n\n    <div class=\"lsow-social-list\">\n\n        <div class=\"lsow-social-list-item\"><a class=\"lsow-email\" href=\"mailto:d.krug@uke.de\" title=\"Send an email\"><i class=\"lsow-icon-email\"><\/i><\/a><\/div>\n    <\/div>\n\n<\/div>\n\n                    \n                <\/div>\n\n            <\/div>\n\n        <\/div>\n\n    \n        <div class=\"lsow-team-member-wrapper \">\n\n            <div class=\"lsow-team-member\">\n\n                <div class=\"lsow-image-wrapper\">\n\n                    <img width=\"350\" height=\"350\" src=\"https:\/\/www.degro.org\/mammakarzinom\/wp-content\/uploads\/sites\/23\/2024\/12\/piroth-marc_1-1.jpg\" class=\"lsow-image full\" alt=\"\" loading=\"lazy\" srcset=\"https:\/\/www.degro.org\/mammakarzinom\/wp-content\/uploads\/sites\/23\/2024\/12\/piroth-marc_1-1.jpg 350w, https:\/\/www.degro.org\/mammakarzinom\/wp-content\/uploads\/sites\/23\/2024\/12\/piroth-marc_1-1-300x300.jpg 300w, https:\/\/www.degro.org\/mammakarzinom\/wp-content\/uploads\/sites\/23\/2024\/12\/piroth-marc_1-1-150x150.jpg 150w\" sizes=\"(max-width: 350px) 100vw, 350px\" \/>\n                    \n                <\/div>\n\n                <div class=\"lsow-team-member-text\">\n\n                    <h3 class=\"lsow-title\">Prof. Dr. med. Marc Piroth <\/h3>\n\n                    <div class=\"lsow-team-member-position\">\n\n                        Stellvertretender Sprecher AG Mammakarzinom\n                    <\/div>\n\n                    <div class=\"lsow-team-member-details\">\n\n                        Helios Universit\u00e4tsklinikum Wuppertal \/ MVZ Helios Wuppertal\nKlinik f\u00fcr Radioonkologie und Strahlentherapie und MVZ\nHeusnerstr. 40\n42283 Wuppertal\n                    <\/div>\n\n                    \n                        \n<div class=\"lsow-social-wrap\">\n\n    <div class=\"lsow-social-list\">\n\n        <div class=\"lsow-social-list-item\"><a class=\"lsow-email\" href=\"mailto:marc.piroth@helios-gesundheit.de\" title=\"Send an email\"><i class=\"lsow-icon-email\"><\/i><\/a><\/div>\n    <\/div>\n\n<\/div>\n\n                    \n                <\/div>\n\n            <\/div>\n\n        <\/div>\n\n    \n<\/div><\/div><\/div><\/div><\/div><\/div>","protected":false},"excerpt":{"rendered":"<p>#pg-10-0 , #pl-10 .panel-grid-cell .so-panel { margin-bottom:30px } #pg-10-0 .panel-grid-cell , #pg-10-1 .panel-grid-cell { float:none } #pl-10 .panel-grid-cell .so-panel:last-child { margin-bottom:0px } #pg-10-0 , #pg-10-1 { margin-left:-15px;margin-right:-15px } #pg-10-0 .panel-grid-cell , #pg-10-1 .panel-grid-cell { padding-left:15px;padding-right:15px } @media (max-width:780px){ #pg-10-0 .panel-grid-cell <\/p>\n","protected":false},"author":3,"featured_media":0,"parent":0,"menu_order":0,"comment_status":"closed","ping_status":"closed","template":"","meta":[],"_links":{"self":[{"href":"https:\/\/www.degro.org\/mammakarzinom\/wp-json\/wp\/v2\/pages\/10"}],"collection":[{"href":"https:\/\/www.degro.org\/mammakarzinom\/wp-json\/wp\/v2\/pages"}],"about":[{"href":"https:\/\/www.degro.org\/mammakarzinom\/wp-json\/wp\/v2\/types\/page"}],"author":[{"embeddable":true,"href":"https:\/\/www.degro.org\/mammakarzinom\/wp-json\/wp\/v2\/users\/3"}],"replies":[{"embeddable":true,"href":"https:\/\/www.degro.org\/mammakarzinom\/wp-json\/wp\/v2\/comments?post=10"}],"version-history":[{"count":7,"href":"https:\/\/www.degro.org\/mammakarzinom\/wp-json\/wp\/v2\/pages\/10\/revisions"}],"predecessor-version":[{"id":130,"href":"https:\/\/www.degro.org\/mammakarzinom\/wp-json\/wp\/v2\/pages\/10\/revisions\/130"}],"wp:attachment":[{"href":"https:\/\/www.degro.org\/mammakarzinom\/wp-json\/wp\/v2\/media?parent=10"}],"curies":[{"name":"wp","href":"https:\/\/api.w.org\/{rel}","templated":true}]}}