


{"id":38,"date":"2022-08-17T15:10:06","date_gmt":"2022-08-17T13:10:06","guid":{"rendered":"https:\/\/www.degro.org\/lehre\/?page_id=38"},"modified":"2022-12-07T16:58:43","modified_gmt":"2022-12-07T15:58:43","slug":"lehrforschung","status":"publish","type":"page","link":"https:\/\/www.degro.org\/lehre\/lehrforschung\/","title":{"rendered":"Lehrforschung"},"content":{"rendered":"<div id=\"pl-38\"><style scoped>#pg-38-0 , #pg-38-1 , #pl-38 .panel-grid-cell .so-panel { margin-bottom:30px } #pg-38-0 .panel-grid-cell , #pg-38-2 .panel-grid-cell { float:none } #pgc-38-1-0 , #pgc-38-1-1 { width:50% } #pg-38-1 .panel-grid-cell { float:left } #pl-38 .panel-grid-cell .so-panel:last-child { margin-bottom:0px } #pg-38-0 , #pg-38-1 , #pg-38-2 { margin-left:-15px;margin-right:-15px } #pg-38-0 .panel-grid-cell , #pg-38-1 .panel-grid-cell , #pg-38-2 .panel-grid-cell { padding-left:15px;padding-right:15px } #panel-38-1-0-0 a , #panel-38-1-1-0 a , #panel-38-2-0-0 a { color:#009cd8 } @media (max-width:780px){ #pg-38-0 .panel-grid-cell , #pg-38-1 .panel-grid-cell , #pg-38-2 .panel-grid-cell { float:none;width:auto } #pgc-38-1-0 { margin-bottom:30px } #pl-38 .panel-grid , #pl-38 .panel-grid-cell {  } #pl-38 .panel-grid .panel-grid-cell-empty { display:none } #pl-38 .panel-grid .panel-grid-cell-mobile-last { margin-bottom:0px }  } <\/style><div class=\"panel-grid\" id=\"pg-38-0\" ><div class=\"panel-grid-cell\" id=\"pgc-38-0-0\" ><div class=\"so-panel widget widget_sow-editor panel-first-child panel-last-child\" id=\"panel-38-0-0-0\" data-index=\"0\"><div class=\"so-widget-sow-editor so-widget-sow-editor-base\">\n<div class=\"siteorigin-widget-tinymce textwidget\">\n\t<p>Das Medizinstudium befindet sich in einem grundlegenden strukturellen Wandel, der die Implementierung und Evaluierung neuer Lehrformate erfordert. Daten zur Effektivit\u00e4t und Kompetenzorientierung dieser Konzepte liegen jedoch bisher nur eingeschr\u00e4nkt vor. Entsprechend geh\u00f6rt die Forschung im Bereich der strahlentherapeutisch-radioonkologischen Lehre zu den wesentlichen Aufgaben der Arbeitsgruppe Lehre. \u00dcber die Verkn\u00fcpfung unterschiedlicher Standorte und die Konzentration medizindidaktischer Expertise k\u00f6nnen hierbei multizentrische Auswertungen realisiert werden.<\/p>\n<\/div>\n<\/div><\/div><\/div><\/div><div class=\"panel-grid\" id=\"pg-38-1\" ><div class=\"panel-grid-cell\" id=\"pgc-38-1-0\" ><div class=\"so-panel widget widget_lsow-button panel-first-child panel-last-child\" id=\"panel-38-1-0-0\" data-index=\"1\"><div class=\"so-widget-lsow-button so-widget-lsow-button-default-d75171398898\"><div class=\"lsow-button-wrap\" style=\"text-align:right;float:right;\"><a id=\"lsow-button-69e755331343d\" class= \"lsow-button  lsow-trans lsow-medium lsow-rounded\" data-hover-color=#dd3333 href=\"https:\/\/www.degro.org\/lehre\/lehrforschung\/bisherige-aktivitaeten\/\" target=&quot;_blank&quot;>Bisherige Aktivit\u00e4ten<\/a><\/div><\/div><\/div><\/div><div class=\"panel-grid-cell\" id=\"pgc-38-1-1\" ><div class=\"so-panel widget widget_lsow-button panel-first-child panel-last-child\" id=\"panel-38-1-1-0\" data-index=\"2\"><div class=\"so-widget-lsow-button so-widget-lsow-button-default-d75171398898\"><div class=\"lsow-button-wrap\" style=\"text-align:left;float:left;\"><a id=\"lsow-button-69e75533135c6\" class= \"lsow-button  lsow-trans lsow-medium lsow-rounded\" data-hover-color=#dd3333 href=\"https:\/\/www.degro.org\/lehre\/lehrforschung\/aktuelle-projekte-ausblick\/\" target=&quot;_blank&quot;>Aktuelle Projekte\/ Ausblick<\/a><\/div><\/div><\/div><\/div><\/div><div class=\"panel-grid\" id=\"pg-38-2\" ><div class=\"panel-grid-cell\" id=\"pgc-38-2-0\" ><div class=\"so-panel widget widget_sow-editor panel-first-child panel-last-child\" id=\"panel-38-2-0-0\" data-index=\"3\"><div class=\"so-widget-sow-editor so-widget-sow-editor-base\">\n<div class=\"siteorigin-widget-tinymce textwidget\">\n\t<p>Haben Sie Interesse sich an aktuellen Projekten zu beteiligen oder haben Sie eigene Forschungsideen, die Sie gerne in der Arbeitsgruppe Lehre umsetzen m\u00f6chten?<br \/>\nDann melden Sie sich gerne bei uns:<\/p>\n<p style=\"text-align: left\"><img loading=\"lazy\" class=\"alignleft wp-image-86\" src=\"https:\/\/www.degro.org\/lehre\/wp-content\/uploads\/sites\/16\/2022\/08\/Dr.-Dapper.jpg\" alt=\"\" width=\"100\" height=\"100\" \/><strong><br \/>\nPD Dr. med. Hendrik Dapper\u00a0\u00a0\u00a0\u00a0\u00a0\u00a0\u00a0\u00a0\u00a0\u00a0\u00a0\u00a0\u00a0\u00a0\u00a0\u00a0\u00a0\u00a0\u00a0\u00a0\u00a0\u00a0\u00a0\u00a0\u00a0\u00a0\u00a0 <\/strong><br \/>\nVorsitzender der Arbeitsgruppe Lehre\u00a0\u00a0\u00a0\u00a0\u00a0\u00a0\u00a0\u00a0\u00a0\u00a0\u00a0\u00a0\u00a0\u00a0\u00a0\u00a0\u00a0\u00a0\u00a0\u00a0\u00a0\u00a0\u00a0\u00a0\u00a0\u00a0\u00a0\u00a0<br \/>\n<a href=\"mailto:hendrik.dapper@klinikumbielefeld.de\">hendrik.dapper@klinikumbielefeld.de<\/a><\/p>\n<p><img loading=\"lazy\" class=\"wp-image-180 alignleft\" src=\"https:\/\/www.degro.org\/lehre\/wp-content\/uploads\/sites\/16\/2022\/08\/Dr.-med.-Michael-Ortel.jpg\" alt=\"\" width=\"100\" height=\"100\" \/><strong><br \/>\nDr. med. Michael Oertel<\/strong><br \/>\nStellvertretender Vorsitzender der Arbeitsgruppe Lehre<br \/>\n<a href=\"mailto:michael.oertel@ukmuenster.de\">michael.oertel@ukmuenster.de<\/a><\/p>\n<\/div>\n<\/div><\/div><\/div><\/div><\/div>","protected":false},"excerpt":{"rendered":"<p>#pg-38-0 , #pg-38-1 , #pl-38 .panel-grid-cell .so-panel { margin-bottom:30px } #pg-38-0 .panel-grid-cell , #pg-38-2 .panel-grid-cell { float:none } #pgc-38-1-0 , #pgc-38-1-1 { width:50% } #pg-38-1 .panel-grid-cell { float:left } #pl-38 .panel-grid-cell .so-panel:last-child { margin-bottom:0px } #pg-38-0 , #pg-38-1 , #pg-38-2 <\/p>\n","protected":false},"author":8,"featured_media":0,"parent":0,"menu_order":0,"comment_status":"closed","ping_status":"closed","template":"","meta":[],"_links":{"self":[{"href":"https:\/\/www.degro.org\/lehre\/wp-json\/wp\/v2\/pages\/38"}],"collection":[{"href":"https:\/\/www.degro.org\/lehre\/wp-json\/wp\/v2\/pages"}],"about":[{"href":"https:\/\/www.degro.org\/lehre\/wp-json\/wp\/v2\/types\/page"}],"author":[{"embeddable":true,"href":"https:\/\/www.degro.org\/lehre\/wp-json\/wp\/v2\/users\/8"}],"replies":[{"embeddable":true,"href":"https:\/\/www.degro.org\/lehre\/wp-json\/wp\/v2\/comments?post=38"}],"version-history":[{"count":35,"href":"https:\/\/www.degro.org\/lehre\/wp-json\/wp\/v2\/pages\/38\/revisions"}],"predecessor-version":[{"id":466,"href":"https:\/\/www.degro.org\/lehre\/wp-json\/wp\/v2\/pages\/38\/revisions\/466"}],"wp:attachment":[{"href":"https:\/\/www.degro.org\/lehre\/wp-json\/wp\/v2\/media?parent=38"}],"curies":[{"name":"wp","href":"https:\/\/api.w.org\/{rel}","templated":true}]}}