


{"id":344,"date":"2022-12-06T16:05:12","date_gmt":"2022-12-06T15:05:12","guid":{"rendered":"https:\/\/www.degro.org\/lehre\/?page_id=344"},"modified":"2022-12-09T14:20:05","modified_gmt":"2022-12-09T13:20:05","slug":"lehrinhalte","status":"publish","type":"page","link":"https:\/\/www.degro.org\/lehre\/lehrinhalte\/","title":{"rendered":"Lehrinhalte"},"content":{"rendered":"<div id=\"pl-344\"><style scoped>#pg-344-0 , #pg-344-1 , #pl-344 .panel-grid-cell .so-panel { margin-bottom:30px } #pg-344-0 .panel-grid-cell , #pg-344-2 .panel-grid-cell { float:none } #pgc-344-1-0 { width:40% } #pgc-344-1-1 { width:60% } #pg-344-1 .panel-grid-cell { float:left } #pl-344 .panel-grid-cell .so-panel:last-child { margin-bottom:0px } #pg-344-0 , #pg-344-1 , #pg-344-2 { margin-left:-15px;margin-right:-15px } #pg-344-0 .panel-grid-cell , #pg-344-1 .panel-grid-cell , #pg-344-2 .panel-grid-cell { padding-left:15px;padding-right:15px } #panel-344-1-0-0 a , #panel-344-1-1-0 a { color:#009cd8 } @media (max-width:780px){ #pg-344-0 .panel-grid-cell , #pg-344-1 .panel-grid-cell , #pg-344-2 .panel-grid-cell { float:none;width:auto } #pgc-344-1-0 { margin-bottom:30px } #pl-344 .panel-grid , #pl-344 .panel-grid-cell {  } #pl-344 .panel-grid .panel-grid-cell-empty { display:none } #pl-344 .panel-grid .panel-grid-cell-mobile-last { margin-bottom:0px }  } <\/style><div class=\"panel-grid\" id=\"pg-344-0\" ><div class=\"panel-grid-cell\" id=\"pgc-344-0-0\" ><div class=\"so-panel widget widget_sow-editor panel-first-child panel-last-child\" id=\"panel-344-0-0-0\" data-index=\"0\"><div class=\"so-widget-sow-editor so-widget-sow-editor-base\">\n<div class=\"siteorigin-widget-tinymce textwidget\">\n\t<p>Die DEGRO Lehrplatfform unterst\u00fctzt Studierende und Lehrende bei der Lern- und Wissensaneignung zur Fachrichtung Radioonkologie.<br \/>\nDie zusammengestellten Inhalte erheben trotz sorgf\u00e4ltiger, inhaltlicher \u00dcberpr\u00fcfung keinen Anspruch auf Richtigkeit und Vollst\u00e4ndigkeit. Die Inhalte d\u00fcrfen ausschlie\u00dflich f\u00fcr nicht-kommerzielle, edukative Zwecke verwendet werden und m\u00fcssen bei Verwendung korrekt zitiert werden.<\/p>\n<\/div>\n<\/div><\/div><\/div><\/div><div class=\"panel-grid\" id=\"pg-344-1\" ><div class=\"panel-grid-cell\" id=\"pgc-344-1-0\" ><div class=\"so-panel widget widget_lsow-button panel-first-child panel-last-child\" id=\"panel-344-1-0-0\" data-index=\"1\"><div class=\"so-widget-lsow-button so-widget-lsow-button-default-d75171398898\"><div class=\"lsow-button-wrap\" style=\"text-align:right;float:right;\"><a id=\"lsow-button-69df2d748c4f6\" class= \"lsow-button  lsow-trans lsow-medium lsow-rounded\" data-hover-color=#dd3333 href=\"https:\/\/www.degro.org\/lehre\/lehrinhalte\/lehrmaterial\/\">Lehrmaterial<\/a><\/div><\/div><\/div><\/div><div class=\"panel-grid-cell\" id=\"pgc-344-1-1\" ><div class=\"so-panel widget widget_lsow-button panel-first-child panel-last-child\" id=\"panel-344-1-1-0\" data-index=\"2\"><div class=\"so-widget-lsow-button so-widget-lsow-button-default-d75171398898\"><div class=\"lsow-button-wrap\" style=\"text-align:left;float:left;\"><a id=\"lsow-button-69df2d748c783\" class= \"lsow-button  lsow-trans lsow-medium lsow-rounded\" data-hover-color=#dd3333 href=\"https:\/\/www.degro.org\/lehre\/digitale-lehrinhalte-der-fakultaeten\/\">\u00dcbersicht der digitalen Lehrangebote der Fakult\u00e4ten<\/a><\/div><\/div><\/div><\/div><\/div><div class=\"panel-grid\" id=\"pg-344-2\" ><div class=\"panel-grid-cell\" id=\"pgc-344-2-0\" ><div class=\"so-panel widget widget_sow-editor panel-first-child panel-last-child\" id=\"panel-344-2-0-0\" data-index=\"3\"><div class=\"so-widget-sow-editor so-widget-sow-editor-base\">\n<div class=\"siteorigin-widget-tinymce textwidget\">\n\t<p style=\"text-align: left\"><img loading=\"lazy\" class=\"wp-image-240 alignleft\" src=\"https:\/\/www.degro.org\/lehre\/wp-content\/uploads\/sites\/16\/2022\/09\/Hartong.jpg\" alt=\"\" width=\"100\" height=\"100\" \/><strong><br \/>\nDr. med. Nanna Hartong \u00a0\u00a0\u00a0\u00a0\u00a0\u00a0\u00a0\u00a0\u00a0\u00a0\u00a0\u00a0\u00a0\u00a0\u00a0\u00a0\u00a0\u00a0\u00a0\u00a0\u00a0\u00a0\u00a0\u00a0 <\/strong><br \/>\nMitglied der Arbeitsgruppe Lehre<br \/>\n<a href=\"mailto:nanna.hartong@uniklinik-freiburg.de\">nanna.hartong@uniklinik-freiburg.de<\/a><\/p>\n<p><img loading=\"lazy\" class=\"wp-image-234 alignleft\" src=\"https:\/\/www.degro.org\/lehre\/wp-content\/uploads\/sites\/16\/2022\/08\/Maeurer_150x150-1.jpg\" alt=\"\" width=\"100\" height=\"100\" \/><strong><br \/>\nDr. med. Matthias M\u00e4urer<\/strong><br \/>\nMitglied der Arbeitsgruppe Lehre<br \/>\n<a href=\"mailto:matthias.maeurer@med.uni-jena.de\">matthias.maeurer@med.uni-jena.de<\/a><\/p>\n<p style=\"text-align: left\"><img loading=\"lazy\" class=\"wp-image-245 alignleft\" src=\"https:\/\/www.degro.org\/lehre\/wp-content\/uploads\/sites\/16\/2022\/09\/Vorwerk.jpg\" alt=\"\" width=\"100\" height=\"100\" \/><strong><br \/>\nProf. Dr. med. Dipl.-Phys. Hilke Vorwerk \u00a0\u00a0\u00a0\u00a0\u00a0\u00a0\u00a0\u00a0\u00a0\u00a0\u00a0\u00a0\u00a0\u00a0\u00a0\u00a0\u00a0\u00a0\u00a0\u00a0\u00a0 <\/strong><br \/>\nMitglied der Arbeitsgruppe Lehre<br \/>\n<a href=\"mailto:vorwerk@med.uni-marburg.de\">vorwerk@med.uni-marburg.de<\/a><\/p>\n<\/div>\n<\/div><\/div><\/div><\/div><\/div>","protected":false},"excerpt":{"rendered":"<p>#pg-344-0 , #pg-344-1 , #pl-344 .panel-grid-cell .so-panel { margin-bottom:30px } #pg-344-0 .panel-grid-cell , #pg-344-2 .panel-grid-cell { float:none } #pgc-344-1-0 { width:40% } #pgc-344-1-1 { width:60% } #pg-344-1 .panel-grid-cell { float:left } #pl-344 .panel-grid-cell .so-panel:last-child { margin-bottom:0px } #pg-344-0 , #pg-344-1 <\/p>\n","protected":false},"author":8,"featured_media":0,"parent":0,"menu_order":0,"comment_status":"closed","ping_status":"closed","template":"","meta":[],"_links":{"self":[{"href":"https:\/\/www.degro.org\/lehre\/wp-json\/wp\/v2\/pages\/344"}],"collection":[{"href":"https:\/\/www.degro.org\/lehre\/wp-json\/wp\/v2\/pages"}],"about":[{"href":"https:\/\/www.degro.org\/lehre\/wp-json\/wp\/v2\/types\/page"}],"author":[{"embeddable":true,"href":"https:\/\/www.degro.org\/lehre\/wp-json\/wp\/v2\/users\/8"}],"replies":[{"embeddable":true,"href":"https:\/\/www.degro.org\/lehre\/wp-json\/wp\/v2\/comments?post=344"}],"version-history":[{"count":27,"href":"https:\/\/www.degro.org\/lehre\/wp-json\/wp\/v2\/pages\/344\/revisions"}],"predecessor-version":[{"id":394,"href":"https:\/\/www.degro.org\/lehre\/wp-json\/wp\/v2\/pages\/344\/revisions\/394"}],"wp:attachment":[{"href":"https:\/\/www.degro.org\/lehre\/wp-json\/wp\/v2\/media?parent=344"}],"curies":[{"name":"wp","href":"https:\/\/api.w.org\/{rel}","templated":true}]}}