


{"id":25,"date":"2022-08-17T12:37:56","date_gmt":"2022-08-17T10:37:56","guid":{"rendered":"https:\/\/www.degro.org\/lehre\/?page_id=25"},"modified":"2022-12-07T16:56:06","modified_gmt":"2022-12-07T15:56:06","slug":"rahmenbedingungen-aeappro-nklm","status":"publish","type":"page","link":"https:\/\/www.degro.org\/lehre\/rahmenbedingungen-aeappro-nklm\/","title":{"rendered":"Rahmenbedingungen \u00c4ApprO\/NKLM"},"content":{"rendered":"<div id=\"pl-25\"><style scoped>#pg-25-0 .panel-grid-cell { float:none } #pl-25 .panel-grid-cell .so-panel { margin-bottom:30px } #pl-25 .panel-grid-cell .so-panel:last-child { margin-bottom:0px } #pg-25-0 { margin-left:-15px;margin-right:-15px } #pg-25-0 .panel-grid-cell { padding-left:15px;padding-right:15px } #panel-25-0-0-1 a , #panel-25-0-0-2 a { color:#009cd8 } @media (max-width:780px){ #pg-25-0 .panel-grid-cell { float:none;width:auto } #pl-25 .panel-grid , #pl-25 .panel-grid-cell {  } #pl-25 .panel-grid .panel-grid-cell-empty { display:none } #pl-25 .panel-grid .panel-grid-cell-mobile-last { margin-bottom:0px }  } <\/style><div class=\"panel-grid\" id=\"pg-25-0\" ><div class=\"panel-grid-cell\" id=\"pgc-25-0-0\" ><div class=\"so-panel widget widget_heading panel-first-child\" id=\"panel-25-0-0-0\" data-index=\"0\"><div class=\"thim-widget-heading thim-widget-heading-base\"><div class=\"sc_heading text-left\"><h4 style=\"color:#009cd8;\" class=\"title\">Die neue Approbationsordnung kommt! \u2013 Bedeutung f\u00fcr die Radioonkologie<\/h4><\/div><\/div><\/div><div class=\"so-panel widget widget_sow-editor\" id=\"panel-25-0-0-1\" data-index=\"1\"><div class=\"so-widget-sow-editor so-widget-sow-editor-base\">\n<div class=\"siteorigin-widget-tinymce textwidget\">\n\t<p>Sehr geehrte Kolleginnen und Kollegen,<\/p>\n<p>die neue Approbationsordnung (\u00c4ApprO) kommt! Und uns erwartet in den n\u00e4chsten Jahrzehnten damit ein v\u00f6llig neues Medizinstudium, welches sich im Wesentlichen an dem aktuell im Aufbau befindlichen <strong>Nationalen Kompetenzbasierten Lernzielkatalog Medizin<\/strong>, kurz <strong>NKLM<\/strong> orientiert.<\/p>\n<p>Die Lehre erfolgt zuk\u00fcnftig im sogenannten Z-Curriculum longitudinal, das hei\u00dft ohne strikte Trennung von Vorklinik und Klinik. Sie wird praxisorientierter, interdisziplin\u00e4rer, digitaler und verl\u00e4sst den Fokus auf ein reines Faktenwissen. Die Lehre fordert von den angehenden Medizinerinnen und Medizinern stattdessen die Ausbildung von weitreichenden Kompetenzen. Zudem wird das Curriculum in einen Kernbereich und einen Vertiefungsbereich unterteilt. Der Kernbereich (ca. 80 %) basiert auf dem NKLM, wird an allen Fakult\u00e4ten verpflichtend gelehrt und ist Grundlage f\u00fcr das Staatsexamen. Im Vertiefungsbereich (20%) k\u00f6nnen die einzelnen Fakult\u00e4ten sowie Studentinnen und Studenten vertiefende Schwerpunkte setzen.<\/p>\n<p><strong>Mit dem NKLM wird aktuell der Grundstein f\u00fcr die medizinische Ausbildung der n\u00e4chsten Jahrzehnte gelegt!<\/strong> Daher ist es wichtig die Radioonkologie dort entsprechend sinnvoll zu positionieren und zu vernetzen.<\/p>\n<p>Wir, als Fachvertreter der Radioonkologie, k\u00f6nnen und m\u00fcssen diesen Umbruch als Chance begreifen, die Strahlentherapie im Kontext der interdisziplin\u00e4ren Onkologie ausreichend und sinnvoll in den jeweiligen Curricula der Fakult\u00e4ten einzubinden. <strong>Hierzu ist es notwendig, dass sich neben der Arbeit der Arbeitsgruppe auf Bundesebene die einzelnen Lehrbeauftragten und Ordinarien aktiv in den Gestaltungsprozess der Curriculumsentwicklung an ihren jeweiligen Fakult\u00e4ten einbinden.<\/strong><\/p>\n<p>Die Festlegung der Inhalte und Vernetzungen des NKLM erfolgen in einem komplexen nationalen Prozess unter Federf\u00fchrung des Medizinischen Fakult\u00e4tentages (MFT) in mehreren Phasen. Hierbei kommen auch \u201edemokratische\u201c Elemente zum Tragen. <strong>Gegenw\u00e4rtig k\u00f6nnen und sollen sich die Fakult\u00e4ten durch verschiedene Fachvertreter durch Kommentierungen an der Weiterentwicklung des NKLM (Basis f\u00fcr den Kernbereich!) beteiligen.<\/strong> Diese M\u00f6glichkeit sollte durch Fachvertreter der Radioonkologie unbedingt wahrgenommen werden.<\/p>\n<p><strong>Zudem findet bereits jetzt an den Fakult\u00e4ten zunehmend die konkrete individuelle Ausgestaltung des neuen Curriculums statt! Auch an diesem Prozess sollten sich die Verantwortlichen Strahlentherapeuten aktiv beteiligen.<\/strong><\/p>\n<p>Zudem werden k\u00fcnftig weitere Rubriken des Lehreportals der DEGRO entstehen und wachsen. Diese werden von verschiedenen engagierten Personen der Arbeitsgruppe Lehre betreut. Vor dem Hintergrund der immer komplexer werdenden Interdisziplinarisierung, neuen Lehrkonzepten und der Digitalisierung werden m\u00f6gliche Weiterbildungsma\u00dfnahmen f\u00fcr Dozierende angeboten und aufgezeigt, Lehrmaterialien und Informationen zur digitalen Lehre zur Verf\u00fcgung gestellt sowie bereits bestehende Evidenz als auch m\u00f6gliche Kooperationen bei wissenschaftlichen Projekten zur radioonkologischen Lehre angeboten.<\/p>\n<p>Wir freuen uns darauf Sie bei der Weiterentwicklung der radioonkologischen Lehre auf nationaler Ebene sowie an den jeweiligen Fakult\u00e4ten zu unterst\u00fctzen und bitten um Ihr Engagement.<\/p>\n<p>Im Folgenden finden Sie Informationen zu den Hintergr\u00fcnden und dem aktuellen Stand der \u00c4ApprO und des NKLM-Prozesses (siehe <a href=\"https:\/\/www.degro.org\/lehre\/rahmenbedingungen-aeappro-nklm\/allgemeine-uebersicht-nklm-und-aeappro\/\">Allgemeine \u00dcbersicht NKLM und \u00c4APPRO<\/a>). Zudem werden die Bedeutung und die Handlungsimplikationen f\u00fcr die Radioonkologie eingehend dargestellt. Hierzu werden im <a href=\"https:\/\/www.degro.org\/lehre\/downloadbereich\/\">Downloadbereich<\/a> verschiedene Informationen bereitgestellt (Handreichung der DEGRO, Kommentierungsvorschlag des NKLMs, \u00dcbersichts-Vortr\u00e4ge, Rundbriefe\u2026).<\/p>\n<p>Herzliche Gr\u00fc\u00dfe<br \/>\nHendrik Dapper<\/p>\n<\/div>\n<\/div><\/div><div class=\"so-panel widget widget_sow-editor panel-last-child\" id=\"panel-25-0-0-2\" data-index=\"2\"><div class=\"so-widget-sow-editor so-widget-sow-editor-base\">\n<div class=\"siteorigin-widget-tinymce textwidget\">\n\t<p><img loading=\"lazy\" class=\"wp-image-86 alignleft\" src=\"https:\/\/www.degro.org\/lehre\/wp-content\/uploads\/sites\/16\/2022\/08\/Dr.-Dapper.jpg\" alt=\"\" width=\"100\" height=\"100\" data-wp-editing=\"1\" \/><\/p>\n<p style=\"text-align: left\"><strong><br \/>\nPD Dr. med. Hendrik Dapper<\/strong><br \/>\nVorsitzender der Arbeitsgruppe Lehre<br \/>\n<a href=\"mailto:hendrik.dapper@klinikumbielefeld.de\">hendrik.dapper@klinikumbielefeld.de <\/a><\/p>\n<\/div>\n<\/div><\/div><\/div><\/div><\/div>","protected":false},"excerpt":{"rendered":"<p>#pg-25-0 .panel-grid-cell { float:none } #pl-25 .panel-grid-cell .so-panel { margin-bottom:30px } #pl-25 .panel-grid-cell .so-panel:last-child { margin-bottom:0px } #pg-25-0 { margin-left:-15px;margin-right:-15px } #pg-25-0 .panel-grid-cell { padding-left:15px;padding-right:15px } #panel-25-0-0-1 a , #panel-25-0-0-2 a { color:#009cd8 } @media (max-width:780px){ #pg-25-0 .panel-grid-cell { float:none;width:auto <\/p>\n","protected":false},"author":8,"featured_media":0,"parent":0,"menu_order":0,"comment_status":"closed","ping_status":"closed","template":"","meta":[],"_links":{"self":[{"href":"https:\/\/www.degro.org\/lehre\/wp-json\/wp\/v2\/pages\/25"}],"collection":[{"href":"https:\/\/www.degro.org\/lehre\/wp-json\/wp\/v2\/pages"}],"about":[{"href":"https:\/\/www.degro.org\/lehre\/wp-json\/wp\/v2\/types\/page"}],"author":[{"embeddable":true,"href":"https:\/\/www.degro.org\/lehre\/wp-json\/wp\/v2\/users\/8"}],"replies":[{"embeddable":true,"href":"https:\/\/www.degro.org\/lehre\/wp-json\/wp\/v2\/comments?post=25"}],"version-history":[{"count":31,"href":"https:\/\/www.degro.org\/lehre\/wp-json\/wp\/v2\/pages\/25\/revisions"}],"predecessor-version":[{"id":401,"href":"https:\/\/www.degro.org\/lehre\/wp-json\/wp\/v2\/pages\/25\/revisions\/401"}],"wp:attachment":[{"href":"https:\/\/www.degro.org\/lehre\/wp-json\/wp\/v2\/media?parent=25"}],"curies":[{"name":"wp","href":"https:\/\/api.w.org\/{rel}","templated":true}]}}