


{"id":199,"date":"2022-08-19T10:57:32","date_gmt":"2022-08-19T08:57:32","guid":{"rendered":"https:\/\/www.degro.org\/lehre\/?page_id=199"},"modified":"2022-08-19T11:02:26","modified_gmt":"2022-08-19T09:02:26","slug":"aktuelle-projekte-ausblick","status":"publish","type":"page","link":"https:\/\/www.degro.org\/lehre\/lehrforschung\/aktuelle-projekte-ausblick\/","title":{"rendered":"Aktuelle Projekte\/ Ausblick"},"content":{"rendered":"<div id=\"pl-199\"><style scoped>#pg-199-0 .panel-grid-cell { float:none } #pl-199 .panel-grid-cell .so-panel { margin-bottom:30px } #pl-199 .panel-grid-cell .so-panel:last-child { margin-bottom:0px } #pg-199-0 { margin-left:-15px;margin-right:-15px } #pg-199-0 .panel-grid-cell { padding-left:15px;padding-right:15px } @media (max-width:780px){ #pg-199-0 .panel-grid-cell { float:none;width:auto } #pl-199 .panel-grid , #pl-199 .panel-grid-cell {  } #pl-199 .panel-grid .panel-grid-cell-empty { display:none } #pl-199 .panel-grid .panel-grid-cell-mobile-last { margin-bottom:0px }  } <\/style><div class=\"panel-grid\" id=\"pg-199-0\" ><div class=\"panel-grid-cell\" id=\"pgc-199-0-0\" ><div class=\"so-panel widget widget_sow-editor panel-first-child panel-last-child\" id=\"panel-199-0-0-0\" data-index=\"0\"><div class=\"so-widget-sow-editor so-widget-sow-editor-base\">\n<div class=\"siteorigin-widget-tinymce textwidget\">\n\t<p>Die folgenden Themenschwerpunkte werden aktuell in der Task Force Lehre wissenschaftlich aufgearbeitet:<\/p>\n<ul>\n<li>Curriculares Mapping: Aktuell begleitet die Task Force Lehre die Kartierung des NKLM (Mapping) an den einzelnen Standorten mit Informationen und Fortbildungsveranstaltungen. Nach Abschluss des Prozesses soll eine genaue Erfassung der Curricula im Bereich Radioonkologie auf f\u00f6deraler Ebene erfolgen.<\/li>\n<li>Digitalisierung: Gef\u00f6rdert durch die Sars-CoV-2 Pandemie haben digitale Lehrformate wie Vorlesungen via Videokonferenzsystem an Bedeutung gewonnen. Hierbei ergeben sich m\u00f6gliche Vorteile (Flexibilit\u00e4t, Hygienevorgaben, h\u00f6here Akzeptanz) aber auch potentielle Nachteile (Distanzierung, Fehlen der direkten R\u00fcckkopplung zwischen Studierenden und Dozent*innen). Ihre Erforschung sowie die Analyse sinnvoller Einsatzm\u00f6glichkeiten f\u00fcr digitale Konzepte bildet einen wesentlichen Fokus der Task Force<\/li>\n<li>Lerneffektivit\u00e4t und studentische Evaluation: Bisherige Auswertungen zur Medizindidaktik liefern nur eingeschr\u00e4nkt Daten zur (Langzeit-)Effektivit\u00e4t und studentischen Bewertung der durchgef\u00fchrten Projekte. Im Sinne einer effizienten Lernstruktur m\u00fcssen diese Aspekte jedoch mitber\u00fccksichtigt werden.<\/li>\n<\/ul>\n<\/div>\n<\/div><\/div><\/div><\/div><\/div>","protected":false},"excerpt":{"rendered":"<p>#pg-199-0 .panel-grid-cell { float:none } #pl-199 .panel-grid-cell .so-panel { margin-bottom:30px } #pl-199 .panel-grid-cell .so-panel:last-child { margin-bottom:0px } #pg-199-0 { margin-left:-15px;margin-right:-15px } #pg-199-0 .panel-grid-cell { padding-left:15px;padding-right:15px } @media (max-width:780px){ #pg-199-0 .panel-grid-cell { float:none;width:auto } #pl-199 .panel-grid , #pl-199 .panel-grid-cell {  <\/p>\n","protected":false},"author":8,"featured_media":0,"parent":38,"menu_order":0,"comment_status":"closed","ping_status":"closed","template":"","meta":[],"_links":{"self":[{"href":"https:\/\/www.degro.org\/lehre\/wp-json\/wp\/v2\/pages\/199"}],"collection":[{"href":"https:\/\/www.degro.org\/lehre\/wp-json\/wp\/v2\/pages"}],"about":[{"href":"https:\/\/www.degro.org\/lehre\/wp-json\/wp\/v2\/types\/page"}],"author":[{"embeddable":true,"href":"https:\/\/www.degro.org\/lehre\/wp-json\/wp\/v2\/users\/8"}],"replies":[{"embeddable":true,"href":"https:\/\/www.degro.org\/lehre\/wp-json\/wp\/v2\/comments?post=199"}],"version-history":[{"count":2,"href":"https:\/\/www.degro.org\/lehre\/wp-json\/wp\/v2\/pages\/199\/revisions"}],"predecessor-version":[{"id":205,"href":"https:\/\/www.degro.org\/lehre\/wp-json\/wp\/v2\/pages\/199\/revisions\/205"}],"up":[{"embeddable":true,"href":"https:\/\/www.degro.org\/lehre\/wp-json\/wp\/v2\/pages\/38"}],"wp:attachment":[{"href":"https:\/\/www.degro.org\/lehre\/wp-json\/wp\/v2\/media?parent=199"}],"curies":[{"name":"wp","href":"https:\/\/api.w.org\/{rel}","templated":true}]}}