


{"id":120,"date":"2022-08-19T08:01:05","date_gmt":"2022-08-19T06:01:05","guid":{"rendered":"https:\/\/www.degro.org\/lehre\/?page_id=120"},"modified":"2022-08-19T11:45:08","modified_gmt":"2022-08-19T09:45:08","slug":"was-ist-der-nklm","status":"publish","type":"page","link":"https:\/\/www.degro.org\/lehre\/rahmenbedingungen-aeappro-nklm\/was-ist-der-nklm\/","title":{"rendered":"Was ist der NKLM?"},"content":{"rendered":"<div id=\"pl-120\"><style scoped>#pg-120-0 .panel-grid-cell { float:none } #pl-120 .panel-grid-cell .so-panel { margin-bottom:30px } #pl-120 .panel-grid-cell .so-panel:last-child { margin-bottom:0px } #pg-120-0 { margin-left:-15px;margin-right:-15px } #pg-120-0 .panel-grid-cell { padding-left:15px;padding-right:15px } #panel-120-0-0-0 a { color:#009cd8 } @media (max-width:780px){ #pg-120-0 .panel-grid-cell { float:none;width:auto } #pl-120 .panel-grid , #pl-120 .panel-grid-cell {  } #pl-120 .panel-grid .panel-grid-cell-empty { display:none } #pl-120 .panel-grid .panel-grid-cell-mobile-last { margin-bottom:0px }  } <\/style><div class=\"panel-grid\" id=\"pg-120-0\" ><div class=\"panel-grid-cell\" id=\"pgc-120-0-0\" ><div class=\"so-panel widget widget_sow-editor panel-first-child panel-last-child\" id=\"panel-120-0-0-0\" data-index=\"0\"><div class=\"so-widget-sow-editor so-widget-sow-editor-base\">\n<div class=\"siteorigin-widget-tinymce textwidget\">\n\t<p>Der NKLM ist ein Web-basierter Katalog welcher \u00fcber die Plattform LOOOP (Verwaltung durch die Charit\u00e9) unter <a href=\"https:\/\/nklm.de\" target=\"_blank\" rel=\"noopener\">www.nklm.de<\/a> erreichbar ist.<\/p>\n<p>Der NKLM soll eine praxisnahe Ausbildung, weg vom reinen Faktenwissen und reinen MC-Pr\u00fcfungen, bieten und den verschiedenen Rollen des Arztberufes gerecht werden (Gesundheitsberater, Manager\/Verantwortungstr\u00e4ger, Kommunikator, Wissenschaftler &amp; Lehrer). Kompetenzen sind einzelne Lernziele, welche in verschiedene thematische Abschnitte gegliedert und welche untereinander miteinander verbunden sind (Diagnostik, Notfallma\u00dfnahmen, Grundlagenkenntnisse\u2026). Hierbei steht ein longitudinales und interdisziplin\u00e4res Erlernen verschiedener F\u00e4higkeiten durch Synthese verschiedener durch Einzelkomponenten erlernter F\u00e4higkeiten (Haltungen, praktische Fertigkeiten, Wissen, Kommunikationen) im Vordergrund. Alle Lernziele werden mit konkreten Konsultationsanl\u00e4ssen und Erkrankungen verbunden, welche am Ende des Studiums in unterschiedlicher Tiefe beherrscht werden m\u00fcssen.<\/p>\n<p>2015 wurde die erste Version des NKLM vom Medizinischen Fakult\u00e4tentag und der Gesellschaft f\u00fcr medizinische Ausbildung ver\u00f6ffentlicht und hatte bisher nur empfehlenden Charakter. Seither wird der Katalog federf\u00fchrend unter der Leitung der NKLM Kommission des Medizinischen Fakult\u00e4tentages (MFT) in mehreren Phasen weiterentwickelt. Unterst\u00fctzt wird sie dabei von Vertretern von Bund &amp; L\u00e4nder, dem IMPP und der GMA (&gt;700 Expertinnen und Experten) und ganz aktuell von 35 Fakult\u00e4ten, welche den NKLM unter Leitung von sogenannten NKLM-Beauftragen der Fakult\u00e4ten kommentieren.<\/p>\n<p>Am Ende wird der NKLM die verbindliche Grundlage der Kerncurricula der Fakult\u00e4ten (80% des Studiums) bilden und eng mit dem IMPP abgestimmt bzw. vernetzt sein. Der NKLM bildet also die Basis f\u00fcr das Medizinstudium der n\u00e4chsten Jahrzehnte und definiert die Themen, welche in den Staatsexamina gepr\u00fcft werden. Die Radioonkologie muss daher unbedingt angemessen im NKLM vertreten sein!<\/p>\n<p style=\"text-align: left\">Aktuell (03\/22 \u2013 09\/22) findet eine Bewertung des NKLM durch die einzelnen Fakult\u00e4ten statt, an der sich die jeweiligen Lehrverantwortlichen und Ordinarien der Fakult\u00e4ten unbedingt aktiv einbringen sollten. Im <a href=\"https:\/\/www.degro.org\/lehre\/downloadbereich\/\">Downloadbereich<\/a> finden Sie sowohl eine Handreichung, einen NKLM-Kommentierungsvorschlag der DEGRO sowie eine Pr\u00e4sentation zum aktuellen Stand des NKLM. <\/p>\n<p>Sehr gute erkl\u00e4rende Videos zum NKLM finden Sie auf der Webseite des MFT unter <a href=\"https:\/\/medizinische-fakultaeten.de\/themen\/studium\/nklm-nklz\/\" target=\"_blank\" rel=\"noopener\">https:\/\/medizinische-fakultaeten.de\/themen\/studium\/nklm-nklz\/<\/a><\/p>\n<\/div>\n<\/div><\/div><\/div><\/div><\/div>","protected":false},"excerpt":{"rendered":"<p>#pg-120-0 .panel-grid-cell { float:none } #pl-120 .panel-grid-cell .so-panel { margin-bottom:30px } #pl-120 .panel-grid-cell .so-panel:last-child { margin-bottom:0px } #pg-120-0 { margin-left:-15px;margin-right:-15px } #pg-120-0 .panel-grid-cell { padding-left:15px;padding-right:15px } #panel-120-0-0-0 a { color:#009cd8 } @media (max-width:780px){ #pg-120-0 .panel-grid-cell { float:none;width:auto } #pl-120 .panel-grid <\/p>\n","protected":false},"author":8,"featured_media":0,"parent":25,"menu_order":0,"comment_status":"closed","ping_status":"closed","template":"","meta":[],"_links":{"self":[{"href":"https:\/\/www.degro.org\/lehre\/wp-json\/wp\/v2\/pages\/120"}],"collection":[{"href":"https:\/\/www.degro.org\/lehre\/wp-json\/wp\/v2\/pages"}],"about":[{"href":"https:\/\/www.degro.org\/lehre\/wp-json\/wp\/v2\/types\/page"}],"author":[{"embeddable":true,"href":"https:\/\/www.degro.org\/lehre\/wp-json\/wp\/v2\/users\/8"}],"replies":[{"embeddable":true,"href":"https:\/\/www.degro.org\/lehre\/wp-json\/wp\/v2\/comments?post=120"}],"version-history":[{"count":3,"href":"https:\/\/www.degro.org\/lehre\/wp-json\/wp\/v2\/pages\/120\/revisions"}],"predecessor-version":[{"id":228,"href":"https:\/\/www.degro.org\/lehre\/wp-json\/wp\/v2\/pages\/120\/revisions\/228"}],"up":[{"embeddable":true,"href":"https:\/\/www.degro.org\/lehre\/wp-json\/wp\/v2\/pages\/25"}],"wp:attachment":[{"href":"https:\/\/www.degro.org\/lehre\/wp-json\/wp\/v2\/media?parent=120"}],"curies":[{"name":"wp","href":"https:\/\/api.w.org\/{rel}","templated":true}]}}