


{"id":94,"date":"2017-02-17T11:45:51","date_gmt":"2017-02-17T10:45:51","guid":{"rendered":"https:\/\/www.degro.org\/jd\/?page_id=94"},"modified":"2025-08-26T11:38:22","modified_gmt":"2025-08-26T09:38:22","slug":"team-weiterbildung","status":"publish","type":"page","link":"https:\/\/www.degro.org\/jd\/aktivitaeten\/team-weiterbildung\/","title":{"rendered":"Team Weiterbildung"},"content":{"rendered":"<div id=\"pl-94\"><style scoped>#pg-94-0 , #pg-94-1 , #pg-94-2 , #pg-94-3 , #pl-94 .panel-grid-cell .so-panel { margin-bottom:30px } #pg-94-0 .panel-grid-cell , #pg-94-2 .panel-grid-cell , #pg-94-4 .panel-grid-cell { float:none } #pgc-94-1-0 { width:67.821% } #pgc-94-1-1 { width:32.179% } #pg-94-1 .panel-grid-cell , #pg-94-3 .panel-grid-cell { float:left } #pgc-94-3-0 , #pgc-94-3-1 { width:50% } #pl-94 .panel-grid-cell .so-panel:last-child { margin-bottom:0px } #pg-94-0 , #pg-94-1 , #pg-94-2 , #pg-94-3 , #pg-94-4 { margin-left:-15px;margin-right:-15px } #pg-94-0 .panel-grid-cell , #pg-94-1 .panel-grid-cell , #pg-94-2 .panel-grid-cell , #pg-94-3 .panel-grid-cell , #pg-94-4 .panel-grid-cell { padding-left:15px;padding-right:15px } @media (max-width:780px){ #pg-94-0 .panel-grid-cell , #pg-94-1 .panel-grid-cell , #pg-94-2 .panel-grid-cell , #pg-94-3 .panel-grid-cell , #pg-94-4 .panel-grid-cell { float:none;width:auto } #pgc-94-1-0 , #pgc-94-3-0 { margin-bottom:30px } #pl-94 .panel-grid , #pl-94 .panel-grid-cell {  } #pl-94 .panel-grid .panel-grid-cell-empty { display:none } #pl-94 .panel-grid .panel-grid-cell-mobile-last { margin-bottom:0px }  } <\/style><div class=\"panel-grid\" id=\"pg-94-0\" ><div class=\"panel-grid-cell\" id=\"pgc-94-0-0\" ><div class=\"so-panel widget widget_sow-editor panel-first-child panel-last-child\" id=\"panel-94-0-0-0\" data-index=\"0\"><div class=\"so-widget-sow-editor so-widget-sow-editor-base\">\n<div class=\"siteorigin-widget-tinymce textwidget\">\n\t<h1><strong>Team Weiterbildung<\/strong><\/h1>\n<h2><strong>\u00a0<\/strong><\/h2>\n<\/div>\n<\/div><\/div><\/div><\/div><div class=\"panel-grid\" id=\"pg-94-1\" ><div class=\"panel-grid-cell\" id=\"pgc-94-1-0\" ><div class=\"so-panel widget widget_sow-editor panel-first-child panel-last-child\" id=\"panel-94-1-0-0\" data-index=\"1\"><div class=\"so-widget-sow-editor so-widget-sow-editor-base\">\n<div class=\"siteorigin-widget-tinymce textwidget\">\n\t<p>Als Teil der AG Junge DEGRO ist unser Ziel die Weiterbildungsqualit\u00e4t auf dem Weg zum Facharzt f\u00fcr Strahlentherapie zu erfassen und anteilig zu restrukturie-<br \/>\nren. In diesem Rahmen werden in enger Absprache mit der <a href=\"https:\/\/www.degro.org\/akademie\/die-degro-akademie\/\">DEGRO Akademie<\/a> Umfragen unter den jungen Kolleg:innen durchgef\u00fchrt, deren Ergebnisse eine Grundlage f\u00fcr unsere Arbeit darstellen. Ein Ergebnis dieser Arbeit sind die monatlich stattfindenden <a href=\"https:\/\/www.degro.org\/veranstaltungen-degro\/weiterbildung-fuer-mitarbeitende-in-der-radioonkologie\/\">Webinare zur Facharztpr\u00fcfung<\/a>.<\/p>\n<p>Dar\u00fcber hinaus m\u00f6chten wir den in Ausbildung befindlichen Kolleg:innen die M\u00f6glichkeit bieten, sich \u00fcber die wesentlichen Inhalte der Facharztweiter-<br \/>\nbildung zu informieren und eine \u00dcbersicht \u00fcber verschiedene Fortbildungs-<br \/>\nangebote geben. Hier konnten wir erfolgreich das <a href=\"https:\/\/www.degro.org\/jd\/hospitationsprogramme\/\">Hospitationsprogramm<\/a> etablieren.<\/p>\n<p>In Planung befindet sich eine Plattform f\u00fcr den deutschlandweiten fachlichen Austausch zwischen den Kolleg:innen in den Kliniken und Praxen.<\/p>\n<p>Unter der Rubrik <a href=\"https:\/\/www.degro.org\/jd\/links-zur-weiterbildung\/\">Links zur Weiterbildung<\/a> sind informative und hilfreiche Links zu verschiedenen Themen f\u00fcr euch zusammengestellt. Die Themen reichen von Weiterbildungsangebote der Fachgesellschaften und Arbeitsgruppen \u00fcber Konturierungsatlanten und Online-Tools f\u00fcr die (Radio)-Onkologie bis hin zu Kontakten zu den Landes\u00e4rztekammern und weiterf\u00fchrenden n\u00fctzlichen Ausk\u00fcnften. Zur Unterst\u00fctzung und Vorbereitung auf die Facharztpr\u00fcfung stellen wir unseren Mitgliedern zudem Altprotokolle vergangener Pr\u00fcfungsfragen zur Verf\u00fcgung.<\/p>\n<\/div>\n<\/div><\/div><\/div><div class=\"panel-grid-cell\" id=\"pgc-94-1-1\" ><div class=\"so-panel widget widget_sow-editor panel-first-child panel-last-child\" id=\"panel-94-1-1-0\" data-index=\"2\"><div class=\"so-widget-sow-editor so-widget-sow-editor-base\">\n<div class=\"siteorigin-widget-tinymce textwidget\">\n\t<figure id=\"attachment_169\" aria-describedby=\"caption-attachment-169\" style=\"width: 300px\" class=\"wp-caption alignnone\"><img loading=\"lazy\" class=\" wp-image-169\" src=\"https:\/\/www.degro.org\/jd\/wp-content\/uploads\/sites\/8\/2017\/02\/jDEGRO_Weiterbildung-allg-300x161.jpg\" alt=\"\" width=\"300\" height=\"161\" srcset=\"https:\/\/www.degro.org\/jd\/wp-content\/uploads\/sites\/8\/2017\/02\/jDEGRO_Weiterbildung-allg-300x161.jpg 300w, https:\/\/www.degro.org\/jd\/wp-content\/uploads\/sites\/8\/2017\/02\/jDEGRO_Weiterbildung-allg-768x413.jpg 768w, https:\/\/www.degro.org\/jd\/wp-content\/uploads\/sites\/8\/2017\/02\/jDEGRO_Weiterbildung-allg-1024x551.jpg 1024w, https:\/\/www.degro.org\/jd\/wp-content\/uploads\/sites\/8\/2017\/02\/jDEGRO_Weiterbildung-allg.jpg 1879w\" sizes=\"(max-width: 300px) 100vw, 300px\" \/><figcaption id=\"caption-attachment-169\" class=\"wp-caption-text\"><span style=\"color: #999999\">\u00a9kantver\/ fotolia<\/span><\/figcaption><\/figure>\n<\/div>\n<\/div><\/div><\/div><\/div><div class=\"panel-grid\" id=\"pg-94-2\" ><div class=\"panel-grid-cell\" id=\"pgc-94-2-0\" ><div class=\"so-panel widget widget_sow-editor panel-first-child panel-last-child\" id=\"panel-94-2-0-0\" data-index=\"3\"><div class=\"so-widget-sow-editor so-widget-sow-editor-base\">\n<div class=\"siteorigin-widget-tinymce textwidget\">\n\t<h2><strong>Ansprechpartner Team Weiterbildung<\/strong><\/h2>\n<p>Kontakt: <a href=\"mailto:weiterbildung@degro.org\">weiterbildung[at]degro.org<\/a><\/p>\n<\/div>\n<\/div><\/div><\/div><\/div><div class=\"panel-grid\" id=\"pg-94-3\" ><div class=\"panel-grid-cell\" id=\"pgc-94-3-0\" ><div class=\"so-panel widget widget_sow-editor panel-first-child panel-last-child\" id=\"panel-94-3-0-0\" data-index=\"4\"><div class=\"so-widget-sow-editor so-widget-sow-editor-base\">\n<div class=\"siteorigin-widget-tinymce textwidget\">\n\t<p><img loading=\"lazy\" class=\" wp-image-1608\" src=\"https:\/\/www.degro.org\/jd\/wp-content\/uploads\/sites\/8\/2025\/07\/oji_nwabata_01007h-1-243x300.jpg\" alt=\"\" width=\"134\" height=\"166\" srcset=\"https:\/\/www.degro.org\/jd\/wp-content\/uploads\/sites\/8\/2025\/07\/oji_nwabata_01007h-1-243x300.jpg 243w, https:\/\/www.degro.org\/jd\/wp-content\/uploads\/sites\/8\/2025\/07\/oji_nwabata_01007h-1-829x1024.jpg 829w, https:\/\/www.degro.org\/jd\/wp-content\/uploads\/sites\/8\/2025\/07\/oji_nwabata_01007h-1-768x949.jpg 768w, https:\/\/www.degro.org\/jd\/wp-content\/uploads\/sites\/8\/2025\/07\/oji_nwabata_01007h-1-1243x1536.jpg 1243w, https:\/\/www.degro.org\/jd\/wp-content\/uploads\/sites\/8\/2025\/07\/oji_nwabata_01007h-1-1658x2048.jpg 1658w\" sizes=\"(max-width: 134px) 100vw, 134px\" \/><\/p>\n<p><strong>Nwabata Onyeamechi Oji<\/strong><\/p>\n<p>Universit\u00e4tsklinikum K\u00f6ln (A\u00f6R)<br \/>\nKlinik und Poliklinik f\u00fcr Radioonkologie,<br \/>\nCyberknife- und Strahlentherapie<br \/>\n<a href=\"mailto:nwabata.oji@uk-koeln.de\">nwabata.oji@uk-koeln.de<\/a><\/p>\n<\/div>\n<\/div><\/div><\/div><div class=\"panel-grid-cell\" id=\"pgc-94-3-1\" ><div class=\"so-panel widget widget_sow-editor panel-first-child panel-last-child\" id=\"panel-94-3-1-0\" data-index=\"5\"><div class=\"so-widget-sow-editor so-widget-sow-editor-base\">\n<div class=\"siteorigin-widget-tinymce textwidget\">\n\t<p><img loading=\"lazy\" class=\"alignnone wp-image-1604\" src=\"https:\/\/www.degro.org\/jd\/wp-content\/uploads\/sites\/8\/2025\/07\/4f084a384c1431664f69cd40cee72e0f591e6dec-300x300.jpg\" alt=\"\" width=\"173\" height=\"173\" srcset=\"https:\/\/www.degro.org\/jd\/wp-content\/uploads\/sites\/8\/2025\/07\/4f084a384c1431664f69cd40cee72e0f591e6dec-300x300.jpg 300w, https:\/\/www.degro.org\/jd\/wp-content\/uploads\/sites\/8\/2025\/07\/4f084a384c1431664f69cd40cee72e0f591e6dec-150x150.jpg 150w, https:\/\/www.degro.org\/jd\/wp-content\/uploads\/sites\/8\/2025\/07\/4f084a384c1431664f69cd40cee72e0f591e6dec.jpg 690w\" sizes=\"(max-width: 173px) 100vw, 173px\" \/><\/p>\n<p><strong>Marcel B\u00fcttner<\/strong><\/p>\n<p>Universit\u00e4tsklinikum T\u00fcbingen\u00a0<br \/>\nUniversit\u00e4tsklinik f\u00fcr Radioonkologie mit MVZ<br \/>\n<a href=\"mailto:marcel.buettner@med.uni-tuebingen.de\">marcel.buettner@med.uni-tuebingen.de<\/a><\/p>\n<\/div>\n<\/div><\/div><\/div><\/div><div class=\"panel-grid\" id=\"pg-94-4\" ><div class=\"panel-grid-cell\" id=\"pgc-94-4-0\" ><div class=\"so-panel widget widget_sow-editor panel-first-child panel-last-child\" id=\"panel-94-4-0-0\" data-index=\"6\"><div class=\"so-widget-sow-editor so-widget-sow-editor-base\"><h3 class=\"widget-title\">Publikationen<\/h3>\n<div class=\"siteorigin-widget-tinymce textwidget\">\n\t<p>Artikel zu den Ergebnissen der Umfrage \u00fcber die Weiterbildungssituation in der Radioonkologie:<\/p>\n<p><a href=\"https:\/\/www.degro.org\/jd\/wp-content\/uploads\/sites\/8\/2023\/08\/Fleischmann-Linde-et-al_Current-situation-in-radiation-oncology-residency.pdf\"><em>Current situation in radiation oncology residency\u2014Results of a national survey performed by the working group Young DEGRO of the German Society of Radiation Oncology<\/em><\/a><\/p>\n<\/div>\n<\/div><\/div><\/div><\/div><\/div>","protected":false},"excerpt":{"rendered":"<p>#pg-94-0 , #pg-94-1 , #pg-94-2 , #pg-94-3 , #pl-94 .panel-grid-cell .so-panel { margin-bottom:30px } #pg-94-0 .panel-grid-cell , #pg-94-2 .panel-grid-cell , #pg-94-4 .panel-grid-cell { float:none } #pgc-94-1-0 { width:67.821% } #pgc-94-1-1 { width:32.179% } #pg-94-1 .panel-grid-cell , #pg-94-3 .panel-grid-cell { float:left <\/p>\n","protected":false},"author":6,"featured_media":0,"parent":85,"menu_order":0,"comment_status":"closed","ping_status":"closed","template":"","meta":[],"_links":{"self":[{"href":"https:\/\/www.degro.org\/jd\/wp-json\/wp\/v2\/pages\/94"}],"collection":[{"href":"https:\/\/www.degro.org\/jd\/wp-json\/wp\/v2\/pages"}],"about":[{"href":"https:\/\/www.degro.org\/jd\/wp-json\/wp\/v2\/types\/page"}],"author":[{"embeddable":true,"href":"https:\/\/www.degro.org\/jd\/wp-json\/wp\/v2\/users\/6"}],"replies":[{"embeddable":true,"href":"https:\/\/www.degro.org\/jd\/wp-json\/wp\/v2\/comments?post=94"}],"version-history":[{"count":28,"href":"https:\/\/www.degro.org\/jd\/wp-json\/wp\/v2\/pages\/94\/revisions"}],"predecessor-version":[{"id":1631,"href":"https:\/\/www.degro.org\/jd\/wp-json\/wp\/v2\/pages\/94\/revisions\/1631"}],"up":[{"embeddable":true,"href":"https:\/\/www.degro.org\/jd\/wp-json\/wp\/v2\/pages\/85"}],"wp:attachment":[{"href":"https:\/\/www.degro.org\/jd\/wp-json\/wp\/v2\/media?parent=94"}],"curies":[{"name":"wp","href":"https:\/\/api.w.org\/{rel}","templated":true}]}}