


{"id":89,"date":"2017-02-17T11:40:15","date_gmt":"2017-02-17T10:40:15","guid":{"rendered":"https:\/\/www.degro.org\/jd\/?page_id=89"},"modified":"2025-10-13T19:47:50","modified_gmt":"2025-10-13T17:47:50","slug":"young-trialists","status":"publish","type":"page","link":"https:\/\/www.degro.org\/jd\/aktivitaeten\/young-trialists\/","title":{"rendered":"Team Trial Group"},"content":{"rendered":"<div id=\"pl-89\"><style scoped>#pg-89-0 , #pl-89 .panel-grid-cell .so-panel { margin-bottom:30px } #pg-89-0 .panel-grid-cell { float:none } #pgc-89-1-0 , #pgc-89-1-1 { width:50% } #pg-89-1 .panel-grid-cell { float:left } #pl-89 .panel-grid-cell .so-panel:last-child { margin-bottom:0px } #pg-89-0 , #pg-89-1 { margin-left:-15px;margin-right:-15px } #pg-89-0 .panel-grid-cell , #pg-89-1 .panel-grid-cell { padding-left:15px;padding-right:15px } @media (max-width:780px){ #pg-89-0 .panel-grid-cell , #pg-89-1 .panel-grid-cell { float:none;width:auto } #pgc-89-1-0 { margin-bottom:30px } #pl-89 .panel-grid , #pl-89 .panel-grid-cell {  } #pl-89 .panel-grid .panel-grid-cell-empty { display:none } #pl-89 .panel-grid .panel-grid-cell-mobile-last { margin-bottom:0px }  } <\/style><div class=\"panel-grid\" id=\"pg-89-0\" ><div class=\"panel-grid-cell\" id=\"pgc-89-0-0\" ><div class=\"so-panel widget widget_sow-editor panel-first-child\" id=\"panel-89-0-0-0\" data-index=\"0\"><div class=\"so-widget-sow-editor so-widget-sow-editor-base\">\n<div class=\"siteorigin-widget-tinymce textwidget\">\n\t<p><strong>Team Trial Group<\/strong><\/p>\n<p>Ein wichtiges Ziel der jungen DEGRO ist der Aufbau eines effektiven Forschungsnetzwerkes junger Nachwuchswissenschaftler und -wissenschaftlerinnen aus den Bereichen Radioonkologie, Strahlenbiologie und Medizinphysik. Durch die im Jahr 2015 gegr\u00fcndete \u201eyoung DEGRO Trialists Group\u201c sollen k\u00fcnftig eigenst\u00e4ndige klinische Forschungsprojekte entwickelt, initiiert und umgesetzt werden. Damit m\u00f6chten wir jungen Kolleginnen und Kollegen, die an wissenschaftlicher Forschung interessiert sind, den Einstieg in radioonkologische Forschungsprojekte erleichtern und langfristig eine bessere Vernetzung zwischen den Forschungsgruppen f\u00f6rdern.<\/p>\n<\/div>\n<\/div><\/div><div class=\"so-panel widget widget_sow-button panel-last-child\" id=\"panel-89-0-0-1\" data-index=\"1\"><div class=\"so-widget-sow-button so-widget-sow-button-atom-40d201e8980c\"><div class=\"ow-button-base ow-button-align-center\">\n\n\t\t<a class=\"ow-button-hover\" href=\"https:\/\/www.degro.org\/jd\/aktivitaeten\/young-trialists\/aktuelle-projekte\/\" >\n\t\t<span>\n\t\t\t<span class=\"sow-icon-fontawesome\" data-sow-icon=\"&#xf08d;\" style=\"color: #1e73be\"><\/span>\n\t\t\tUnsere aktuellen Projekte\t\t<\/span>\n\t<\/a>\n<\/div>\n<\/div><\/div><\/div><\/div><div class=\"panel-grid\" id=\"pg-89-1\" ><div class=\"panel-grid-cell panel-grid-cell-mobile-last\" id=\"pgc-89-1-0\" ><div class=\"so-panel widget widget_heading panel-first-child\" id=\"panel-89-1-0-0\" data-index=\"2\"><div class=\"thim-widget-heading thim-widget-heading-base\"><div class=\"sc_heading text-left\"><h3 class=\"title\">Ansprechpartner<\/h3><p class=\"sub-heading\" style=\"color:#757575;\">Team Trial<\/p><span class=\"line\"><\/span><\/div><\/div><\/div><div class=\"so-panel widget widget_sow-image\" id=\"panel-89-1-0-1\" data-index=\"3\"><div class=\"so-widget-sow-image so-widget-sow-image-default-4333b04dd157\">\n\n<div class=\"sow-image-container\">\n\t<img src=\"https:\/\/www.degro.org\/jd\/wp-content\/uploads\/sites\/8\/2024\/05\/1-150x150.jpg\" width=\"150\" height=\"150\" srcset=\"\"  class=\"so-widget-image\"\/>\n<\/div>\n\n<\/div><\/div><div class=\"so-panel widget widget_sow-editor panel-last-child\" id=\"panel-89-1-0-2\" data-index=\"4\"><div class=\"so-widget-sow-editor so-widget-sow-editor-base\">\n<div class=\"siteorigin-widget-tinymce textwidget\">\n\t<p><strong>PD Dr. med. Felix Ehret<\/strong><\/p>\n<p>Charit\u00e9 - Universit\u00e4tsmedizin Berlin, Campus Virchow Klinikum<br \/>\nKlinik f\u00fcr Radioonkologie und Strahlentherapie mit MVZ<\/p>\n<p><a href=\"mailto:felix.ehret@charite.de\">felix.ehret@charite.de<\/a><\/p>\n<\/div>\n<\/div><\/div><\/div><div class=\"panel-grid-cell panel-grid-cell-empty\" id=\"pgc-89-1-1\" ><\/div><\/div><\/div>","protected":false},"excerpt":{"rendered":"<p>#pg-89-0 , #pl-89 .panel-grid-cell .so-panel { margin-bottom:30px } #pg-89-0 .panel-grid-cell { float:none } #pgc-89-1-0 , #pgc-89-1-1 { width:50% } #pg-89-1 .panel-grid-cell { float:left } #pl-89 .panel-grid-cell .so-panel:last-child { margin-bottom:0px } #pg-89-0 , #pg-89-1 { margin-left:-15px;margin-right:-15px } #pg-89-0 .panel-grid-cell , #pg-89-1 <\/p>\n","protected":false},"author":6,"featured_media":0,"parent":85,"menu_order":0,"comment_status":"closed","ping_status":"closed","template":"","meta":[],"_links":{"self":[{"href":"https:\/\/www.degro.org\/jd\/wp-json\/wp\/v2\/pages\/89"}],"collection":[{"href":"https:\/\/www.degro.org\/jd\/wp-json\/wp\/v2\/pages"}],"about":[{"href":"https:\/\/www.degro.org\/jd\/wp-json\/wp\/v2\/types\/page"}],"author":[{"embeddable":true,"href":"https:\/\/www.degro.org\/jd\/wp-json\/wp\/v2\/users\/6"}],"replies":[{"embeddable":true,"href":"https:\/\/www.degro.org\/jd\/wp-json\/wp\/v2\/comments?post=89"}],"version-history":[{"count":21,"href":"https:\/\/www.degro.org\/jd\/wp-json\/wp\/v2\/pages\/89\/revisions"}],"predecessor-version":[{"id":1654,"href":"https:\/\/www.degro.org\/jd\/wp-json\/wp\/v2\/pages\/89\/revisions\/1654"}],"up":[{"embeddable":true,"href":"https:\/\/www.degro.org\/jd\/wp-json\/wp\/v2\/pages\/85"}],"wp:attachment":[{"href":"https:\/\/www.degro.org\/jd\/wp-json\/wp\/v2\/media?parent=89"}],"curies":[{"name":"wp","href":"https:\/\/api.w.org\/{rel}","templated":true}]}}