


{"id":886,"date":"2020-11-27T10:53:44","date_gmt":"2020-11-27T09:53:44","guid":{"rendered":"https:\/\/www.degro.org\/jd\/?page_id=886"},"modified":"2023-01-18T07:56:23","modified_gmt":"2023-01-18T06:56:23","slug":"positionspapiere","status":"publish","type":"page","link":"https:\/\/www.degro.org\/jd\/jdegro\/publikationen\/positionspapiere\/","title":{"rendered":"Positionspapiere"},"content":{"rendered":"<div id=\"pl-886\"><style scoped>#pg-886-0 .panel-grid-cell { float:none } #pl-886 .panel-grid-cell .so-panel { margin-bottom:30px } #pl-886 .panel-grid-cell .so-panel:last-child { margin-bottom:0px } #pg-886-0 { margin-left:-15px;margin-right:-15px } #pg-886-0 .panel-grid-cell { padding-left:15px;padding-right:15px } @media (max-width:780px){ #pg-886-0 .panel-grid-cell { float:none;width:auto } #pl-886 .panel-grid , #pl-886 .panel-grid-cell {  } #pl-886 .panel-grid .panel-grid-cell-empty { display:none } #pl-886 .panel-grid .panel-grid-cell-mobile-last { margin-bottom:0px }  } <\/style><div class=\"panel-grid\" id=\"pg-886-0\" ><div class=\"panel-grid-cell\" id=\"pgc-886-0-0\" ><div class=\"so-panel widget widget_sow-editor panel-first-child panel-last-child\" id=\"panel-886-0-0-0\" data-index=\"0\"><div class=\"so-widget-sow-editor so-widget-sow-editor-base\">\n<div class=\"siteorigin-widget-tinymce textwidget\">\n\t<p>Auf dieser Seite finden Sie die Positionspapiere der Jungen DEGRO.<\/p>\n<ul>\n<li><strong>September 2019<\/strong> (g\u00fcltig bis September 2021)<br \/>\n<a href=\"https:\/\/www.degro.org\/jd\/wp-content\/uploads\/sites\/8\/2020\/01\/Diskussionpapier-der-AG-Junge-DEGRO-\u00dcberarbeitung-jDEGRO-Gruppenvorstan....pdf\">Situationsanalyse und Empfehlungen zur nachhaltigen Gewinnung von wissenschaftlichem Nachwuchs und F\u00fchrungskr\u00e4ften f\u00fcr das Fachgebiet Strahlentherapie &amp; Radioonkologie<\/a><\/li>\n<\/ul>\n<\/div>\n<\/div><\/div><\/div><\/div><\/div>","protected":false},"excerpt":{"rendered":"<p>#pg-886-0 .panel-grid-cell { float:none } #pl-886 .panel-grid-cell .so-panel { margin-bottom:30px } #pl-886 .panel-grid-cell .so-panel:last-child { margin-bottom:0px } #pg-886-0 { margin-left:-15px;margin-right:-15px } #pg-886-0 .panel-grid-cell { padding-left:15px;padding-right:15px } @media (max-width:780px){ #pg-886-0 .panel-grid-cell { float:none;width:auto } #pl-886 .panel-grid , #pl-886 .panel-grid-cell {  <\/p>\n","protected":false},"author":8,"featured_media":0,"parent":83,"menu_order":0,"comment_status":"closed","ping_status":"closed","template":"","meta":[],"_links":{"self":[{"href":"https:\/\/www.degro.org\/jd\/wp-json\/wp\/v2\/pages\/886"}],"collection":[{"href":"https:\/\/www.degro.org\/jd\/wp-json\/wp\/v2\/pages"}],"about":[{"href":"https:\/\/www.degro.org\/jd\/wp-json\/wp\/v2\/types\/page"}],"author":[{"embeddable":true,"href":"https:\/\/www.degro.org\/jd\/wp-json\/wp\/v2\/users\/8"}],"replies":[{"embeddable":true,"href":"https:\/\/www.degro.org\/jd\/wp-json\/wp\/v2\/comments?post=886"}],"version-history":[{"count":9,"href":"https:\/\/www.degro.org\/jd\/wp-json\/wp\/v2\/pages\/886\/revisions"}],"predecessor-version":[{"id":896,"href":"https:\/\/www.degro.org\/jd\/wp-json\/wp\/v2\/pages\/886\/revisions\/896"}],"up":[{"embeddable":true,"href":"https:\/\/www.degro.org\/jd\/wp-json\/wp\/v2\/pages\/83"}],"wp:attachment":[{"href":"https:\/\/www.degro.org\/jd\/wp-json\/wp\/v2\/media?parent=886"}],"curies":[{"name":"wp","href":"https:\/\/api.w.org\/{rel}","templated":true}]}}