


{"id":87,"date":"2017-02-17T11:39:01","date_gmt":"2017-02-17T10:39:01","guid":{"rendered":"https:\/\/www.degro.org\/jd\/?page_id=87"},"modified":"2025-08-25T13:03:01","modified_gmt":"2025-08-25T11:03:01","slug":"kongressgestaltung","status":"publish","type":"page","link":"https:\/\/www.degro.org\/jd\/aktivitaeten\/kongressgestaltung\/","title":{"rendered":"Team Kongress"},"content":{"rendered":"<div id=\"pl-87\"><style scoped>#pg-87-0 , #pg-87-1 , #pl-87 .panel-grid-cell .so-panel { margin-bottom:30px } #pg-87-0 .panel-grid-cell , #pg-87-1 .panel-grid-cell { float:none } #pgc-87-2-0 , #pgc-87-2-1 { width:50% } #pg-87-2 .panel-grid-cell { float:left } #pl-87 .panel-grid-cell .so-panel:last-child { margin-bottom:0px } #pg-87-0 , #pg-87-1 , #pg-87-2 { margin-left:-15px;margin-right:-15px } #pg-87-0 .panel-grid-cell , #pg-87-1 .panel-grid-cell , #pg-87-2 .panel-grid-cell { padding-left:15px;padding-right:15px } @media (max-width:780px){ #pg-87-0 .panel-grid-cell , #pg-87-1 .panel-grid-cell , #pg-87-2 .panel-grid-cell { float:none;width:auto } #pgc-87-2-0 { margin-bottom:30px } #pl-87 .panel-grid , #pl-87 .panel-grid-cell {  } #pl-87 .panel-grid .panel-grid-cell-empty { display:none } #pl-87 .panel-grid .panel-grid-cell-mobile-last { margin-bottom:0px }  } <\/style><div class=\"panel-grid\" id=\"pg-87-0\" ><div class=\"panel-grid-cell\" id=\"pgc-87-0-0\" ><div class=\"so-panel widget widget_sow-editor panel-first-child panel-last-child\" id=\"panel-87-0-0-0\" data-index=\"0\"><div class=\"so-widget-sow-editor so-widget-sow-editor-base\">\n<div class=\"siteorigin-widget-tinymce textwidget\">\n\t<h2><strong>Team Kongress<\/strong><\/h2>\n<p>Das Team Kongress der jDEGRO gestaltet und organisiert vielf\u00e4ltige Themen auf dem j\u00e4hrlichen DEGRO-Kongress. Durch folgende Aktivit\u00e4ten m\u00f6chten wir den Kongress insbesondere f\u00fcr die jungen Teilnehmer*innen bereichern.<\/p>\n<ul>\n<li>Gestaltung und Moderation von Vortragssessions und Symposien<\/li>\n<li>Mitgestaltung und Evaluation von Refresherkursen<\/li>\n<li>Organisation und Moderation von Posterbegehungen \"Young Professionals Present\" und \"Professionals Present\"<\/li>\n<li>Vergabe von Nachwuchspreisen f\u00fcr die beste Posterpr\u00e4sentation und den besten Refresherkurs<\/li>\n<li>Begutachtung von Abstracts<\/li>\n<\/ul>\n<p>Der n\u00e4chste Jahreskongress findet vom <strong>25.\u201327. Juni 2026<\/strong> in Leipzig statt.<br \/>\nWeitere Informationen findest Du auf der <a href=\"http:\/\/www.degro-kongress.org\">Kongresswebseite<\/a>.<\/p>\n<p>Du m\u00f6chtest Dich aktiv an der Gestaltung des DEGRO-Kongress beteiligen?<br \/>\nDu w\u00fcrdest gern einmal eine Co-Moderation einer Vortragssitzung \u00fcbernehmen oder Teil der Poster-Jury sein?<br \/>\nDann trage Dich einfach in unsere <em><strong><a href=\"https:\/\/docs.google.com\/forms\/d\/1c7I8BeJ7Y-69q8WmZJp-TXgGC5mGxjZ8iT_7jQfEExU\">Datenbank<\/a><\/strong><\/em> ein!<\/p>\n<\/div>\n<\/div><\/div><\/div><\/div><div class=\"panel-grid\" id=\"pg-87-1\" ><div class=\"panel-grid-cell\" id=\"pgc-87-1-0\" ><div class=\"so-panel widget widget_sow-image panel-first-child panel-last-child\" id=\"panel-87-1-0-0\" data-index=\"1\"><div class=\"so-widget-sow-image so-widget-sow-image-default-3f547a15eaaa\">\n\n<div class=\"sow-image-container\">\n\t<img src=\"https:\/\/www.degro.org\/jd\/wp-content\/uploads\/sites\/8\/2025\/06\/DEGRO2026_StD-Banner_5zu2-300x120.png\" width=\"300\" height=\"120\" srcset=\"https:\/\/www.degro.org\/jd\/wp-content\/uploads\/sites\/8\/2025\/06\/DEGRO2026_StD-Banner_5zu2-300x120.png 300w, https:\/\/www.degro.org\/jd\/wp-content\/uploads\/sites\/8\/2025\/06\/DEGRO2026_StD-Banner_5zu2-1024x409.png 1024w, https:\/\/www.degro.org\/jd\/wp-content\/uploads\/sites\/8\/2025\/06\/DEGRO2026_StD-Banner_5zu2-768x307.png 768w, https:\/\/www.degro.org\/jd\/wp-content\/uploads\/sites\/8\/2025\/06\/DEGRO2026_StD-Banner_5zu2.png 1398w\"  class=\"so-widget-image\"\/>\n<\/div>\n\n<\/div><\/div><\/div><\/div><div class=\"panel-grid\" id=\"pg-87-2\" ><div class=\"panel-grid-cell panel-grid-cell-mobile-last\" id=\"pgc-87-2-0\" ><div class=\"so-panel widget widget_heading panel-first-child\" id=\"panel-87-2-0-0\" data-index=\"2\"><div class=\"thim-widget-heading thim-widget-heading-base\"><div class=\"sc_heading text-left\"><h3 class=\"title\">Ansprechpartner<\/h3><p class=\"sub-heading\" style=\"color:#757575;\">Sprecher Team Kongress<\/p><span class=\"line\"><\/span><\/div><\/div><\/div><div class=\"so-panel widget widget_sow-image\" id=\"panel-87-2-0-1\" data-index=\"3\"><div class=\"so-widget-sow-image so-widget-sow-image-default-3f547a15eaaa\">\n\n<div class=\"sow-image-container\">\n\t<img src=\"https:\/\/www.degro.org\/jd\/wp-content\/uploads\/sites\/8\/2025\/04\/DRS_jDEGRO-225x300.jpg\" width=\"225\" height=\"300\" srcset=\"https:\/\/www.degro.org\/jd\/wp-content\/uploads\/sites\/8\/2025\/04\/DRS_jDEGRO-225x300.jpg 225w, https:\/\/www.degro.org\/jd\/wp-content\/uploads\/sites\/8\/2025\/04\/DRS_jDEGRO-768x1024.jpg 768w, https:\/\/www.degro.org\/jd\/wp-content\/uploads\/sites\/8\/2025\/04\/DRS_jDEGRO-1152x1536.jpg 1152w, https:\/\/www.degro.org\/jd\/wp-content\/uploads\/sites\/8\/2025\/04\/DRS_jDEGRO-1536x2048.jpg 1536w, https:\/\/www.degro.org\/jd\/wp-content\/uploads\/sites\/8\/2025\/04\/DRS_jDEGRO.jpg 1800w\"  class=\"so-widget-image\"\/>\n<\/div>\n\n<\/div><\/div><div class=\"so-panel widget widget_sow-editor panel-last-child\" id=\"panel-87-2-0-2\" data-index=\"4\"><div class=\"so-widget-sow-editor so-widget-sow-editor-base\">\n<div class=\"siteorigin-widget-tinymce textwidget\">\n\t<p><strong>Dr. med. David Rene Steike<br \/>\n<\/strong><\/p>\n<p>Universit\u00e4tsklinikum M\u00fcnster - Klinik f\u00fcr Strahlentherapie\u00a0<\/p>\n<p><a href=\"mailto:davidrene.steike@ukmuenster.de\">davidrene.steike@ukmuenster.de<\/a><\/p>\n<\/div>\n<\/div><\/div><\/div><div class=\"panel-grid-cell panel-grid-cell-empty\" id=\"pgc-87-2-1\" ><\/div><\/div><\/div>","protected":false},"excerpt":{"rendered":"<p>#pg-87-0 , #pg-87-1 , #pl-87 .panel-grid-cell .so-panel { margin-bottom:30px } #pg-87-0 .panel-grid-cell , #pg-87-1 .panel-grid-cell { float:none } #pgc-87-2-0 , #pgc-87-2-1 { width:50% } #pg-87-2 .panel-grid-cell { float:left } #pl-87 .panel-grid-cell .so-panel:last-child { margin-bottom:0px } #pg-87-0 , #pg-87-1 , #pg-87-2 <\/p>\n","protected":false},"author":6,"featured_media":0,"parent":85,"menu_order":0,"comment_status":"closed","ping_status":"closed","template":"","meta":[],"_links":{"self":[{"href":"https:\/\/www.degro.org\/jd\/wp-json\/wp\/v2\/pages\/87"}],"collection":[{"href":"https:\/\/www.degro.org\/jd\/wp-json\/wp\/v2\/pages"}],"about":[{"href":"https:\/\/www.degro.org\/jd\/wp-json\/wp\/v2\/types\/page"}],"author":[{"embeddable":true,"href":"https:\/\/www.degro.org\/jd\/wp-json\/wp\/v2\/users\/6"}],"replies":[{"embeddable":true,"href":"https:\/\/www.degro.org\/jd\/wp-json\/wp\/v2\/comments?post=87"}],"version-history":[{"count":31,"href":"https:\/\/www.degro.org\/jd\/wp-json\/wp\/v2\/pages\/87\/revisions"}],"predecessor-version":[{"id":1626,"href":"https:\/\/www.degro.org\/jd\/wp-json\/wp\/v2\/pages\/87\/revisions\/1626"}],"up":[{"embeddable":true,"href":"https:\/\/www.degro.org\/jd\/wp-json\/wp\/v2\/pages\/85"}],"wp:attachment":[{"href":"https:\/\/www.degro.org\/jd\/wp-json\/wp\/v2\/media?parent=87"}],"curies":[{"name":"wp","href":"https:\/\/api.w.org\/{rel}","templated":true}]}}