


{"id":85,"date":"2017-02-17T11:38:02","date_gmt":"2017-02-17T10:38:02","guid":{"rendered":"https:\/\/www.degro.org\/jd\/?page_id=85"},"modified":"2019-11-19T10:02:28","modified_gmt":"2019-11-19T09:02:28","slug":"aktivitaeten","status":"publish","type":"page","link":"https:\/\/www.degro.org\/jd\/aktivitaeten\/","title":{"rendered":"Aktivit\u00e4ten"},"content":{"rendered":"<div id=\"pl-85\"><style scoped>#pg-85-0 .panel-grid-cell { float:none } #pl-85 .panel-grid-cell .so-panel { margin-bottom:30px } #pl-85 .panel-grid-cell .so-panel:last-child { margin-bottom:0px } #pg-85-0 { margin-left:-15px;margin-right:-15px } #pg-85-0 .panel-grid-cell { padding-left:15px;padding-right:15px } @media (max-width:780px){ #pg-85-0 .panel-grid-cell { float:none;width:auto } #pl-85 .panel-grid , #pl-85 .panel-grid-cell {  } #pl-85 .panel-grid .panel-grid-cell-empty { display:none } #pl-85 .panel-grid .panel-grid-cell-mobile-last { margin-bottom:0px }  } <\/style><div class=\"panel-grid\" id=\"pg-85-0\" ><div class=\"panel-grid-cell\" id=\"pgc-85-0-0\" ><div class=\"so-panel widget widget_sow-editor panel-first-child panel-last-child\" id=\"panel-85-0-0-0\" data-index=\"0\"><div class=\"so-widget-sow-editor so-widget-sow-editor-base\">\n<div class=\"siteorigin-widget-tinymce textwidget\">\n\t<p>Im Jahre 2014 haben sich junge Mitglieder der DEGRO zu Wort gemeldet, um die Interessen des examinierten Nachwuchses in der Radioonkologie zu st\u00e4rken.<br \/>\nEs entstand die Idee einer \u201eJungen DEGRO\u201c (jDEGRO) als Zusammenschluss von Nachwuchswissenschaftlern der drei S\u00e4ulen der Radioonkologie: Medizin, Physik und Biologie.<\/p>\n<p>Mit Unterst\u00fctzung der DEGRO wurde im Februar 2014 somit eine neue Arbeitsgruppe gegr\u00fcndet, die als offene Plattform zur aktiven Mitarbeit junger Interessensvertreter aus Forschung und Klinik einl\u00e4dt.<\/p>\n<p>Nach dem Auftritt der jDEGRO auf der DEGRO-Tagung 2014 im Rahmen der Posterbegehung (\u201eYoung Session\u201c) in D\u00fcsseldorf hat im Februar 2015 ein erster Retreat in Berlin mit 28 Teilnehmern aus ganz Deutschland stattgefunden. Auf Grundlage einer Online-Befragung junger Strahlentherapeuten, Medizinphysiker und Strahlenbiologen wurden hier Themenschwerpunkte aus Forschung und Weiterbildung evaluiert und Inhalte f\u00fcr die zuk\u00fcnftige gemeinsame Arbeit definiert.<\/p>\n<p>Inzwischen haben sich bereits zahlreiche junge Vertreter als lokale Ansprechpartner f\u00fcr Nachwuchskollegen gefunden.<\/p>\n<\/div>\n<\/div><\/div><\/div><\/div><\/div>","protected":false},"excerpt":{"rendered":"<p>#pg-85-0 .panel-grid-cell { float:none } #pl-85 .panel-grid-cell .so-panel { margin-bottom:30px } #pl-85 .panel-grid-cell .so-panel:last-child { margin-bottom:0px } #pg-85-0 { margin-left:-15px;margin-right:-15px } #pg-85-0 .panel-grid-cell { padding-left:15px;padding-right:15px } @media (max-width:780px){ #pg-85-0 .panel-grid-cell { float:none;width:auto } #pl-85 .panel-grid , #pl-85 .panel-grid-cell {  <\/p>\n","protected":false},"author":6,"featured_media":0,"parent":0,"menu_order":0,"comment_status":"closed","ping_status":"closed","template":"","meta":[],"_links":{"self":[{"href":"https:\/\/www.degro.org\/jd\/wp-json\/wp\/v2\/pages\/85"}],"collection":[{"href":"https:\/\/www.degro.org\/jd\/wp-json\/wp\/v2\/pages"}],"about":[{"href":"https:\/\/www.degro.org\/jd\/wp-json\/wp\/v2\/types\/page"}],"author":[{"embeddable":true,"href":"https:\/\/www.degro.org\/jd\/wp-json\/wp\/v2\/users\/6"}],"replies":[{"embeddable":true,"href":"https:\/\/www.degro.org\/jd\/wp-json\/wp\/v2\/comments?post=85"}],"version-history":[{"count":4,"href":"https:\/\/www.degro.org\/jd\/wp-json\/wp\/v2\/pages\/85\/revisions"}],"predecessor-version":[{"id":660,"href":"https:\/\/www.degro.org\/jd\/wp-json\/wp\/v2\/pages\/85\/revisions\/660"}],"wp:attachment":[{"href":"https:\/\/www.degro.org\/jd\/wp-json\/wp\/v2\/media?parent=85"}],"curies":[{"name":"wp","href":"https:\/\/api.w.org\/{rel}","templated":true}]}}