


{"id":849,"date":"2020-07-27T14:02:50","date_gmt":"2020-07-27T12:02:50","guid":{"rendered":"https:\/\/www.degro.org\/jd\/?page_id=849"},"modified":"2020-07-27T14:47:53","modified_gmt":"2020-07-27T12:47:53","slug":"brachytherapie-programm","status":"publish","type":"page","link":"https:\/\/www.degro.org\/jd\/brachytherapie-programm\/","title":{"rendered":"Brachytherapie-Programm"},"content":{"rendered":"<div id=\"pl-849\"><style scoped>#pg-849-0 .panel-grid-cell { float:none } #pl-849 .panel-grid-cell .so-panel { margin-bottom:30px } #pl-849 .panel-grid-cell .so-panel:last-child { margin-bottom:0px } #pg-849-0 { margin-left:-15px;margin-right:-15px } #pg-849-0 .panel-grid-cell { padding-left:15px;padding-right:15px } @media (max-width:780px){ #pg-849-0 .panel-grid-cell { float:none;width:auto } #pl-849 .panel-grid , #pl-849 .panel-grid-cell {  } #pl-849 .panel-grid .panel-grid-cell-empty { display:none } #pl-849 .panel-grid .panel-grid-cell-mobile-last { margin-bottom:0px }  } <\/style><div class=\"panel-grid\" id=\"pg-849-0\" ><div class=\"panel-grid-cell\" id=\"pgc-849-0-0\" ><div class=\"so-panel widget widget_sow-editor panel-first-child\" id=\"panel-849-0-0-0\" data-index=\"0\"><div class=\"so-widget-sow-editor so-widget-sow-editor-base\"><h3 class=\"widget-title\">Programm f\u00fcr die Brachytherapie <\/h3>\n<div class=\"siteorigin-widget-tinymce textwidget\">\n\t<p>Gemeinsam m\u00f6chten wir die Brachytherapie st\u00e4rken und dir als \u00c4rzt*in in Weiterbildung erm\u00f6glichen, sie kennen zu lernen.<br \/>\nUnsere Datenbank liefert dir Informationen zu teilnehmenden Kliniken (Liste wird stetig aktualisiert), und den jeweiligen Kontaktpersonen vor Ort.<\/p>\n<\/div>\n<\/div><\/div><div class=\"so-panel widget widget_button\" id=\"panel-849-0-0-1\" data-index=\"1\"><div class=\"thim-widget-button thim-widget-button-base\"><a class=\"widget-button  normal\" href=\"https:\/\/mitglieder.degro.org\/servlet\/Public?action=erzeugejdegrobrach\" style=\"\" data-hover=\"\"><i class=\"fa fa-book\" style=\"font-size: 14px;\"><\/i> Teilnehmende Kliniken<\/a><\/div><\/div><div class=\"so-panel widget widget_sow-editor panel-last-child\" id=\"panel-849-0-0-2\" data-index=\"2\"><div class=\"so-widget-sow-editor so-widget-sow-editor-base\">\n<div class=\"siteorigin-widget-tinymce textwidget\">\n\t<p>Du vermisst eine Klinik? Du hast Fragen und Anregungen? Schick eine E-Mail an <a href=\"mailto:jd@degro.org\">jd@degro.org<\/a> und wir melden uns zeitnah zur\u00fcck.<\/p>\n<\/div>\n<\/div><\/div><\/div><\/div><\/div>","protected":false},"excerpt":{"rendered":"<p>#pg-849-0 .panel-grid-cell { float:none } #pl-849 .panel-grid-cell .so-panel { margin-bottom:30px } #pl-849 .panel-grid-cell .so-panel:last-child { margin-bottom:0px } #pg-849-0 { margin-left:-15px;margin-right:-15px } #pg-849-0 .panel-grid-cell { padding-left:15px;padding-right:15px } @media (max-width:780px){ #pg-849-0 .panel-grid-cell { float:none;width:auto } #pl-849 .panel-grid , #pl-849 .panel-grid-cell {  <\/p>\n","protected":false},"author":8,"featured_media":0,"parent":0,"menu_order":0,"comment_status":"closed","ping_status":"closed","template":"","meta":[],"_links":{"self":[{"href":"https:\/\/www.degro.org\/jd\/wp-json\/wp\/v2\/pages\/849"}],"collection":[{"href":"https:\/\/www.degro.org\/jd\/wp-json\/wp\/v2\/pages"}],"about":[{"href":"https:\/\/www.degro.org\/jd\/wp-json\/wp\/v2\/types\/page"}],"author":[{"embeddable":true,"href":"https:\/\/www.degro.org\/jd\/wp-json\/wp\/v2\/users\/8"}],"replies":[{"embeddable":true,"href":"https:\/\/www.degro.org\/jd\/wp-json\/wp\/v2\/comments?post=849"}],"version-history":[{"count":3,"href":"https:\/\/www.degro.org\/jd\/wp-json\/wp\/v2\/pages\/849\/revisions"}],"predecessor-version":[{"id":860,"href":"https:\/\/www.degro.org\/jd\/wp-json\/wp\/v2\/pages\/849\/revisions\/860"}],"wp:attachment":[{"href":"https:\/\/www.degro.org\/jd\/wp-json\/wp\/v2\/media?parent=849"}],"curies":[{"name":"wp","href":"https:\/\/api.w.org\/{rel}","templated":true}]}}