


{"id":83,"date":"2017-02-17T11:37:04","date_gmt":"2017-02-17T10:37:04","guid":{"rendered":"https:\/\/www.degro.org\/jd\/?page_id=83"},"modified":"2023-08-31T23:54:56","modified_gmt":"2023-08-31T21:54:56","slug":"publikationen","status":"publish","type":"page","link":"https:\/\/www.degro.org\/jd\/jdegro\/publikationen\/","title":{"rendered":"Publikationen"},"content":{"rendered":"<div id=\"pl-83\"><style scoped>#pg-83-0 .panel-grid-cell { float:none } #pl-83 .panel-grid-cell .so-panel { margin-bottom:30px } #pl-83 .panel-grid-cell .so-panel:last-child { margin-bottom:0px } #pg-83-0 { margin-left:-15px;margin-right:-15px } #pg-83-0 .panel-grid-cell { padding-left:15px;padding-right:15px } @media (max-width:780px){ #pg-83-0 .panel-grid-cell { float:none;width:auto } #pl-83 .panel-grid , #pl-83 .panel-grid-cell {  } #pl-83 .panel-grid .panel-grid-cell-empty { display:none } #pl-83 .panel-grid .panel-grid-cell-mobile-last { margin-bottom:0px }  } <\/style><div class=\"panel-grid\" id=\"pg-83-0\" ><div class=\"panel-grid-cell\" id=\"pgc-83-0-0\" ><div class=\"so-panel widget widget_sow-editor panel-first-child panel-last-child\" id=\"panel-83-0-0-0\" data-index=\"0\"><div class=\"degro-liste panel-widget-style\" ><div class=\"so-widget-sow-editor so-widget-sow-editor-base\">\n<div class=\"siteorigin-widget-tinymce textwidget\">\n\t<ul>\n<li><strong><a href=\"https:\/\/www.degro.org\/jd\/wp-content\/uploads\/sites\/8\/2023\/08\/Fleischmann-Linde-et-al_Current-situation-in-radiation-oncology-residency.pdf\">Current situation in radiation oncology residency\u2014Results of a national survey performed by the working group Young DEGRO of the German Society of Radiation Oncology.<\/a> <\/strong>Fleischmann, M. <em>et al., <\/em>Strahlentherapie und Onkologie (2023), https:\/\/doi.org\/10.1007\/s00066-023-02137-y<strong><br \/>\n<\/strong><\/li>\n<li><strong>Psychosocial distress in cancer patients undergoing radiotherapy: a prospective national cohort of 1042 patients in Germany.<\/strong> Fabian, A.<i> et al. <\/i>J Cancer Res Clin Oncol (2023). https:\/\/doi.org\/10.1007\/s00432-023-04837-5<\/li>\n<li><strong>Financial toxicity in cancer patients undergoing radiotherapy in a universal health care system \u2013 a prospective multicenter study of 1075 patients:\u00a0<\/strong><span dir=\"ltr\" role=\"presentation\">Alexander Fabian, Alexander R\u00fchle, Justus Domschikowski, Maike<\/span><br role=\"presentation\" \/><span dir=\"ltr\" role=\"presentation\">Trommer, Simone Wegen, Jan-Niklas Becker, Georg Wurschi, Simon Boeke, <\/span><span dir=\"ltr\" role=\"presentation\">Mathias Sonnhoff, Christoph A. Fink, Lukas K\u00e4smann, Melanie Schneider, <\/span><span dir=\"ltr\" role=\"presentation\">Elodie Bockelmann, Martin Treppner, David Krug, Nils H. Nicolay. (2023).<\/span> Radiotherapy and Oncology, Volume 0, Issue 0, 109604 https:\/\/doi.org\/10.1016\/j.radonc.2023.109604\n<\/li>\n<li>\n<p id=\"screen-reader-main-title\" class=\"Head u-font-gulliver u-h2 u-margin-s-ver\"><strong><span class=\"title-text\">Dose-escalated re-irradiation improves outcome in locally recurrent head and neck cancer \u2013 Results of a large multicenter analysis: <\/span><\/strong><span class=\"title-text\">Johannes Roesch, Michael Oertel, Simone Wegen, Maike Trommer, Julia Schleifenbaum, Dominik Hering, Matthias M\u00e4urer, Stefan Knippen, Sophie Dobiasch, Maria Waltenberger, Jens von der Gr\u00fcn, Daniel Medenwald, Christoph S\u00fc\u00df, Michael Hoeck, Lukas K\u00e4smann, Daniel F. Fleischmann, Alexander R\u00fchle, Nils H. Nicolay, Alexander Fabian, Anastassia L\u00f6ser, Sebastian He\u00df, B\u00e1lint Tamaskovics, Maria Vinsensia, Markus Hecht. (2023) Radiotherapy and Oncology, Volume 181, 2023, 109380.<\/span> <span class=\"title-text\">https:\/\/doi.org\/10.1016\/j.radonc.2022.10.007.<\/span><strong><span class=\"title-text\"><br \/>\n<\/span><\/strong><\/p>\n<\/li>\n<\/ul>\n<ul>\n<li><strong>Abskopale Effekte metastasierter Krebspatient:innen unter Radioimmuntherapie (ARTIC)<\/strong>: Eine retrospektive Multicenter-Studie der jungen DEGRO\u00a0 A retrospective multicenter study by the Young DEGRO. Trommer M, Wegen S, R\u00fchle A, M\u00e4urer M, Wurschi G, Ehret F, Baehr A, Hardt A, Medenwald D, Trommer S, Waltenberger M, Sonnhoff M, Oertel M, Steike D, Kroeze S, Bodensohn R, K\u00e4smann L, Jazmati D, Scafa D, Adams A. (2022). Forum. 10.1007\/s12312-022-01153-w.<\/li>\n<\/ul>\n<ul>\n<li><strong>Erste deutschlandweite multizentrische Studie der Nachwuchsgruppe der deutschen\u00a0 Gesellschaft f\u00fcr Radioonkologie (DEGRO) startet.<\/strong><br \/>\nMedenwald D, Ostheimer C, Trial Group der jungen DEGRO\u00a0 (jDEGRO). \u00c4rzteblatt Sachsen Anhalt, 5\/2017: 28.<br \/>\n<a href=\"https:\/\/www.aerzteblatt-sachsen-anhalt.de\/ausgabe\/neues-aus-dem-kammerbereich\/403-neues-aus-dem-kammerbereich-05-2017\/1789-trial-group-der-jungen-degro-jdegro.html\" target=\"_blank\" rel=\"noopener\">https:\/\/www.aerzteblatt-sachsen-anhalt.de\/ausgabe\/neues-aus-dem-kammerbereich\/403-neues-aus-dem-kammerbereich-05-2017\/1789-trial-group-der-jungen-degro-jdegro.html<\/a><\/li>\n<\/ul>\n<ul>\n<li><strong>Erste deutschlandweite multizentrische Studie der Nachwuchsgruppe der Deutschen Gesellschaft f\u00fcr Radioonkologie (jDEGRO) startet.<\/strong><br \/>\nM\u00e4urer M, Ostheimer C.;\u00a0\u00c4rzteblatt Th\u00fcringen, 4\/2017:206.<br \/>\n<a href=\"http:\/\/www.aerzteblatt-thueringen.de\/pdf\/thu1704_206.pdf\" target=\"_blank\" rel=\"noopener\">http:\/\/www.aerzteblatt-thueringen.de\/pdf\/thu1704_206.pdf<\/a><\/li>\n<\/ul>\n<ul>\n<li><b>Erstmalige interdisziplin\u00e4re DKK-Programmplanung durch Zusammenschluss onkologischer Nachwuchsgruppen<\/b><br \/>\nM\u00e4urer, M.A., Huber, T., Sommer, N.P. et al. . Forum (2022).<br \/>\n<a href=\"https:\/\/doi.org\/10.1007\/s12312-021-01042-8\" target=\"_blank\" rel=\"noopener\">https:\/\/doi.org\/10.1007\/s12312-021-01042-8<\/a><\/li>\n<\/ul>\n<ul>\n<li><b>Finanzielle Toxizit\u00e4t bei Krebspatient*innen unter Strahlentherapie - eine konfirmatorische Querschnittsstudie der jDEGRO<\/b><br \/>\nFabian A, R\u00fchle A, Becker J-N, Bockelmann E, Domschikowski J, Boeke S, Fink CA, K\u00e4smann L, Sonnhoff M, Schneider M, Trommer M, Wegen S, Wurschi G, Krug D, Nicolay NH. FORUM 2022 June 07.<br \/>\n<a href=\"https:\/\/link.springer.com\/article\/10.1007\/s12312-022-01097-1\" target=\"_blank\" rel=\"noopener\">https:\/\/link.springer.com\/article\/10.1007\/s12312-022-01097-1<\/a><\/li>\n<\/ul>\n<ul>\n<li><strong><b>Peer review analysis in the field of radiation oncology: results from a web-based survey of the Young DEGRO working group.<\/b><\/strong><br \/>\nK\u00e4smann L, Schr\u00f6der A, Frey B, Fleischmann DF, Gauer T, Ebert N, Hecht M, Krug D, Niyazi M, M\u00e4urer M on behalf of Young DEGRO Group. Strahlenther Onkol. 2020 Dez 18.<br \/>\n<a href=\"https:\/\/link.springer.com\/article\/10.1007\/s00066-020-01729-2\" target=\"_blank\" rel=\"noopener\">https:\/\/link.springer.com\/article\/10.1007\/s00066-020-01729-2<\/a><\/li>\n<\/ul>\n<ul>\n<li><b>PET\/CT-based adaptive radiotherapy of locally advanced non-small cell lung cancer in multicenter yDEGRO ARO 2017-01 cohort study<\/b><br \/>\nM\u00e4urer M, K\u00e4smann L, Fleischmann DF, Oertel M, Jazmati D, Medenwald D; Young DEGRO Trial Group. Radiat Oncol. 2022 Feb 9;17(1):29.<br \/>\n<a href=\"https:\/\/ro-journal.biomedcentral.com\/articles\/10.1186\/s13014-022-01997-5\" target=\"_blank\" rel=\"noopener\">https:\/\/ro-journal.biomedcentral.com\/articles\/10.1186\/s13014-022-01997-5<\/a><\/li>\n<\/ul>\n<ul>\n<li><strong>Predictive and prognostic value of tumor volume and its changes during radical radiotherapy of stage III non-small cell lung cancer.<\/strong><br \/>\nK\u00e4smann L, Niyazi M, Blanck O, Baues C, Baumann R, Dobiasch S, Eze C, Fleischmann D, Gauer T, Giordano FA, Goy Y, Hausmann J, Henkenberens C, Kaul D, Klook L, Krug D, M\u00e4urer M, Panje CM, Rosenbrock J, Sautter L, Schmitt D, S\u00fc\u00df C, Thieme AH, Trommer-Nestler M, Ziegler S, Ebert N, Medenwald D, Ostheimer C (Young DEGRO Trial Group<em>)<\/em>. Strahlenther Onkol. 2017 Oct 13.<br \/>\n<a href=\"https:\/\/link.springer.com\/article\/10.1007\/s00066-017-1221-y\" target=\"_blank\" rel=\"noopener\">https:\/\/link.springer.com\/article\/10.1007\/s00066-017-1221-y<\/a><\/li>\n<\/ul>\n<ul>\n<li><b>Prognostic impact of gross tumor volume during radical radiochemotherapy of locally advanced non-small cell lung cancer\u2014results from the NCT03055715 multicenter cohort study of the Young DEGRO Trial Group<\/b><br \/>\nOstheimer C, M\u00e4urer M, Ebert N, Schmitt D, Krug D, Baumann R, Henkenberens C, Giordano FA, Sautter L, Guerra L\u00f3pez JL, Fleischmann DF, Niyazi M, K\u00e4smann L, Kaul D, Thieme AH, Billiet C, Dobiasch S, Arnold CR, Oertel M, Haussmann J, Gauer T, Goy Y, Suess C, Ziegler S, Panje CM, Baues C, Trommer-Nestler M, Skripcak T, Medenwald D. Strahlenther Onkol. 2021 Jan 7.<br \/>\n<a href=\"https:\/\/link.springer.com\/article\/10.1007\/s00066-020-01727-4\" target=\"_blank\" rel=\"noopener\">https:\/\/link.springer.com\/article\/10.1007\/s00066-020-01727-4<\/a><\/li>\n<\/ul>\n<ul>\n<li><strong><b>Prognostischer Wert des Tumorvolumens in der Radiochemotherapie des lokal fortgeschrittenen nichtkleinzelligen Bronchialkarzinoms - Pilotstudie der AG Junge DEGRO der Deutschen Gesellschaft f\u00fcr Radioonkologie (DEGRO)<\/b><\/strong><br \/>\nOstheimer C &amp; jDEGRO Trial Group. FORUM 2018 Nov 14.<br \/>\n<a href=\"https:\/\/link.springer.com\/article\/10.1007\/s00066-020-01623-x\" target=\"_blank\" rel=\"noopener\">https:\/\/link.springer.com\/article\/10.1007\/s00066-020-01623-x<\/a><\/li>\n<\/ul>\n<ul>\n<li><b>Rolle der Radiotherapie beim Neuroblastom - Lokale Kontrolle und Rezidivmuster nach Radiotherapie f\u00fcr Hochrisikopatienten in den Therapiestudien NB97 und NB2004HR - eine Studie der Jungen DEGRO<\/b><br \/>\nJazmati D, Oertel M, K\u00e4smann L, Ziegler S,\u00a0 Thorsten S, Timmermann B. FORUM 2021 April 15.<br \/>\n<a href=\"https:\/\/link.springer.com\/article\/10.1007\/s12312-021-00926-z\" target=\"_blank\" rel=\"noopener\">https:\/\/link.springer.com\/article\/10.1007\/s12312-021-00926-z<\/a><\/li>\n<\/ul>\n<ul>\n<li><strong><b>Quality of teaching radiation oncology in Germany - where do we stand? Results from a 2019 survey performed by the working group \"young DEGRO\" of the German Society of Radiation Oncology<\/b><\/strong><br \/>\nOertel M, Linde P, M\u00e4urer M, Fleischmann DF, Dietzel CT, Krug D. Strahlenther Onkol. 2020 Mai 04.<br \/>\n<a href=\"https:\/\/link.springer.com\/article\/10.1007\/s00066-020-01623-x\" target=\"_blank\" rel=\"noopener\">https:\/\/link.springer.com\/article\/10.1007\/s00066-020-01623-x<\/a><\/li>\n<\/ul>\n<ul>\n<li><strong>Situation of young radiation oncologists, medical physicists and radiation biologists in German-speaking countries : Results from a web-based survey of the Young DEGRO working group.<\/strong><br \/>\nKrug D, Baumann R, Rieckmann T, Fokas E, Gauer T, Niyazi M.; Strahlenther Onkol. 2016 Aug;192(8):507-15.<br \/>\n<a href=\"https:\/\/link.springer.com\/article\/10.1007\/s00066-016-1003-y\" target=\"_blank\" rel=\"noopener\">https:\/\/link.springer.com\/article\/10.1007\/s00066-016-1003-y<\/a><\/li>\n<\/ul>\n<ul>\n<li><strong>Strahlentherapie - mit vereinten Kr\u00e4ften gegen den Krebs<\/strong><br \/>\nOertel M, M\u00e4urer M, Gauer T, Frey B, Vehlow A, Ebert N, Ostheimer C. Thieme via medici 2018 Nov 05.<br \/>\n<a href=\"https:\/\/m.thieme.de\/viamedici\/arzt-im-beruf-weiterbildungs-coach-fachaerzte-1571\/a\/strahlentherapie-mit-vereinten-kraeften-gegen-den-krebs-34982.htm\" target=\"_blank\" rel=\"noopener\">https:\/\/m.thieme.de\/viamedici\/arzt-im-beruf-weiterbildungs-coach-fachaerzte-1571\/a\/strahlentherapie-mit-vereinten-kraeften-gegen-den-krebs-34982.htm<\/a><\/li>\n<\/ul>\n<ul>\n<li><strong>Tumorvolumen\u00e4nderungen in der definitiven Radiochemotherapie des fortgeschrittenen nicht-kleinzelligen Bronchialkarzinoms - Multizentrische Studie der Nachwuchsgruppe der Deutschen Gesellschaft f\u00fcr Radioonkologie (DEGRO)<\/strong><br \/>\nOstheimer C, Baues C, Baumann R, Blanck O, Dobiasch S, Chukwuka E, Ebert N, Fleischmann D, Gauer T, Giordano F, Goy Y, Hausmann J, Henkenberen C, Kaul D, K\u00e4smann L, Klook L, Krug D, M\u00e4urer M, Medenwald D, Niyazi M, Panje C, Rosenbrock J, Sautter L, Schmitt D, S\u00fc\u00df C, Thieme A, Trommer-Nestler M, Ziegler S (young DEGRO Trial Group). FORUM 2017 April 28<br \/>\n<a href=\"https:\/\/link.springer.com\/article\/10.1007\/s12312-017-0259-1\" target=\"_blank\" rel=\"noopener\">https:\/\/link.springer.com\/article\/10.1007\/s12312-017-0259-1<\/a><\/li>\n<li><strong>Quality of training in radiation oncology in Germany: where do we stand? : Results from a 2016\/2017 survey performed by the working group \"young DEGRO\" of the German society of radiation oncology (DEGRO). <\/strong><br \/>\nDietzel CT, Jablonska K, Niyazi M, Gauer T, Ebert N, Ostheimer C, Krug D. Strahlenther Onkol. 2018 Jan 18.<br \/>\n<a href=\"https:\/\/link.springer.com\/article\/10.1007\/s00066-017-1250-6\" target=\"_blank\" rel=\"noopener\">https:\/\/link.springer.com\/article\/10.1007\/s00066-017-1250-6<\/a><\/li>\n<li><strong>Young Oncologists United (YOU). Importance of interdisciplinarity in modern oncology: results of a national intergroup survey of the Young Oncologists United (YOU).\u00a0<\/strong><br \/>\nM\u00e4urer M, Staudacher J, Meyer R, M\u00e4urer I, Lazaridis L, M\u00fcther M, Huber T, Sommer NP, Fleischmann DF, K\u00e4smann L, Ziegler S, Kropf-Sanchen C, Wikert J, Pietzner K, Holzgreve A, Nestler T, Siech C, Sturm MJ, Sulzer S, Heinrich K, Stahler A;\u00a0 J Cancer Res Clin Oncol. 2023 Jun 1. doi: 10.1007\/s00432-023-04937-2. Epub ahead of print. PMID: 37261525.<\/li>\n<\/ul>\n<p><strong>...\u00fcber uns:\u00a0<\/strong><\/p>\n<ul>\n<li><strong>ARO-Preis f\u00fcr die besten Studien junger \u00c4rzte<\/strong><br \/>\nKrause M, on behalf of Arbeitsgemeinschaft Radioonkologie (ARO). FORUM 2018 Sept 11<br \/>\n<a href=\"https:\/\/link.springer.com\/content\/pdf\/10.1007\/s12312-018-0499-8.pdf\" target=\"_blank\" rel=\"noopener\">https:\/\/link.springer.com\/content\/pdf\/10.1007\/s12312-018-0499-8.pdf<\/a><\/li>\n<\/ul>\n<ul>\n<li><b>Zusammenarbeit der Arbeitsgemeinschaft Radiologische Onkologie (ARO) mit der AG Junge DEGRO (jDEGRO) - Bericht vom ARO-Mentoring-Tag 2021 und zuk\u00fcnftige Projekte<\/b><br \/>\nFleischmann D, K\u00e4smann L, Jazmati D, Fabian A, Waltenberger M, S\u00fc\u00df C, Medenwald D, Linde P, Krug D, Krause M, Nestle U, Fokas E, M\u00e4urer M, Ziegler S, Oertel M. FORUM 2021 Oct 28.<br \/>\n<a href=\"https:\/\/link.springer.com\/article\/10.1007\/s12312-021-00999-w\" target=\"_blank\" rel=\"noopener\">https:\/\/link.springer.com\/article\/10.1007\/s12312-021-00999-w<\/a><\/li>\n<\/ul>\n<\/div>\n<\/div><\/div><\/div><\/div><\/div><\/div>","protected":false},"excerpt":{"rendered":"<p>#pg-83-0 .panel-grid-cell { float:none } #pl-83 .panel-grid-cell .so-panel { margin-bottom:30px } #pl-83 .panel-grid-cell .so-panel:last-child { margin-bottom:0px } #pg-83-0 { margin-left:-15px;margin-right:-15px } #pg-83-0 .panel-grid-cell { padding-left:15px;padding-right:15px } @media (max-width:780px){ #pg-83-0 .panel-grid-cell { float:none;width:auto } #pl-83 .panel-grid , #pl-83 .panel-grid-cell {  <\/p>\n","protected":false},"author":6,"featured_media":0,"parent":69,"menu_order":0,"comment_status":"closed","ping_status":"closed","template":"","meta":[],"_links":{"self":[{"href":"https:\/\/www.degro.org\/jd\/wp-json\/wp\/v2\/pages\/83"}],"collection":[{"href":"https:\/\/www.degro.org\/jd\/wp-json\/wp\/v2\/pages"}],"about":[{"href":"https:\/\/www.degro.org\/jd\/wp-json\/wp\/v2\/types\/page"}],"author":[{"embeddable":true,"href":"https:\/\/www.degro.org\/jd\/wp-json\/wp\/v2\/users\/6"}],"replies":[{"embeddable":true,"href":"https:\/\/www.degro.org\/jd\/wp-json\/wp\/v2\/comments?post=83"}],"version-history":[{"count":19,"href":"https:\/\/www.degro.org\/jd\/wp-json\/wp\/v2\/pages\/83\/revisions"}],"predecessor-version":[{"id":1162,"href":"https:\/\/www.degro.org\/jd\/wp-json\/wp\/v2\/pages\/83\/revisions\/1162"}],"up":[{"embeddable":true,"href":"https:\/\/www.degro.org\/jd\/wp-json\/wp\/v2\/pages\/69"}],"wp:attachment":[{"href":"https:\/\/www.degro.org\/jd\/wp-json\/wp\/v2\/media?parent=83"}],"curies":[{"name":"wp","href":"https:\/\/api.w.org\/{rel}","templated":true}]}}