


{"id":69,"date":"2017-02-17T11:28:17","date_gmt":"2017-02-17T10:28:17","guid":{"rendered":"https:\/\/www.degro.org\/jd\/?page_id=69"},"modified":"2025-07-01T10:20:57","modified_gmt":"2025-07-01T08:20:57","slug":"jdegro","status":"publish","type":"page","link":"https:\/\/www.degro.org\/jd\/","title":{"rendered":"jDEGRO"},"content":{"rendered":"<div id=\"pl-69\"><style scoped>#pg-69-0 , #pg-69-1 , #pg-69-2 , #pg-69-3 , #pg-69-4 , #pg-69-5 , #pg-69-6 , #pg-69-7 , #pg-69-8 , #pl-69 .panel-grid-cell .so-panel { margin-bottom:30px } #pg-69-0 .panel-grid-cell , #pg-69-1 .panel-grid-cell , #pg-69-2 .panel-grid-cell , #pg-69-3 .panel-grid-cell , #pg-69-9 .panel-grid-cell { float:none } #pgc-69-4-0 , #pgc-69-5-0 , #pgc-69-6-0 , #pgc-69-7-0 , #pgc-69-8-0 { width:30% } #pgc-69-4-1 , #pgc-69-5-1 , #pgc-69-6-1 , #pgc-69-7-1 , #pgc-69-8-1 { width:70% } #pg-69-4 .panel-grid-cell , #pg-69-5 .panel-grid-cell , #pg-69-6 .panel-grid-cell , #pg-69-7 .panel-grid-cell , #pg-69-8 .panel-grid-cell { float:left } #pl-69 .panel-grid-cell .so-panel:last-child { margin-bottom:0px } #pg-69-0 , #pg-69-1 , #pg-69-2 , #pg-69-3 , #pg-69-4 , #pg-69-5 , #pg-69-6 , #pg-69-7 , #pg-69-8 , #pg-69-9 { margin-left:-15px;margin-right:-15px } #pg-69-0 .panel-grid-cell , #pg-69-1 .panel-grid-cell , #pg-69-2 .panel-grid-cell , #pg-69-3 .panel-grid-cell , #pg-69-4 .panel-grid-cell , #pg-69-5 .panel-grid-cell , #pg-69-6 .panel-grid-cell , #pg-69-7 .panel-grid-cell , #pg-69-8 .panel-grid-cell , #pg-69-9 .panel-grid-cell { padding-left:15px;padding-right:15px } #panel-69-2-0-1 a , #panel-69-4-0-0 a , #panel-69-4-1-0 a , #panel-69-5-0-0 a , #panel-69-5-1-0 a , #panel-69-6-0-0 a , #panel-69-6-1-0 a , #panel-69-7-0-0 a , #panel-69-7-1-0 a , #panel-69-8-0-0 a , #panel-69-8-1-0 a , #panel-69-9-0-2 a { color:#009cd8 } @media (max-width:780px){ #pg-69-0 .panel-grid-cell , #pg-69-1 .panel-grid-cell , #pg-69-2 .panel-grid-cell , #pg-69-3 .panel-grid-cell , #pg-69-4 .panel-grid-cell , #pg-69-5 .panel-grid-cell , #pg-69-6 .panel-grid-cell , #pg-69-7 .panel-grid-cell , #pg-69-8 .panel-grid-cell , #pg-69-9 .panel-grid-cell { float:none;width:auto } #pgc-69-4-0 , #pgc-69-5-0 , #pgc-69-6-0 , #pgc-69-7-0 , #pgc-69-8-0 { margin-bottom:30px } #pl-69 .panel-grid , #pl-69 .panel-grid-cell {  } #pl-69 .panel-grid .panel-grid-cell-empty { display:none } #pl-69 .panel-grid .panel-grid-cell-mobile-last { margin-bottom:0px }  } <\/style><div class=\"panel-grid\" id=\"pg-69-0\" ><div class=\"panel-grid-cell\" id=\"pgc-69-0-0\" ><div class=\"so-panel widget widget_heading panel-first-child panel-last-child\" id=\"panel-69-0-0-0\" data-index=\"0\"><div class=\"thim-widget-heading thim-widget-heading-base\"><div class=\"sc_heading text-center\"><h3 style=\"color:#009cd8;\" class=\"title\">Die AG Junge DEGRO - Fortschritt durch Nachwuchs<\/h3><span class=\"line\"><\/span><\/div><\/div><\/div><\/div><\/div><div class=\"panel-grid\" id=\"pg-69-1\" ><div class=\"panel-grid-cell\" id=\"pgc-69-1-0\" ><div class=\"so-panel widget widget_sow-image panel-first-child panel-last-child\" id=\"panel-69-1-0-0\" data-index=\"1\"><div class=\"so-widget-sow-image so-widget-sow-image-default-1c389ca87c1a\">\n\n<div class=\"sow-image-container\">\n\t<img src=\"https:\/\/www.degro.org\/jd\/wp-content\/uploads\/sites\/8\/2025\/07\/jDEGRO_Gruppenfoto_Webseite-1024x336.jpg\" width=\"640\" height=\"210\" srcset=\"https:\/\/www.degro.org\/jd\/wp-content\/uploads\/sites\/8\/2025\/07\/jDEGRO_Gruppenfoto_Webseite-1024x336.jpg 1024w, https:\/\/www.degro.org\/jd\/wp-content\/uploads\/sites\/8\/2025\/07\/jDEGRO_Gruppenfoto_Webseite-300x99.jpg 300w, https:\/\/www.degro.org\/jd\/wp-content\/uploads\/sites\/8\/2025\/07\/jDEGRO_Gruppenfoto_Webseite-768x252.jpg 768w, https:\/\/www.degro.org\/jd\/wp-content\/uploads\/sites\/8\/2025\/07\/jDEGRO_Gruppenfoto_Webseite.jpg 1035w\" title=\"Herzlich willkommen bei der Jungen DEGRO!\"  class=\"so-widget-image\"\/>\n<\/div>\n\n<\/div><\/div><\/div><\/div><div class=\"panel-grid\" id=\"pg-69-2\" ><div class=\"panel-grid-cell\" id=\"pgc-69-2-0\" ><div class=\"so-panel widget widget_empty-space panel-first-child\" id=\"panel-69-2-0-0\" data-index=\"2\"><div class=\"thim-widget-empty-space thim-widget-empty-space-base\"><div class=\"empty_space\" style=\"height:10px\"><\/div><\/div><\/div><div class=\"so-panel widget widget_sow-editor\" id=\"panel-69-2-0-1\" data-index=\"3\"><div style=\"color: #414042;\" class=\"panel-widget-style\" ><div class=\"so-widget-sow-editor so-widget-sow-editor-base\">\n<div class=\"siteorigin-widget-tinymce textwidget\">\n\tDie AG jDEGRO ist ein Zusammenschluss junger DEGRO-Mitglieder und Nachwuchswissenschaftler aus den Bereichen Medizin, Physik und Biologie.\n\n<\/div>\n<\/div><\/div><\/div><div class=\"so-panel widget widget_sow-editor panel-last-child\" id=\"panel-69-2-0-2\" data-index=\"4\"><div style=\"color: #414042;\" class=\"panel-widget-style\" ><div class=\"so-widget-sow-editor so-widget-sow-editor-base\">\n<div class=\"siteorigin-widget-tinymce textwidget\">\n\tDiese Arbeitsgruppe hat es sich zum Ziel gesetzt, die Interessen des examinierten Nachwuchses in der Radioonkologie zu st\u00e4rken und zu f\u00f6rdern, sowie Ideen zur Optimierung von Weiterbildung und Forschung zu entwickeln, um der jungen Generation aus Forschung und Klinik eine Entwicklungsplattform zu bieten.\nEbenfalls m\u00f6chte die jDEGRO f\u00fcr eine lokale Vernetzung sorgen, um bessere Hilfestellung bei der Umsetzung des Curriculums (Rotationen, Hospitationen, Wechsel zwischen Klinik und Praxis) zu geben. Nicht zuletzt sollen engagierte junge Wissenschaftler durch Bildung internationaler Forschungsnetzwerke und den Aufbau interdisziplin\u00e4rer Austauschprogramme Unterst\u00fctzung in Forschungsaktivit\u00e4ten erhalten.\n\n<\/div>\n<\/div><\/div><\/div><\/div><\/div><div class=\"panel-grid\" id=\"pg-69-3\" ><div class=\"panel-grid-cell\" id=\"pgc-69-3-0\" ><div class=\"so-panel widget widget_heading panel-first-child panel-last-child\" id=\"panel-69-3-0-0\" data-index=\"5\"><div class=\"thim-widget-heading thim-widget-heading-base\"><div class=\"sc_heading text-center\"><h3 style=\"color:#009cd8;\" class=\"title\">Unsere Teams<\/h3><p class=\"sub-heading\" style=\"color:#414042;\">Wir freuen uns \u00fcber Deine aktive Beteiligung.<\/p><span class=\"line\"><\/span><\/div><\/div><\/div><\/div><\/div><div class=\"panel-grid\" id=\"pg-69-4\" ><div class=\"panel-grid-cell\" id=\"pgc-69-4-0\" ><div class=\"so-panel widget widget_sow-button panel-first-child panel-last-child\" id=\"panel-69-4-0-0\" data-index=\"6\"><div class=\"so-widget-sow-button so-widget-sow-button-atom-0d6fd2ddf3fb\"><div class=\"ow-button-base ow-button-align-center\">\n\n\t\t<a class=\"ow-button-hover\" href=\"https:\/\/www.degro.org\/jd\/team-international-dach\/\" >\n\t\t<span>\n\t\t\t<span class=\"sow-icon-fontawesome\" data-sow-icon=\"&#xf0c0;\" ><\/span>\n\t\t\tInternational\t\t<\/span>\n\t<\/a>\n<\/div>\n<\/div><\/div><\/div><div class=\"panel-grid-cell\" id=\"pgc-69-4-1\" ><div class=\"so-panel widget widget_sow-editor panel-first-child panel-last-child\" id=\"panel-69-4-1-0\" data-index=\"7\"><div style=\"color: #414042;\" class=\"panel-widget-style\" ><div class=\"so-widget-sow-editor so-widget-sow-editor-base\">\n<div class=\"siteorigin-widget-tinymce textwidget\">\n\tDie \u201eDACH\u201c Plattform zwischen den Fachverb\u00e4nden DEGRO, \u00d6GRO und SRO wurde im Fr\u00fchjahr 2024 ins Leben gerufen. Das Ziel ist die F\u00f6rderung des grenz\u00fcberschreitenden Austauschs und\nNetworkings radioonkologisch T\u00e4tiger in Deutschland, \u00d6sterreich und der Schweiz.\n\n<\/div>\n<\/div><\/div><\/div><\/div><\/div><div class=\"panel-grid\" id=\"pg-69-5\" ><div class=\"panel-grid-cell\" id=\"pgc-69-5-0\" ><div class=\"so-panel widget widget_sow-button panel-first-child panel-last-child\" id=\"panel-69-5-0-0\" data-index=\"8\"><div class=\"so-widget-sow-button so-widget-sow-button-atom-0d6fd2ddf3fb\"><div class=\"ow-button-base ow-button-align-center\">\n\n\t\t<a class=\"ow-button-hover\" href=\"https:\/\/www.degro.org\/jd\/aktivitaeten\/kongressgestaltung\/\" >\n\t\t<span>\n\t\t\t<span class=\"sow-icon-fontawesome\" data-sow-icon=\"&#xf0c0;\" ><\/span>\n\t\t\tKongress\t\t<\/span>\n\t<\/a>\n<\/div>\n<\/div><\/div><\/div><div class=\"panel-grid-cell\" id=\"pgc-69-5-1\" ><div class=\"so-panel widget widget_sow-editor panel-first-child panel-last-child\" id=\"panel-69-5-1-0\" data-index=\"9\"><div style=\"color: #414042;\" class=\"panel-widget-style\" ><div class=\"so-widget-sow-editor so-widget-sow-editor-base\">\n<div class=\"siteorigin-widget-tinymce textwidget\">\n\tDu m\u00f6chtest Dich aktiv an der Gestaltung des DEGRO-Jahrskongresses beteiligen? Du w\u00fcrdest gern einmal eine Co-Moderation einer Vortragssitzung \u00fcbernehmen oder Teil der Poster-Jury sein? Dann trage Dich einfach in unsere <strong><a href=\"http:\/\/www.strahlenklinik.uk-erlangen.de\/fort-und-weiterbildung\/anmeldungen\/jdegro-app\/\">Datenbank<\/a> <\/strong>ein!\n\n<\/div>\n<\/div><\/div><\/div><\/div><\/div><div class=\"panel-grid\" id=\"pg-69-6\" ><div class=\"panel-grid-cell\" id=\"pgc-69-6-0\" ><div class=\"so-panel widget widget_sow-button panel-first-child panel-last-child\" id=\"panel-69-6-0-0\" data-index=\"10\"><div class=\"so-widget-sow-button so-widget-sow-button-atom-0d6fd2ddf3fb\"><div class=\"ow-button-base ow-button-align-center\">\n\n\t\t<a class=\"ow-button-hover\" href=\"https:\/\/www.degro.org\/jd\/aktivitaeten\/young-trialists\/\" >\n\t\t<span>\n\t\t\t<span class=\"sow-icon-fontawesome\" data-sow-icon=\"&#xf0c0;\" ><\/span>\n\t\t\tTrial\t\t<\/span>\n\t<\/a>\n<\/div>\n<\/div><\/div><\/div><div class=\"panel-grid-cell\" id=\"pgc-69-6-1\" ><div class=\"so-panel widget widget_sow-editor panel-first-child panel-last-child\" id=\"panel-69-6-1-0\" data-index=\"11\"><div style=\"color: #414042;\" class=\"panel-widget-style\" ><div class=\"so-widget-sow-editor so-widget-sow-editor-base\">\n<div class=\"siteorigin-widget-tinymce textwidget\">\n\tDie jDEGRO vereint in einem wachsenden Forschungsnetzwerk jungen Nachwuchswissenschaftler*innen aus der Radioonkologie, Strahlenbiologie und Medizinphysik. Hier findest du unsere <a href=\"https:\/\/www.degro.org\/jd\/aktivitaeten\/young-trialists\/aktuelle-projekte\/\"><strong>aktuellen Projekte<\/strong><\/a>.\n\n<\/div>\n<\/div><\/div><\/div><\/div><\/div><div class=\"panel-grid\" id=\"pg-69-7\" ><div class=\"panel-grid-cell\" id=\"pgc-69-7-0\" ><div class=\"so-panel widget widget_sow-button panel-first-child panel-last-child\" id=\"panel-69-7-0-0\" data-index=\"12\"><div class=\"so-widget-sow-button so-widget-sow-button-atom-0d6fd2ddf3fb\"><div class=\"ow-button-base ow-button-align-center\">\n\n\t\t<a class=\"ow-button-hover\" href=\"https:\/\/www.degro.org\/jd\/team-literatur-kommentiert-suon\/\" >\n\t\t<span>\n\t\t\t<span class=\"sow-icon-fontawesome\" data-sow-icon=\"&#xf0c0;\" ><\/span>\n\t\t\tLiteratur kom. (SUON)\t\t<\/span>\n\t<\/a>\n<\/div>\n<\/div><\/div><\/div><div class=\"panel-grid-cell\" id=\"pgc-69-7-1\" ><div class=\"so-panel widget widget_sow-editor panel-first-child panel-last-child\" id=\"panel-69-7-1-0\" data-index=\"13\"><div style=\"color: #414042;\" class=\"panel-widget-style\" ><div class=\"so-widget-sow-editor so-widget-sow-editor-base\">\n<div class=\"siteorigin-widget-tinymce textwidget\">\n\tDie Fachzeitschrift Strahlentherapie und Onkologie (\u201eSUON\u201c) bietet mit der Rubrik \u201eLiteratur kommentiert\u201c die M\u00f6glichkeit, sich \u00fcber aktuelle wissenschaftliche Literatur\nin unserem Fachbereich zu informieren. Hier werden relevante Studien hervorgehoben und von Expert:innen kommentiert und St\u00e4rken oder Limitationen herausgearbeitet.\n\n<\/div>\n<\/div><\/div><\/div><\/div><\/div><div class=\"panel-grid\" id=\"pg-69-8\" ><div class=\"panel-grid-cell\" id=\"pgc-69-8-0\" ><div class=\"so-panel widget widget_sow-button panel-first-child panel-last-child\" id=\"panel-69-8-0-0\" data-index=\"14\"><div class=\"so-widget-sow-button so-widget-sow-button-atom-0d6fd2ddf3fb\"><div class=\"ow-button-base ow-button-align-center\">\n\n\t\t<a class=\"ow-button-hover\" href=\"https:\/\/www.degro.org\/jd\/aktivitaeten\/team-weiterbildung\/\" >\n\t\t<span>\n\t\t\t<span class=\"sow-icon-fontawesome\" data-sow-icon=\"&#xf0c0;\" ><\/span>\n\t\t\tWeiterbildung\t\t<\/span>\n\t<\/a>\n<\/div>\n<\/div><\/div><\/div><div class=\"panel-grid-cell\" id=\"pgc-69-8-1\" ><div class=\"so-panel widget widget_sow-editor panel-first-child panel-last-child\" id=\"panel-69-8-1-0\" data-index=\"15\"><div style=\"color: #414042;\" class=\"panel-widget-style\" ><div class=\"so-widget-sow-editor so-widget-sow-editor-base\">\n<div class=\"siteorigin-widget-tinymce textwidget\">\n\tUnser Ziel ist es die (pers\u00f6nliche) Weiterbildungssituation mitsamt Bestandsaufnahme und Evaluation absolvierter praktischer und theoretischer Weiterbildungsabschnitte und die Sammlung von Erfahrungen, Eindr\u00fccken und Verbesserungsw\u00fcnschen in Ausbildung zu st\u00fctzen und f\u00fcr die Weiterbildung von heute und morgen zu st\u00e4rken.\n\n<\/div>\n<\/div><\/div><\/div><\/div><\/div><div class=\"panel-grid\" id=\"pg-69-9\" ><div class=\"panel-grid-cell\" id=\"pgc-69-9-0\" ><div class=\"so-panel widget widget_empty-space panel-first-child\" id=\"panel-69-9-0-0\" data-index=\"16\"><div class=\"thim-widget-empty-space thim-widget-empty-space-base\"><div class=\"empty_space\" style=\"height:10px\"><\/div><\/div><\/div><div class=\"so-panel widget widget_sow-editor\" id=\"panel-69-9-0-1\" data-index=\"17\"><div class=\"so-widget-sow-editor so-widget-sow-editor-base\">\n<div class=\"siteorigin-widget-tinymce textwidget\">\n\t<hr \/>\n<hr \/>\n<\/div>\n<\/div><\/div><div class=\"so-panel widget widget_icon-box panel-last-child\" id=\"panel-69-9-0-2\" data-index=\"18\"><div style=\"color: #414042;\" class=\"panel-widget-style\" ><div class=\"thim-widget-icon-box thim-widget-icon-box-base\"><div class=\"wrapper-box-icon text-center  circle\" ><div class=\"smicon-box iconbox-top\"><div class=\"boxes-icon circle\" style=\"background-color: #1e73be;border-color:#1e73be;width: 75px;height: 75px;\"><a class=\"icon-box-link\" href=\"https:\/\/www.degro.org\/jd\/aktuelles\/\" style=\"color: #1e73be;\"><span class=\"inner-icon\"><span class=\"icon\"><i class=\"fa fa-thumb-tack\" style=\"color:#ffffff; font-size:40px; line-height:40px; vertical-align: middle;\"><\/i><\/span><\/span><\/a><\/div><div class=\"content-inner\" ><div class=\"sc-heading article_heading\"><h3 class = \"heading__primary\" style=\"color: #1e73be;\"><a class=\"icon-box-link\" href=\"https:\/\/www.degro.org\/jd\/aktuelles\/\" style=\"color: #1e73be;\">Aktuelles<\/a><\/h3><\/div><div class=\"desc-icon-box\"><p style=\"color: #000000;\"><a class=\"icon-box-link\" href=\"https:\/\/www.degro.org\/jd\/aktuelles\/\" style=\"color: #1e73be;\">Wir halten dich auf dem laufenden! \nHier findest du unsere Veranstaltungen, Veranstaltungen auf denen wir pr\u00e4sent sind und wichtige Informationen (Online-Veranstaltungen, Preise, etc.). <\/a><\/p><\/div><\/div><\/div><!--end smicon-box--><\/div><\/div><\/div><\/div><\/div><\/div><\/div>","protected":false},"excerpt":{"rendered":"<p>#pg-69-0 , #pg-69-1 , #pg-69-2 , #pg-69-3 , #pg-69-4 , #pg-69-5 , #pg-69-6 , #pg-69-7 , #pg-69-8 , #pl-69 .panel-grid-cell .so-panel { margin-bottom:30px } #pg-69-0 .panel-grid-cell , #pg-69-1 .panel-grid-cell , #pg-69-2 .panel-grid-cell , #pg-69-3 .panel-grid-cell , #pg-69-9 .panel-grid-cell { float:none <\/p>\n","protected":false},"author":6,"featured_media":0,"parent":0,"menu_order":0,"comment_status":"closed","ping_status":"closed","template":"","meta":[],"_links":{"self":[{"href":"https:\/\/www.degro.org\/jd\/wp-json\/wp\/v2\/pages\/69"}],"collection":[{"href":"https:\/\/www.degro.org\/jd\/wp-json\/wp\/v2\/pages"}],"about":[{"href":"https:\/\/www.degro.org\/jd\/wp-json\/wp\/v2\/types\/page"}],"author":[{"embeddable":true,"href":"https:\/\/www.degro.org\/jd\/wp-json\/wp\/v2\/users\/6"}],"replies":[{"embeddable":true,"href":"https:\/\/www.degro.org\/jd\/wp-json\/wp\/v2\/comments?post=69"}],"version-history":[{"count":41,"href":"https:\/\/www.degro.org\/jd\/wp-json\/wp\/v2\/pages\/69\/revisions"}],"predecessor-version":[{"id":1591,"href":"https:\/\/www.degro.org\/jd\/wp-json\/wp\/v2\/pages\/69\/revisions\/1591"}],"wp:attachment":[{"href":"https:\/\/www.degro.org\/jd\/wp-json\/wp\/v2\/media?parent=69"}],"curies":[{"name":"wp","href":"https:\/\/api.w.org\/{rel}","templated":true}]}}