


{"id":648,"date":"2019-11-05T11:49:10","date_gmt":"2019-11-05T10:49:10","guid":{"rendered":"https:\/\/www.degro.org\/jd\/?page_id=648"},"modified":"2025-07-16T08:52:10","modified_gmt":"2025-07-16T06:52:10","slug":"hospitationsprogramme","status":"publish","type":"page","link":"https:\/\/www.degro.org\/jd\/hospitationsprogramme\/","title":{"rendered":"Hospitationsprogramm"},"content":{"rendered":"<div id=\"pl-648\"><style scoped>#pg-648-0 .panel-grid-cell { float:none } #pl-648 .panel-grid-cell .so-panel { margin-bottom:30px } #pl-648 .panel-grid-cell .so-panel:last-child { margin-bottom:0px } #pg-648-0 { margin-left:-15px;margin-right:-15px } #pg-648-0 .panel-grid-cell { padding-left:15px;padding-right:15px } @media (max-width:780px){ #pg-648-0 .panel-grid-cell { float:none;width:auto } #pl-648 .panel-grid , #pl-648 .panel-grid-cell {  } #pl-648 .panel-grid .panel-grid-cell-empty { display:none } #pl-648 .panel-grid .panel-grid-cell-mobile-last { margin-bottom:0px }  } <\/style><div class=\"panel-grid\" id=\"pg-648-0\" ><div class=\"panel-grid-cell\" id=\"pgc-648-0-0\" ><div class=\"so-panel widget widget_sow-editor panel-first-child\" id=\"panel-648-0-0-0\" data-index=\"0\"><div class=\"so-widget-sow-editor so-widget-sow-editor-base\"><h3 class=\"widget-title\">Willkommen auf der Hospitationsplattform der Jungen DEGRO<\/h3>\n<div class=\"siteorigin-widget-tinymce textwidget\">\n\t<p>Gemeinsam m\u00f6chten wir dir als \u00c4rzt*in in Weiterbildung, junge Strahlenphysiker*in oder Biolog*in erm\u00f6glichen, andere Kliniken kennen zu lernen. Unsere Datenbank liefert dir Informationen zu teilnehmenden Kliniken (Liste wird stetig aktualisiert), und den jeweiligen Kontaktpersonen vor Ort.<\/p>\n<\/div>\n<\/div><\/div><div class=\"so-panel widget widget_button\" id=\"panel-648-0-0-1\" data-index=\"1\"><div class=\"thim-widget-button thim-widget-button-base\"><a class=\"widget-button  normal\" href=\"https:\/\/www.degro.org\/jd\/wp-content\/uploads\/sites\/8\/2025\/07\/Hospitationsprogramm_Stand-05_2025.pdf\" style=\"\" data-hover=\"\"><i class=\"fa fa-book\" style=\"font-size: 14px;\"><\/i> Teilnehmende Kliniken<\/a><\/div><\/div><div class=\"so-panel widget widget_sow-editor\" id=\"panel-648-0-0-2\" data-index=\"2\"><div class=\"so-widget-sow-editor so-widget-sow-editor-base\">\n<div class=\"siteorigin-widget-tinymce textwidget\">\n\t<p>Du vermisst eine Klinik? Du hast Fragen und Anregungen? Schick eine E-Mail an <a href=\"mailto:jd@degro.org\">jd@degro.org<\/a> und wir melden uns zeitnah zur\u00fcck.<\/p>\n<\/div>\n<\/div><\/div><div class=\"so-panel widget widget_sow-editor\" id=\"panel-648-0-0-3\" data-index=\"3\"><div class=\"so-widget-sow-editor so-widget-sow-editor-base\">\n<div class=\"siteorigin-widget-tinymce textwidget\">\n\t<p>\u00a0<\/p>\n<hr \/>\n<p>\u00a0<\/p>\n<\/div>\n<\/div><\/div><div class=\"so-panel widget widget_sow-editor panel-last-child\" id=\"panel-648-0-0-4\" data-index=\"4\"><div class=\"so-widget-sow-editor so-widget-sow-editor-base\"><h3 class=\"widget-title\">Brachytherapie<\/h3>\n<div class=\"siteorigin-widget-tinymce textwidget\">\n\t<p>Du interessierst dich speziell f\u00fcr die Brachytherapie?<br \/>\nGerne stellen wir dir <a href=\"https:\/\/www.degro.org\/jd\/brachytherapie-programm\/\">hier<\/a> auch das Programm f\u00fcr die Brachytherapie vor!<\/p>\n<\/div>\n<\/div><\/div><\/div><\/div><\/div>","protected":false},"excerpt":{"rendered":"<p>#pg-648-0 .panel-grid-cell { float:none } #pl-648 .panel-grid-cell .so-panel { margin-bottom:30px } #pl-648 .panel-grid-cell .so-panel:last-child { margin-bottom:0px } #pg-648-0 { margin-left:-15px;margin-right:-15px } #pg-648-0 .panel-grid-cell { padding-left:15px;padding-right:15px } @media (max-width:780px){ #pg-648-0 .panel-grid-cell { float:none;width:auto } #pl-648 .panel-grid , #pl-648 .panel-grid-cell {  <\/p>\n","protected":false},"author":8,"featured_media":0,"parent":0,"menu_order":0,"comment_status":"closed","ping_status":"closed","template":"","meta":[],"_links":{"self":[{"href":"https:\/\/www.degro.org\/jd\/wp-json\/wp\/v2\/pages\/648"}],"collection":[{"href":"https:\/\/www.degro.org\/jd\/wp-json\/wp\/v2\/pages"}],"about":[{"href":"https:\/\/www.degro.org\/jd\/wp-json\/wp\/v2\/types\/page"}],"author":[{"embeddable":true,"href":"https:\/\/www.degro.org\/jd\/wp-json\/wp\/v2\/users\/8"}],"replies":[{"embeddable":true,"href":"https:\/\/www.degro.org\/jd\/wp-json\/wp\/v2\/comments?post=648"}],"version-history":[{"count":5,"href":"https:\/\/www.degro.org\/jd\/wp-json\/wp\/v2\/pages\/648\/revisions"}],"predecessor-version":[{"id":1616,"href":"https:\/\/www.degro.org\/jd\/wp-json\/wp\/v2\/pages\/648\/revisions\/1616"}],"wp:attachment":[{"href":"https:\/\/www.degro.org\/jd\/wp-json\/wp\/v2\/media?parent=648"}],"curies":[{"name":"wp","href":"https:\/\/api.w.org\/{rel}","templated":true}]}}