


{"id":529,"date":"2019-07-11T11:11:08","date_gmt":"2019-07-11T09:11:08","guid":{"rendered":"https:\/\/www.degro.org\/jd\/?page_id=529"},"modified":"2026-03-09T14:22:28","modified_gmt":"2026-03-09T13:22:28","slug":"aktuelles","status":"publish","type":"page","link":"https:\/\/www.degro.org\/jd\/aktuelles\/","title":{"rendered":"Aktuelles"},"content":{"rendered":"<div id=\"pl-529\"><style scoped>#pg-529-0 , #pg-529-1 , #pg-529-2 , #pg-529-3 , #pg-529-4 , #pl-529 .panel-grid-cell .so-panel { margin-bottom:30px } #pg-529-0 .panel-grid-cell , #pg-529-1 .panel-grid-cell , #pg-529-2 .panel-grid-cell , #pg-529-3 .panel-grid-cell , #pg-529-4 .panel-grid-cell , #pg-529-5 .panel-grid-cell { float:none } #pl-529 .panel-grid-cell .so-panel:last-child { margin-bottom:0px } #pg-529-0 , #pg-529-1 , #pg-529-2 , #pg-529-3 , #pg-529-4 , #pg-529-5 { margin-left:-15px;margin-right:-15px } #pg-529-0 .panel-grid-cell , #pg-529-1 .panel-grid-cell , #pg-529-2 .panel-grid-cell , #pg-529-3 .panel-grid-cell , #pg-529-4 .panel-grid-cell , #pg-529-5 .panel-grid-cell { padding-left:15px;padding-right:15px } @media (max-width:780px){ #pg-529-0 .panel-grid-cell , #pg-529-1 .panel-grid-cell , #pg-529-2 .panel-grid-cell , #pg-529-3 .panel-grid-cell , #pg-529-4 .panel-grid-cell , #pg-529-5 .panel-grid-cell { float:none;width:auto } #pl-529 .panel-grid , #pl-529 .panel-grid-cell {  } #pl-529 .panel-grid .panel-grid-cell-empty { display:none } #pl-529 .panel-grid .panel-grid-cell-mobile-last { margin-bottom:0px }  } <\/style><div class=\"panel-grid\" id=\"pg-529-0\" ><div class=\"panel-grid-cell\" id=\"pgc-529-0-0\" ><div class=\"so-panel widget widget_sow-editor panel-first-child\" id=\"panel-529-0-0-0\" data-index=\"0\"><div class=\"so-widget-sow-editor so-widget-sow-editor-base\">\n<div class=\"siteorigin-widget-tinymce textwidget\">\n\t<hr \/>\n<\/div>\n<\/div><\/div><div class=\"so-panel widget widget_sow-editor\" id=\"panel-529-0-0-1\" data-index=\"1\"><div class=\"so-widget-sow-editor so-widget-sow-editor-base\"><h3 class=\"widget-title\">Hier gibts den aktuellsten Newsletter der jDEGRO!<\/h3>\n<div class=\"siteorigin-widget-tinymce textwidget\">\n\t<a href=\"https:\/\/www.degro.org\/jd\/wp-content\/uploads\/sites\/8\/2026\/02\/Newsletter_jDEGRO_12_2025.pdf\">Newsletter_jDEGRO_12_2025<\/a>\n\n<\/div>\n<\/div><\/div><div class=\"so-panel widget widget_sow-editor panel-last-child\" id=\"panel-529-0-0-2\" data-index=\"2\"><div class=\"so-widget-sow-editor so-widget-sow-editor-base\"><h3 class=\"widget-title\">Die wichtigsten Veranstaltungen f\u00fcr 2026:<\/h3>\n<div class=\"siteorigin-widget-tinymce textwidget\">\n\t<\/div>\n<\/div><\/div><\/div><\/div><div class=\"panel-grid\" id=\"pg-529-1\" ><div class=\"panel-grid-cell\" id=\"pgc-529-1-0\" ><div class=\"so-panel widget widget_sow-image panel-first-child\" id=\"panel-529-1-0-0\" data-index=\"3\"><div class=\"so-widget-sow-image so-widget-sow-image-default-3f547a15eaaa\">\n\n<div class=\"sow-image-container\">\n\t<img src=\"https:\/\/www.degro.org\/jd\/wp-content\/uploads\/sites\/8\/2025\/07\/estro.jpg\" width=\"228\" height=\"88\" srcset=\"\" title=\"ESTRO 2026\"  class=\"so-widget-image\"\/>\n<\/div>\n\n<\/div><\/div><div class=\"so-panel widget widget_sow-editor\" id=\"panel-529-1-0-1\" data-index=\"4\"><div class=\"so-widget-sow-editor so-widget-sow-editor-base\"><h3 class=\"widget-title\">ESTRO 2026<\/h3>\n<div class=\"siteorigin-widget-tinymce textwidget\">\n\t<ul><li>Datum: 15.-19.05.2026<\/li><li>Veranstaltungsort: Stockholm, Schweden\u00a0<\/li><li>Weitere Informationen sind auf der <a href=\"https:\/\/www.estro.org\/Congresses\/ESTRO-2026\">Kongress-Webseite<\/a> verf\u00fcgbar.<\/li><\/ul><\/div>\n<\/div><\/div><div class=\"so-panel widget widget_sow-editor\" id=\"panel-529-1-0-2\" data-index=\"5\"><div class=\"so-widget-sow-editor so-widget-sow-editor-base\">\n<div class=\"siteorigin-widget-tinymce textwidget\">\n\t<hr \/>\n<\/div>\n<\/div><\/div><div class=\"so-panel widget widget_sow-image\" id=\"panel-529-1-0-3\" data-index=\"6\"><div class=\"so-widget-sow-image so-widget-sow-image-default-3f547a15eaaa\">\n\n<div class=\"sow-image-container\">\n\t<img src=\"https:\/\/www.degro.org\/jd\/wp-content\/uploads\/sites\/8\/2025\/06\/DEGRO2026_StD-Banner_5zu2-300x120.png\" width=\"300\" height=\"120\" srcset=\"https:\/\/www.degro.org\/jd\/wp-content\/uploads\/sites\/8\/2025\/06\/DEGRO2026_StD-Banner_5zu2-300x120.png 300w, https:\/\/www.degro.org\/jd\/wp-content\/uploads\/sites\/8\/2025\/06\/DEGRO2026_StD-Banner_5zu2-1024x409.png 1024w, https:\/\/www.degro.org\/jd\/wp-content\/uploads\/sites\/8\/2025\/06\/DEGRO2026_StD-Banner_5zu2-768x307.png 768w, https:\/\/www.degro.org\/jd\/wp-content\/uploads\/sites\/8\/2025\/06\/DEGRO2026_StD-Banner_5zu2.png 1398w\" title=\"32. DEGRO Jahreskongress in Leipzig\"  class=\"so-widget-image\"\/>\n<\/div>\n\n<\/div><\/div><div class=\"so-panel widget widget_sow-editor panel-last-child\" id=\"panel-529-1-0-4\" data-index=\"7\"><div class=\"so-widget-sow-editor so-widget-sow-editor-base\"><h3 class=\"widget-title\">32. DEGRO Jahreskongress in Leipzig<\/h3>\n<div class=\"siteorigin-widget-tinymce textwidget\">\n\t<span class=\"break-words tvm-parent-container\"><span dir=\"ltr\"><strong>Save the Date<\/strong><\/span><\/span>\n\n<ul><li>32. Jahreskongress\u00a0<\/li><li>25.-27. Juni 2026<\/li><li>Congress Center Leipzig (CCL)<\/li><\/ul><a href=\"https:\/\/www.degro.org\/wp-content\/uploads\/2025\/06\/DEGRO26_Druck_final.pdf\">Zum Ank\u00fcndigungsflyer &gt;&gt;&gt;&gt;&gt;&gt;&gt;&gt;&gt;<\/a>\n\n<\/div>\n<\/div><\/div><\/div><\/div><div class=\"panel-grid\" id=\"pg-529-2\" ><div class=\"panel-grid-cell\" id=\"pgc-529-2-0\" ><div class=\"so-panel widget widget_sow-editor panel-first-child\" id=\"panel-529-2-0-0\" data-index=\"8\"><div class=\"so-widget-sow-editor so-widget-sow-editor-base\">\n<div class=\"siteorigin-widget-tinymce textwidget\">\n\t<hr \/>\n<\/div>\n<\/div><\/div><div class=\"so-panel widget widget_sow-editor\" id=\"panel-529-2-0-1\" data-index=\"9\"><div class=\"so-widget-sow-editor so-widget-sow-editor-base\"><h3 class=\"widget-title\">3rd jDeGBS Young Scientist Symposium 2026<\/h3>\n<div class=\"siteorigin-widget-tinymce textwidget\">\n\t<span class=\"break-words tvm-parent-container\"><span dir=\"ltr\"><strong>Save the Date<\/strong><\/span><\/span>\n\n<ul><li>3<sup>rd<\/sup> jDeGBS Young Scientist Symposium 2026!\u00a0\n\n<\/li><li>22.\u201324. September 2026\n\n<\/li><li>Wilhelm-Kempf-Haus\n\n<\/li><\/ul><a href=\"https:\/\/www.degro.org\/jd\/wp-content\/uploads\/sites\/8\/2025\/12\/Flyer-jDeGBS-Symposium-2026-scaled.jpg\">Zum Ank\u00fcndigungsflyer &gt;&gt;&gt;&gt;&gt;&gt;&gt;&gt;&gt;<\/a>\n\n<\/div>\n<\/div><\/div><div class=\"so-panel widget widget_sow-editor\" id=\"panel-529-2-0-2\" data-index=\"10\"><div class=\"so-widget-sow-editor so-widget-sow-editor-base\">\n<div class=\"siteorigin-widget-tinymce textwidget\">\n\t<hr \/>\n<\/div>\n<\/div><\/div><div class=\"so-panel widget widget_sow-editor\" id=\"panel-529-2-0-3\" data-index=\"11\"><div class=\"so-widget-sow-editor so-widget-sow-editor-base\"><h3 class=\"widget-title\">jDEGRO zu Gast in Marburg<\/h3>\n<div class=\"siteorigin-widget-tinymce textwidget\">\n\t<ul><li style=\"list-style-type: none\"><ul><li>Datum: 06.-07. November 2026<\/li><li>Veranstaltungsort: Auditorium des Universit\u00e4tsklinikums Marburg | Baldingerstra\u00dfe 3,\u00a035033 Marburg<\/li><\/ul><\/li><\/ul><\/div>\n<\/div><\/div><div class=\"so-panel widget widget_sow-editor panel-last-child\" id=\"panel-529-2-0-4\" data-index=\"12\"><div class=\"so-widget-sow-editor so-widget-sow-editor-base\">\n<div class=\"siteorigin-widget-tinymce textwidget\">\n\t<hr \/>\n<\/div>\n<\/div><\/div><\/div><\/div><div class=\"panel-grid\" id=\"pg-529-3\" ><div class=\"panel-grid-cell\" id=\"pgc-529-3-0\" ><div class=\"so-panel widget widget_sow-editor panel-first-child\" id=\"panel-529-3-0-0\" data-index=\"13\"><div class=\"so-widget-sow-editor so-widget-sow-editor-base\"><h3 class=\"widget-title\">Clinician Scientists in der Strahlentherapie<\/h3>\n<div class=\"siteorigin-widget-tinymce textwidget\">\n\t<p>In den letzten Jahren haben die Bem\u00fchungen um die Vernetzung des experimentell forschenden und klinisch t\u00e4tigen Nachwuchses in der Universit\u00e4tsmedizin rasant zugenommen. In diesem Zuge sind Clinician (Kliniker) und Medical (Naturwissenschaftler) Scientist Programme deutschlandweit an \u00fcber 40 Standorten entstanden.<\/p>\n<p>Aus eigener Erfahrung wissen wir jedoch, dass es Clinician und Medical Scientists aus kleineren Fachdisziplinen hierbei h\u00e4ufig an der Austauschm\u00f6glichkeit mit anderen fachgleichen Teilnehmern fehlt. Daher bietet es sich an, standort\u00fcbergreifend Strahlenforschende zu verbinden, wobei selbstverst\u00e4ndlich auch alle nicht gef\u00f6rderten Nachwuchswissenschaftler einzuschlie\u00dfen sind, deren Forschungst\u00e4tigkeit der eines Clinician bzw. Medical Scientist entspricht.<\/p>\n<p>Wir m\u00f6chten daher Interessierte und Teilnehmer von Clinician und Medical Scientist Programmen - aber auch all diejenigen Nachwuchswissenschaftler, deren Forschungst\u00e4tigkeit eines solchen entspricht - aus den Bereichen Medizinischer, Biologischer und Physikalischer Strahlenforschung miteinander vernetzen. Ziel ist es, den gemeinsamen Austausch zu F\u00f6rderstrukturen und Inhalten derartig zu intensivieren, sodass ein standort\u00fcbergreifender \u00dcberblick zu bestehender Expertise entsteht und gemeinsam nach dem Prinzip \u201ebest practices\u201c die Teilnahme und Bewerbung an diesen Programmen gef\u00f6rdert werden kann.<\/p>\n<p>In einem ersten Schritt w\u00fcrden wir uns freuen, wenn Interessierte sich bei den Koordinator:innen (s.u.) per Mail zur Aufnahme in der Gruppe melden.<\/p>\n<p>Wir freuen uns auf den Austausch!<\/p>\n<p>Herzliche Gr\u00fc\u00dfe,<br \/>\nDr. Katharina Hintelmann (UKE Hamburg, <a href=\"mailto:ka.hintelmann@uke.de\">ka.hintelmann@uke.de<\/a>)<br \/>\nDr. Annemarie Schr\u00f6der (UK Rostock, <a href=\"mailto:annemarie.schroeder@med.uni-rostock.de\">annemarie.schroeder@med.uni-rostock.de<\/a>)<br \/>\nDr. Fabian Troschel (UK M\u00fcnster, <a href=\"mailto:fabian.troschel@uni-muenster.de\">fabian.troschel@uni-muenster.de<\/a>)<\/p>\n<\/div>\n<\/div><\/div><div class=\"so-panel widget widget_sow-editor panel-last-child\" id=\"panel-529-3-0-1\" data-index=\"14\"><div class=\"so-widget-sow-editor so-widget-sow-editor-base\">\n<div class=\"siteorigin-widget-tinymce textwidget\">\n\t<hr \/>\n<\/div>\n<\/div><\/div><\/div><\/div><div class=\"panel-grid\" id=\"pg-529-4\" ><div class=\"panel-grid-cell\" id=\"pgc-529-4-0\" ><div class=\"so-panel widget widget_sow-editor panel-first-child\" id=\"panel-529-4-0-0\" data-index=\"15\"><div class=\"so-widget-sow-editor so-widget-sow-editor-base\"><h3 class=\"widget-title\">jDEGRO\/DEGRO-Weiterbildung f\u00fcr Mitarbeitende in der Radioonkologie<\/h3>\n<div class=\"siteorigin-widget-tinymce textwidget\">\n\t<p>Die <a href=\"https:\/\/www.degro.org\/\">Deutsche Gesellschaft f\u00fcr Radioonkologie (DEGRO) e. V.<\/a> bietet gemeinsam mit ihrer Arbeitsgruppe \"Junge DEGRO\" an <strong>jedem zweiten Mittwoch im Monat<\/strong> eine 2-st\u00fcndige Online-Weiterbildungsveranstaltung f\u00fcr Mitarbeitende in der Radioonkologie an. Dabei werden unter anderem theoretische sowie klinische Themen behandelt.<\/p>\n<p>Das vorl\u00e4ufige Programm finden Sie <a href=\"https:\/\/www.degro.org\/wp-content\/uploads\/2023\/06\/20230619_Programm_Weiterbildung-fuer-Mitarbeitende-in-der-Radioonkologie.pdf\">hier<\/a>.<\/p>\n<\/div>\n<\/div><\/div><div class=\"so-panel widget widget_button\" id=\"panel-529-4-0-1\" data-index=\"16\"><div class=\"thim-widget-button thim-widget-button-base\"><a class=\"widget-button  normal\" href=\"https:\/\/www.degro.org\/veranstaltungen-degro\/weiterbildung-fuer-mitarbeitende-in-der-radioonkologie\/\" target=\"_blank\" style=\"\" data-hover=\"\"><i class=\"fa fa-pencil-square-o\" style=\"font-size: 14px;\"><\/i> Zur Erstanmeldung & Registrierung<\/a><\/div><\/div><div class=\"so-panel widget widget_button\" id=\"panel-529-4-0-2\" data-index=\"17\"><div class=\"thim-widget-button thim-widget-button-base\"><a class=\"widget-button  normal\" href=\"https:\/\/mitglieder.degro.org\/weiterbildung.jsp\" target=\"_blank\" style=\"\" data-hover=\"\"><i class=\"fa fa-paste\" style=\"font-size: 14px;\"><\/i> Pr\u00e4sentationen & Vortragsfolien<\/a><\/div><\/div><div class=\"so-panel widget widget_sow-editor panel-last-child\" id=\"panel-529-4-0-3\" data-index=\"18\"><div class=\"so-widget-sow-editor so-widget-sow-editor-base\">\n<div class=\"siteorigin-widget-tinymce textwidget\">\n\t<hr \/>\n<\/div>\n<\/div><\/div><\/div><\/div><div class=\"panel-grid\" id=\"pg-529-5\" ><div class=\"panel-grid-cell\" id=\"pgc-529-5-0\" ><div class=\"so-panel widget widget_sow-editor panel-first-child\" id=\"panel-529-5-0-0\" data-index=\"19\"><div class=\"so-widget-sow-editor so-widget-sow-editor-base\"><h3 class=\"widget-title\">e-Learning mit der European School of Oncology - ESO<\/h3>\n<div class=\"siteorigin-widget-tinymce textwidget\">\n\t<p>Die ESO bietet auf Ihrer Homepage <a href=\"http:\/\/www.e-eso.net\">www.e-eso.net<\/a> interessante CME-akkreditierte e-Learning Sessions zu verschiedenen onkologischen Themen an.<\/p>\n<p>Die Kurse sind kostenlos und finden jeden Donnerstag im webcast von 18:15 bis 19:00 CET statt. Man kann die Kurse auch offline unter Erhalt der CME credits ansehen.<\/p>\n<p>Vorbeischauen lohnt sich!<\/p>\n<\/div>\n<\/div><\/div><div class=\"so-panel widget widget_sow-editor\" id=\"panel-529-5-0-1\" data-index=\"20\"><div class=\"so-widget-sow-editor so-widget-sow-editor-base\">\n<div class=\"siteorigin-widget-tinymce textwidget\">\n\t<hr \/>\n<\/div>\n<\/div><\/div><div class=\"so-panel widget widget_sow-editor\" id=\"panel-529-5-0-2\" data-index=\"21\"><div class=\"so-widget-sow-editor so-widget-sow-editor-base\"><h3 class=\"widget-title\">Veranstaltungskalender der DEGRO<\/h3>\n<div class=\"siteorigin-widget-tinymce textwidget\">\n\t<p>weitere Veranstaltungen finden sich auch im <a href=\"https:\/\/mitglieder.degro.org\/kalenderListe.jsp\">Veranstaltungskalender der DEGRO<\/a><\/p>\n<\/div>\n<\/div><\/div><div class=\"so-panel widget widget_sow-editor panel-last-child\" id=\"panel-529-5-0-3\" data-index=\"22\"><div class=\"so-widget-sow-editor so-widget-sow-editor-base\">\n<div class=\"siteorigin-widget-tinymce textwidget\">\n\t<\/div>\n<\/div><\/div><\/div><\/div><\/div>","protected":false},"excerpt":{"rendered":"<p>#pg-529-0 , #pg-529-1 , #pg-529-2 , #pg-529-3 , #pg-529-4 , #pl-529 .panel-grid-cell .so-panel { margin-bottom:30px } #pg-529-0 .panel-grid-cell , #pg-529-1 .panel-grid-cell , #pg-529-2 .panel-grid-cell , #pg-529-3 .panel-grid-cell , #pg-529-4 .panel-grid-cell , #pg-529-5 .panel-grid-cell { float:none } #pl-529 .panel-grid-cell .so-panel:last-child { <\/p>\n","protected":false},"author":8,"featured_media":0,"parent":0,"menu_order":0,"comment_status":"closed","ping_status":"closed","template":"","meta":[],"_links":{"self":[{"href":"https:\/\/www.degro.org\/jd\/wp-json\/wp\/v2\/pages\/529"}],"collection":[{"href":"https:\/\/www.degro.org\/jd\/wp-json\/wp\/v2\/pages"}],"about":[{"href":"https:\/\/www.degro.org\/jd\/wp-json\/wp\/v2\/types\/page"}],"author":[{"embeddable":true,"href":"https:\/\/www.degro.org\/jd\/wp-json\/wp\/v2\/users\/8"}],"replies":[{"embeddable":true,"href":"https:\/\/www.degro.org\/jd\/wp-json\/wp\/v2\/comments?post=529"}],"version-history":[{"count":114,"href":"https:\/\/www.degro.org\/jd\/wp-json\/wp\/v2\/pages\/529\/revisions"}],"predecessor-version":[{"id":1778,"href":"https:\/\/www.degro.org\/jd\/wp-json\/wp\/v2\/pages\/529\/revisions\/1778"}],"wp:attachment":[{"href":"https:\/\/www.degro.org\/jd\/wp-json\/wp\/v2\/media?parent=529"}],"curies":[{"name":"wp","href":"https:\/\/api.w.org\/{rel}","templated":true}]}}