


{"id":1689,"date":"2025-11-11T12:47:52","date_gmt":"2025-11-11T11:47:52","guid":{"rendered":"https:\/\/www.degro.org\/jd\/?page_id=1689"},"modified":"2025-11-11T12:58:08","modified_gmt":"2025-11-11T11:58:08","slug":"jdegro-zu-gast-2","status":"publish","type":"page","link":"https:\/\/www.degro.org\/jd\/jdegro-zu-gast-2\/","title":{"rendered":"jDEGRO zu Gast"},"content":{"rendered":"<div id=\"pl-1689\"><style scoped>#pg-1689-0 .panel-grid-cell { float:none } #pl-1689 .panel-grid-cell .so-panel { margin-bottom:30px } #pl-1689 .panel-grid-cell .so-panel:last-child { margin-bottom:0px } #pg-1689-0 { margin-left:-15px;margin-right:-15px } #pg-1689-0 .panel-grid-cell { padding-left:15px;padding-right:15px } @media (max-width:780px){ #pg-1689-0 .panel-grid-cell { float:none;width:auto } #pl-1689 .panel-grid , #pl-1689 .panel-grid-cell {  } #pl-1689 .panel-grid .panel-grid-cell-empty { display:none } #pl-1689 .panel-grid .panel-grid-cell-mobile-last { margin-bottom:0px }  } <\/style><div class=\"panel-grid\" id=\"pg-1689-0\" ><div class=\"panel-grid-cell\" id=\"pgc-1689-0-0\" ><div class=\"so-panel widget widget_heading panel-first-child\" id=\"panel-1689-0-0-0\" data-index=\"0\"><div class=\"thim-widget-heading thim-widget-heading-base\"><div class=\"sc_heading text-left\"><h3 class=\"title\">jDEGRO zu Gast in Rostock<\/h3><p class=\"sub-heading\" style=\"\">Freitag, 07. November 2025 - Samstag 08. November 2025<\/p><span class=\"line\"><\/span><\/div><\/div><\/div><div class=\"so-panel widget widget_sow-image\" id=\"panel-1689-0-0-1\" data-index=\"1\"><div class=\"so-widget-sow-image so-widget-sow-image-default-3f547a15eaaa\">\n\n<div class=\"sow-image-container\">\n\t<img src=\"https:\/\/www.degro.org\/jd\/wp-content\/uploads\/sites\/8\/2025\/11\/jDEGRO_Rostock_Collage2.jpg\" width=\"2250\" height=\"1800\" srcset=\"https:\/\/www.degro.org\/jd\/wp-content\/uploads\/sites\/8\/2025\/11\/jDEGRO_Rostock_Collage2.jpg 2250w, https:\/\/www.degro.org\/jd\/wp-content\/uploads\/sites\/8\/2025\/11\/jDEGRO_Rostock_Collage2-300x240.jpg 300w, https:\/\/www.degro.org\/jd\/wp-content\/uploads\/sites\/8\/2025\/11\/jDEGRO_Rostock_Collage2-1024x819.jpg 1024w, https:\/\/www.degro.org\/jd\/wp-content\/uploads\/sites\/8\/2025\/11\/jDEGRO_Rostock_Collage2-768x614.jpg 768w, https:\/\/www.degro.org\/jd\/wp-content\/uploads\/sites\/8\/2025\/11\/jDEGRO_Rostock_Collage2-1536x1229.jpg 1536w, https:\/\/www.degro.org\/jd\/wp-content\/uploads\/sites\/8\/2025\/11\/jDEGRO_Rostock_Collage2-2048x1638.jpg 2048w\" title=\"jDEGRO_Rostock_Collage(2)\"  class=\"so-widget-image\"\/>\n<\/div>\n\n<\/div><\/div><div class=\"so-panel widget widget_sow-editor\" id=\"panel-1689-0-0-2\" data-index=\"2\"><div class=\"so-widget-sow-editor so-widget-sow-editor-base\">\n<div class=\"siteorigin-widget-tinymce textwidget\">\n\t<p><span class=\"break-words tvm-parent-container\"><span dir=\"ltr\">\ud83c\udfaf JDEGRO zu Gast in Rostock 2025 - zwei Tage voller Energie, Austausch und Inspiration.\u00a0<\/span><\/span><\/p>\n<p>Rostock ist erstrahlt - und wir gleich mit.<span class=\"break-words tvm-parent-container\"><span dir=\"ltr\"> \ud83d\udcab<\/span><\/span><\/p>\n<p>Vom praxisnahen Crashkurs Palliative Radioonkologie \u00fcber engagierte AG-Treffen, Mentoring und wissenschaftlichen Austausch bis hin zu inspirierender Weiterbildung und Vernetzung - die junge DEGRO hat eindrucksvoll gezeigt, wie viel Dynamik, Ideenreichtum und Gestaltungswille in ihr stecken.\u00a0<\/p>\n<p>Was diese beiden Tage besonders gepr\u00e4gt hat:<\/p>\n<ul>\n<li>Wissenstransfer, der direkt im Klinikalltag ankommt<\/li>\n<li>Begegnungen auf Augenh\u00f6he - multiprofessionell und standort\u00fcbergreifend\u00a0<\/li>\n<li>Menschen, die Verantwortung \u00fcbernehmen und Zukunft gestalten<\/li>\n<\/ul>\n<p><span class=\"break-words tvm-parent-container\"><span dir=\"ltr\">\ud83d\udca1Rostock war ein Ort der Begegnung, der neuen Ideen und des Aufbruchs. Diese Aufbruchsstimmung nehmen wir mit - und entwickeln sie weiter!<\/span><\/span><\/p>\n<p>Bereit f\u00fcr das n\u00e4chste Kapitel? Wir starten gemeinsam durch!<\/p>\n<\/div>\n<\/div><\/div><div class=\"so-panel widget widget_heading\" id=\"panel-1689-0-0-3\" data-index=\"3\"><div class=\"thim-widget-heading thim-widget-heading-base\"><div class=\"sc_heading text-left\"><h3 class=\"title\">jDEGRO zu Gast in D\u00fcsseldorf<\/h3><p class=\"sub-heading\" style=\"\">Freitag 14. M\u00e4rz 2025 - Samstag 15. M\u00e4rz 2025<\/p><span class=\"line\"><\/span><\/div><\/div><\/div><div class=\"so-panel widget widget_sow-image\" id=\"panel-1689-0-0-4\" data-index=\"4\"><div class=\"so-widget-sow-image so-widget-sow-image-default-3f547a15eaaa\">\n\n<div class=\"sow-image-container\">\n\t<img src=\"https:\/\/www.degro.org\/jd\/wp-content\/uploads\/sites\/8\/2025\/04\/jDEGROzuGastDue_website.jpg\" width=\"549\" height=\"395\" srcset=\"https:\/\/www.degro.org\/jd\/wp-content\/uploads\/sites\/8\/2025\/04\/jDEGROzuGastDue_website.jpg 549w, https:\/\/www.degro.org\/jd\/wp-content\/uploads\/sites\/8\/2025\/04\/jDEGROzuGastDue_website-300x216.jpg 300w\"  class=\"so-widget-image\"\/>\n<\/div>\n\n<\/div><\/div><div class=\"so-panel widget widget_sow-editor\" id=\"panel-1689-0-0-5\" data-index=\"5\"><div class=\"so-widget-sow-editor so-widget-sow-editor-base\">\n<div class=\"siteorigin-widget-tinymce textwidget\">\n\t<p>Was f\u00fcr ein gro\u00dfartiges Event! Am 14. Und 15. M\u00e4rz haben wir in D\u00fcsseldorf zwei Tage lang gemeinsam gelernt, diskutiert und die Zukunft der Radioonkologie weitergedacht. Von spannenden Crashkursen \u00fcber Pr\u00fcfungssimulation bis hin zu intensiven Diskussionen \u2013 die Energie und das Engagement der Teilnehmenden waren einfach beeindruckend!<\/p>\n<p>Und das Beste: Mit 95 Teilnehmenden haben wir einen neuen Rekord aufgestellt!\u00a0 So viele junge, motivierte Kolleg:innen wie noch nie zuvor \u2013 ein starkes Zeichen f\u00fcr den Nachwuchs in der Radioonkologie!<\/p>\n<p>Ein besonderer Dank geht an Univ.-Prof. Dr. med. Juliane H\u00f6rner-Rieber, die uns als Gastgeberin und Klinikdirektorin so herzlich empfangen hat. Auch die Unterst\u00fctzung durch die Sponsoren war wieder einmal hervorragend!<\/p>\n<p>Events wie diese zeigen, wie wichtig der wissenschaftliche Austausch und interdisziplin\u00e4re Zusammenarbeit sind. Wir freuen uns jetzt schon auf die jDEGRO zu Gast in Rostock im November 2025!<\/p>\n<\/div>\n<\/div><\/div><div class=\"so-panel widget widget_heading\" id=\"panel-1689-0-0-6\" data-index=\"6\"><div class=\"thim-widget-heading thim-widget-heading-base\"><div class=\"sc_heading text-left\"><h3 class=\"title\">jDEGRO zu Gast in Mainz<\/h3><p class=\"sub-heading\" style=\"\">Freitag, 22. November 2024 - Samstag, 23. November 2024<\/p><span class=\"line\"><\/span><\/div><\/div><\/div><div class=\"so-panel widget widget_sow-image\" id=\"panel-1689-0-0-7\" data-index=\"7\"><div class=\"so-widget-sow-image so-widget-sow-image-default-3f547a15eaaa\">\n\n<div class=\"sow-image-container\">\n\t<img src=\"https:\/\/www.degro.org\/jd\/wp-content\/uploads\/sites\/8\/2024\/12\/Mainz-Gruppenfoto.jpg\" width=\"2466\" height=\"1762\" srcset=\"https:\/\/www.degro.org\/jd\/wp-content\/uploads\/sites\/8\/2024\/12\/Mainz-Gruppenfoto.jpg 2466w, https:\/\/www.degro.org\/jd\/wp-content\/uploads\/sites\/8\/2024\/12\/Mainz-Gruppenfoto-300x214.jpg 300w, https:\/\/www.degro.org\/jd\/wp-content\/uploads\/sites\/8\/2024\/12\/Mainz-Gruppenfoto-1024x732.jpg 1024w, https:\/\/www.degro.org\/jd\/wp-content\/uploads\/sites\/8\/2024\/12\/Mainz-Gruppenfoto-768x549.jpg 768w, https:\/\/www.degro.org\/jd\/wp-content\/uploads\/sites\/8\/2024\/12\/Mainz-Gruppenfoto-1536x1097.jpg 1536w, https:\/\/www.degro.org\/jd\/wp-content\/uploads\/sites\/8\/2024\/12\/Mainz-Gruppenfoto-2048x1463.jpg 2048w\" title=\"Mainz Gruppenfoto\"  class=\"so-widget-image\"\/>\n<\/div>\n\n<\/div><\/div><div class=\"so-panel widget widget_sow-editor panel-last-child\" id=\"panel-1689-0-0-8\" data-index=\"8\"><div class=\"so-widget-sow-editor so-widget-sow-editor-base\">\n<div class=\"siteorigin-widget-tinymce textwidget\">\n\t<p>Am 22. und 23. November fand die vierte Ausgabe des Formats \u201eJunge DEGRO zu Gast\u201c in Mainz statt. Die Universit\u00e4tsmedizin Mainz und eine beeindruckende Liste renommierter Referentinnen und Referenten lockten zahlreiche junge Kolleginnen und Kollegen aus Medizin, Physik und Biologie zu dieser Veranstaltung.<\/p>\n<p>Dieses Veranstaltungsformat, das die Weiterbildungsangebote der Arbeitsgruppe Junge DEGRO erweitert, hat das Ziel, neben engagierten Mitgliedern auch Neueinsteiger f\u00fcr die Arbeit der jDEGRO zu gewinnen. In regelm\u00e4\u00dfigen Treffen erhalten Teilnehmende Einblicke in aktuelle Entwicklungen und Herausforderungen in der Strahlentherapie.<\/p>\n<p>Auch in Mainz konnte die Junge DEGRO wieder namhafte Expertinnen und Experten f\u00fcr ihre Vortr\u00e4ge gewinnen. In Form eines mehrteiligen \u201eCrashkurses\u201c wurden wesentliche Inhalte zur Facharztvorbereitung im Bereich Immuntherapie praxisnah und kurzweilig vermittelt.<\/p>\n<p>Die Vortr\u00e4ge behandelten zentrale Aspekte der Immuntherapie in bew\u00e4hrter Qualit\u00e4t. So erg\u00e4nzte Dr. A. Desuki den medizinischen Blick auf personalisierte Medizin in der Radioonkologie, w\u00e4hrend Prof. W. Budach die Wirkung und Toxizit\u00e4t der Immuntherapie beleuchtete. Weitere Schwerpunkte lagen auf den Grundlagen der Immunbiologie (Prof. T. Bopp), SBRT-Immuntherapie (Prof. Gkika), Radioimmunbiologie (Prof. U. Gaipl) sowie den Grenzen und Zukunftsperspektiven der Radioimmuntherapie (Dr. M. Trommer). Einen praxisnahen Einblick ins Nebenwirkungsmanagement gab Dr. M. Fried.<\/p>\n<p>Einen besonderen Akzent setzte der Pathologe Ch. Eckert, der die Teilnehmenden mit einer spannenden Einf\u00fchrung in die Immunpathologie begeisterte.<\/p>\n<p>Die Abendveranstaltung und Diskussionsrunden boten den Teilnehmenden zahlreiche Gelegenheiten f\u00fcr interdisziplin\u00e4ren Austausch und Netzwerkbildung. Am zweiten Tag stellte Dr.\u00a0 Maike Trommer die erfolgreiche Arbeitsgruppe \u201eFrauen in der Radioonkologie\u201c vor, gefolgt von einem Gastvortrag von Dr. Anne Hopprich im Rahmen des Mentoring- Programms. Sie berichtete aus ihrer Perspektive als Leiterin einer Rehaklinik und gab Einblicke in ihren Werdegang von der Universit\u00e4tsmedizin hin zur F\u00fchrungsposition, erg\u00e4nzt durch Weiterbildungen wie Palliativmedizin und Ethikberatung im Gesundheitswesen. Ihr Vortrag bot jungen Teilnehmenden einen inspirierenden Einblick in alternative Karrierewege in der Radioonkologie.<\/p>\n<p>Ein weiterer Schwerpunkt der Veranstaltung war die Vernetzung zwischen den interdisziplin\u00e4ren Gruppen der jungen DEGRO mit der yDGN, jDEGBS sowie TeamInternational und Weiterbildung. Dabei wurden Livia Schmidt und Mathias Sonnhoff als neue Vorsitzende der Jungen DEGRO begr\u00fc\u00dft. Felix Ehret \u00fcbernahm die Leitung der Trial Group, w\u00e4hrend Lara Caglayan, Felix Grabenbauer und Maren Sch\u00f6neich die PR-Gruppe unterst\u00fctzen. Justus Kaufmann \u00fcbernimmt k\u00fcnftig die Koordination der Literaturkommentare f\u00fcr Strahlentherapie und Onkologie.<\/p>\n<p>Ein besonderer Dank gilt den Dozentinnen und Dozenten sowie den Organisatorinnen und Organisatoren f\u00fcr ihr au\u00dferordentliches Engagement. Ihr Einsatz f\u00fcr die F\u00f6rderung des Nachwuchses in der Radioonkologie ist von unsch\u00e4tzbarem Wert und unterstreicht die Bedeutung unserer Disziplin.<\/p>\n<\/div>\n<\/div><\/div><\/div><\/div><\/div>","protected":false},"excerpt":{"rendered":"<p>#pg-1689-0 .panel-grid-cell { float:none } #pl-1689 .panel-grid-cell .so-panel { margin-bottom:30px } #pl-1689 .panel-grid-cell .so-panel:last-child { margin-bottom:0px } #pg-1689-0 { margin-left:-15px;margin-right:-15px } #pg-1689-0 .panel-grid-cell { padding-left:15px;padding-right:15px } @media (max-width:780px){ #pg-1689-0 .panel-grid-cell { float:none;width:auto } #pl-1689 .panel-grid , #pl-1689 .panel-grid-cell {  <\/p>\n","protected":false},"author":8,"featured_media":0,"parent":0,"menu_order":0,"comment_status":"closed","ping_status":"closed","template":"","meta":[],"_links":{"self":[{"href":"https:\/\/www.degro.org\/jd\/wp-json\/wp\/v2\/pages\/1689"}],"collection":[{"href":"https:\/\/www.degro.org\/jd\/wp-json\/wp\/v2\/pages"}],"about":[{"href":"https:\/\/www.degro.org\/jd\/wp-json\/wp\/v2\/types\/page"}],"author":[{"embeddable":true,"href":"https:\/\/www.degro.org\/jd\/wp-json\/wp\/v2\/users\/8"}],"replies":[{"embeddable":true,"href":"https:\/\/www.degro.org\/jd\/wp-json\/wp\/v2\/comments?post=1689"}],"version-history":[{"count":4,"href":"https:\/\/www.degro.org\/jd\/wp-json\/wp\/v2\/pages\/1689\/revisions"}],"predecessor-version":[{"id":1695,"href":"https:\/\/www.degro.org\/jd\/wp-json\/wp\/v2\/pages\/1689\/revisions\/1695"}],"wp:attachment":[{"href":"https:\/\/www.degro.org\/jd\/wp-json\/wp\/v2\/media?parent=1689"}],"curies":[{"name":"wp","href":"https:\/\/api.w.org\/{rel}","templated":true}]}}