


{"id":158,"date":"2017-03-02T16:41:06","date_gmt":"2017-03-02T15:41:06","guid":{"rendered":"https:\/\/www.degro.org\/jd\/?page_id=158"},"modified":"2023-07-20T11:55:32","modified_gmt":"2023-07-20T09:55:32","slug":"links-zur-weiterbildung","status":"publish","type":"page","link":"https:\/\/www.degro.org\/jd\/aktivitaeten\/team-weiterbildung\/links-zur-weiterbildung\/","title":{"rendered":"Links zur Weiterbildung"},"content":{"rendered":"<div id=\"pl-158\"><style scoped>#pg-158-0 , #pg-158-1 , #pl-158 .panel-grid-cell .so-panel { margin-bottom:30px } #pg-158-0 .panel-grid-cell , #pg-158-2 .panel-grid-cell { float:none } #pgc-158-1-0 { width:61.803% } #pgc-158-1-1 { width:38.197% } #pg-158-1 .panel-grid-cell { float:left } #pl-158 .panel-grid-cell .so-panel:last-child { margin-bottom:0px } #pg-158-0 , #pg-158-1 , #pg-158-2 { margin-left:-15px;margin-right:-15px } #pg-158-0 .panel-grid-cell , #pg-158-1 .panel-grid-cell , #pg-158-2 .panel-grid-cell { padding-left:15px;padding-right:15px } @media (max-width:780px){ #pg-158-0 .panel-grid-cell , #pg-158-1 .panel-grid-cell , #pg-158-2 .panel-grid-cell { float:none;width:auto } #pgc-158-1-0 { margin-bottom:30px } #pl-158 .panel-grid , #pl-158 .panel-grid-cell {  } #pl-158 .panel-grid .panel-grid-cell-empty { display:none } #pl-158 .panel-grid .panel-grid-cell-mobile-last { margin-bottom:0px }  } <\/style><div class=\"panel-grid\" id=\"pg-158-0\" ><div class=\"panel-grid-cell\" id=\"pgc-158-0-0\" ><div class=\"so-panel widget widget_sow-editor panel-first-child panel-last-child\" id=\"panel-158-0-0-0\" data-index=\"0\"><div class=\"so-widget-sow-editor so-widget-sow-editor-base\">\n<div class=\"siteorigin-widget-tinymce textwidget\">\n\t<p>Die folgende Auflistung soll dabei helfen, eine \u00dcbersicht \u00fcber die vielf\u00e4ltigen Angebote f\u00fcr junge Kolleginnen und Kollegen zu gewinnen. Falls Ihr noch weitere hilfreiche Quellen und Informationen kennt, freuen wir uns \u00fcber eine Nachricht an <a href=\"mailto:info@jdegro.org\">info@jdegro.org<\/a>.<\/p>\n<\/div>\n<\/div><\/div><\/div><\/div><div class=\"panel-grid\" id=\"pg-158-1\" ><div class=\"panel-grid-cell\" id=\"pgc-158-1-0\" ><div class=\"so-panel widget widget_sow-editor panel-first-child panel-last-child\" id=\"panel-158-1-0-0\" data-index=\"1\"><div class=\"degro-liste panel-widget-style\" ><div class=\"so-widget-sow-editor so-widget-sow-editor-base\">\n<div class=\"siteorigin-widget-tinymce textwidget\">\n\t<p><strong>Links zur Weiterbildung<\/strong><\/p>\n<p><strong>Berufsbild Strahlentherapie und Radioonkologie<\/strong><\/p>\n<p><a href=\"http:\/\/www.degro.org\/strahlentherapeut-ein-spannender-und-abwechslungsreicher-beruf-flexibilitaet-bei-der-arbeitszeit-und-viele-karrieremoeglichkeiten\/\">www.degro.org\/strahlentherapeut-ein-spannender-und-abwechslungsreicher-beruf-flexibilitaet-bei-der-arbeitszeit-und-viele-karrieremoeglichkei<\/a><a href=\"http:\/\/www.degro.org\/strahlentherapeut-ein-spannender-und-abwechslungsreicher-beruf-flexibilitaet-bei-der-arbeitszeit-und-viele-karrieremoeglichkeiten\/\">ten\/<\/a><\/p>\n<p><strong>Weiterbildungsangebote der Fachgesellschaften und Arbeitsgruppen<\/strong><\/p>\n<p><a href=\"http:\/\/www.degro.org\/akademie\/aktuelle-kurse\">www.degro.org\/akademie\/aktuelle-kurse<\/a><\/p>\n<p><a href=\"https:\/\/proxy1.uk-halle.de\/owa\/redir.aspx?C=fomREde7JzPBV20mHcpvAcGkA_oo94Wcnim33cb-nd2MDlclR17UCA..&amp;URL=http%3a%2f%2fwww.estro.org%2fschool\">www.estro.org\/school<\/a><\/p>\n<p><a href=\"http:\/\/www.neuroonkologie.de\/veranstaltungen\">www.neuroonkologie.de\/veranstaltungen<\/a><\/p>\n<p><a href=\"http:\/\/www.krebsgesellschaft.de\/aktuelle-themen\/service\/termine.html\">www.krebsgesellschaft.de\/aktuelle-themen\/service\/termine.html<\/a><\/p>\n<p><a href=\"http:\/\/www.esmo.org\/Conferences\/Workshops-Courses\">www.esmo.org\/Conferences\/Workshops-Courses<\/a><\/p>\n<p><strong>Online Konturierungsatlanten<\/strong><\/p>\n<p><a href=\"https:\/\/econtour.org\">https:\/\/econtour.org<\/a><\/p>\n<p><strong>(Radio)-Onkologische Tools<\/strong><\/p>\n<table class=\" alignleft\" style=\"height: 122px;border-color: #000000;background-color: #d9d9d9\" width=\"596\">\n<tbody>\n<tr>\n<td><a href=\"http:\/\/www.eqd2.de\">http:\/\/www.eqd2.de\u00a0<\/a><\/td>\n<td>EQD2-Rechner<\/td>\n<\/tr>\n<tr>\n<td style=\"background-color: #e9e9e9\"><a href=\"http:\/\/www.uni-ulm.de\/onkologie\/tools\/ko.php\" target=\"_blank\" rel=\"noopener noreferrer\">http:\/\/www.uni-ulm.de\/onkologie\/tools\/ko.php<\/a><\/td>\n<td style=\"background-color: #e9e9e9\">K\u00f6rperoberfl\u00e4che<\/td>\n<\/tr>\n<tr>\n<td><a href=\"http:\/\/www.predict.nhs.uk\/predict_v2.0.html\" target=\"_blank\" rel=\"noopener noreferrer\">http:\/\/www.predict.nhs.uk\/predict_v2.0.html<\/a><\/td>\n<td>Mamma Prognose<\/td>\n<\/tr>\n<tr>\n<td style=\"background-color: #e9e9e9\"><a href=\"http:\/\/www.prostatecalculator.org\" target=\"_blank\" rel=\"noopener noreferrer\">http:\/\/www.prostatecalculator.org<\/a><\/td>\n<td style=\"background-color: #e9e9e9\">Prostata-Tool<\/td>\n<\/tr>\n<\/tbody>\n<\/table>\n<p><a href=\"http:\/\/www.esmo.org\/Oncology-News\">www.estro.org\/<br \/>\nwww.neuroonkologie.de\/<br \/>\nwww.esmo.org\/<br \/>\n<\/a><\/p>\n<p><a href=\"http:\/\/www.practiceupdate.com\/explore\">http:\/\/www.practiceupdate.com\/explore<\/a><\/p>\n<p><strong>\u00a0<\/strong><\/p>\n<\/div>\n<\/div><\/div><\/div><\/div><div class=\"panel-grid-cell\" id=\"pgc-158-1-1\" ><div class=\"so-panel widget widget_sow-editor panel-first-child panel-last-child\" id=\"panel-158-1-1-0\" data-index=\"2\"><div class=\"so-widget-sow-editor so-widget-sow-editor-base\">\n<div class=\"siteorigin-widget-tinymce textwidget\">\n\t<p><img loading=\"lazy\" class=\"alignnone size-medium wp-image-168\" src=\"https:\/\/www.degro.org\/jd\/wp-content\/uploads\/sites\/8\/2017\/02\/jDEGRO_Weiterbildung_Links-300x200.jpg\" alt=\"\" width=\"300\" height=\"200\" srcset=\"https:\/\/www.degro.org\/jd\/wp-content\/uploads\/sites\/8\/2017\/02\/jDEGRO_Weiterbildung_Links-300x200.jpg 300w, https:\/\/www.degro.org\/jd\/wp-content\/uploads\/sites\/8\/2017\/02\/jDEGRO_Weiterbildung_Links-768x512.jpg 768w, https:\/\/www.degro.org\/jd\/wp-content\/uploads\/sites\/8\/2017\/02\/jDEGRO_Weiterbildung_Links-1024x682.jpg 1024w, https:\/\/www.degro.org\/jd\/wp-content\/uploads\/sites\/8\/2017\/02\/jDEGRO_Weiterbildung_Links-272x182.jpg 272w, https:\/\/www.degro.org\/jd\/wp-content\/uploads\/sites\/8\/2017\/02\/jDEGRO_Weiterbildung_Links.jpg 1688w\" sizes=\"(max-width: 300px) 100vw, 300px\" \/><br \/>\n\u00a9 vege\/fotolia<\/p>\n<\/div>\n<\/div><\/div><\/div><\/div><div class=\"panel-grid\" id=\"pg-158-2\" ><div class=\"panel-grid-cell\" id=\"pgc-158-2-0\" ><div class=\"so-panel widget widget_sow-editor panel-first-child panel-last-child\" id=\"panel-158-2-0-0\" data-index=\"3\"><div class=\"so-widget-sow-editor so-widget-sow-editor-base\">\n<div class=\"siteorigin-widget-tinymce textwidget\">\n\t<p><strong>\u00a0Informationen der Landes\u00e4rztekammern<\/strong><\/p>\n<table width=\"738\">\n<tbody>\n<tr>\n<td style=\"background-color: #d9d9d9;width: 168px\" width=\"168\">\u00a0<\/td>\n<td style=\"background-color: #d9d9d9;width: 168px\" width=\"192\"><strong>Website Landes\u00e4rztekammer<\/strong><\/td>\n<td style=\"background-color: #d9d9d9;width: 168px\" width=\"164\"><strong>Weiterbildungsbefugte<\/strong><\/td>\n<td style=\"background-color: #d9d9d9;width: 168px\" width=\"214\"><strong>Logbuch Strahlentherapie<\/strong><\/td>\n<\/tr>\n<tr>\n<td style=\"background-color: #e9e9e9;width: 168px\" width=\"168\"><strong>Bayern<\/strong><\/td>\n<td style=\"background-color: #e9e9e9;width: 168px\" width=\"192\"><a href=\"http:\/\/www.blaek.de\/\" target=\"_blank\" rel=\"noopener noreferrer\">http:\/\/www.blaek.de\/<\/a><\/td>\n<td style=\"background-color: #e9e9e9;width: 168px\" width=\"164\"><a href=\"http:\/\/www.blaek.de\/weiterbildung\/befugnis\/befugnisse.cfm?id_ebene1=3&amp;CFID=9643929&amp;CFTOKEN=78abcecd16e4842f-C32C1361-5056-A243-42A74A64D0BE2522\" target=\"_blank\" rel=\"noopener noreferrer\">Weiterbildungsbefugte in Bayern<\/a><\/td>\n<td style=\"background-color: #e9e9e9;width: 168px\" width=\"214\"><a href=\"http:\/\/www.blaek.de\/weiterbildung\/wbo_2010\/download\/Doku\/B\/D10FAAnaesthesiologie.pdf\" target=\"_blank\" rel=\"noopener noreferrer\">Logbuch Strahlentherapie Bayern<\/a><\/td>\n<\/tr>\n<tr>\n<td style=\"background-color: #d9d9d9;width: 168px\" width=\"168\"><strong>Baden-W\u00fcrttemberg<\/strong><\/td>\n<td style=\"background-color: #d9d9d9;width: 168px\" width=\"192\"><a href=\"http:\/\/www.aerztekammer-bw.de\/\" target=\"_blank\" rel=\"noopener noreferrer\">http:\/\/www.aerztekammer-bw.de\/<\/a><\/td>\n<td style=\"background-color: #d9d9d9;width: 168px\" width=\"164\"><a href=\"http:\/\/www.aerztekammer-bw.de\/10aerzte\/30weiterbildung\/20wbbefugt\/index.html\" target=\"_blank\" rel=\"noopener noreferrer\">Weiterbildungsbefugte in Baden-W\u00fcrttemberg<\/a><\/td>\n<td style=\"background-color: #d9d9d9;width: 168px\" width=\"214\"><a href=\"http:\/\/www.aerztekammer-bw.de\/10aerzte\/30weiterbildung\/09\/gebiete\/31.pdf\" target=\"_blank\" rel=\"noopener noreferrer\">Logbuch Strahlentherapie Baden-W\u00fcrttemberg<\/a><\/td>\n<\/tr>\n<tr>\n<td style=\"background-color: #e9e9e9;width: 168px\" width=\"168\"><strong>Berlin<\/strong><\/td>\n<td style=\"background-color: #e9e9e9;width: 168px\" width=\"192\"><a href=\"http:\/\/www.aerztekammer-berlin.de\/\" target=\"_blank\" rel=\"noopener noreferrer\">http:\/\/www.aerztekammer-berlin.de\/<\/a><\/td>\n<td style=\"background-color: #e9e9e9;width: 168px\" width=\"164\"><a href=\"http:\/\/www.aerztekammer-berlin.de\/10arzt\/15_Weiterbildung\/13a_Befugtensuche\/\" target=\"_blank\" rel=\"noopener noreferrer\">Weiterbildungsbefugte in Berlin<\/a><\/td>\n<td style=\"background-color: #e9e9e9;width: 168px\" width=\"214\"><a href=\"http:\/\/www.aerztekammer-berlin.de\/10arzt\/15_Weiterbildung\/11Logbuecher\/Facharzt-Weiterbildung\/Uebersicht_LB_Strahlentherapie\/Logbuch-FA-Strahlentherapie.pdf\" target=\"_blank\" rel=\"noopener noreferrer\">Logbuch Strahlentherapie Berlin<\/a><\/td>\n<\/tr>\n<tr>\n<td style=\"background-color: #d9d9d9\"><strong>Brandenburg<\/strong><\/td>\n<td style=\"background-color: #d9d9d9\"><a href=\"https:\/\/www.laekb.de\/\">https:\/\/www.laekb.de\/<\/a><\/td>\n<td style=\"background-color: #d9d9d9\"><a href=\"http:\/\/www.laekb.de\/www\/website\/PublicNavigation\/arzt\/weiterbildung\/weiterbildung_befugte\/#extform\" target=\"_blank\" rel=\"noopener noreferrer\">Weiterbildungsbefugte in Brandenburg<\/a><\/td>\n<td style=\"background-color: #d9d9d9\"><a href=\"http:\/\/www.laekb.de\/www\/website\/PublicNavigation\/arzt\/weiterbildung\/logbuecher\/#extform\" target=\"_blank\" rel=\"noopener noreferrer\">Logbuch Strahlentherapie Brandenburg<\/a><\/td>\n<\/tr>\n<tr>\n<td style=\"background-color: #e9e9e9\"><strong>Bremen<\/strong><\/td>\n<td style=\"background-color: #e9e9e9\"><a href=\"http:\/\/www.aekhb.de\/\">http:\/\/www.aekhb.de\/<\/a><\/td>\n<td style=\"background-color: #e9e9e9\"><a href=\"http:\/\/www.aekhb.de\/befugtenliste\/\" target=\"_blank\" rel=\"noopener noreferrer\">Weiterbildungsbefugte in Bremen<\/a><\/td>\n<td style=\"background-color: #e9e9e9\"><a href=\"http:\/\/www.aekhb.de\/aerzte\/weiterbildung\/weiterbildungsordnung\/3\/7\/index.html#bst_s\" target=\"_blank\" rel=\"noopener noreferrer\">Logbuch Strahlentherapie Bremen<\/a><\/td>\n<\/tr>\n<tr>\n<td style=\"background-color: #d9d9d9;width: 168px\" width=\"168\"><strong>Hamburg<\/strong><\/td>\n<td style=\"background-color: #d9d9d9;width: 168px\"><a href=\"http:\/\/www.aerztekammer-hamburg.org\/\">http:\/\/www.aerztekammer-hamburg.org\/<\/a><\/td>\n<td style=\"background-color: #d9d9d9;width: 168px\"><a href=\"http:\/\/www.aerztekammer-hamburg.org\/wb_befugte.html\" target=\"_blank\" rel=\"noopener noreferrer\">Weiterbildungsbefugte in Hamburg<\/a><\/td>\n<td style=\"background-color: #d9d9d9;width: 168px\"><a href=\"http:\/\/www.aerztekammer-hamburg.org\/logbuch_fachgebiete_schwerpunkte.html\" target=\"_blank\" rel=\"noopener noreferrer\">Logbuch Strahlentherapie Hamburg<\/a><\/td>\n<\/tr>\n<tr>\n<td style=\"background-color: #e9e9e9\"><strong>Hessen<\/strong><\/td>\n<td style=\"background-color: #e9e9e9\"><a href=\"http:\/\/www.laekh.de\/\">http:\/\/www.laekh.de\/<\/a><\/td>\n<td style=\"background-color: #e9e9e9\"><a href=\"http:\/\/portal.laekh.de\/wbermaechtigte\" target=\"_blank\" rel=\"noopener noreferrer\">Weiterbildungsbefugte in Hessen<\/a><\/td>\n<td style=\"background-color: #e9e9e9\"><a href=\"http:\/\/www.laekh.de\/aerzte\/weiterbildung\/weiterbildungsordnung-von-2005\/zeugnisanlagen-fuer-fachgebiete-schwerpunkte\" target=\"_blank\" rel=\"noopener noreferrer\">Logbuch Strahlentherapie Hessen<\/a><\/td>\n<\/tr>\n<tr>\n<td style=\"background-color: #d9d9d9\"><strong>Mecklenburg-Vorpommern<\/strong><\/td>\n<td style=\"background-color: #d9d9d9\"><a href=\"http:\/\/www.aek-mv.de\/\">http:\/\/www.aek-mv.de\/<\/a><\/td>\n<td style=\"background-color: #d9d9d9\"><a href=\"http:\/\/www.aek-mv.de\/default.aspx?pid=20090814132205239\" target=\"_blank\" rel=\"noopener noreferrer\">Weiterbildungsbefugte in Mecklenburg-Vorpommern<\/a><\/td>\n<td style=\"background-color: #d9d9d9\"><a href=\"http:\/\/www.aek-mv.de\/default.aspx?pid=20090604092815844\" target=\"_blank\" rel=\"noopener noreferrer\">Logbuch Strahlentherapie Mecklenburg-Vorpommern<\/a><\/td>\n<\/tr>\n<tr>\n<td style=\"background-color: #e9e9e9\"><strong>Niedersachsen<\/strong><\/td>\n<td style=\"background-color: #e9e9e9\"><a href=\"http:\/\/www.aekn.de\/\">http:\/\/www.aekn.de\/<\/a><\/td>\n<td style=\"background-color: #e9e9e9\"><a href=\"http:\/\/www.aekn.de\/weiterbildung\/weiterbildungsermaechtigte-in-niedersachsen-datenbank\/\" target=\"_blank\" rel=\"noopener noreferrer\">Weiterbildungsbefugte in Niedersachsen<\/a><\/td>\n<td style=\"background-color: #e9e9e9\"><a href=\"http:\/\/www.aekn.de\/weiterbildung\/weiterbildungsordnung\/gebiete-und-schwerpunkte\/\" target=\"_blank\" rel=\"noopener noreferrer\">Logbuch Strahlentherapie Niedersachsen<\/a><\/td>\n<\/tr>\n<tr>\n<td style=\"background-color: #d9d9d9\"><strong>Nordrhein-Westfalen<\/strong><\/td>\n<td style=\"background-color: #d9d9d9\"><a href=\"http:\/\/www.aekno.de\/\">http:\/\/www.aekno.de\/<\/a><\/td>\n<td style=\"background-color: #d9d9d9\"><a href=\"http:\/\/www.aekno.de\/arztsuche\/wbbefugteneu\/maske.asp\" target=\"_blank\" rel=\"noopener noreferrer\">Weiterbildungsbefugte in Nordrhein-Westfalen<\/a><\/td>\n<td style=\"background-color: #d9d9d9\"><a href=\"http:\/\/www.aekno.de\/downloads\/aekno\/log-31-strahlentherapie-2014.pdf\" target=\"_blank\" rel=\"noopener noreferrer\">Logbuch Strahlentherapie Nordrhein-Westfalen<\/a><\/td>\n<\/tr>\n<tr>\n<td style=\"background-color: #e9e9e9\"><strong>Rheinland-Pfalz<\/strong><\/td>\n<td style=\"background-color: #e9e9e9\"><a href=\"http:\/\/www.laek-rlp.de\/\">http:\/\/www.laek-rlp.de\/<\/a><\/td>\n<td style=\"background-color: #e9e9e9\"><a href=\"http:\/\/www.laek-rlp.de\/aerzteservice\/weiterbildung\/befugnisse\/index.php\" target=\"_blank\" rel=\"noopener noreferrer\">Weiterbildungsbefugte in Rheinland-Pfalz<\/a><\/td>\n<td style=\"background-color: #e9e9e9\"><a href=\"http:\/\/www.laek-rlp.de\/aerzteservice\/weiterbildung\/logbuecher\/index.php\" target=\"_blank\" rel=\"noopener noreferrer\">Logbuch Strahlentherapie Rheinland-Pfalz<\/a><\/td>\n<\/tr>\n<tr>\n<td style=\"background-color: #d9d9d9\"><strong>Saarland<\/strong><\/td>\n<td style=\"background-color: #d9d9d9\" colspan=\"2\"><a href=\"http:\/\/www.aerztekammer-saarland.de\/\">http:\/\/www.aerztekammer-saarland.de\/<\/a><\/td>\n<td style=\"background-color: #d9d9d9\"><a href=\"http:\/\/www.aerztekammer-saarland.de\/aerzte\/imn7cexk\/richtlinien2013\/\" target=\"_blank\" rel=\"noopener noreferrer\">Logbuch Strahlentherapie Saarland<\/a><\/td>\n<\/tr>\n<tr>\n<td style=\"background-color: #e9e9e9\"><strong>Sachsen<\/strong><\/td>\n<td style=\"background-color: #e9e9e9\"><a href=\"http:\/\/www.slaek.de\/\">http:\/\/www.slaek.de\/<\/a><\/td>\n<td style=\"background-color: #e9e9e9\" colspan=\"2\"><a href=\"http:\/\/www.slaek.de\/de\/01\/weiterbildung\/wbb-listen02.php\" target=\"_blank\" rel=\"noopener noreferrer\">Weiterbildungsbefugte in Sachsen<\/a><\/td>\n<\/tr>\n<tr>\n<td style=\"background-color: #d9d9d9\"><strong>Sachsen-Anhalt<\/strong><\/td>\n<td style=\"background-color: #d9d9d9\"><a href=\"http:\/\/www.aeksa.de\/\">http:\/\/www.aeksa.de\/<\/a><\/td>\n<td style=\"background-color: #d9d9d9\"><a href=\"http:\/\/aeksa.de\/www\/website\/PublicNavigation\/arzt\/weiterbildung\/wb-befugnisse\/\" target=\"_blank\" rel=\"noopener noreferrer\">Weiterbildungsbefugte in Sachsen-Anhalt<\/a><\/td>\n<td style=\"background-color: #d9d9d9\"><a href=\"http:\/\/aeksa.de\/www\/website\/PublicNavigation\/arzt\/weiterbildung\/logbuch\/\" target=\"_blank\" rel=\"noopener noreferrer\">Logbuch Strahlentherapie Sachsen<\/a><\/td>\n<\/tr>\n<tr>\n<td style=\"background-color: #e9e9e9\"><strong>Schleswig-Holstein<\/strong><\/td>\n<td style=\"background-color: #e9e9e9\"><a href=\"http:\/\/www.aeksh.de\/\">http:\/\/www.aeksh.de\/<\/a><\/td>\n<td style=\"background-color: #e9e9e9\"><a href=\"http:\/\/www.aeksh.de\/aerzte\/weiterbildung\/weiterbildungsbefugte\">Weiterbildungsbefugte in Schleswig-Holstein<\/a><\/td>\n<td style=\"background-color: #e9e9e9\"><a href=\"https:\/\/www.aeksh.de\/logbuecher-fuer-die-gebiete-facharzt-und-schwerpunktkompetenzen-abschnitt-b\" target=\"_blank\" rel=\"noopener noreferrer\">Logbuch Strahlentherapie Schleswig-Holstein<\/a><\/td>\n<\/tr>\n<tr>\n<td style=\"background-color: #d9d9d9\"><strong>Th\u00fcringen<\/strong><\/td>\n<td style=\"background-color: #d9d9d9\"><a href=\"http:\/\/www.laek-thueringen.de\/wcms\/DocsID\/index.html\">http:\/\/www.laek-thueringen.de\/wcms\/DocsID\/index.html<\/a><\/td>\n<td style=\"background-color: #d9d9d9\"><a href=\"http:\/\/www.laek-thueringen.de\/wcms\/DocsID\/Ermaechtigungen--Befugnisse\">Weiterbildungsbefugte in Th\u00fcringen<\/a><\/td>\n<td style=\"background-color: #d9d9d9\"><a href=\"http:\/\/www.laek-thueringen.de\/wcms\/DocsID\/Logbuecher-nach-WBO-2011-Facharztweiterbildung\" target=\"_blank\" rel=\"noopener noreferrer\">Logbuch Strahlentherapie Th\u00fcringen<\/a><\/td>\n<\/tr>\n<\/tbody>\n<\/table>\n<\/div>\n<\/div><\/div><\/div><\/div><\/div>","protected":false},"excerpt":{"rendered":"<p>#pg-158-0 , #pg-158-1 , #pl-158 .panel-grid-cell .so-panel { margin-bottom:30px } #pg-158-0 .panel-grid-cell , #pg-158-2 .panel-grid-cell { float:none } #pgc-158-1-0 { width:61.803% } #pgc-158-1-1 { width:38.197% } #pg-158-1 .panel-grid-cell { float:left } #pl-158 .panel-grid-cell .so-panel:last-child { margin-bottom:0px } #pg-158-0 , #pg-158-1 <\/p>\n","protected":false},"author":6,"featured_media":0,"parent":94,"menu_order":0,"comment_status":"closed","ping_status":"closed","template":"","meta":[],"_links":{"self":[{"href":"https:\/\/www.degro.org\/jd\/wp-json\/wp\/v2\/pages\/158"}],"collection":[{"href":"https:\/\/www.degro.org\/jd\/wp-json\/wp\/v2\/pages"}],"about":[{"href":"https:\/\/www.degro.org\/jd\/wp-json\/wp\/v2\/types\/page"}],"author":[{"embeddable":true,"href":"https:\/\/www.degro.org\/jd\/wp-json\/wp\/v2\/users\/6"}],"replies":[{"embeddable":true,"href":"https:\/\/www.degro.org\/jd\/wp-json\/wp\/v2\/comments?post=158"}],"version-history":[{"count":25,"href":"https:\/\/www.degro.org\/jd\/wp-json\/wp\/v2\/pages\/158\/revisions"}],"predecessor-version":[{"id":1188,"href":"https:\/\/www.degro.org\/jd\/wp-json\/wp\/v2\/pages\/158\/revisions\/1188"}],"up":[{"embeddable":true,"href":"https:\/\/www.degro.org\/jd\/wp-json\/wp\/v2\/pages\/94"}],"wp:attachment":[{"href":"https:\/\/www.degro.org\/jd\/wp-json\/wp\/v2\/media?parent=158"}],"curies":[{"name":"wp","href":"https:\/\/api.w.org\/{rel}","templated":true}]}}