


{"id":1333,"date":"2024-07-15T13:16:18","date_gmt":"2024-07-15T11:16:18","guid":{"rendered":"https:\/\/www.degro.org\/jd\/?page_id=1333"},"modified":"2026-03-09T14:40:08","modified_gmt":"2026-03-09T13:40:08","slug":"team-literatur-kommentiert-suon","status":"publish","type":"page","link":"https:\/\/www.degro.org\/jd\/team-literatur-kommentiert-suon\/","title":{"rendered":"Team Literatur kommentiert (SUON)"},"content":{"rendered":"<div id=\"pl-1333\"><style scoped>#pg-1333-0 , #pl-1333 .panel-grid-cell .so-panel { margin-bottom:30px } #pg-1333-0 .panel-grid-cell { float:none } #pgc-1333-1-0 , #pgc-1333-1-1 { width:50% } #pg-1333-1 .panel-grid-cell { float:left } #pl-1333 .panel-grid-cell .so-panel:last-child { margin-bottom:0px } #pg-1333-0 , #pg-1333-1 { margin-left:-15px;margin-right:-15px } #pg-1333-0 .panel-grid-cell , #pg-1333-1 .panel-grid-cell { padding-left:15px;padding-right:15px } @media (max-width:780px){ #pg-1333-0 .panel-grid-cell , #pg-1333-1 .panel-grid-cell { float:none;width:auto } #pgc-1333-1-0 { margin-bottom:30px } #pl-1333 .panel-grid , #pl-1333 .panel-grid-cell {  } #pl-1333 .panel-grid .panel-grid-cell-empty { display:none } #pl-1333 .panel-grid .panel-grid-cell-mobile-last { margin-bottom:0px }  } <\/style><div class=\"panel-grid\" id=\"pg-1333-0\" ><div class=\"panel-grid-cell\" id=\"pgc-1333-0-0\" ><div class=\"so-panel widget widget_sow-editor panel-first-child panel-last-child\" id=\"panel-1333-0-0-0\" data-index=\"0\"><div class=\"so-widget-sow-editor so-widget-sow-editor-base\">\n<div class=\"siteorigin-widget-tinymce textwidget\">\n\t<p>\"Literatur kommentiert\" bietet die Gelegenheit, sich kompakt und fundiert \u00fcber aktuelle wissenschaftliche Ver\u00f6ffentlichungen in unserem Fachbereich zu informieren. In dieser Rubrik werden relevante Studien ausgew\u00e4hlt, von Expert:innen eingeordnet und hinsichtlich ihrer St\u00e4rken und Limitationen beleuchtet.\u00a0<\/p>\n<p>Dank der jDEGRO haben wir die M\u00f6glichkeit, gemeinsam mit erfahrenen Fachleuchten an der Gestaltung dieser Rubrik mitzuwirken - und genau daf\u00fcr suchen wir EUCH: motivierte, engagierte Autor:innen, die Lust haben, aktuelle Forschung verst\u00e4ndlich und fachlich fundiert einzuordnen.\u00a0<\/p>\n<\/div>\n<\/div><\/div><\/div><\/div><div class=\"panel-grid\" id=\"pg-1333-1\" ><div class=\"panel-grid-cell\" id=\"pgc-1333-1-0\" ><div class=\"so-panel widget widget_heading panel-first-child\" id=\"panel-1333-1-0-0\" data-index=\"1\"><div class=\"thim-widget-heading thim-widget-heading-base\"><div class=\"sc_heading text-left\"><h3 class=\"title\">Ansprechpartner<\/h3><p class=\"sub-heading\" style=\"\">Section Editor<\/p><span class=\"line\"><\/span><\/div><\/div><\/div><div class=\"so-panel widget widget_sow-image\" id=\"panel-1333-1-0-1\" data-index=\"2\"><div class=\"so-widget-sow-image so-widget-sow-image-default-3f547a15eaaa\">\n\n<div class=\"sow-image-container\">\n\t<img src=\"https:\/\/www.degro.org\/jd\/wp-content\/uploads\/sites\/8\/2024\/07\/KAUFMANN_Justus_33686_Internet.jpg\" width=\"152\" height=\"150\" srcset=\"\"  class=\"so-widget-image\"\/>\n<\/div>\n\n<\/div><\/div><div class=\"so-panel widget widget_sow-editor panel-last-child\" id=\"panel-1333-1-0-2\" data-index=\"3\"><div class=\"so-widget-sow-editor so-widget-sow-editor-base\">\n<div class=\"siteorigin-widget-tinymce textwidget\">\n\t<p><strong>Dr. med. Justus Kaufmann<\/strong><br \/>\nKlinik und Poliklinik f\u00fcr Radioonkologie und Strahlentherapie<\/p>\n<p>Universit\u00e4tsmedizin Mainz<br \/>\nE-Mail:<a href=\"mailto:Justus.Kaufmann@unimedizin-mainz.de\"> Justus.Kaufmann@unimedizin-mainz.de<\/a><\/p>\n<\/div>\n<\/div><\/div><\/div><div class=\"panel-grid-cell\" id=\"pgc-1333-1-1\" ><div class=\"so-panel widget widget_heading panel-first-child\" id=\"panel-1333-1-1-0\" data-index=\"4\"><div class=\"thim-widget-heading thim-widget-heading-base\"><div class=\"sc_heading text-left\"><h3 class=\"title\">Ansprechpartner<\/h3><p class=\"sub-heading\" style=\"\">Section Editor<\/p><span class=\"line\"><\/span><\/div><\/div><\/div><div class=\"so-panel widget widget_sow-image\" id=\"panel-1333-1-1-1\" data-index=\"5\"><div class=\"so-widget-sow-image so-widget-sow-image-default-3f547a15eaaa\">\n\n<div class=\"sow-image-container\">\n\t<img src=\"https:\/\/www.degro.org\/jd\/wp-content\/uploads\/sites\/8\/2026\/03\/Siyer-Roohani.jpg\" width=\"98\" height=\"150\" srcset=\"https:\/\/www.degro.org\/jd\/wp-content\/uploads\/sites\/8\/2026\/03\/Siyer-Roohani.jpg 818w, https:\/\/www.degro.org\/jd\/wp-content\/uploads\/sites\/8\/2026\/03\/Siyer-Roohani-197x300.jpg 197w, https:\/\/www.degro.org\/jd\/wp-content\/uploads\/sites\/8\/2026\/03\/Siyer-Roohani-672x1024.jpg 672w, https:\/\/www.degro.org\/jd\/wp-content\/uploads\/sites\/8\/2026\/03\/Siyer-Roohani-768x1170.jpg 768w\" title=\"Siyer Roohani\"  class=\"so-widget-image\"\/>\n<\/div>\n\n<\/div><\/div><div class=\"so-panel widget widget_sow-editor panel-last-child\" id=\"panel-1333-1-1-2\" data-index=\"6\"><div class=\"so-widget-sow-editor so-widget-sow-editor-base\">\n<div class=\"siteorigin-widget-tinymce textwidget\">\n\t<p><strong>PD Dr. med. Siyer Roohani<\/strong><\/p>\n<p>Klinik f\u00fcr Strahlentherapie und Radioonkologie. Universit\u00e4tsklinikum Hamburg-Eppendorf<\/p>\n<p>E-Mail: <a href=\"mailto:siyer.roohani@charite.de\">S.Roohani@uke.de<\/a><\/p>\n<\/div>\n<\/div><\/div><\/div><\/div><\/div>","protected":false},"excerpt":{"rendered":"<p>#pg-1333-0 , #pl-1333 .panel-grid-cell .so-panel { margin-bottom:30px } #pg-1333-0 .panel-grid-cell { float:none } #pgc-1333-1-0 , #pgc-1333-1-1 { width:50% } #pg-1333-1 .panel-grid-cell { float:left } #pl-1333 .panel-grid-cell .so-panel:last-child { margin-bottom:0px } #pg-1333-0 , #pg-1333-1 { margin-left:-15px;margin-right:-15px } #pg-1333-0 .panel-grid-cell , #pg-1333-1 <\/p>\n","protected":false},"author":8,"featured_media":0,"parent":0,"menu_order":0,"comment_status":"closed","ping_status":"closed","template":"","meta":[],"_links":{"self":[{"href":"https:\/\/www.degro.org\/jd\/wp-json\/wp\/v2\/pages\/1333"}],"collection":[{"href":"https:\/\/www.degro.org\/jd\/wp-json\/wp\/v2\/pages"}],"about":[{"href":"https:\/\/www.degro.org\/jd\/wp-json\/wp\/v2\/types\/page"}],"author":[{"embeddable":true,"href":"https:\/\/www.degro.org\/jd\/wp-json\/wp\/v2\/users\/8"}],"replies":[{"embeddable":true,"href":"https:\/\/www.degro.org\/jd\/wp-json\/wp\/v2\/comments?post=1333"}],"version-history":[{"count":17,"href":"https:\/\/www.degro.org\/jd\/wp-json\/wp\/v2\/pages\/1333\/revisions"}],"predecessor-version":[{"id":1781,"href":"https:\/\/www.degro.org\/jd\/wp-json\/wp\/v2\/pages\/1333\/revisions\/1781"}],"wp:attachment":[{"href":"https:\/\/www.degro.org\/jd\/wp-json\/wp\/v2\/media?parent=1333"}],"curies":[{"name":"wp","href":"https:\/\/api.w.org\/{rel}","templated":true}]}}