


{"id":1321,"date":"2024-07-15T12:53:52","date_gmt":"2024-07-15T10:53:52","guid":{"rendered":"https:\/\/www.degro.org\/jd\/?page_id=1321"},"modified":"2026-03-31T20:12:47","modified_gmt":"2026-03-31T18:12:47","slug":"team-international-dach","status":"publish","type":"page","link":"https:\/\/www.degro.org\/jd\/team-international-dach\/","title":{"rendered":"Team International \/ DACH"},"content":{"rendered":"<div id=\"pl-1321\"><style scoped>#pg-1321-0 , #pl-1321 .panel-grid-cell .so-panel { margin-bottom:30px } #pg-1321-0 .panel-grid-cell { float:none } #pgc-1321-1-0 , #pgc-1321-1-1 { width:50% } #pg-1321-1 .panel-grid-cell { float:left } #pl-1321 .panel-grid-cell .so-panel:last-child { margin-bottom:0px } #pg-1321-0 , #pg-1321-1 { margin-left:-15px;margin-right:-15px } #pg-1321-0 .panel-grid-cell , #pg-1321-1 .panel-grid-cell { padding-left:15px;padding-right:15px } @media (max-width:780px){ #pg-1321-0 .panel-grid-cell , #pg-1321-1 .panel-grid-cell { float:none;width:auto } #pgc-1321-1-0 { margin-bottom:30px } #pl-1321 .panel-grid , #pl-1321 .panel-grid-cell {  } #pl-1321 .panel-grid .panel-grid-cell-empty { display:none } #pl-1321 .panel-grid .panel-grid-cell-mobile-last { margin-bottom:0px }  } <\/style><div class=\"panel-grid\" id=\"pg-1321-0\" ><div class=\"panel-grid-cell\" id=\"pgc-1321-0-0\" ><div class=\"so-panel widget widget_sow-editor panel-first-child panel-last-child\" id=\"panel-1321-0-0-0\" data-index=\"0\"><div class=\"so-widget-sow-editor so-widget-sow-editor-base\">\n<div class=\"siteorigin-widget-tinymce textwidget\">\n\t<p>Das Team International der jungen DEGRO schafft Raum f\u00fcr internationalen Austausch, Zusammenarbeit und neue Impulse. Ziel ist es, Mitgliedern fr\u00fchzeitig den Zugang zu internationalen Netzwerken zu erm\u00f6glichen und sie in ihrer fachlichen sowie wissenschaftlichen Entwicklung zu unterst\u00fctzen.<\/p>\n<p>Neben Kooperationen innerhalb Europas liegt ein besonderer Fokus auch auf transatlantischen Partnerschaften, insbesondere mit den USA. In diesem Zusammenhang konnte gemeinsam mit der ARRO (American Society for Radiation Oncology \u2013 Association of Residents in Radiation Oncology) bereits erfolgreich eine internationale Webinar-Serie etabliert werden, die den fachlichen Austausch \u00fcber Kontinente hinweg f\u00f6rdert und unterschiedliche Perspektiven in der Radioonkologie zusammenbringt.<\/p>\n<p>Dar\u00fcber hinaus organisiert das Team Workshops (AG DACH), Austauschformate und gemeinsame Projekte, die den interdisziplin\u00e4ren Dialog st\u00e4rken und langfristige Kooperationen erm\u00f6glichen.<br \/>\nSo tr\u00e4gt das Team International dazu bei, internationale Verbindungen zu st\u00e4rken, neue Perspektiven zu er\u00f6ffnen und die Radioonkologie gemeinsam weiterzuentwickeln.<\/p>\n<\/div>\n<\/div><\/div><\/div><\/div><div class=\"panel-grid\" id=\"pg-1321-1\" ><div class=\"panel-grid-cell\" id=\"pgc-1321-1-0\" ><div class=\"so-panel widget widget_heading panel-first-child\" id=\"panel-1321-1-0-0\" data-index=\"1\"><div class=\"thim-widget-heading thim-widget-heading-base\"><div class=\"sc_heading text-left\"><h3 class=\"title\">Ansprechpartner<\/h3><span class=\"line\"><\/span><\/div><\/div><\/div><div class=\"so-panel widget widget_sow-image\" id=\"panel-1321-1-0-1\" data-index=\"2\"><div class=\"so-widget-sow-image so-widget-sow-image-default-3f547a15eaaa\">\n\n<div class=\"sow-image-container\">\n\t<img src=\"https:\/\/www.degro.org\/jd\/wp-content\/uploads\/sites\/8\/2024\/07\/Robert-Blach.jpg\" width=\"150\" height=\"150\" srcset=\"\" title=\"Robert Blach\"  class=\"so-widget-image\"\/>\n<\/div>\n\n<\/div><\/div><div class=\"so-panel widget widget_sow-editor panel-last-child\" id=\"panel-1321-1-0-2\" data-index=\"3\"><div class=\"so-widget-sow-editor so-widget-sow-editor-base\">\n<div class=\"siteorigin-widget-tinymce textwidget\">\n\t<p><strong>Dr. med. Robert Blach<\/strong><br \/>\nMedizinische Hochschule Hannover<br \/>\nKlinik f\u00fcr Strahlentherapie und Spezielle Onkologie<br \/>\nE-Mail: <a href=\"mailto:Blach.Robert@mh-hannover.de\">Blach.Robert@mh-hannover.de <\/a><\/p>\n<\/div>\n<\/div><\/div><\/div><div class=\"panel-grid-cell\" id=\"pgc-1321-1-1\" ><div class=\"so-panel widget widget_heading panel-first-child\" id=\"panel-1321-1-1-0\" data-index=\"4\"><div class=\"thim-widget-heading thim-widget-heading-base\"><div class=\"sc_heading text-left\"><h3 class=\"title\">Stellvertretende Ansprechpartnerin<\/h3><span class=\"line\"><\/span><\/div><\/div><\/div><div class=\"so-panel widget widget_sow-image\" id=\"panel-1321-1-1-1\" data-index=\"5\"><div class=\"so-widget-sow-image so-widget-sow-image-default-3f547a15eaaa\">\n\n<div class=\"sow-image-container\">\n\t<img src=\"https:\/\/www.degro.org\/jd\/wp-content\/uploads\/sites\/8\/2026\/03\/Adrianna-Ciezlak-.png\" width=\"150\" height=\"150\" srcset=\"https:\/\/www.degro.org\/jd\/wp-content\/uploads\/sites\/8\/2026\/03\/Adrianna-Ciezlak-.png 305w, https:\/\/www.degro.org\/jd\/wp-content\/uploads\/sites\/8\/2026\/03\/Adrianna-Ciezlak--300x300.png 300w, https:\/\/www.degro.org\/jd\/wp-content\/uploads\/sites\/8\/2026\/03\/Adrianna-Ciezlak--150x150.png 150w\" title=\"Adrianna Ciezlak\"  class=\"so-widget-image\"\/>\n<\/div>\n\n<\/div><\/div><div class=\"so-panel widget widget_sow-editor panel-last-child\" id=\"panel-1321-1-1-2\" data-index=\"6\"><div class=\"so-widget-sow-editor so-widget-sow-editor-base\">\n<div class=\"siteorigin-widget-tinymce textwidget\">\n\t<p><strong>Adrianna Cie\u015blak<br \/>\n<\/strong>Zentrum f\u00fcr Strahlentherapie NORD, Bremen<br \/>\nEmail: <a href=\"mailto:Cieslak@strahlentherapie-nord.de\">Cieslak@strahlentherapie-nord.de<\/a><\/p>\n<p class=\"title\">\u00a0<\/p>\n<\/div>\n<\/div><\/div><\/div><\/div><\/div>","protected":false},"excerpt":{"rendered":"<p>#pg-1321-0 , #pl-1321 .panel-grid-cell .so-panel { margin-bottom:30px } #pg-1321-0 .panel-grid-cell { float:none } #pgc-1321-1-0 , #pgc-1321-1-1 { width:50% } #pg-1321-1 .panel-grid-cell { float:left } #pl-1321 .panel-grid-cell .so-panel:last-child { margin-bottom:0px } #pg-1321-0 , #pg-1321-1 { margin-left:-15px;margin-right:-15px } #pg-1321-0 .panel-grid-cell , #pg-1321-1 <\/p>\n","protected":false},"author":8,"featured_media":0,"parent":0,"menu_order":0,"comment_status":"closed","ping_status":"closed","template":"","meta":[],"_links":{"self":[{"href":"https:\/\/www.degro.org\/jd\/wp-json\/wp\/v2\/pages\/1321"}],"collection":[{"href":"https:\/\/www.degro.org\/jd\/wp-json\/wp\/v2\/pages"}],"about":[{"href":"https:\/\/www.degro.org\/jd\/wp-json\/wp\/v2\/types\/page"}],"author":[{"embeddable":true,"href":"https:\/\/www.degro.org\/jd\/wp-json\/wp\/v2\/users\/8"}],"replies":[{"embeddable":true,"href":"https:\/\/www.degro.org\/jd\/wp-json\/wp\/v2\/comments?post=1321"}],"version-history":[{"count":11,"href":"https:\/\/www.degro.org\/jd\/wp-json\/wp\/v2\/pages\/1321\/revisions"}],"predecessor-version":[{"id":1798,"href":"https:\/\/www.degro.org\/jd\/wp-json\/wp\/v2\/pages\/1321\/revisions\/1798"}],"wp:attachment":[{"href":"https:\/\/www.degro.org\/jd\/wp-json\/wp\/v2\/media?parent=1321"}],"curies":[{"name":"wp","href":"https:\/\/api.w.org\/{rel}","templated":true}]}}