


{"id":1195,"date":"2023-07-20T17:35:00","date_gmt":"2023-07-20T15:35:00","guid":{"rendered":"https:\/\/www.degro.org\/jd\/?page_id=1195"},"modified":"2023-07-20T17:35:00","modified_gmt":"2023-07-20T15:35:00","slug":"facharztpruefung","status":"publish","type":"page","link":"https:\/\/www.degro.org\/jd\/facharztpruefung\/","title":{"rendered":"Facharztpr\u00fcfung"},"content":{"rendered":"<div id=\"pl-1195\"><style scoped>#pg-1195-0 .panel-grid-cell { float:none } #pl-1195 .panel-grid-cell .so-panel { margin-bottom:30px } #pl-1195 .panel-grid-cell .so-panel:last-child { margin-bottom:0px } #pg-1195-0 { margin-left:-15px;margin-right:-15px } #pg-1195-0 .panel-grid-cell { padding-left:15px;padding-right:15px } @media (max-width:780px){ #pg-1195-0 .panel-grid-cell { float:none;width:auto } #pl-1195 .panel-grid , #pl-1195 .panel-grid-cell {  } #pl-1195 .panel-grid .panel-grid-cell-empty { display:none } #pl-1195 .panel-grid .panel-grid-cell-mobile-last { margin-bottom:0px }  } <\/style><div class=\"panel-grid\" id=\"pg-1195-0\" ><div class=\"panel-grid-cell\" id=\"pgc-1195-0-0\" ><div class=\"so-panel widget widget_sow-editor panel-first-child panel-last-child\" id=\"panel-1195-0-0-0\" data-index=\"0\"><div class=\"so-widget-sow-editor so-widget-sow-editor-base\"><h3 class=\"widget-title\">Altprotokolle<\/h3>\n<div class=\"siteorigin-widget-tinymce textwidget\">\n\t<p>Mit Stolz pr\u00e4sentieren wir unsere umfangreiche Sammlung von Altprotokollen mit Altfragen zur Vorbereitung auf die Facharztpr\u00fcfung. Diese Protokolle wurden sorgf\u00e4ltig von erfahrenen Kolleg:innen zusammengestellt und bieten eine wertvolle Ressource, um sich gezielt auf die Herausforderungen der Pr\u00fcfung vorzubereiten. Als Mitglied der DEGRO habt Ihr Zugriff auf diese n\u00fctzlichen Materialien. <\/p>\n<p>F\u00fcr den Zugang zu den Protokollen schreibt uns bitte unter Angabe eurer DEGRO-Mitgliedsnummer eine formlose E-Mail<br \/>\nWir bem\u00fchen uns um schnellstm\u00f6gliche Antwort.<br \/>\n<strong><br \/>\nBitte beachte<\/strong><strong>n!<br \/>\n<\/strong>Die Inhalte im Protokoll sind teilweise, aber nicht vollumf\u00e4nglich auf Richtigkeit gepr\u00fcft worden. Die Protokolle d\u00fcrfen ohne unser Einverst\u00e4ndnis weder privat noch \u00f6ffentlich geteilt, vervielf\u00e4ltigt oder Dritten zug\u00e4nglich gemacht werden.\u00a0<\/p>\n<p>Wir sind davon \u00fcberzeugt, dass der Zugriff auf solche Ressourcen nicht nur die Pr\u00fcfungsvorbereitung erleichtert, sondern auch dazu beitr\u00e4gt, ein tieferes Verst\u00e4ndnis der Fachthemen zu entwickeln. Wir, die Junge DEGRO freuen uns sowohl nach Abschluss der eigenen Facharztpr\u00fcfung \u00fcber ein Gedankenprotokoll, als auch \u00fcber Gedankenprotokolle zur Fachkunde sowie weitere vorliegende Altprotokolle, um diese Sammlung stetig fortzuf\u00fchren.\u00a0<\/p>\n<p><strong>Kontakt f\u00fcr Mailanfragen: <\/strong><a href=\"mailto:weiterbildung@degro.org\">weiterbildung@degro.org<\/a><br \/>\n(bitte unter Angabe der DEGRO-Mitgliedsnummer)<\/p>\n<p>Eure Junge DEGRO, Sektion Weiterbildung<\/p>\n<\/div>\n<\/div><\/div><\/div><\/div><\/div>","protected":false},"excerpt":{"rendered":"<p>#pg-1195-0 .panel-grid-cell { float:none } #pl-1195 .panel-grid-cell .so-panel { margin-bottom:30px } #pl-1195 .panel-grid-cell .so-panel:last-child { margin-bottom:0px } #pg-1195-0 { margin-left:-15px;margin-right:-15px } #pg-1195-0 .panel-grid-cell { padding-left:15px;padding-right:15px } @media (max-width:780px){ #pg-1195-0 .panel-grid-cell { float:none;width:auto } #pl-1195 .panel-grid , #pl-1195 .panel-grid-cell {  <\/p>\n","protected":false},"author":8,"featured_media":0,"parent":0,"menu_order":0,"comment_status":"closed","ping_status":"closed","template":"","meta":[],"_links":{"self":[{"href":"https:\/\/www.degro.org\/jd\/wp-json\/wp\/v2\/pages\/1195"}],"collection":[{"href":"https:\/\/www.degro.org\/jd\/wp-json\/wp\/v2\/pages"}],"about":[{"href":"https:\/\/www.degro.org\/jd\/wp-json\/wp\/v2\/types\/page"}],"author":[{"embeddable":true,"href":"https:\/\/www.degro.org\/jd\/wp-json\/wp\/v2\/users\/8"}],"replies":[{"embeddable":true,"href":"https:\/\/www.degro.org\/jd\/wp-json\/wp\/v2\/comments?post=1195"}],"version-history":[{"count":3,"href":"https:\/\/www.degro.org\/jd\/wp-json\/wp\/v2\/pages\/1195\/revisions"}],"predecessor-version":[{"id":1198,"href":"https:\/\/www.degro.org\/jd\/wp-json\/wp\/v2\/pages\/1195\/revisions\/1198"}],"wp:attachment":[{"href":"https:\/\/www.degro.org\/jd\/wp-json\/wp\/v2\/media?parent=1195"}],"curies":[{"name":"wp","href":"https:\/\/api.w.org\/{rel}","templated":true}]}}