


{"id":80,"date":"2018-08-27T11:52:09","date_gmt":"2018-08-27T09:52:09","guid":{"rendered":"https:\/\/www.degro.org\/gutartige-erkrankungen\/?page_id=80"},"modified":"2018-08-27T11:53:17","modified_gmt":"2018-08-27T09:53:17","slug":"datenschutzerklaerung","status":"publish","type":"page","link":"https:\/\/www.degro.org\/gutartige-erkrankungen\/datenschutzerklaerung\/","title":{"rendered":"Datenschutzerkl\u00e4rung"},"content":{"rendered":"<p>Die <strong>Deutsche Gesellschaft f\u00fcr Radioonkologie e. V. (DEGRO)<\/strong> mit Sitz in der Reinhardtstra\u00dfe 47, 10117 Berlin ist hinsichtlich dieser Webseite Diensteanbieter im Sinne des Telemediengesetzes (TMG) und \u201eVerantwortlicher\u201c im Sinne der Datenschutzgrundverordnung (DSGVO).<\/p>\n<p>Ungeachtet des Postweges k\u00f6nnen Sie uns wie folgt erreichen:<br \/>\nTelefon: (030) 844 191 88<br \/>\nTelefax: (030) 844 191 89<br \/>\nE-Mail: <a href=\"mailto:office@degro.org\">office@degro.org<\/a><\/p>\n<p>Unseren Datenschutzbeauftragten, Herr Robert Mende, k\u00f6nnen Sie auch f\u00fcr allgemeine Fragen oder Anregungen zum Datenschutz bei der DEGRO unter <a href=\"mailto:degro-datenchutz@northon-rechtsanwaelte.de\">degro-datenchutz@northon-rechtsanwaelte.de<\/a> kontaktieren.<\/p>\n<p>In der folgenden Datenschutzerkl\u00e4rung erfahren Sie, welche Daten bei der Nutzung dieser Webseite erfasst werden, wie mit diesen Daten umgegangen wird und welche Rechte Sie in Bezug auf diese Daten haben.<\/p>\n<h4><strong>I. Erhebung, Verarbeitung und Verwendung personenbezogener Daten<\/strong><\/h4>\n<p>Personenbezogene Daten sind Angaben zu den pers\u00f6nlichen oder sachlichen Verh\u00e4ltnissen einer bestimmten oder konkret bestimmbaren Person. Dazu z\u00e4hlen etwa der Name, die Anschrift, der Geburtstag, die E-Mail-Adresse und die Telefonnummer. Die DEGRO erhebt, verarbeitet und verwendet personenbezogene Daten nur im gesetzlich zul\u00e4ssigen oder vorgeschriebenen Rahmen. Dar\u00fcber hinaus werden Ihre Daten nur mit Ihrer Einwilligung verarbeitet.<\/p>\n<p>Soweit wir f\u00fcr Verarbeitungsvorg\u00e4nge personenbezogener Daten Ihre Einwilligung einholen, dient Art. 6 Abs. 1 lit. a DSGVO als Rechtsgrundlage.<\/p>\n<p>Bei der Verarbeitung von personenbezogenen Daten, die zur Erf\u00fcllung eines Vertrages, dessen Vertragspartei die Sie als betroffene Person sind, erforderlich ist, stellt Art. 6 Abs. 1 lit. b DSGVO die Rechtsgrundlage dar. Dies gilt auch f\u00fcr die Verarbeitung von Daten, die erforderlich sind, um vorvertragliche Ma\u00dfnahmen durchf\u00fchren zu k\u00f6nnen.<\/p>\n<p>Soweit eine Verarbeitung personenbezogener Daten zur Erf\u00fcllung einer rechtlichen Verpflichtung, der wir unterliegen, notwendig ist, dient Art. 6 Abs. 1 lit. c DSGVO als Rechtsgrundlage.<\/p>\n<p>Ist die Verarbeitung zur Wahrung eines berechtigten Interesses der DEGRO oder eines Dritten erforderlich und \u00fcberwiegen die Interessen, Grundrechte und Grundfreiheiten von Ihnen als Betroffenen unser berechtigtes Interesse nicht, so bildet Art. 6 Abs. 1 lit. f DSGVO die Rechtsgrundlage f\u00fcr die Verarbeitung.<\/p>\n<h4><strong>II. Datenerhebung und -verwendung zur Bereitstellung und Nutzung der DEGRO-Webseite<\/strong><\/h4>\n<p>Die DEGRO erhebt und verwendet personenbezogene Daten zur Bereitstellung der Webseite nur, soweit das TMG oder andere Rechtsvorschriften es erlauben oder Ihre Einwilligung vorliegt.<\/p>\n<p><strong>1. Allgemeines Aufrufen der Webseite<\/strong><br \/>\nWenn Sie die Webseite der DEGRO besuchen, \u00fcbermittelt Ihr Browser unterschiedliche Informationen f\u00fcr die technische Bereitstellung der angefragten Webseite. Dazu z\u00e4hlen:<\/p>\n<ol>\n<li>die IP-Adresse Ihres Endger\u00e4tes,<\/li>\n<li>Datum und Uhrzeit des Zugriffes auf die Webseite,<\/li>\n<li>Erkennungsdaten des verwendeten Browsers und des Betriebssystems Ihres Endger\u00e4tes sowie<\/li>\n<li>die genaue Web-Adresse der aufgerufenen Webseite.<\/li>\n<\/ol>\n<p><strong>2. Mitglieder-Login<br \/>\n<\/strong><\/p>\n<p>Das volle Informations- und Leistungsangebot der DEGRO-Webseite steht nur Mitgliedern zur Verf\u00fcgung. F\u00fcr den Zugriff ist ein Login-Vorgang erforderlich, bei dem der Benutzername und das Passwort des Mitglieds \u00fcbermittelt werden.<\/p>\n<p>Wenn Sie im Mitgliederbereich die Ihnen gegebene M\u00f6glichkeit nutzen, Ihre Stammdaten (z.\u00a0B. Anschriften, Bankverbindungen, Kontaktinformationen) selbstst\u00e4ndig zu aktualisieren, werden die von Ihnen eingegebenen Daten an uns \u00fcbermittelt und anschlie\u00dfend bei uns gespeichert. Die alten Daten werden gleichzeitig aus unserem System gel\u00f6scht.<\/p>\n<p><strong>3. Stellenmarkt<\/strong><br \/>\nWenn Sie auf unserem Stellenmarkt \u00fcber das dort bereitgestellte Online-Formular eine Anzeige aufgeben, werden dabei die dort abgefragten Daten, n\u00e4mlich Ihr Name, Ihre E-Mail-Adresse und Ihre Rechnungsanschrift sowie die konkret zu publizierende Anzeige mit oder ohne Logo an uns \u00fcbertragen.<\/p>\n<p>Wir nutzen diese Daten ausschlie\u00dflich, um diese Dienstleistung ausf\u00fchren und abrechnen zu k\u00f6nnen. Die Rechnungsdaten werden entsprechend den gesetzlichen Aufbewahrungsfristen gespeichert.<\/p>\n<h4>III. Verwendung von Cookies und Tools<\/h4>\n<p><strong>1. Allgemeines<\/strong><\/p>\n<p>Die DEGRO-Webseite verwendet f\u00fcr die Navigation auf der Webseite sowie f\u00fcr den Login-Prozess f\u00fcr den Mitgliederbereich sogenannte \u201eCookies\u201c. Dabei handelt es sich um Textdateien, welche der Web-Server an den Browser schickt. Cookies werden auf Ihrem Endger\u00e4t gespeichert. Je nach verwendetem Browser unterscheiden sich die Speicherorte der Cookies. In den Einstellungen Ihres Browsers, k\u00f6nnen Sie gespeicherte Cookies anzeigen lassen und l\u00f6schen bzw. allgemein einstellen, dass Ihr Browser Cookies beim Schlie\u00dfen des Browsers l\u00f6scht oder erst gar keine Cookies anlegt. Dies kann aber dazu f\u00fchren, dass Webseiten nicht korrekt funktionieren. Den Umgang des Browsers mit Cookies k\u00f6nnen Sie bei vielen Browsern sehr individuell an das Level an Komfort und Datenschutz einstellen, welches Ihren W\u00fcnschen entspricht.<\/p>\n<p>Wenn Ihr Browser Cookies grunds\u00e4tzlich zul\u00e4sst, dann werden beim Besuch der DEGRO-Webseite in dem Cookie die genaue Web-Adresse der besuchten Seite gespeichert, das Datum des Zugriffs auf die Seite sowie die Information, ob Sie ein eingeloggtes Mitglied oder ein allgemeiner Gast auf der Webseite sind. Wenn Sie sich als Mitglied eingeloggt haben wird f\u00fcr die Dauer Ihres Besuches auf der Webseite ein Cookie angelegt, der Sie als \u201eeingeloggt\u201c ausweist, damit Sie beim Navigieren durch die Webseite eingeloggt bleiben und nicht bei jedem Seitenwechsel Ihre Anmeldedaten neu eingeben m\u00fcssen.<\/p>\n<p><strong>2. Google Analytics<br \/>\n<\/strong>Dar\u00fcber hinaus verwenden wir auf unserer Seite den Dienst Google Analytics der Firma Google LLC, 1600 Amphitheatre Parkway, Mountain View, CA 94043, USA, um Informationen zum Nutzungsverhalten, wie beispielsweise der Zahl der Aufrufe und der Verweildauer der Besucher der Webseite zu erhalten. Google Analytics legt dazu ebenfalls Cookies an. Diese Cookies enthalten auch die IP-Adresse Ihres Endger\u00e4tes, die Adresse der aufgerufenen Webseite, Zugriffstag- und Zeit und die Information, ob Sie eingeloggt sind. Die so erzeugten Daten werden zur Auswertung an die Server der Firma Google LLC \u00fcbermittelt. Diese Server stehen teilweise in den USA, teilweise in Europa. Nach der Auswertung und Aufbereitung erhalten wir Zugriff auf die gesammelten Informationen.<\/p>\n<p><strong>3. Google Maps<\/strong><\/p>\n<p>Auf der DEGRO-Webseite wird Google Maps (API) von Google LLC., 1600 Amphitheatre Parkway, Mountain View, CA 94043, USA (Google) verwendet, um Ihnen den Standort unserer Gesch\u00e4ftsstelle zu anzuzeigen. Google Maps ist ein Webdienst zur Darstellung von interaktiven Karten, der geographische Informationen visuell aufbereitet.<\/p>\n<p>Bereits beim Aufrufen der Unterseite \u201eGesch\u00e4ftsstelle\/Kontakt\u201c, in die die Karte von Google Maps eingebunden ist, werden Informationen \u00fcber Ihre Nutzung unserer Website (wie z.B. Ihre IP-Adresse) an die Server von Google in den USA \u00fcbertragen und dort gespeichert. Dies erfolgt unabh\u00e4ngig davon, ob sie beim Aufrufen der Seite im Browser mit einem Google-Account eingeloggt sind oder nicht. Wenn Sie bei Google eingeloggt sind, werden Ihre Daten direkt Ihrem Konto zugeordnet. Wenn Sie die Zuordnung mit Ihrem Profil bei Google verhindern wollen, m\u00fcssen Sie sich vor Aktivierung des Buttons ausloggen. Google speichert Ihre Daten und auch die, nicht eingeloggter Nutzer, als Nutzungsprofile und wertet diese aus. Eine solche Auswertung erfolgt insbesondere gem\u00e4\u00df Art. 6 Abs. 1 lit.f DSGVO auf Basis berechtigter Interessen von Google, vorrangig der Einblendung personalisierter Werbung, zu Marktforschungszwecken oder einer bedarfsgerechten Webseitengestaltung. Gegen die Erstellung von Nutzerprofilen durch Google steht Ihnen ein Widerspruchsrecht zu, welches Sie gegen\u00fcber Google aus\u00fcben m\u00fcssen.<\/p>\n<p>Wenn Sie mit der k\u00fcnftigen \u00dcbermittlung Ihrer Daten an Google im Rahmen der Nutzung von Google Maps nicht einverstanden sind, k\u00f6nnen Sie das Funktionieren von Google Maps durch die Deaktivierung von JavaScript in Ihrem Browser auch vollst\u00e4ndig unterbinden.<\/p>\n<p>Google LLC mit Sitz in den USA ist f\u00fcr das us-europ\u00e4ische Datenschutz\u00fcbereinkommen \u201ePrivacy Shield\u201c zertifiziert, welches die Einhaltung des in der EU geltenden Datenschutzniveaus gew\u00e4hrleistet.<\/p>\n<p>Die Nutzungsbedingungen von Google k\u00f6nnen Sie unter <a href=\"http:\/\/www.google.de\/intl\/de\/policies\/terms\/regional.html\">http:\/\/www.google.de\/intl\/de\/policies\/terms\/regional.html<\/a> einsehen. Die Nutzungsbedingungen f\u00fcr Google Maps finden Sie unter <a href=\"https:\/\/www.google.com\/intl\/de_US\/help\/terms_maps.html\">https:\/\/www.google.com\/intl\/de_US\/help\/terms_maps.html<\/a>. Die Datenschutzerkl\u00e4rung von Google ist unter dem Link <a href=\"http:\/\/www.google.de\/intl\/de\/policies\/privacy\/\">http:\/\/www.google.de\/intl\/de\/policies\/privacy\/<\/a> abrufbar.<\/p>\n<p><strong>4. Google Web Fonts<\/strong><\/p>\n<p>Die DEGRO-Webseite nutzt\u00a0 f\u00fcr die Darstellung von Schriftarten so genannte Web Fonts die von der Google LLC., 1600 Amphitheatre Parkway, Mountain View, CA 94043, USA (Google) bereitgestellt werden. Beim Aufruf der Webseite l\u00e4dt Ihr Browser die ben\u00f6tigten Schriftarten in den Speicher Ihres Browsers.<\/p>\n<p>Dabei baut Ihr Browder eine Verbindung zu den Google-Servern auf und Google erlangt somit Kenntnis dar\u00fcber, dass \u00fcber Ihre IP-Adresse unsere Website aufgerufen wurde. Wir nutzen Google Web Fonts, um eine einheitliche Schriftdarstellung auf \u00fcber alle Endger\u00e4te und Betriebssysteme hinaus zu gew\u00e4hrleisten, da auf unterschiedlichen Ger\u00e4ten meist unterschiedliche Schriften vorinstalliert sind. Dies stellt ein berechtigtes Interesse im Sinne von Art. 6 Abs. 1 lit. f DSGVO dar. Wenn Ihr Browser Web Fonts nicht unterst\u00fctzt, wird eine Standardschrift von Ihrem Computer zur Darstellung gew\u00e4hlt.<\/p>\n<p>Google LLC mit Sitz in den USA ist f\u00fcr das us-europ\u00e4ische Datenschutz\u00fcbereinkommen \u201ePrivacy Shield\u201c zertifiziert, welches die Einhaltung des in der EU geltenden Datenschutzniveaus gew\u00e4hrleistet.<\/p>\n<p>Informationen zu Google Web Fonts finden Sie unter <a href=\"https:\/\/developers.google.com\/fonts\/faq\">https:\/\/developers.google.com\/fonts\/faq<\/a>. Die Datenschutzerkl\u00e4rung von Google ist unter <a href=\"https:\/\/www.google.com\/policies\/privacy\/\">https:\/\/www.google.com\/policies\/privacy\/<\/a> abrufbar.<\/p>\n<h4>IV. Schutzma\u00dfnahmen<\/h4>\n<p>Die DEGRO setzt technische und organisatorische Sicherheitsma\u00dfnahmen ein, um Ihre personenbezogenen Daten gegen unberechtigte Zugriffe, Manipulationen und Verlust zu sch\u00fctzen. Dabei werden die von uns ergriffenen Ma\u00dfnahmen an die fortlaufende technologische Entwicklung angepasst.<\/p>\n<h4>V. Aufbewahrung und L\u00f6schung<\/h4>\n<p>Die von der DEGRO gespeicherten personenbezogenen Daten werden, sobald Sie f\u00fcr den Erhebungszweck nicht mehr ben\u00f6tigt werden, vollst\u00e4ndig und endg\u00fcltig gel\u00f6scht, au\u00dfer gesetzliche Vorschriften verpflichten uns zur Aufbewahrung. In diesem Fall erfolgt die L\u00f6schung nach dem Ablauf der gesetzlichen Aufbewahrungspflichten.<\/p>\n<h4>VI. Links<\/h4>\n<p>Auf der DEGRO-Webseite finden Sie neben unserem Informationsangebot auch Links zu Fachgesellschaften, Berufsverb\u00e4nden, Beh\u00f6rden und Gesetzessammlungen. Diese Webangebote werden von den jeweiligen Dritten betrieben. Deren Datenschutzerkl\u00e4rungen k\u00f6nnen andere Bestimmungen enthalten. \u00dcberpr\u00fcfen Sie bei einem Besuch der von uns verlinkten Webseiten daher, den Umgang des jeweiligen Webseitenbetreibers mit Ihren Daten.<\/p>\n<h4>VII. Ihre Rechte<\/h4>\n<p>In Bezug auf Ihre personenbezogenen Daten, die von uns erhoben, verarbeitet oder verwendet werden, stehen Ihnen eine Vielzahl von Rechten zu. Sie k\u00f6nnen:<\/p>\n<ol>\n<li><strong>Auskunft<\/strong> gem\u00e4\u00df Art. 15 DSGVO verlangen, ob wir \u00fcber Sie personenbezogene Daten verarbeiten und ggf. wie wir das im Detail tun, also hinsichtlich der genauen Art der Daten, deren Verwendungszweck, dem Empf\u00e4nger oder den Kategorien von Empf\u00e4ngern, falls Ihre Daten Dritten gegen\u00fcber offengelegt wurden, der Speicherdauer der Daten und vieles mehr. Wenn Sie eine Frage zu unserem Umgang mit Ihren personenbezogenen Daten haben und sei sie auch noch so speziell, dann kontaktieren Sie uns und wir werden Ihnen antworten.<\/li>\n<li>Die <strong>Berichtigung<\/strong> unrichtiger Daten und die <strong>Erg\u00e4nzung<\/strong> unvollst\u00e4ndiger Daten gem\u00e4\u00df Art. 16 DSGVO verlangen.<\/li>\n<li>Die unverz\u00fcgliche <strong>L\u00f6schung<\/strong> der Sie betreffenden personenbezogenen Daten gem\u00e4\u00df Art. 17 DSGVO verlangen.<\/li>\n<li>Die <strong>Einschr\u00e4nkung<\/strong><strong> der Verarbeitung<\/strong> Ihrer Daten gem\u00e4\u00df Art. 18 DSGVO unter den dort genannten Voraussetzungen verlangen. W\u00e4hrend der eingeschr\u00e4nkten Verarbeitung werden Ihre Daten immer noch gespeichert aber eine dar\u00fcber hinaus gehende Verarbeitung erfolgt nur mit Ihrer Einwilligung.<\/li>\n<li>Die Sie betreffenden personenbezogenen Daten, die Sie uns bereitgestellt haben unter dem Gesichtspunkt der <strong>Daten\u00fcbertragbarkeit<\/strong> gem\u00e4\u00df Art. 20 DSGVO von uns in einem strukturierten, g\u00e4ngigen, maschinenlesbaren Format erhalten oder von uns verlangen, Ihre Daten einem anderen Verantwortlichen im Sinne der DSGVO zur Verf\u00fcgung zu stellen.<\/li>\n<li><strong>Widerspruch<\/strong> einlegen gem\u00e4\u00df Art. 21 DSGVO gegen die Verarbeitung Sie betreffender personenbezogener Daten, die wir aufgrund eines \u00fcberwiegenden berechtigten Interesses verarbeiten, wenn sich Ihre Widerspruchsgr\u00fcnde aus Ihrer besonderen Situation ergeben.<\/li>\n<li>Den <strong>Widerruf<\/strong> Ihrer Einwilligung zur Verarbeitung Ihrer personenbezogenen Daten jederzeit gem\u00e4\u00df Art. 7 DSGVO erkl\u00e4ren. Die Rechtm\u00e4\u00dfigkeit der vor Erkl\u00e4rung des Widerrufs erfolgten Verarbeitung bleibt davon aber unber\u00fchrt.<\/li>\n<li><strong>Beschwerde bei einer Aufsichtsbeh\u00f6rde <\/strong>gem\u00e4\u00df Art. 77 DSGVO erheben, wenn Sie der Ansicht sind, dass die Verarbeitung Ihrer personenbezogenen Daten gegen die DSGVO verst\u00f6\u00dft.<\/li>\n<\/ol>\n<p>Wenn Sie Ihre Rechte nach der DSGVO in aller Ausf\u00fchrlichkeit nochmals nachlesen m\u00f6chten, k\u00f6nnen Sie den Text der DSGVO in deutscher Sprache unter dem Link <a href=\"https:\/\/eur-lex.europa.eu\/legal-content\/DE\/TXT\/HTML\/?uri=OJ:L:2016:119:FULL&amp;from=DE\">https:\/\/eur-lex.europa.eu\/legal-content\/DE\/TXT\/HTML\/?uri=OJ:L:2016:119:FULL&amp;from=DE<\/a> aufrufen.<\/p>\n<p>Um Ihre Rechte auszu\u00fcben, wenden Sie sich bitte per E-Mail unter <a href=\"mailto:office@degro.org\">office@degro.org<\/a> an uns und verwenden bitte \u201eDatenschutzanfrage\u201c als erstes Wort in der Betreffzeile. Damit helfen Sie uns, Ihr Anliegen schnellstm\u00f6glich zu bearbeiten.<\/p>\n<h4><strong>VIII. Einwilligung zur und Aktualit\u00e4t der Datenschutzerkl\u00e4rung<\/strong><\/h4>\n<p>Mit der Nutzung der Webseite willigen Sie in die Erhebung, Verarbeitung und Verwendung Ihrer personenbezogenen Daten in dem Umfang ein, wie sie in dieser Datenschutzerkl\u00e4rung beschrieben werden. Der Stand dieser Datenschutzerkl\u00e4rung ist Mai 2018. Sollte die Funktionsweise der Webseite ver\u00e4ndert werden, z.\u00a0B. durch das Hinzuf\u00fcgen oder Entfernen von Funktion oder Diensten wird die Datenschutzerkl\u00e4rung angepasst werden, um Ihnen jederzeit genau erkl\u00e4ren zu k\u00f6nnen, wie mit Ihren Daten umgegangen wird.<\/p>\n","protected":false},"excerpt":{"rendered":"<p>Die Deutsche Gesellschaft f\u00fcr Radioonkologie e. V. (DEGRO) mit Sitz in der Reinhardtstra\u00dfe 47, 10117 Berlin ist hinsichtlich dieser Webseite Diensteanbieter im Sinne des Telemediengesetzes (TMG) und \u201eVerantwortlicher\u201c im Sinne der Datenschutzgrundverordnung (DSGVO).<br \/>\nUngeachtet des Postweges k\u00f6nnen Sie uns wie <\/p>\n","protected":false},"author":8,"featured_media":0,"parent":0,"menu_order":0,"comment_status":"closed","ping_status":"closed","template":"","meta":[],"_links":{"self":[{"href":"https:\/\/www.degro.org\/gutartige-erkrankungen\/wp-json\/wp\/v2\/pages\/80"}],"collection":[{"href":"https:\/\/www.degro.org\/gutartige-erkrankungen\/wp-json\/wp\/v2\/pages"}],"about":[{"href":"https:\/\/www.degro.org\/gutartige-erkrankungen\/wp-json\/wp\/v2\/types\/page"}],"author":[{"embeddable":true,"href":"https:\/\/www.degro.org\/gutartige-erkrankungen\/wp-json\/wp\/v2\/users\/8"}],"replies":[{"embeddable":true,"href":"https:\/\/www.degro.org\/gutartige-erkrankungen\/wp-json\/wp\/v2\/comments?post=80"}],"version-history":[{"count":1,"href":"https:\/\/www.degro.org\/gutartige-erkrankungen\/wp-json\/wp\/v2\/pages\/80\/revisions"}],"predecessor-version":[{"id":81,"href":"https:\/\/www.degro.org\/gutartige-erkrankungen\/wp-json\/wp\/v2\/pages\/80\/revisions\/81"}],"wp:attachment":[{"href":"https:\/\/www.degro.org\/gutartige-erkrankungen\/wp-json\/wp\/v2\/media?parent=80"}],"curies":[{"name":"wp","href":"https:\/\/api.w.org\/{rel}","templated":true}]}}