


{"id":29,"date":"2018-08-27T10:38:17","date_gmt":"2018-08-27T08:38:17","guid":{"rendered":"https:\/\/www.degro.org\/gutartige-erkrankungen\/?page_id=29"},"modified":"2026-03-25T15:34:23","modified_gmt":"2026-03-25T14:34:23","slug":"downloads-links","status":"publish","type":"page","link":"https:\/\/www.degro.org\/gutartige-erkrankungen\/downloads-links\/","title":{"rendered":"Downloads &amp; Links"},"content":{"rendered":"<div id=\"pl-29\"><style scoped>#pg-29-0 .panel-grid-cell { float:none } #pl-29 .panel-grid-cell .so-panel { margin-bottom:30px } #pl-29 .panel-grid-cell .so-panel:last-child { margin-bottom:0px } #pg-29-0 { margin-left:-15px;margin-right:-15px } #pg-29-0 .panel-grid-cell { padding-left:15px;padding-right:15px } @media (max-width:780px){ #pg-29-0 .panel-grid-cell { float:none;width:auto } #pl-29 .panel-grid , #pl-29 .panel-grid-cell {  } #pl-29 .panel-grid .panel-grid-cell-empty { display:none } #pl-29 .panel-grid .panel-grid-cell-mobile-last { margin-bottom:0px }  } <\/style><div class=\"panel-grid\" id=\"pg-29-0\" ><div class=\"panel-grid-cell\" id=\"pgc-29-0-0\" ><div class=\"so-panel widget widget_sow-editor panel-first-child panel-last-child\" id=\"panel-29-0-0-0\" data-index=\"0\"><div class=\"so-widget-sow-editor so-widget-sow-editor-base\">\n<div class=\"siteorigin-widget-tinymce textwidget\">\n\t<h3>Leitlinien und Empfehlungen<\/h3>\n<ul>\n<li><a href=\"https:\/\/www.degro.org\/gutartige-erkrankungen\/wp-content\/uploads\/sites\/14\/2026\/03\/VF-S2e-Leitlinie-Strahlentherapie-gutartiger-Erkrankungen-Version-3.0-fr.pdf\">S2-Guideline - Radioth\u00e9rapie des pathologies b\u00e9nignes: Seconde \u00e9dition des recommandation de bonnes practiques cliniques bas\u00e9es sur les preuves de la Soci\u00e9t\u00e9 allemande de radioth\u00e9rapie-oncologie (DEGRO) French Version<\/a> (November 2022)<\/li>\n<li><a href=\"https:\/\/www.degro.org\/gutartige-erkrankungen\/wp-content\/uploads\/sites\/14\/2025\/04\/Guia-S2e-Radioterapia-de-enfermedades-benignas-Version-3.0S.pdf\">S-2 Guideline - u\u00eda S2e basada en evidencia del grupo de trabajo espec\u00edfico de la sociedad Alemana de Radiooncolog\u00eda (DEGRO) - Spanish Version (November 2022)<\/a><\/li>\n<li><a href=\"https:\/\/www.degro.org\/gutartige-erkrankungen\/wp-content\/uploads\/sites\/14\/2024\/09\/S-2e-Guideline-Radiotherapy-of-Benign-Diseases-Englisch.pdf\">S-2 Guideline - Radiotherapy of Benign Diseases - Englisch Version (November 2022)<\/a><\/li>\n<li><a href=\"https:\/\/www.degro.org\/gutartige-erkrankungen\/wp-content\/uploads\/sites\/14\/2023\/10\/Leitlinie-20221130-Strahlentherapie-gutartiger-Erkrankungen-Version-3.0.pdf\">S-2 Leitlinien Strahlentherapie bei Gutartigen Erkrankungen<\/a> (Stand November 2022)<\/li>\n<li><a href=\"https:\/\/www.degro.org\/gutartige-erkrankungen\/wp-content\/uploads\/sites\/14\/2018\/08\/Patienten-Info-Bogen-Strahlentherapie-gutartiger-Erkrankungen.pdf\">Patienten-Informationsblatt Gutartige Erkrankungen<\/a>\u00a0 (Stand 2017)<\/li>\n<li><a href=\"https:\/\/www.degro.org\/gutartige-erkrankungen\/wp-content\/uploads\/sites\/14\/2023\/10\/Leitlinie-20221130-Tabelle.pdf\">\u00dcbersicht \u00fcber die Indikationen, Bestrahlungsdosierungen, Evidenzlevel und Empfehlungsgrade<\/a><\/li>\n<\/ul>\n<h3>N\u00fctzliche Links<\/h3>\n<ul>\n<li><a href=\"http:\/\/www.dupuytren-online.de\">Deutsche Dupuytren-Gesellschaft (DDG) <\/a><\/li>\n<\/ul>\n<h3>Pr\u00e4sentationen und Vortr\u00e4ge<\/h3>\n<ul>\n<li><a href=\"https:\/\/www.degro.org\/gutartige-erkrankungen\/vortraege\/\">Benign Reloaded 4 - Bad Kreuznach<\/a><\/li>\n<\/ul>\n<h3>Register \u201eSeltene gutartige Erkrankungen\u201c<\/h3>\n<ul>\n<li><a href=\"https:\/\/www.degro.org\/gutartige-erkrankungen\/wp-content\/uploads\/sites\/14\/2020\/01\/20200131_Registry-Rare-benign-Diseases-Akt.pdf\">Meldebogen<\/a><br \/>\n<h3>\u00a0<\/h3>\n<\/li>\n<\/ul>\n<\/div>\n<\/div><\/div><\/div><\/div><\/div>","protected":false},"excerpt":{"rendered":"<p>#pg-29-0 .panel-grid-cell { float:none } #pl-29 .panel-grid-cell .so-panel { margin-bottom:30px } #pl-29 .panel-grid-cell .so-panel:last-child { margin-bottom:0px } #pg-29-0 { margin-left:-15px;margin-right:-15px } #pg-29-0 .panel-grid-cell { padding-left:15px;padding-right:15px } @media (max-width:780px){ #pg-29-0 .panel-grid-cell { float:none;width:auto } #pl-29 .panel-grid , #pl-29 .panel-grid-cell {  <\/p>\n","protected":false},"author":8,"featured_media":0,"parent":0,"menu_order":0,"comment_status":"closed","ping_status":"closed","template":"","meta":[],"_links":{"self":[{"href":"https:\/\/www.degro.org\/gutartige-erkrankungen\/wp-json\/wp\/v2\/pages\/29"}],"collection":[{"href":"https:\/\/www.degro.org\/gutartige-erkrankungen\/wp-json\/wp\/v2\/pages"}],"about":[{"href":"https:\/\/www.degro.org\/gutartige-erkrankungen\/wp-json\/wp\/v2\/types\/page"}],"author":[{"embeddable":true,"href":"https:\/\/www.degro.org\/gutartige-erkrankungen\/wp-json\/wp\/v2\/users\/8"}],"replies":[{"embeddable":true,"href":"https:\/\/www.degro.org\/gutartige-erkrankungen\/wp-json\/wp\/v2\/comments?post=29"}],"version-history":[{"count":16,"href":"https:\/\/www.degro.org\/gutartige-erkrankungen\/wp-json\/wp\/v2\/pages\/29\/revisions"}],"predecessor-version":[{"id":381,"href":"https:\/\/www.degro.org\/gutartige-erkrankungen\/wp-json\/wp\/v2\/pages\/29\/revisions\/381"}],"wp:attachment":[{"href":"https:\/\/www.degro.org\/gutartige-erkrankungen\/wp-json\/wp\/v2\/media?parent=29"}],"curies":[{"name":"wp","href":"https:\/\/api.w.org\/{rel}","templated":true}]}}