


{"id":49,"date":"2024-04-23T11:02:37","date_gmt":"2024-04-23T09:02:37","guid":{"rendered":"https:\/\/www.degro.org\/firo\/?page_id=49"},"modified":"2026-01-08T14:56:27","modified_gmt":"2026-01-08T13:56:27","slug":"patientinnen","status":"publish","type":"page","link":"https:\/\/www.degro.org\/firo\/patientinnen\/","title":{"rendered":"Patientinnen"},"content":{"rendered":"<div id=\"pl-49\"><style scoped>#pg-49-0 .panel-grid-cell { float:none } #pl-49 .panel-grid-cell .so-panel { margin-bottom:30px } #pl-49 .panel-grid-cell .so-panel:last-child { margin-bottom:0px } #pg-49-0 { margin-left:-15px;margin-right:-15px } #pg-49-0 .panel-grid-cell { padding-left:15px;padding-right:15px } @media (max-width:780px){ #pg-49-0 .panel-grid-cell { float:none;width:auto } #pl-49 .panel-grid , #pl-49 .panel-grid-cell {  } #pl-49 .panel-grid .panel-grid-cell-empty { display:none } #pl-49 .panel-grid .panel-grid-cell-mobile-last { margin-bottom:0px }  } <\/style><div class=\"panel-grid\" id=\"pg-49-0\" ><div class=\"panel-grid-cell\" id=\"pgc-49-0-0\" ><div class=\"so-panel widget widget_sow-editor panel-first-child\" id=\"panel-49-0-0-0\" data-index=\"0\"><div class=\"so-widget-sow-editor so-widget-sow-editor-base\">\n<div class=\"siteorigin-widget-tinymce textwidget\">\n\t<h2>Pressemitteilungen<\/h2>\n<ul>\n<li><a href=\"https:\/\/www.aerzteblatt.de\/nachrichten\/153421\/Frauen-erhalten-in-der-Notaufnahme-seltener-Schmerzmittel?utm_source=dlvr.it&amp;utm_medium=facebook\">\u201eGender Pain Gap\u201c? - Frauen erhalten in der Notaufnahme weniger Schmerzmittel laut dem vorliegenden Artikel im \u00c4B. Wir \u00c4rztinnen und \u00c4rzte sollten uns f\u00fcr das Thema sensibilisieren.\u201c<\/a>\n<\/li>\n<li><a href=\"https:\/\/www.degro.org\/gebaermutterhalskrebspatientinnen-mit-kinderwunsch-interdisziplinaere-loesungsansaetze\/\">Geb\u00e4rmutterhalskrebspatientinnen mit Kinderwunsch: interdisziplin\u00e4re L\u00f6sungsans\u00e4tze<\/a>\n<\/li>\n<li><a href=\"https:\/\/www.degro.org\/lymphknotenbefall-bei-brustkrebs-die-zusaetzliche-bestrahlung-der-lymphabflusswege-fuehrt-zu-besseren-therapieergebnissen\/\">Lymphknotenbefall bei Brustkrebs: Die zus\u00e4tzliche Bestrahlung der Lymphabflusswege f\u00fchrt zu besseren Therapieergebnissen<\/a>\n<\/li>\n<li class=\"entry-title\"><a href=\"https:\/\/www.degro.org\/degro-fordert-eine-differenzierte-indikationsstellung-zur-radiotherapie-bei-aelteren-brustkrebspatientinnen\/\">DEGRO fordert eine differenzierte Indikationsstellung zur Radiotherapie bei \u00e4lteren Brustkrebspatientinnen<\/a><\/li>\n<li class=\"entry-title\"><a href=\"https:\/\/www.degro.org\/was-gibt-es-neues-im-bereich-radioonkologie-fuer-brustkrebspatien-tinnen\/\">Was gibt es Neues im Bereich Radioonkologie f\u00fcr Brustkrebspatientinnen?<\/a><\/li>\n<\/ul>\n<\/div>\n<\/div><\/div><div class=\"so-panel widget widget_sow-features\" id=\"panel-49-0-0-1\" data-index=\"1\"><div class=\"so-widget-sow-features so-widget-sow-features-default-95dfbd4ce156\">\n<div class=\"sow-features-list sow-features-responsive\">\n\n\t\t\t\n\t\t\t\n\t\t\t<div class=\"sow-features-feature sow-features-feature-last-row\" style=\"width: 33.333%\">\n\n\t\t\t\t<a href=\"https:\/\/www.aerzteblatt.de\/news\/frauen-erhalten-in-der-notaufnahme-seltener-schmerzmittel-62a9c819-c0d7-4600-85ff-9c5379db549f\" >\t\t\t\t<div\n\t\t\t\t\tclass=\"sow-icon-container sow-container-round\"\n\t\t\t\t\tstyle=\"font-size: 84px; color: #912151; width: 84px; height: 84px;\"\n\t\t\t\t\t>\n\t\t\t\t\t<span class=\"sow-icon-fontawesome\" data-sow-icon=\"&#xf132;\" style=\"font-size: 24px; color: #FFFFFF\"><\/span>\t\t\t\t<\/div>\n\t\t\t\t<\/a>\n\t\t\t\t<div class=\"textwidget\">\n\t\t\t\t\t\t\t\t\t\t\t<h5>\n\t\t\t\t\t\t\t\t\t\t\t\t\t\tGender Pain Gap ?!\t\t\t\t\t\t\t\t\t\t\t\t\t<\/h5>\n\t\t\t\t\t\n\t\t\t\t\t\n\t\t\t\t\t\t\t\t\t<\/div>\n\t\t\t<\/div>\n\n\t\t\n\t\t\t\n\t\t\t<div class=\"sow-features-feature sow-features-feature-last-row\" style=\"width: 33.333%\">\n\n\t\t\t\t<a href=\"https:\/\/www.degro.org\/gebaermutterhalskrebspatientinnen-mit-kinderwunsch-interdisziplinaere-loesungsansaetze\/\" >\t\t\t\t<div\n\t\t\t\t\tclass=\"sow-icon-container sow-container-round\"\n\t\t\t\t\tstyle=\"font-size: 84px; color: #912151; width: 84px; height: 84px;\"\n\t\t\t\t\t>\n\t\t\t\t\t<span class=\"sow-icon-fontawesome\" data-sow-icon=\"&#xf066;\" style=\"font-size: 24px; color: #FFFFFF\"><\/span>\t\t\t\t<\/div>\n\t\t\t\t<\/a>\n\t\t\t\t<div class=\"textwidget\">\n\t\t\t\t\t\t\t\t\t\t\t<h5>\n\t\t\t\t\t\t\t\t\t\t\t\t\t\tGeb\u00e4rmutterhalskrebspatientinnen mit Kinderwunsch: interdisziplin\u00e4re L\u00f6sungsans\u00e4tze\t\t\t\t\t\t\t\t\t\t\t\t\t<\/h5>\n\t\t\t\t\t\n\t\t\t\t\t\n\t\t\t\t\t\t\t\t\t<\/div>\n\t\t\t<\/div>\n\n\t\t\n\t\t\t\n\t\t\t<div class=\"sow-features-feature sow-features-feature-last-row\" style=\"width: 33.333%\">\n\n\t\t\t\t\t\t\t\t<div\n\t\t\t\t\tclass=\"sow-icon-container sow-container-round\"\n\t\t\t\t\tstyle=\"font-size: 84px; color: #912151; width: 84px; height: 84px;\"\n\t\t\t\t\t>\n\t\t\t\t\t\t\t\t\t<\/div>\n\t\t\t\t\n\t\t\t\t<div class=\"textwidget\">\n\t\t\t\t\t\n\t\t\t\t\t\n\t\t\t\t\t\t\t\t\t<\/div>\n\t\t\t<\/div>\n\n\t\t\t\n<\/div>\n<\/div><\/div><div class=\"so-panel widget widget_lsow-accordion panel-last-child\" id=\"panel-49-0-0-2\" data-index=\"2\"><div class=\"so-widget-lsow-accordion so-widget-lsow-accordion-default-d75171398898\">\n\n<div class=\"lsow-accordion style1\" data-toggle=\"false\">\n\n    \n        <div class=\"lsow-panel\">\n\n            <div class=\"lsow-panel-title\">Gender Pain Gap?!<\/div>\n\n            <div class=\"lsow-panel-content\"><p><a href=\"https:\/\/www.aerzteblatt.de\/news\/frauen-erhalten-in-der-notaufnahme-seltener-schmerzmittel-62a9c819-c0d7-4600-85ff-9c5379db549f\">Frauen erhalten in der Notaufnahme seltener Schmerzmittel \u2013 News \u2013 Deutsches \u00c4rzteblatt<\/a><\/p><\/div>\n\n        <\/div>\n\n        \n        <div class=\"lsow-panel\">\n\n            <div class=\"lsow-panel-title\">Geb\u00e4rmutterhalskrebspatientinnen<\/div>\n\n            <div class=\"lsow-panel-content\"><p><a href=\"https:\/\/www.degro.org\/gebaermutterhalskrebspatientinnen-mit-kinderwunsch-interdisziplinaere-loesungsansaetze\/\">Geb\u00e4rmutterhalskrebspatientinnen mit Kinderwunsch: interdisziplin\u00e4re L\u00f6sungsans\u00e4tze \u2013 Degro<\/a><\/p><\/div>\n\n        <\/div>\n\n        \n        <div class=\"lsow-panel\">\n\n            <div class=\"lsow-panel-title\">Brustkrebspatientinnen<\/div>\n\n            <div class=\"lsow-panel-content\"><p><a href=\"https:\/\/www.degro.org\/degro-fordert-eine-differenzierte-indikationsstellung-zur-radiotherapie-bei-aelteren-brustkrebspatientinnen\/\">DEGRO fordert eine differenzierte Indikationsstellung zur Radiotherapie bei \u00e4lteren Brustkrebspatientinnen \u2013 Degro<\/a><\/p><\/div>\n\n        <\/div>\n\n        \n<\/div><\/div><\/div><\/div><\/div><\/div>","protected":false},"excerpt":{"rendered":"<p>#pg-49-0 .panel-grid-cell { float:none } #pl-49 .panel-grid-cell .so-panel { margin-bottom:30px } #pl-49 .panel-grid-cell .so-panel:last-child { margin-bottom:0px } #pg-49-0 { margin-left:-15px;margin-right:-15px } #pg-49-0 .panel-grid-cell { padding-left:15px;padding-right:15px } @media (max-width:780px){ #pg-49-0 .panel-grid-cell { float:none;width:auto } #pl-49 .panel-grid , #pl-49 .panel-grid-cell {  <\/p>\n","protected":false},"author":8,"featured_media":0,"parent":0,"menu_order":0,"comment_status":"closed","ping_status":"closed","template":"","meta":[],"_links":{"self":[{"href":"https:\/\/www.degro.org\/firo\/wp-json\/wp\/v2\/pages\/49"}],"collection":[{"href":"https:\/\/www.degro.org\/firo\/wp-json\/wp\/v2\/pages"}],"about":[{"href":"https:\/\/www.degro.org\/firo\/wp-json\/wp\/v2\/types\/page"}],"author":[{"embeddable":true,"href":"https:\/\/www.degro.org\/firo\/wp-json\/wp\/v2\/users\/8"}],"replies":[{"embeddable":true,"href":"https:\/\/www.degro.org\/firo\/wp-json\/wp\/v2\/comments?post=49"}],"version-history":[{"count":6,"href":"https:\/\/www.degro.org\/firo\/wp-json\/wp\/v2\/pages\/49\/revisions"}],"predecessor-version":[{"id":268,"href":"https:\/\/www.degro.org\/firo\/wp-json\/wp\/v2\/pages\/49\/revisions\/268"}],"wp:attachment":[{"href":"https:\/\/www.degro.org\/firo\/wp-json\/wp\/v2\/media?parent=49"}],"curies":[{"name":"wp","href":"https:\/\/api.w.org\/{rel}","templated":true}]}}