


{"id":47,"date":"2024-04-23T11:01:22","date_gmt":"2024-04-23T09:01:22","guid":{"rendered":"https:\/\/www.degro.org\/firo\/?page_id=47"},"modified":"2024-05-28T14:55:06","modified_gmt":"2024-05-28T12:55:06","slug":"mutterschaft","status":"publish","type":"page","link":"https:\/\/www.degro.org\/firo\/mutterschaft\/","title":{"rendered":"Mutterschaft"},"content":{"rendered":"<div id=\"pl-47\"><style scoped>#pg-47-0 .panel-grid-cell { float:none } #pl-47 .panel-grid-cell .so-panel { margin-bottom:30px } #pl-47 .panel-grid-cell .so-panel:last-child { margin-bottom:0px } #pg-47-0 { margin-left:-15px;margin-right:-15px } #pg-47-0 .panel-grid-cell { padding-left:15px;padding-right:15px } @media (max-width:780px){ #pg-47-0 .panel-grid-cell { float:none;width:auto } #pl-47 .panel-grid , #pl-47 .panel-grid-cell {  } #pl-47 .panel-grid .panel-grid-cell-empty { display:none } #pl-47 .panel-grid .panel-grid-cell-mobile-last { margin-bottom:0px }  } <\/style><div class=\"panel-grid\" id=\"pg-47-0\" ><div class=\"panel-grid-cell\" id=\"pgc-47-0-0\" ><div class=\"so-panel widget widget_sow-editor panel-first-child\" id=\"panel-47-0-0-0\" data-index=\"0\"><div class=\"so-widget-sow-editor so-widget-sow-editor-base\"><h3 class=\"widget-title\">Kinderbetreuung<\/h3>\n<div class=\"siteorigin-widget-tinymce textwidget\">\n\t<p><span class=\"break-words tvm-parent-container\"><span dir=\"ltr\">Die DEGRO bietet dieses Jahr erneut Eltern die Gelegenheit das umfassende Fort- und Weiterbildungsangebot auf dem <a href=\"http:\/\/www.degro-kongress.org\">Jahreskongress<\/a> in Kassel zu nutzen. An allen Tagen wird w\u00e4hrend der Kongresszeiten eine qualifizierte Kinderbetreuung in direkter N\u00e4he des Kongress Palais angeboten. Melden Sie Ihren Nachwuchs noch bis 3. Juni 2024 bequem \u00fcber die Online-Kongressanmeldung an. <\/span><\/span><\/p>\n<p>Weitere Informationen zur Anmeldung finden Sie unter \ud83d\udc49 <a class=\"app-aware-link \" href=\"https:\/\/bit.ly\/44P6ZC2\" target=\"_self\" data-test-app-aware-link=\"\">https:\/\/bit.ly\/44P6ZC2<\/a><\/p>\n<p><img loading=\"lazy\" class=\" wp-image-82\" src=\"https:\/\/www.degro.org\/firo\/wp-content\/uploads\/sites\/21\/2024\/05\/Kinderbetreuung-300x85.jpeg\" alt=\"\" width=\"558\" height=\"158\" srcset=\"https:\/\/www.degro.org\/firo\/wp-content\/uploads\/sites\/21\/2024\/05\/Kinderbetreuung-300x85.jpeg 300w, https:\/\/www.degro.org\/firo\/wp-content\/uploads\/sites\/21\/2024\/05\/Kinderbetreuung-1024x292.jpeg 1024w, https:\/\/www.degro.org\/firo\/wp-content\/uploads\/sites\/21\/2024\/05\/Kinderbetreuung-768x219.jpeg 768w, https:\/\/www.degro.org\/firo\/wp-content\/uploads\/sites\/21\/2024\/05\/Kinderbetreuung-1536x438.jpeg 1536w, https:\/\/www.degro.org\/firo\/wp-content\/uploads\/sites\/21\/2024\/05\/Kinderbetreuung-2048x583.jpeg 2048w\" sizes=\"(max-width: 558px) 100vw, 558px\" \/><\/p>\n<\/div>\n<\/div><\/div><div class=\"so-panel widget widget_sow-editor\" id=\"panel-47-0-0-1\" data-index=\"1\"><div class=\"so-widget-sow-editor so-widget-sow-editor-base\">\n<div class=\"siteorigin-widget-tinymce textwidget\">\n\t<hr \/>\n<\/div>\n<\/div><\/div><div class=\"so-panel widget widget_sow-editor panel-last-child\" id=\"panel-47-0-0-2\" data-index=\"2\"><div class=\"so-widget-sow-editor so-widget-sow-editor-base\"><h3 class=\"widget-title\">Netzwerk Mutterschaft &amp; Wissenschaft<\/h3>\n<div class=\"siteorigin-widget-tinymce textwidget\">\n\t<p>Das Netzwerk Mutterschaft und Wissenschaft bietet f\u00fcr all jene ein Forum, die sich als M\u00fctter identifizieren und im Wissenschaftsbetrieb arbeiten, um sich auszutauschen, zu vernetzen, sich gegenseitig zu unterst\u00fctzen und zu informieren.<\/p>\n<p>Das Netzwerk hat drei zentrale T\u00e4tigkeitsfelder:\u00a0Forschung, Vernetzung und Weiterbildung.<\/p>\n<p>Die Problematiken, die sich mit den Themen Mutterschaft und Wissenschaft auftun, betreffen nicht nur M\u00fctter. Sie gehen alle an, denn Care-Arbeit ist die Grundlage der Gesellschaft und jedes menschlichen Zusammenlebens und \u2011arbeitens. Deshalb ist dies ebenso ein Netzwerk f\u00fcr\u00a0Verb\u00fcndete und Unterst\u00fctzer und Unterst\u00fctzerinnen. Dieses\u00a0Netzwerk ist\u00a0ein Forum f\u00fcr diejenigen, die eine strukturelle Ver\u00e4nderung des Wissenschaftsbetriebes f\u00fcr notwendig halten.<\/p>\n<p>Weitere Infos hier:<a href=\"https:\/\/www.mutterschaft-wissenschaft.de\/\" target=\"_blank\" rel=\"noopener\"> www.mutterschaft-wissenschaft.de<\/a><\/p>\n<p><a href=\"http:\/\/www.mutterschaft-wissenschaft.de\"><img loading=\"lazy\" class=\"wp-image-1786 alignnone\" src=\"https:\/\/www.mutterschaft-wissenschaft.de\/wp-content\/uploads\/2023\/01\/Aktuelles-Logo-MuWi-1.png\" alt=\"\" width=\"124\" height=\"124\" \/><\/a><\/p>\n<\/div>\n<\/div><\/div><\/div><\/div><\/div>","protected":false},"excerpt":{"rendered":"<p>#pg-47-0 .panel-grid-cell { float:none } #pl-47 .panel-grid-cell .so-panel { margin-bottom:30px } #pl-47 .panel-grid-cell .so-panel:last-child { margin-bottom:0px } #pg-47-0 { margin-left:-15px;margin-right:-15px } #pg-47-0 .panel-grid-cell { padding-left:15px;padding-right:15px } @media (max-width:780px){ #pg-47-0 .panel-grid-cell { float:none;width:auto } #pl-47 .panel-grid , #pl-47 .panel-grid-cell {  <\/p>\n","protected":false},"author":8,"featured_media":0,"parent":0,"menu_order":0,"comment_status":"closed","ping_status":"closed","template":"","meta":[],"_links":{"self":[{"href":"https:\/\/www.degro.org\/firo\/wp-json\/wp\/v2\/pages\/47"}],"collection":[{"href":"https:\/\/www.degro.org\/firo\/wp-json\/wp\/v2\/pages"}],"about":[{"href":"https:\/\/www.degro.org\/firo\/wp-json\/wp\/v2\/types\/page"}],"author":[{"embeddable":true,"href":"https:\/\/www.degro.org\/firo\/wp-json\/wp\/v2\/users\/8"}],"replies":[{"embeddable":true,"href":"https:\/\/www.degro.org\/firo\/wp-json\/wp\/v2\/comments?post=47"}],"version-history":[{"count":8,"href":"https:\/\/www.degro.org\/firo\/wp-json\/wp\/v2\/pages\/47\/revisions"}],"predecessor-version":[{"id":66,"href":"https:\/\/www.degro.org\/firo\/wp-json\/wp\/v2\/pages\/47\/revisions\/66"}],"wp:attachment":[{"href":"https:\/\/www.degro.org\/firo\/wp-json\/wp\/v2\/media?parent=47"}],"curies":[{"name":"wp","href":"https:\/\/api.w.org\/{rel}","templated":true}]}}