


{"id":261,"date":"2025-12-16T15:43:51","date_gmt":"2025-12-16T14:43:51","guid":{"rendered":"https:\/\/www.degro.org\/firo\/?page_id=261"},"modified":"2025-12-16T15:49:16","modified_gmt":"2025-12-16T14:49:16","slug":"kein-tabu","status":"publish","type":"page","link":"https:\/\/www.degro.org\/firo\/kein-tabu\/","title":{"rendered":"Kein Tabu"},"content":{"rendered":"<div id=\"pl-261\"><style scoped>#pg-261-0 , #pl-261 .panel-grid-cell .so-panel { margin-bottom:30px } #pg-261-0 .panel-grid-cell { float:none } #pgc-261-1-0 , #pgc-261-1-1 { width:50% } #pg-261-1 .panel-grid-cell { float:left } #pl-261 .panel-grid-cell .so-panel:last-child { margin-bottom:0px } #pg-261-0 , #pg-261-1 { margin-left:-15px;margin-right:-15px } #pg-261-0 .panel-grid-cell , #pg-261-1 .panel-grid-cell { padding-left:15px;padding-right:15px } @media (max-width:780px){ #pg-261-0 .panel-grid-cell , #pg-261-1 .panel-grid-cell { float:none;width:auto } #pgc-261-1-0 { margin-bottom:30px } #pl-261 .panel-grid , #pl-261 .panel-grid-cell {  } #pl-261 .panel-grid .panel-grid-cell-empty { display:none } #pl-261 .panel-grid .panel-grid-cell-mobile-last { margin-bottom:0px }  } <\/style><div class=\"panel-grid\" id=\"pg-261-0\" ><div class=\"panel-grid-cell\" id=\"pgc-261-0-0\" ><div class=\"so-panel widget widget_sow-editor panel-first-child\" id=\"panel-261-0-0-0\" data-index=\"0\"><div class=\"so-widget-sow-editor so-widget-sow-editor-base\">\n<div class=\"siteorigin-widget-tinymce textwidget\">\n\t<h4><span style=\"color: #009cd8\"><strong>AG FiRO - Kein Tabu<\/strong><\/span><\/p>\n<p>Wir freuen uns, Sie und euch herzlich zu unserer <strong>FiRO-Runde \"Kein Tabu\"<\/strong> einzuladen. Diese Veranstaltung bietet die M\u00f6glichkeit, in einem gesch\u00fctzten Rahmen offen und vertrauensvoll \u00fcber Themen zu sprechen, die uns als Frauen in der Radioonkologie bewegen.<\/h4>\n<p>Die Voranmeldung ist erforderlich, um sicherzustellen, dass jede Teilnehmerin die M\u00f6glichkeit hat, ihre Anliegen und Fragen in einem sicheren Umfeld zu teilen. Ihre\/eure Teilnahme und Erfahrungen sind uns sehr wichtig, um gemeinsam einen Raum f\u00fcr Austausch und gegenseitige Unterst\u00fctzung zu schaffen. Wir freuen uns auf einen offenen und inspirierenden Austausch mit Euch!<\/p>\n<\/div>\n<\/div><\/div><div class=\"so-panel widget widget_countdown-box panel-last-child\" id=\"panel-261-0-0-1\" data-index=\"1\"><div class=\"thim-widget-countdown-box thim-widget-countdown-box-base\"><div class=\"text-left color-white\" id=\"coming-soon-counter69dad5680fedf\"><\/div><script type=\"text\/javascript\">\njQuery(function () {\n\tjQuery(document).ready(function () {\n\t\tjQuery(\"#coming-soon-counter69dad5680fedf\").mbComingsoon({\n\t\t\texpiryDate  : new Date(2026,3,15,19),\n\t\t\tlocalization: {\n\t\t\t\tdays   : \"Tage\",\n\t\t\t\thours  : \"Stunden\",\n\t\t\t\tminutes: \"minutes\",\n\t\t\t\tseconds: \"seconds\"\n\t\t\t},\n\t\t\tspeed       : 100\n\t\t});\n\t\tsetTimeout(function () {\n\t\t\tjQuery(window).resize();\n\t\t}, 200);\n\t});\n});\n<\/script><\/div><\/div><\/div><\/div><div class=\"panel-grid\" id=\"pg-261-1\" ><div class=\"panel-grid-cell\" id=\"pgc-261-1-0\" ><div class=\"so-panel widget widget_sow-image panel-first-child panel-last-child\" id=\"panel-261-1-0-0\" data-index=\"2\"><div class=\"so-widget-sow-image so-widget-sow-image-default-3f547a15eaaa\">\n\n<div class=\"sow-image-container\">\n\t<img src=\"https:\/\/www.degro.org\/firo\/wp-content\/uploads\/sites\/21\/2025\/03\/LOGO-KEIN-TABU.jpg\" width=\"478\" height=\"477\" srcset=\"https:\/\/www.degro.org\/firo\/wp-content\/uploads\/sites\/21\/2025\/03\/LOGO-KEIN-TABU.jpg 478w, https:\/\/www.degro.org\/firo\/wp-content\/uploads\/sites\/21\/2025\/03\/LOGO-KEIN-TABU-300x300.jpg 300w, https:\/\/www.degro.org\/firo\/wp-content\/uploads\/sites\/21\/2025\/03\/LOGO-KEIN-TABU-150x150.jpg 150w\" title=\"LOGO-KEIN TABU\"  class=\"so-widget-image\"\/>\n<\/div>\n\n<\/div><\/div><\/div><div class=\"panel-grid-cell\" id=\"pgc-261-1-1\" ><div class=\"so-panel widget widget_sow-editor panel-first-child\" id=\"panel-261-1-1-0\" data-index=\"3\"><div class=\"so-widget-sow-editor so-widget-sow-editor-base\">\n<div class=\"siteorigin-widget-tinymce textwidget\">\n\t<p><span style=\"color: #009cd8\"><strong>Termine im Jahr 2026\u00a0<\/strong><\/span><\/p>\n<p><strong>Mittwoch, 15. April 2026 | 19:30 - 20:30 Uhr<\/strong><\/p>\n<p><strong>Mittwoch, 26. August 2026 | 19:30 - 20:30 Uhr\u00a0<\/strong><\/p>\n<p><strong>Mittwoch, 09. Dezember 2026 | 19:30 - 20:30 Uhr\u00a0<\/strong><\/p>\n<\/div>\n<\/div><\/div><div class=\"so-panel widget widget_sow-button panel-last-child\" id=\"panel-261-1-1-1\" data-index=\"4\"><div class=\"so-widget-sow-button so-widget-sow-button-atom-93b2f1521782\"><div class=\"ow-button-base ow-button-align-left\">\n\n\t\t<a class=\"ow-button-hover\" href=\"https:\/\/us06web.zoom.us\/meeting\/register\/6xklxqY0T6uRozGK5IZt5Q\" >\n\t\t<span>\n\t\t\t<span class=\"sow-icon-fontawesome\" data-sow-icon=\"&#xf08b;\" style=\"color: #009cd8\"><\/span>\n\t\t\tAnmeldung \t\t<\/span>\n\t<\/a>\n<\/div>\n<\/div><\/div><\/div><\/div><\/div>","protected":false},"excerpt":{"rendered":"<p>#pg-261-0 , #pl-261 .panel-grid-cell .so-panel { margin-bottom:30px } #pg-261-0 .panel-grid-cell { float:none } #pgc-261-1-0 , #pgc-261-1-1 { width:50% } #pg-261-1 .panel-grid-cell { float:left } #pl-261 .panel-grid-cell .so-panel:last-child { margin-bottom:0px } #pg-261-0 , #pg-261-1 { margin-left:-15px;margin-right:-15px } #pg-261-0 .panel-grid-cell , #pg-261-1 <\/p>\n","protected":false},"author":8,"featured_media":0,"parent":0,"menu_order":0,"comment_status":"closed","ping_status":"closed","template":"","meta":[],"_links":{"self":[{"href":"https:\/\/www.degro.org\/firo\/wp-json\/wp\/v2\/pages\/261"}],"collection":[{"href":"https:\/\/www.degro.org\/firo\/wp-json\/wp\/v2\/pages"}],"about":[{"href":"https:\/\/www.degro.org\/firo\/wp-json\/wp\/v2\/types\/page"}],"author":[{"embeddable":true,"href":"https:\/\/www.degro.org\/firo\/wp-json\/wp\/v2\/users\/8"}],"replies":[{"embeddable":true,"href":"https:\/\/www.degro.org\/firo\/wp-json\/wp\/v2\/comments?post=261"}],"version-history":[{"count":3,"href":"https:\/\/www.degro.org\/firo\/wp-json\/wp\/v2\/pages\/261\/revisions"}],"predecessor-version":[{"id":263,"href":"https:\/\/www.degro.org\/firo\/wp-json\/wp\/v2\/pages\/261\/revisions\/263"}],"wp:attachment":[{"href":"https:\/\/www.degro.org\/firo\/wp-json\/wp\/v2\/media?parent=261"}],"curies":[{"name":"wp","href":"https:\/\/api.w.org\/{rel}","templated":true}]}}