


{"id":214,"date":"2025-10-22T20:26:02","date_gmt":"2025-10-22T18:26:02","guid":{"rendered":"https:\/\/www.degro.org\/firo\/?page_id=214"},"modified":"2025-10-22T20:34:39","modified_gmt":"2025-10-22T18:34:39","slug":"ag-firo-workshop-trainerin","status":"publish","type":"page","link":"https:\/\/www.degro.org\/firo\/ag-firo-workshop-trainerin\/","title":{"rendered":"AG FiRO &#8211; Workshop Leiterin"},"content":{"rendered":"<div id=\"pl-214\"><style scoped>#pgc-214-0-0 { width:74.489% } #pgc-214-0-1 { width:25.511% } #pg-214-0 , #pg-214-1 , #pl-214 .panel-grid-cell .so-panel { margin-bottom:30px } #pg-214-0 .panel-grid-cell , #pg-214-2 .panel-grid-cell { float:left } #pg-214-1 .panel-grid-cell { float:none } #pgc-214-2-0 , #pgc-214-2-1 , #pgc-214-2-2 { width:33.333% } #pl-214 .panel-grid-cell .so-panel:last-child { margin-bottom:0px } #pg-214-0 , #pg-214-1 , #pg-214-2 { margin-left:-15px;margin-right:-15px } #pg-214-0 .panel-grid-cell , #pg-214-1 .panel-grid-cell , #pg-214-2 .panel-grid-cell { padding-left:15px;padding-right:15px } @media (max-width:780px){ #pg-214-0 .panel-grid-cell , #pg-214-1 .panel-grid-cell , #pg-214-2 .panel-grid-cell { float:none;width:auto } #pgc-214-0-0 , #pgc-214-2-0 , #pgc-214-2-1 { margin-bottom:30px } #pl-214 .panel-grid , #pl-214 .panel-grid-cell {  } #pl-214 .panel-grid .panel-grid-cell-empty { display:none } #pl-214 .panel-grid .panel-grid-cell-mobile-last { margin-bottom:0px }  } <\/style><div class=\"panel-grid\" id=\"pg-214-0\" ><div class=\"panel-grid-cell\" id=\"pgc-214-0-0\" ><div class=\"so-panel widget widget_sow-editor panel-first-child panel-last-child\" id=\"panel-214-0-0-0\" data-index=\"0\"><div class=\"so-widget-sow-editor so-widget-sow-editor-base\">\n<div class=\"siteorigin-widget-tinymce textwidget\">\n\t<h2 class=\"title\"><span style=\"color: #ff0000\">Ihre Workshop-Leiterin<\/span><\/h2>\n<\/div>\n<\/div><\/div><\/div><div class=\"panel-grid-cell\" id=\"pgc-214-0-1\" ><div class=\"so-panel widget widget_sow-image panel-first-child panel-last-child\" id=\"panel-214-0-1-0\" data-index=\"1\"><div class=\"so-widget-sow-image so-widget-sow-image-default-3f547a15eaaa\">\n\n<div class=\"sow-image-container\">\n\t<img title=\"AG FiRO &#8211; Workshop Leiterin\"  class=\"so-widget-image\"\/>\n<\/div>\n\n<\/div><\/div><\/div><\/div><div class=\"panel-grid\" id=\"pg-214-1\" ><div class=\"panel-grid-cell\" id=\"pgc-214-1-0\" ><div class=\"so-panel widget widget_sow-editor panel-first-child panel-last-child\" id=\"panel-214-1-0-0\" data-index=\"2\"><div class=\"so-widget-sow-editor so-widget-sow-editor-base\">\n<div class=\"siteorigin-widget-tinymce textwidget\">\n\t<div id=\"panel-19-0-0-4\" class=\"so-panel widget widget_sow-editor\" data-index=\"4\">\n<div class=\"so-widget-sow-editor so-widget-sow-editor-base\">\n<div class=\"siteorigin-widget-tinymce textwidget\">\n<h4><span style=\"color: #009cd8\">Janine Tychsen ist Kommunikationstrainerin und neuro-systemische Coach f\u00fcr Frauen, die in Ihrem Arbeitsumfeld nicht (mehr) gl\u00fccklich sind und sich nicht mehr unterordnen wollen.<\/span><\/h4>\n<h4><span style=\"color: #009cd8\">Mit ihrer Arbeit f\u00fchrt sie Frauen in ihre Selbsterm\u00e4chtigung, damit sie den Mut aufbringen, sich zu entfalten und ihre Karriere selbst in die Hand zu nehmen. <\/p>\n<p>Ihr Motto: <span style=\"color: #ff0000\">Inner Work First - und dann sehen wir weiter.<\/span><\/span><\/h4>\n<h4><span style=\"color: #009cd8\">Als Autorin und Speakerin nutzt Janine Tychsen die \u00f6ffentliche B\u00fchne, um Frauen zu ermutigen, F\u00fchrung f\u00fcr sich selbst, f\u00fcr ihr Leben und f\u00fcr ihre Karriere zu \u00fcbernehmen.\u00a0<\/span><\/h4>\n<\/div>\n<\/div>\n<\/div>\n<\/div>\n<\/div><\/div><\/div><\/div><div class=\"panel-grid\" id=\"pg-214-2\" ><div class=\"panel-grid-cell\" id=\"pgc-214-2-0\" ><div class=\"so-panel widget widget_icon-box panel-first-child panel-last-child\" id=\"panel-214-2-0-0\" data-index=\"3\"><div class=\"thim-widget-icon-box thim-widget-icon-box-base\"><div class=\"wrapper-box-icon text-left  \" ><div class=\"smicon-box iconbox-top\"><div class=\"boxes-icon\" style=\"width: 100px;height: 100px;\"><a class=\"icon-box-link\" href=\"https:\/\/fem-by-janine.com\/\u00a0\" style=\"color: #009cd8;\"><span class=\"inner-icon\"><span class=\"icon\"><i class=\"fa fa-laptop\" style=\"color:#dd3333; font-size:60px; line-height:60px; vertical-align: middle;\"><\/i><\/span><\/span><\/a><\/div><div class=\"content-inner\" ><div class=\"sc-heading article_heading\"><h3 class = \"heading__primary\" style=\"color: #009cd8;\"><a class=\"icon-box-link\" href=\"https:\/\/fem-by-janine.com\/\u00a0\" style=\"color: #009cd8;\">Website <\/a><\/h3><\/div><div class=\"desc-icon-box\"><p ><a class=\"icon-box-link\" href=\"https:\/\/fem-by-janine.com\/\u00a0\" style=\"color: #009cd8;\">Besuchen Sie die Website von Janine Tychsen<\/a><\/p><\/div><\/div><\/div><!--end smicon-box--><\/div><\/div><\/div><\/div><div class=\"panel-grid-cell\" id=\"pgc-214-2-1\" ><div class=\"so-panel widget widget_icon-box panel-first-child panel-last-child\" id=\"panel-214-2-1-0\" data-index=\"4\"><div class=\"thim-widget-icon-box thim-widget-icon-box-base\"><div class=\"wrapper-box-icon text-left  \" ><div class=\"smicon-box iconbox-top\"><div class=\"boxes-icon\" style=\"width: 100px;height: 100px;\"><a class=\"icon-box-link\" href=\"https:\/\/www.linkedin.com\/in\/janinetychsen\/\u00a0\" style=\"color: #009cd8;\"><span class=\"inner-icon\"><span class=\"icon\"><i class=\"fa fa-linkedin-square\" style=\"color:#dd3333; font-size:60px; line-height:60px; vertical-align: middle;\"><\/i><\/span><\/span><\/a><\/div><div class=\"content-inner\" ><div class=\"sc-heading article_heading\"><h3 class = \"heading__primary\" style=\"color: #009cd8;\"><a class=\"icon-box-link\" href=\"https:\/\/www.linkedin.com\/in\/janinetychsen\/\u00a0\" style=\"color: #009cd8;\">LinkedIn<\/a><\/h3><\/div><div class=\"desc-icon-box\"><p ><a class=\"icon-box-link\" href=\"https:\/\/www.linkedin.com\/in\/janinetychsen\/\u00a0\" style=\"color: #009cd8;\">Folgen Sie Frau Janine Tychsen<\/a><\/p><\/div><\/div><\/div><!--end smicon-box--><\/div><\/div><\/div><\/div><div class=\"panel-grid-cell\" id=\"pgc-214-2-2\" ><div class=\"so-panel widget widget_icon-box panel-first-child panel-last-child\" id=\"panel-214-2-2-0\" data-index=\"5\"><div class=\"thim-widget-icon-box thim-widget-icon-box-base\"><div class=\"wrapper-box-icon text-left  \" ><div class=\"smicon-box iconbox-top\"><div class=\"boxes-icon\" style=\"width: 100px;height: 100px;\"><a class=\"icon-box-link\" href=\"mailto:janine@tychsen-kommunikation.de\" style=\"color: #009cd8;\"><span class=\"inner-icon\"><span class=\"icon\"><i class=\"fa fa-envelope-o\" style=\"color:#dd3333; font-size:60px; line-height:60px; vertical-align: middle;\"><\/i><\/span><\/span><\/a><\/div><div class=\"content-inner\" ><div class=\"sc-heading article_heading\"><h3 class = \"heading__primary\" style=\"color: #009cd8;\"><a class=\"icon-box-link\" href=\"mailto:janine@tychsen-kommunikation.de\" style=\"color: #009cd8;\">E-Mail<\/a><\/h3><\/div><div class=\"desc-icon-box\"><p ><a class=\"icon-box-link\" href=\"mailto:janine@tychsen-kommunikation.de\" style=\"color: #009cd8;\">Schreiben Sie Frau Janine Tychsen<\/a><\/p><\/div><\/div><\/div><!--end smicon-box--><\/div><\/div><\/div><\/div><\/div><\/div>","protected":false},"excerpt":{"rendered":"<p>#pgc-214-0-0 { width:74.489% } #pgc-214-0-1 { width:25.511% } #pg-214-0 , #pg-214-1 , #pl-214 .panel-grid-cell .so-panel { margin-bottom:30px } #pg-214-0 .panel-grid-cell , #pg-214-2 .panel-grid-cell { float:left } #pg-214-1 .panel-grid-cell { float:none } #pgc-214-2-0 , #pgc-214-2-1 , #pgc-214-2-2 { width:33.333% } #pl-214 <\/p>\n","protected":false},"author":8,"featured_media":0,"parent":0,"menu_order":0,"comment_status":"closed","ping_status":"closed","template":"","meta":[],"_links":{"self":[{"href":"https:\/\/www.degro.org\/firo\/wp-json\/wp\/v2\/pages\/214"}],"collection":[{"href":"https:\/\/www.degro.org\/firo\/wp-json\/wp\/v2\/pages"}],"about":[{"href":"https:\/\/www.degro.org\/firo\/wp-json\/wp\/v2\/types\/page"}],"author":[{"embeddable":true,"href":"https:\/\/www.degro.org\/firo\/wp-json\/wp\/v2\/users\/8"}],"replies":[{"embeddable":true,"href":"https:\/\/www.degro.org\/firo\/wp-json\/wp\/v2\/comments?post=214"}],"version-history":[{"count":5,"href":"https:\/\/www.degro.org\/firo\/wp-json\/wp\/v2\/pages\/214\/revisions"}],"predecessor-version":[{"id":219,"href":"https:\/\/www.degro.org\/firo\/wp-json\/wp\/v2\/pages\/214\/revisions\/219"}],"wp:attachment":[{"href":"https:\/\/www.degro.org\/firo\/wp-json\/wp\/v2\/media?parent=214"}],"curies":[{"name":"wp","href":"https:\/\/api.w.org\/{rel}","templated":true}]}}