


{"id":19,"date":"2024-03-25T12:08:29","date_gmt":"2024-03-25T11:08:29","guid":{"rendered":"https:\/\/www.degro.org\/firo\/?page_id=19"},"modified":"2026-03-22T10:45:46","modified_gmt":"2026-03-22T09:45:46","slug":"aktuelles","status":"publish","type":"page","link":"https:\/\/www.degro.org\/firo\/aktuelles\/","title":{"rendered":"Aktuelles"},"content":{"rendered":"<div id=\"pl-19\"><style scoped>#pg-19-0 , #pg-19-1 , #pg-19-2 , #pg-19-3 , #pl-19 .panel-grid-cell .so-panel { margin-bottom:30px } #pg-19-0 .panel-grid-cell , #pg-19-2 .panel-grid-cell , #pg-19-3 .panel-grid-cell , #pg-19-4 .panel-grid-cell { float:none } #pgc-19-1-0 , #pgc-19-1-1 { width:50% } #pg-19-1 .panel-grid-cell { float:left } #pl-19 .panel-grid-cell .so-panel:last-child { margin-bottom:0px } #pg-19-0 , #pg-19-1 , #pg-19-2 , #pg-19-3 , #pg-19-4 { margin-left:-15px;margin-right:-15px } #pg-19-0 .panel-grid-cell , #pg-19-1 .panel-grid-cell , #pg-19-2 .panel-grid-cell , #pg-19-3 .panel-grid-cell , #pg-19-4 .panel-grid-cell { padding-left:15px;padding-right:15px } @media (max-width:780px){ #pg-19-0 .panel-grid-cell , #pg-19-1 .panel-grid-cell , #pg-19-2 .panel-grid-cell , #pg-19-3 .panel-grid-cell , #pg-19-4 .panel-grid-cell { float:none;width:auto } #pgc-19-1-0 { margin-bottom:30px } #pl-19 .panel-grid , #pl-19 .panel-grid-cell {  } #pl-19 .panel-grid .panel-grid-cell-empty { display:none } #pl-19 .panel-grid .panel-grid-cell-mobile-last { margin-bottom:0px }  } <\/style><div class=\"panel-grid\" id=\"pg-19-0\" ><div class=\"panel-grid-cell\" id=\"pgc-19-0-0\" ><div class=\"so-panel widget widget_sow-editor panel-first-child\" id=\"panel-19-0-0-0\" data-index=\"0\"><div class=\"so-widget-sow-editor so-widget-sow-editor-base\">\n<div class=\"siteorigin-widget-tinymce textwidget\">\n\t<p>Wir freuen uns, Sie und euch herzlich zu unserer <strong>FiRO-Runde \"Kein Tabu\"<\/strong> einzuladen. Diese Veranstaltung bietet die M\u00f6glichkeit, in einem gesch\u00fctzten Rahmen offen und vertrauensvoll \u00fcber Themen zu sprechen, die uns als Frauen in der Radioonkologie bewegen.<\/p>\n<p>Die Voranmeldung ist erforderlich, um sicherzustellen, dass jede Teilnehmerin die M\u00f6glichkeit hat, ihre Anliegen und Fragen in einem sicheren Umfeld zu teilen. Ihre\/eure Teilnahme und Erfahrungen sind uns sehr wichtig, um gemeinsam einen Raum f\u00fcr Austausch und gegenseitige Unterst\u00fctzung zu schaffen. Wir freuen uns auf einen offenen und inspirierenden Austausch mit Euch!<\/p>\n<\/div>\n<\/div><\/div><div class=\"so-panel widget widget_countdown-box panel-last-child\" id=\"panel-19-0-0-1\" data-index=\"1\"><div class=\"thim-widget-countdown-box thim-widget-countdown-box-base\"><div class=\"text-left color-black\" id=\"coming-soon-counter69dad4ba8c001\"><\/div><script type=\"text\/javascript\">\njQuery(function () {\n\tjQuery(document).ready(function () {\n\t\tjQuery(\"#coming-soon-counter69dad4ba8c001\").mbComingsoon({\n\t\t\texpiryDate  : new Date(2026,3,15,19),\n\t\t\tlocalization: {\n\t\t\t\tdays   : \"Tage\",\n\t\t\t\thours  : \"Stunden\",\n\t\t\t\tminutes: \"minutes\",\n\t\t\t\tseconds: \"seconds\"\n\t\t\t},\n\t\t\tspeed       : 100\n\t\t});\n\t\tsetTimeout(function () {\n\t\t\tjQuery(window).resize();\n\t\t}, 200);\n\t});\n});\n<\/script><\/div><\/div><\/div><\/div><div class=\"panel-grid\" id=\"pg-19-1\" ><div class=\"panel-grid-cell\" id=\"pgc-19-1-0\" ><div class=\"so-panel widget widget_sow-image panel-first-child panel-last-child\" id=\"panel-19-1-0-0\" data-index=\"2\"><div class=\"so-widget-sow-image so-widget-sow-image-default-3f547a15eaaa\">\n\n<div class=\"sow-image-container\">\n\t<img src=\"https:\/\/www.degro.org\/firo\/wp-content\/uploads\/sites\/21\/2025\/03\/LOGO-KEIN-TABU.jpg\" srcset=\"\" title=\"Aktuelles\"  class=\"so-widget-image\"\/>\n<\/div>\n\n<\/div><\/div><\/div><div class=\"panel-grid-cell\" id=\"pgc-19-1-1\" ><div class=\"so-panel widget widget_sow-editor panel-first-child\" id=\"panel-19-1-1-0\" data-index=\"3\"><div class=\"so-widget-sow-editor so-widget-sow-editor-base\">\n<div class=\"siteorigin-widget-tinymce textwidget\">\n\t<p><strong>Folgende Termine sind im Jahr 2026 geplant:<\/strong><\/p>\n<p>Mittwoch, 15. April 2026 | 19:30 - 20:30 Uhr<\/p>\n<p>Mittwoch, 26. August 2026 | 19:30 - 20:30 Uhr\u00a0<\/p>\n<p>Mittwoch, 09. Dezember 2026 | 19:30 - 20:30 Uhr\u00a0<\/p>\n<p>\u00a0<\/p>\n<\/div>\n<\/div><\/div><div class=\"so-panel widget widget_sow-button panel-last-child\" id=\"panel-19-1-1-1\" data-index=\"4\"><div class=\"so-widget-sow-button so-widget-sow-button-atom-bb90b2ed19c3\"><div class=\"ow-button-base ow-button-align-left\">\n\n\t\t<a class=\"ow-button-hover\" href=\"https:\/\/us06web.zoom.us\/meeting\/register\/6xklxqY0T6uRozGK5IZt5Q\" >\n\t\t<span>\n\t\t\t<span class=\"sow-icon-fontawesome\" data-sow-icon=\"&#xf044;\" style=\"color: #ffffff\"><\/span>\n\t\t\tAnmeldung \t\t<\/span>\n\t<\/a>\n<\/div>\n<\/div><\/div><\/div><\/div><div class=\"panel-grid\" id=\"pg-19-2\" ><div class=\"panel-grid-cell\" id=\"pgc-19-2-0\" ><div class=\"so-panel widget widget_heading panel-first-child\" id=\"panel-19-2-0-0\" data-index=\"5\"><div class=\"thim-widget-heading thim-widget-heading-base\"><div class=\"sc_heading text-left\"><h3 class=\"title\">AG Meeting Frauen in der Radioonkologie (FiRO)<\/h3><span class=\"line\"><\/span><\/div><\/div><\/div><div class=\"so-panel widget widget_sow-editor\" id=\"panel-19-2-0-1\" data-index=\"6\"><div class=\"so-widget-sow-editor so-widget-sow-editor-base\">\n<div class=\"siteorigin-widget-tinymce textwidget\">\n\t<p>Unsere AG trifft sich 3x j\u00e4hrlich online via Zoom. Mitglieder und Interessierte sind herzlich willkommen.<\/p>\n<p><strong>Termine 2026:<\/strong><\/p>\n<p><span class=\"session-info-box__detail--date-day\">Freitag, 26 Juni 2026 | <\/span><span class=\"session-info-box__detail--date-time\">10:30 - 11:30<\/span><span class=\"sessionPresentation__detail__timezone\"> Uhr auf dem DEGRO Kongress 2026 in Leipzig im Saal Saal 5 | Ebene +1 <strong>in Pr\u00e4senz<\/strong><\/span><\/p>\n<p>Donnerstag, 15. Oktober 2026 | 12:00 - 13:00 Uhr <strong>Online via Zoom<\/strong><\/p>\n<\/div>\n<\/div><\/div><div class=\"so-panel widget widget_sow-button\" id=\"panel-19-2-0-2\" data-index=\"7\"><div class=\"so-widget-sow-button so-widget-sow-button-atom-bb90b2ed19c3\"><div class=\"ow-button-base ow-button-align-left\">\n\n\t\t<a class=\"ow-button-hover\" href=\"https:\/\/us06web.zoom.us\/j\/84532482212?pwd=MIRVrcH8NbzOvGbj3hdCejH7XE9DyX.1\" >\n\t\t<span>\n\t\t\t<span class=\"sow-icon-fontawesome\" data-sow-icon=\"&#xf044;\" style=\"color: #ffffff\"><\/span>\n\t\t\tZugangslink AG Meeting\t\t<\/span>\n\t<\/a>\n<\/div>\n<\/div><\/div><div class=\"so-panel widget widget_heading\" id=\"panel-19-2-0-3\" data-index=\"8\"><div class=\"thim-widget-heading thim-widget-heading-base\"><div class=\"sc_heading text-left\"><h3 style=\"color:#009cd8;\" class=\"title\">Workshop der AG FiRO mit Janine Tychsen<\/h3><span class=\"line\"><\/span><\/div><\/div><\/div><div class=\"so-panel widget widget_sow-editor\" id=\"panel-19-2-0-4\" data-index=\"9\"><div class=\"so-widget-sow-editor so-widget-sow-editor-base\">\n<div class=\"siteorigin-widget-tinymce textwidget\">\n\t<p><img loading=\"lazy\" class=\"alignnone wp-image-235\" src=\"https:\/\/www.degro.org\/firo\/wp-content\/uploads\/sites\/21\/2025\/11\/Save-the-Date-Flyer_Maerz-26_FiRO-300x169.jpg\" alt=\"\" width=\"543\" height=\"306\" srcset=\"https:\/\/www.degro.org\/firo\/wp-content\/uploads\/sites\/21\/2025\/11\/Save-the-Date-Flyer_Maerz-26_FiRO-300x169.jpg 300w, https:\/\/www.degro.org\/firo\/wp-content\/uploads\/sites\/21\/2025\/11\/Save-the-Date-Flyer_Maerz-26_FiRO-1024x576.jpg 1024w, https:\/\/www.degro.org\/firo\/wp-content\/uploads\/sites\/21\/2025\/11\/Save-the-Date-Flyer_Maerz-26_FiRO-768x432.jpg 768w, https:\/\/www.degro.org\/firo\/wp-content\/uploads\/sites\/21\/2025\/11\/Save-the-Date-Flyer_Maerz-26_FiRO-1536x864.jpg 1536w, https:\/\/www.degro.org\/firo\/wp-content\/uploads\/sites\/21\/2025\/11\/Save-the-Date-Flyer_Maerz-26_FiRO-2048x1152.jpg 2048w\" sizes=\"(max-width: 543px) 100vw, 543px\" \/><\/p>\n<p><span style=\"color: #009cd8\"><strong>Workshop<\/strong><\/span><br \/>\nDie erfolgreiche Workshop-Reihe der AG Frauen in der Radioonkologie mit Frau Janine Tychsen<br \/>\ngeht in die dritte Runde und setzt damit einen weiteren Meilenstein in der gezielten F\u00f6rderung<br \/>\nvon Kommunikation und pers\u00f6nlicher Entwicklung.<\/p>\n<p><span style=\"color: #009cd8\"><strong>Datum: Samstag\/Sonntag, 21.03 - 22.03. 2026<\/strong><\/span><br \/>\nWo: In der DEGRO Gesch\u00e4ftsstelle, Reinhardtstra\u00dfe 47, 10117 Berlin\u00a0<br \/>\nZeitrahmen: Samstag ab 14:00 Uhr - 18:00 Uhr | Sonntag ab 10:00 Uhr - 14:00 Uhr<\/p>\n<p><span style=\"color: #000000\">Eine finale Agenda folgt in den n\u00e4chsten Wochen, angemeldet Personen informieren wir hierzu direkt.\u00a0<\/span><\/p>\n<p>Melden Sie sich sich <a href=\"https:\/\/mitglieder.degro.org\/anmeldungags2.jsp?sid=31579\"><strong>HIER<\/strong><\/a> an.\u00a0<\/p>\n<\/div>\n<\/div><\/div><div class=\"so-panel widget widget_heading\" id=\"panel-19-2-0-5\" data-index=\"10\"><div class=\"thim-widget-heading thim-widget-heading-base\"><div class=\"sc_heading text-left\"><h3 class=\"title\">32. DEGRO Jahreskongress<\/h3><span class=\"line\"><\/span><\/div><\/div><\/div><div class=\"so-panel widget widget_sow-editor\" id=\"panel-19-2-0-6\" data-index=\"11\"><div class=\"so-widget-sow-editor so-widget-sow-editor-base\">\n<div class=\"siteorigin-widget-tinymce textwidget\">\n\t<p><img loading=\"lazy\" class=\"\" src=\"https:\/\/www.degro.org\/firo\/wp-content\/uploads\/sites\/21\/2025\/06\/DEGRO2026_StD-Banner_5zu2.png\" width=\"745\" height=\"387\" \/><\/p>\n<p>Datum: <strong>25. - 27. Juni 2026<\/strong>, Congress Center Leipzig<br \/>\nAnmeldung voraussichtlich ab Januar 2026 \u00fcber die <a href=\"https:\/\/www.degro-kongress.org\/\">Kongress-Webseite<\/a>.<\/p>\n<\/div>\n<\/div><\/div><div class=\"so-panel widget widget_heading\" id=\"panel-19-2-0-7\" data-index=\"12\"><div class=\"thim-widget-heading thim-widget-heading-base\"><div class=\"sc_heading text-left\"><h3 class=\"title\">jDEGRO zu Gast in Marburg<\/h3><span class=\"line\"><\/span><\/div><\/div><\/div><div class=\"so-panel widget widget_sow-editor panel-last-child\" id=\"panel-19-2-0-8\" data-index=\"13\"><div class=\"so-widget-sow-editor so-widget-sow-editor-base\">\n<div class=\"siteorigin-widget-tinymce textwidget\">\n\t<ul>\n<li>Datum: 06.-07. November 2026<\/li>\n<li>Veranstaltungsort: Auditorium des Universit\u00e4tsklinikums Marburg | Baldingerstra\u00dfe 3,\u00a035033 Marburg<\/li>\n<li><a href=\"https:\/\/www.degro.org\/jd\/jdegro-zu-gast\/\">zum Programm&gt;&gt;&gt;&gt;&gt;&gt;&gt;&gt;&gt;<\/a><\/li>\n<\/ul>\n<\/div>\n<\/div><\/div><\/div><\/div><div class=\"panel-grid\" id=\"pg-19-3\" ><div class=\"panel-grid-cell\" id=\"pgc-19-3-0\" ><div class=\"so-panel widget widget_sow-editor panel-first-child panel-last-child\" id=\"panel-19-3-0-0\" data-index=\"14\"><div class=\"so-widget-sow-editor so-widget-sow-editor-base\">\n<div class=\"siteorigin-widget-tinymce textwidget\">\n\t<hr \/>\n<p>\u00a0<\/p>\n<\/div>\n<\/div><\/div><\/div><\/div><div class=\"panel-grid\" id=\"pg-19-4\" ><div class=\"panel-grid-cell\" id=\"pgc-19-4-0\" ><div class=\"so-panel widget widget_sow-editor panel-first-child panel-last-child\" id=\"panel-19-4-0-0\" data-index=\"15\"><div class=\"so-widget-sow-editor so-widget-sow-editor-base\">\n<div class=\"siteorigin-widget-tinymce textwidget\">\n\t<hr \/>\n<p>\u00a0<\/p>\n<\/div>\n<\/div><\/div><\/div><\/div><\/div>","protected":false},"excerpt":{"rendered":"<p>#pg-19-0 , #pg-19-1 , #pg-19-2 , #pg-19-3 , #pl-19 .panel-grid-cell .so-panel { margin-bottom:30px } #pg-19-0 .panel-grid-cell , #pg-19-2 .panel-grid-cell , #pg-19-3 .panel-grid-cell , #pg-19-4 .panel-grid-cell { float:none } #pgc-19-1-0 , #pgc-19-1-1 { width:50% } #pg-19-1 .panel-grid-cell { float:left } #pl-19 <\/p>\n","protected":false},"author":8,"featured_media":0,"parent":0,"menu_order":0,"comment_status":"closed","ping_status":"closed","template":"","meta":[],"_links":{"self":[{"href":"https:\/\/www.degro.org\/firo\/wp-json\/wp\/v2\/pages\/19"}],"collection":[{"href":"https:\/\/www.degro.org\/firo\/wp-json\/wp\/v2\/pages"}],"about":[{"href":"https:\/\/www.degro.org\/firo\/wp-json\/wp\/v2\/types\/page"}],"author":[{"embeddable":true,"href":"https:\/\/www.degro.org\/firo\/wp-json\/wp\/v2\/users\/8"}],"replies":[{"embeddable":true,"href":"https:\/\/www.degro.org\/firo\/wp-json\/wp\/v2\/comments?post=19"}],"version-history":[{"count":42,"href":"https:\/\/www.degro.org\/firo\/wp-json\/wp\/v2\/pages\/19\/revisions"}],"predecessor-version":[{"id":286,"href":"https:\/\/www.degro.org\/firo\/wp-json\/wp\/v2\/pages\/19\/revisions\/286"}],"wp:attachment":[{"href":"https:\/\/www.degro.org\/firo\/wp-json\/wp\/v2\/media?parent=19"}],"curies":[{"name":"wp","href":"https:\/\/api.w.org\/{rel}","templated":true}]}}