


{"id":106,"date":"2024-07-15T13:35:39","date_gmt":"2024-07-15T11:35:39","guid":{"rendered":"https:\/\/www.degro.org\/firo\/?page_id=106"},"modified":"2026-03-24T10:18:31","modified_gmt":"2026-03-24T09:18:31","slug":"vergangene-veranstaltungen","status":"publish","type":"page","link":"https:\/\/www.degro.org\/firo\/vergangene-veranstaltungen\/","title":{"rendered":"Vergangene Veranstaltungen"},"content":{"rendered":"<div id=\"pl-106\"><style scoped>#pg-106-0 , #pg-106-1 , #pl-106 .panel-grid-cell .so-panel { margin-bottom:30px } #pg-106-0 .panel-grid-cell , #pg-106-1 .panel-grid-cell , #pg-106-2 .panel-grid-cell { float:none } #pl-106 .panel-grid-cell .so-panel:last-child { margin-bottom:0px } #pg-106-0 , #pg-106-1 , #pg-106-2 { margin-left:-15px;margin-right:-15px } #pg-106-0 .panel-grid-cell , #pg-106-1 .panel-grid-cell , #pg-106-2 .panel-grid-cell { padding-left:15px;padding-right:15px } @media (max-width:780px){ #pg-106-0 .panel-grid-cell , #pg-106-1 .panel-grid-cell , #pg-106-2 .panel-grid-cell { float:none;width:auto } #pl-106 .panel-grid , #pl-106 .panel-grid-cell {  } #pl-106 .panel-grid .panel-grid-cell-empty { display:none } #pl-106 .panel-grid .panel-grid-cell-mobile-last { margin-bottom:0px }  } <\/style><div class=\"panel-grid\" id=\"pg-106-0\" ><div class=\"panel-grid-cell\" id=\"pgc-106-0-0\" ><div class=\"so-panel widget widget_heading panel-first-child\" id=\"panel-106-0-0-0\" data-index=\"0\"><div class=\"thim-widget-heading thim-widget-heading-base\"><div class=\"sc_heading text-left\"><h3 class=\"title\">Workshop - Sowohl Karriere, als auch ICH<\/h3><span class=\"line\"><\/span><\/div><\/div><\/div><div class=\"so-panel widget widget_sow-image\" id=\"panel-106-0-0-1\" data-index=\"1\"><div class=\"so-widget-sow-image so-widget-sow-image-default-4333b04dd157\">\n\n<div class=\"sow-image-container\">\n\t<img src=\"https:\/\/www.degro.org\/firo\/wp-content\/uploads\/sites\/21\/2026\/03\/Foto-AG-Workshop-LinkedIn-AG-FIRO-Website-1024x768.jpeg\" width=\"640\" height=\"480\" srcset=\"https:\/\/www.degro.org\/firo\/wp-content\/uploads\/sites\/21\/2026\/03\/Foto-AG-Workshop-LinkedIn-AG-FIRO-Website-1024x768.jpeg 1024w, https:\/\/www.degro.org\/firo\/wp-content\/uploads\/sites\/21\/2026\/03\/Foto-AG-Workshop-LinkedIn-AG-FIRO-Website-300x225.jpeg 300w, https:\/\/www.degro.org\/firo\/wp-content\/uploads\/sites\/21\/2026\/03\/Foto-AG-Workshop-LinkedIn-AG-FIRO-Website-768x576.jpeg 768w, https:\/\/www.degro.org\/firo\/wp-content\/uploads\/sites\/21\/2026\/03\/Foto-AG-Workshop-LinkedIn-AG-FIRO-Website-1536x1152.jpeg 1536w, https:\/\/www.degro.org\/firo\/wp-content\/uploads\/sites\/21\/2026\/03\/Foto-AG-Workshop-LinkedIn-AG-FIRO-Website-2048x1536.jpeg 2048w\" title=\"Foto AG Workshop LinkedIn AG FIRO Website\"  class=\"so-widget-image\"\/>\n<\/div>\n\n<\/div><\/div><div class=\"so-panel widget widget_sow-editor\" id=\"panel-106-0-0-2\" data-index=\"2\"><div class=\"so-widget-sow-editor so-widget-sow-editor-base\">\n<div class=\"siteorigin-widget-tinymce textwidget\">\n\t<p><span class=\"break-words\n          tvm-parent-container\"><span dir=\"ltr\">\ud83d\ude80Recap FiRO-Workshop: \u201eSowohl Karriere als auch ICH \u2013 Inner Work First &amp; souver\u00e4ne Kommunikation\u201c<\/p>\n<p>Am 21.\u201322. M\u00e4rz 2026 traf sich die AG Frauen in der Radioonkologie (FiRO) in der DEGRO-Gesch\u00e4ftsstelle Berlin zum praxisnahen Workshop f\u00fcr Frauen in allen Karrierestufen der Radioonkologie.<\/p>\n<p>\ud83d\udca1 Workshop-Fokus:<br \/>\nGemeinsam mit Janine Tychsen wurde erarbeitet, wie innere Stabilit\u00e4<span aria-hidden=\"true\">t <\/span>InnerWorkFirst und souver\u00e4ne Kommunikation im oft m\u00e4nnlich gepr\u00e4gten Klinikalltag gelingen. <\/p>\n<p>Mitgenommen wurden u.a.:<br \/>\n\ud83d\udd39 Micro-Tools f\u00fcr innere Stabilit\u00e4t unter Druck<br \/>\n\ud83d\udd39 Kliniktaugliche Standards\u00e4tze f\u00fcr Priorit\u00e4ten, Stopps, R\u00fcckfragen und klare Ansagen<br \/>\n\ud83d\udd39 Strukturierte Vorgehensweisen f\u00fcr herausfordernde Gespr\u00e4che<br \/>\n\ud83d\udd39 Mehr <span aria-hidden=\"true\">#<\/span>Souver\u00e4nit\u00e4t, <span aria-hidden=\"true\">#<\/span>Pr\u00e4senz und Sicherheit im beruflichen Alltag<\/p>\n<p>\ud83d\udc4f Ein gro\u00dfes Dankesch\u00f6n an alle Teilnehmerinnen und an Janine Tychsen f\u00fcr die inspirierende Gestaltung!<\/span><\/span><\/p>\n<\/div>\n<\/div><\/div><div class=\"so-panel widget widget_sow-editor\" id=\"panel-106-0-0-3\" data-index=\"3\"><div class=\"so-widget-sow-editor so-widget-sow-editor-base\">\n<div class=\"siteorigin-widget-tinymce textwidget\">\n\t<p>_________________________________________________________________________________________________________________________________________________________________________________<\/p>\n<\/div>\n<\/div><\/div><div class=\"so-panel widget widget_heading\" id=\"panel-106-0-0-4\" data-index=\"4\"><div class=\"thim-widget-heading thim-widget-heading-base\"><div class=\"sc_heading text-left\"><h3 class=\"title\">AGFiRO-Webinar: \u201eKI im Spannungsfeld \u2013 Chancen f\u00fcr Effizienz und Optimierung im Kontext der Geschlechter\u201c<\/h3><span class=\"line\"><\/span><\/div><\/div><\/div><div class=\"so-panel widget widget_sow-image\" id=\"panel-106-0-0-5\" data-index=\"5\"><div class=\"so-widget-sow-image so-widget-sow-image-default-4333b04dd157\">\n\n<div class=\"sow-image-container\">\n\t<img src=\"https:\/\/www.degro.org\/firo\/wp-content\/uploads\/sites\/21\/2026\/03\/Webinar-AG-FiRO.jpg\" width=\"640\" height=\"385\" srcset=\"https:\/\/www.degro.org\/firo\/wp-content\/uploads\/sites\/21\/2026\/03\/Webinar-AG-FiRO.jpg 706w, https:\/\/www.degro.org\/firo\/wp-content\/uploads\/sites\/21\/2026\/03\/Webinar-AG-FiRO-300x181.jpg 300w\" title=\"Webinar AG FiRO\"  class=\"so-widget-image\"\/>\n<\/div>\n\n<\/div><\/div><div class=\"so-panel widget widget_sow-editor\" id=\"panel-106-0-0-6\" data-index=\"6\"><div class=\"so-widget-sow-editor so-widget-sow-editor-base\">\n<div class=\"siteorigin-widget-tinymce textwidget\">\n\t<p data-start=\"210\" data-end=\"508\">Im Rahmen des AGFiRO-Webinars \u201eKI im Spannungsfeld \u2013 Chancen f\u00fcr Effizienz und Optimierung im Kontext der Geschlechter\u201c stand die Frage im Mittelpunkt, wie K\u00fcnstliche Intelligenz in Medizin, Forschung und Gesundheitsversorgung geschlechtergerecht, fair und zugleich effizient gestaltet werden kann.<\/p>\n<p data-start=\"510\" data-end=\"806\">Die Veranstaltung beleuchtete, dass Gender- und Diversit\u00e4tsaspekte bei der Entwicklung und Anwendung von KI bislang h\u00e4ufig zu wenig ber\u00fccksichtigt werden. Gemeinsam mit den Referentinnen und Teilnehmenden wurden Chancen, Herausforderungen und Potenziale einer geschlechtersensiblen KI diskutiert.<\/p>\n<p data-start=\"808\" data-end=\"839\"><strong data-start=\"808\" data-end=\"839\">Vortr\u00e4ge der Veranstaltung:<\/strong><\/p>\n<ul data-start=\"840\" data-end=\"1059\">\n<li data-section-id=\"1w2a6u5\" data-start=\"840\" data-end=\"913\"><strong data-start=\"842\" data-end=\"866\">KI und Gendermedizin<\/strong> \u2013 Prof. Dr. med. Sylvia Thun | Charit\u00e9 \/ BIH<\/li>\n<li data-section-id=\"14zso0y\" data-start=\"914\" data-end=\"978\"><strong data-start=\"916\" data-end=\"936\">KI als Mentoring<\/strong> \u2013 Dr. Wiebke Vogelaar | Fokus Rebellion<\/li>\n<li data-section-id=\"egd1bb\" data-start=\"979\" data-end=\"1059\"><strong data-start=\"981\" data-end=\"1023\">KI-unterst\u00fctzte Therapieentscheidungen<\/strong> \u2013 Prof. Dr. Bjoern Eskofier | LMU<\/li>\n<\/ul>\n<p data-start=\"1061\" data-end=\"1143\"><strong data-start=\"1061\" data-end=\"1076\">Moderation:<\/strong><br data-start=\"1076\" data-end=\"1079\" \/>Dr. Maike Trommer | Dr. Angela Besserer | Dr. med. Livia Schmidt<\/p>\n<p data-start=\"1145\" data-end=\"1252\">Wir danken allen Referentinnen und Teilnehmerinnen f\u00fcr den wertvollen Austausch und die spannenden Impulse.<\/p>\n<\/div>\n<\/div><\/div><div class=\"so-panel widget widget_heading\" id=\"panel-106-0-0-7\" data-index=\"7\"><div class=\"thim-widget-heading thim-widget-heading-base\"><div class=\"sc_heading text-left\"><h3 class=\"title\">Workshop - Kommunikation, Konflikte & Kompetenzen<\/h3><span class=\"line\"><\/span><\/div><\/div><\/div><div class=\"so-panel widget widget_sow-image\" id=\"panel-106-0-0-8\" data-index=\"8\"><div class=\"so-widget-sow-image so-widget-sow-image-default-4333b04dd157\">\n\n<div class=\"sow-image-container\">\n\t<img src=\"https:\/\/www.degro.org\/firo\/wp-content\/uploads\/sites\/21\/2025\/11\/AG_FiRO-Gruppenbild-1024x769.jpg\" width=\"640\" height=\"481\" srcset=\"https:\/\/www.degro.org\/firo\/wp-content\/uploads\/sites\/21\/2025\/11\/AG_FiRO-Gruppenbild-1024x769.jpg 1024w, https:\/\/www.degro.org\/firo\/wp-content\/uploads\/sites\/21\/2025\/11\/AG_FiRO-Gruppenbild-300x225.jpg 300w, https:\/\/www.degro.org\/firo\/wp-content\/uploads\/sites\/21\/2025\/11\/AG_FiRO-Gruppenbild-768x576.jpg 768w, https:\/\/www.degro.org\/firo\/wp-content\/uploads\/sites\/21\/2025\/11\/AG_FiRO-Gruppenbild-1536x1153.jpg 1536w, https:\/\/www.degro.org\/firo\/wp-content\/uploads\/sites\/21\/2025\/11\/AG_FiRO-Gruppenbild.jpg 2048w\" title=\"AG_FiRO Gruppenbild\"  class=\"so-widget-image\"\/>\n<\/div>\n\n<\/div><\/div><div class=\"so-panel widget widget_sow-editor\" id=\"panel-106-0-0-9\" data-index=\"9\"><div class=\"so-widget-sow-editor so-widget-sow-editor-base\">\n<div class=\"siteorigin-widget-tinymce textwidget\">\n\t<p><span class=\"break-words\n          tvm-parent-container\"><span dir=\"ltr\">\ud83d\udc69\u200d\u2695\ufe0f\ud83d\ude80 Workshop-Recap: Kommunikation, Konflikte &amp; Kompetenzen<\/p>\n<p>Am 01.\u201302. November 2025 traf sich die AG FiRO in der DEGRO Gesch\u00e4ftsstelle Berlin zu unserem 3. Workshop mit Janine Tychsen. Zwei intensive Tage voller Austausch, Lernen und Selbstreflexion standen unter dem Motto: \u201eKurz. Tief. Wirksam.\u201c<\/p>\n<p>Im Fokus:<br \/>\n\ud83d\udcac Kommunikationsmuster verstehen und gezielt ver\u00e4ndern<br \/>\n\ud83e\udded Innere Stabilit\u00e4t und Nervensystem st\u00e4rken (\u201eInner Work First\u201c)<br \/>\n\u26a1 Konflikte erkennen, entschl\u00fcsseln und souver\u00e4n bearbeiten<br \/>\n\ud83c\udfaf Klarheit in Stimme, Sprache und Pr\u00e4senz gewinnen<\/p>\n<p>Unser Ziel: Frauen in der Radioonkologie zu unterst\u00fctzen, sich in einem dynamischen Umfeld selbstbewusst zu zeigen und wirksam zu f\u00fchren \u2013 von innen nach au\u00dfen.<br \/>\nEin gro\u00dfes Dankesch\u00f6n an alle Teilnehmerinnen und Janine f\u00fcr die inspirierende Zeit! \ud83d\ude4c<\/p>\n<p>\ud83d\udce2 SAVE THE DATE: Der n\u00e4chste Workshop der AG-FiRO mit Janine Tychsen findet am<strong> 21.03-22.03.2026<\/strong> in der DEGRO-Gesch\u00e4ftsstelle in Berlin statt!<\/span><\/span><\/p>\n<\/div>\n<\/div><\/div><div class=\"so-panel widget widget_sow-editor\" id=\"panel-106-0-0-10\" data-index=\"10\"><div class=\"so-widget-sow-editor so-widget-sow-editor-base\">\n<div class=\"siteorigin-widget-tinymce textwidget\">\n\t<p>_________________________________________________________________________________________________________________________________________________________________________________<\/p>\n<\/div>\n<\/div><\/div><div class=\"so-panel widget widget_heading\" id=\"panel-106-0-0-11\" data-index=\"11\"><div class=\"thim-widget-heading thim-widget-heading-base\"><div class=\"sc_heading text-left\"><h3 class=\"title\">DEGRO2025 - Jahreskongress in Dresden<\/h3><span class=\"line\"><\/span><\/div><\/div><\/div><div class=\"so-panel widget widget_sow-image\" id=\"panel-106-0-0-12\" data-index=\"12\"><div class=\"so-widget-sow-image so-widget-sow-image-default-4333b04dd157\">\n\n<div class=\"sow-image-container\">\n\t<img src=\"https:\/\/www.degro.org\/firo\/wp-content\/uploads\/sites\/21\/2025\/06\/DEGRO_2025_FiRO-1024x326.jpg\" width=\"640\" height=\"204\" srcset=\"https:\/\/www.degro.org\/firo\/wp-content\/uploads\/sites\/21\/2025\/06\/DEGRO_2025_FiRO-1024x326.jpg 1024w, https:\/\/www.degro.org\/firo\/wp-content\/uploads\/sites\/21\/2025\/06\/DEGRO_2025_FiRO-300x95.jpg 300w, https:\/\/www.degro.org\/firo\/wp-content\/uploads\/sites\/21\/2025\/06\/DEGRO_2025_FiRO-768x244.jpg 768w, https:\/\/www.degro.org\/firo\/wp-content\/uploads\/sites\/21\/2025\/06\/DEGRO_2025_FiRO-1536x489.jpg 1536w, https:\/\/www.degro.org\/firo\/wp-content\/uploads\/sites\/21\/2025\/06\/DEGRO_2025_FiRO.jpg 1986w\"  class=\"so-widget-image\"\/>\n<\/div>\n\n<\/div><\/div><div class=\"so-panel widget widget_sow-editor\" id=\"panel-106-0-0-13\" data-index=\"13\"><div class=\"so-widget-sow-editor so-widget-sow-editor-base\">\n<div class=\"siteorigin-widget-tinymce textwidget\">\n\t<p>Der 31. Jahreskongresses\u200b der DEGRO fand vom 19. Juni \u2013 21. Juni 2025 in Dresden statt und die AG FiRO war mit zahlreichen Veranstaltungen aktiv am Programm beteiligt.<\/p>\n<ul>\n<li>FiRO Symposium \"Geschlechtersensible Radioonkologie\" am Donnerstag, 19. Juni 2025 ab 09:15 Uhr im Gartensaal u.a. mit Dr. Deloch, PD. Dr. Krug, PD. Dr. Medenwald und Dr. Heinrich<\/li>\n<li>Symposoim \"Bunte T\u00fcte\" mit dem Vortrag:\u00a0Parit\u00e4t in der RO in Deutschland: Aktuelle Analyse von T\u00e4tigkeisbereichen und akademischer Ausbildung\"\u00a0am Donnerstag, 19. Juni 2025 ab 09:15 Uhr im Festsaal<\/li>\n<li>AG Sitzung AG FiRO am Freitag, 20. Juni 2025 ab 11.45 Uhr im Erlweinsaal<\/li>\n<li>Poster \u201eGeschlechtsspezifische Analysen abskopaler Effekte nach Radio- und Immun-Checkpoint-Inhibitor-Therapie \u2013 Subanalyse der multizentrischen Kohortenstudie ARTIC der jDEGRO\u201c (Abstract-ID: 57) - in P06 \u200bImmun-Radioonkologie\u00a0\u00a0\u00a0<\/li>\n<\/ul>\n<p>\u00a0<\/p>\n<p>\u00a0<\/p>\n<\/div>\n<\/div><\/div><div class=\"so-panel widget widget_sow-editor\" id=\"panel-106-0-0-14\" data-index=\"14\"><div class=\"so-widget-sow-editor so-widget-sow-editor-base\">\n<div class=\"siteorigin-widget-tinymce textwidget\">\n\t<p>_________________________________________________________________________________________________________________________________________________________________________________<\/p>\n<\/div>\n<\/div><\/div><div class=\"so-panel widget widget_heading\" id=\"panel-106-0-0-15\" data-index=\"15\"><div class=\"thim-widget-heading thim-widget-heading-base\"><div class=\"sc_heading text-left\"><h3 class=\"title\">Workshop - Kommunikation und F\u00fchrung: Schlagfertig, souver\u00e4n und sicher auftreten in Konfliktgespr\u00e4chen<\/h3><span class=\"line\"><\/span><\/div><\/div><\/div><div class=\"so-panel widget widget_sow-image\" id=\"panel-106-0-0-16\" data-index=\"16\"><div class=\"so-widget-sow-image so-widget-sow-image-default-4333b04dd157\">\n\n<div class=\"sow-image-container\">\n\t<img src=\"https:\/\/www.degro.org\/firo\/wp-content\/uploads\/sites\/21\/2025\/04\/FiRO_Frauen-2903-300325_Berlin-768x642.jpg\" width=\"640\" height=\"535\" srcset=\"https:\/\/www.degro.org\/firo\/wp-content\/uploads\/sites\/21\/2025\/04\/FiRO_Frauen-2903-300325_Berlin-768x642.jpg 768w, https:\/\/www.degro.org\/firo\/wp-content\/uploads\/sites\/21\/2025\/04\/FiRO_Frauen-2903-300325_Berlin-300x251.jpg 300w, https:\/\/www.degro.org\/firo\/wp-content\/uploads\/sites\/21\/2025\/04\/FiRO_Frauen-2903-300325_Berlin-1024x856.jpg 1024w, https:\/\/www.degro.org\/firo\/wp-content\/uploads\/sites\/21\/2025\/04\/FiRO_Frauen-2903-300325_Berlin-1536x1285.jpg 1536w, https:\/\/www.degro.org\/firo\/wp-content\/uploads\/sites\/21\/2025\/04\/FiRO_Frauen-2903-300325_Berlin-2048x1713.jpg 2048w\" title=\"FiRO_Frauen 2903-300325_Berlin\"  class=\"so-widget-image\"\/>\n<\/div>\n\n<\/div><\/div><div class=\"so-panel widget widget_sow-editor\" id=\"panel-106-0-0-17\" data-index=\"17\"><div class=\"so-widget-sow-editor so-widget-sow-editor-base\">\n<div class=\"siteorigin-widget-tinymce textwidget\">\n\t<p>Am 29. und 30. M\u00e4rz fand unser Workshop \"Kommunikation und F\u00fchrung - Schlagfertig, souver\u00e4n und sicher auftreten in Konfliktgespr\u00e4chen\" in der DEGRO-Gesch\u00e4ftsstelle in Berlin statt.\u00a0<\/p>\n<p>Unsere Seminarleiterin, <a href=\"https:\/\/www.janine-tychsen.de\/\">Janine Tychsen<\/a>, hat uns Kommunikationsstrategien er\u00f6ffnet, mit deren Hilfe wir mehr Sicherheit, Klarheit und Souver\u00e4nit\u00e4t in der Kommunikation - vor allem in konfliktgeladenen Situationen bekommen.\u00a0<\/p>\n<p>Vielen Dank f\u00fcr das sch\u00f6ne Wochenende!<\/p>\n<p>Wir freuen uns sehr, bekanntgeben zu k\u00f6nnen, dass die Workshop-Reihe der AG-FiRO fortgef\u00fchrt wird.\u00a0<\/p>\n<p>Liebe Gr\u00fc\u00dfe von Maike Trommer &amp; Angela Besserer<\/p>\n<\/div>\n<\/div><\/div><div class=\"so-panel widget widget_sow-editor\" id=\"panel-106-0-0-18\" data-index=\"18\"><div class=\"so-widget-sow-editor so-widget-sow-editor-base\">\n<div class=\"siteorigin-widget-tinymce textwidget\">\n\t<p>_________________________________________________________________________________________________________________________________________________________________________________<\/p>\n<\/div>\n<\/div><\/div><div class=\"so-panel widget widget_heading\" id=\"panel-106-0-0-19\" data-index=\"19\"><div class=\"thim-widget-heading thim-widget-heading-base\"><div class=\"sc_heading text-left\"><h3 class=\"title\">Workshop - Souver\u00e4n auftreten und empathisch-durchsetzungsstark kommunizieren<\/h3><span class=\"line\"><\/span><\/div><\/div><\/div><div class=\"so-panel widget widget_sow-image\" id=\"panel-106-0-0-20\" data-index=\"20\"><div class=\"so-widget-sow-image so-widget-sow-image-default-4333b04dd157\">\n\n<div class=\"sow-image-container\">\n\t<img src=\"https:\/\/www.degro.org\/firo\/wp-content\/uploads\/sites\/21\/2024\/12\/Gruppebild-768x576.jpg\" width=\"640\" height=\"480\" srcset=\"https:\/\/www.degro.org\/firo\/wp-content\/uploads\/sites\/21\/2024\/12\/Gruppebild-768x576.jpg 768w, https:\/\/www.degro.org\/firo\/wp-content\/uploads\/sites\/21\/2024\/12\/Gruppebild-300x225.jpg 300w, https:\/\/www.degro.org\/firo\/wp-content\/uploads\/sites\/21\/2024\/12\/Gruppebild-1024x768.jpg 1024w, https:\/\/www.degro.org\/firo\/wp-content\/uploads\/sites\/21\/2024\/12\/Gruppebild-1536x1152.jpg 1536w, https:\/\/www.degro.org\/firo\/wp-content\/uploads\/sites\/21\/2024\/12\/Gruppebild-2048x1536.jpg 2048w\" title=\"Gruppebild\"  class=\"so-widget-image\"\/>\n<\/div>\n\n<\/div><\/div><div class=\"so-panel widget widget_sow-editor panel-last-child\" id=\"panel-106-0-0-21\" data-index=\"21\"><div class=\"so-widget-sow-editor so-widget-sow-editor-base\">\n<div class=\"siteorigin-widget-tinymce textwidget\">\n\t<p>Wir hatten am\u00a0 vergangenem Wochenende Samstag, 30. November 2024 -\u00a0 Sonntag, 01. Dezember 2024 ein wunderbares Kommunikationsseminar mit unserer Seminarleiterin <a href=\"https:\/\/www.janine-tychsen.de\/\">Janine Tychsen<\/a>.<br \/>\nNeben Schulung und Anwendungstraining sowie innerer Arbeit haben wir auch gutes Essen genossen und sind einander n\u00e4her ger\u00fcckt.<\/p>\n<p>Vielen Dank f\u00fcr das sch\u00f6ne Wochenende!\u00a0<\/p>\n<p>Unser Fazit: wir tun es wieder! Save the Date: <strong>Samstag, 29. M\u00e4rz 2025 - Sonntag, 30. M\u00e4rz 2025<\/strong>!<br \/>\nWir freuen uns sowohl \u00fcber neue als auch \u00fcber bekannte Gesichter!<\/p>\n<p>Liebe Gr\u00fc\u00dfe von Maike Trommer &amp; Angela Besserer<\/p>\n<\/div>\n<\/div><\/div><\/div><\/div><div class=\"panel-grid\" id=\"pg-106-1\" ><div class=\"panel-grid-cell\" id=\"pgc-106-1-0\" ><div class=\"so-panel widget widget_sow-editor panel-first-child panel-last-child\" id=\"panel-106-1-0-0\" data-index=\"22\"><div class=\"so-widget-sow-editor so-widget-sow-editor-base\">\n<div class=\"siteorigin-widget-tinymce textwidget\">\n\t<p>_________________________________________________________________________________________________________________________________________________________________________________<\/p>\n<\/div>\n<\/div><\/div><\/div><\/div><div class=\"panel-grid\" id=\"pg-106-2\" ><div class=\"panel-grid-cell\" id=\"pgc-106-2-0\" ><div class=\"so-panel widget widget_heading panel-first-child\" id=\"panel-106-2-0-0\" data-index=\"23\"><div class=\"thim-widget-heading thim-widget-heading-base\"><div class=\"sc_heading text-left\"><h3 class=\"title\">FiRO Kick-Off Meeting in Kassel 2024<\/h3><span class=\"line\"><\/span><\/div><\/div><\/div><div class=\"so-panel widget widget_sow-editor\" id=\"panel-106-2-0-1\" data-index=\"24\"><div class=\"so-widget-sow-editor so-widget-sow-editor-base\">\n<div class=\"siteorigin-widget-tinymce textwidget\">\n\t<p>Wir freuen uns \u00fcber unsere erste Sitzung in Pr\u00e4senz im Rahmen des DEGRO Jahreskongress 2024 in Kassel!<br \/>\nWir haben den Austausch und das Kennenlernen genossen und konnten tolle erste Schritte vorstellen.<br \/>\nDie Pr\u00e4sentation findet ihr im <a href=\"https:\/\/www.degro.org\/firo\/mitglieder\/\">Mitgliederbereich<\/a>. <\/p>\n<\/div>\n<\/div><\/div><div class=\"so-panel widget widget_sow-image panel-last-child\" id=\"panel-106-2-0-2\" data-index=\"25\"><div class=\"so-widget-sow-image so-widget-sow-image-default-4333b04dd157\">\n\n<div class=\"sow-image-container\">\n\t<img src=\"https:\/\/www.degro.org\/firo\/wp-content\/uploads\/sites\/21\/2024\/07\/FiRO_2024-768x638.jpg\" width=\"640\" height=\"532\" srcset=\"https:\/\/www.degro.org\/firo\/wp-content\/uploads\/sites\/21\/2024\/07\/FiRO_2024-768x638.jpg 768w, https:\/\/www.degro.org\/firo\/wp-content\/uploads\/sites\/21\/2024\/07\/FiRO_2024-300x249.jpg 300w, https:\/\/www.degro.org\/firo\/wp-content\/uploads\/sites\/21\/2024\/07\/FiRO_2024-1024x851.jpg 1024w, https:\/\/www.degro.org\/firo\/wp-content\/uploads\/sites\/21\/2024\/07\/FiRO_2024-1536x1277.jpg 1536w, https:\/\/www.degro.org\/firo\/wp-content\/uploads\/sites\/21\/2024\/07\/FiRO_2024-2048x1703.jpg 2048w\"  class=\"so-widget-image\"\/>\n<\/div>\n\n<\/div><\/div><\/div><\/div><\/div>","protected":false},"excerpt":{"rendered":"<p>#pg-106-0 , #pg-106-1 , #pl-106 .panel-grid-cell .so-panel { margin-bottom:30px } #pg-106-0 .panel-grid-cell , #pg-106-1 .panel-grid-cell , #pg-106-2 .panel-grid-cell { float:none } #pl-106 .panel-grid-cell .so-panel:last-child { margin-bottom:0px } #pg-106-0 , #pg-106-1 , #pg-106-2 { margin-left:-15px;margin-right:-15px } #pg-106-0 .panel-grid-cell , #pg-106-1 .panel-grid-cell <\/p>\n","protected":false},"author":8,"featured_media":0,"parent":0,"menu_order":0,"comment_status":"closed","ping_status":"closed","template":"","meta":[],"_links":{"self":[{"href":"https:\/\/www.degro.org\/firo\/wp-json\/wp\/v2\/pages\/106"}],"collection":[{"href":"https:\/\/www.degro.org\/firo\/wp-json\/wp\/v2\/pages"}],"about":[{"href":"https:\/\/www.degro.org\/firo\/wp-json\/wp\/v2\/types\/page"}],"author":[{"embeddable":true,"href":"https:\/\/www.degro.org\/firo\/wp-json\/wp\/v2\/users\/8"}],"replies":[{"embeddable":true,"href":"https:\/\/www.degro.org\/firo\/wp-json\/wp\/v2\/comments?post=106"}],"version-history":[{"count":8,"href":"https:\/\/www.degro.org\/firo\/wp-json\/wp\/v2\/pages\/106\/revisions"}],"predecessor-version":[{"id":289,"href":"https:\/\/www.degro.org\/firo\/wp-json\/wp\/v2\/pages\/106\/revisions\/289"}],"wp:attachment":[{"href":"https:\/\/www.degro.org\/firo\/wp-json\/wp\/v2\/media?parent=106"}],"curies":[{"name":"wp","href":"https:\/\/api.w.org\/{rel}","templated":true}]}}