


{"id":91,"date":"2025-05-06T13:37:00","date_gmt":"2025-05-06T11:37:00","guid":{"rendered":"https:\/\/www.degro.org\/digitalisierung\/?page_id=91"},"modified":"2025-09-10T14:34:19","modified_gmt":"2025-09-10T12:34:19","slug":"radexchange-empfehlung","status":"publish","type":"page","link":"https:\/\/www.degro.org\/digitalisierung\/radexchange-empfehlung\/","title":{"rendered":"Radexchange Empfehlung"},"content":{"rendered":"<h2 data-start=\"257\" data-end=\"279\">Projektbeschreibung<\/h2>\n<p data-start=\"281\" data-end=\"386\"><strong data-start=\"281\" data-end=\"291\">Titel:<\/strong> RadExchange \u2013 Standardisierung der \u00dcbermittlung von Behandlungsdaten in der Strahlentherapie<\/p>\n<p data-start=\"388\" data-end=\"506\"><strong data-start=\"388\" data-end=\"405\">Tr\u00e4gerschaft:<\/strong> AG Digitalisierung und K\u00fcnstliche Intelligenz der DEGRO (Deutsche Gesellschaft f\u00fcr Radioonkologie)<\/p>\n<p data-start=\"508\" data-end=\"771\">In der Strahlentherapie k\u00f6nnen verz\u00f6gerte oder fehlerhafte \u00dcbertragungen von Behandlungsdaten \u2013 seien es Diagnostiken oder Informationen \u00fcber Vorbestrahlungen \u2013 zu relevanten Verz\u00f6gerungen im Behandlungsverlauf oder zu Fehlern bei der Behandlungsplanung f\u00fchren.<\/p>\n<p data-start=\"773\" data-end=\"1065\">Dieses von der AG Digitalisierung und K\u00fcnstliche Intelligenz der DEGRO initiierte Projekt hat das Ziel, eine <strong data-start=\"882\" data-end=\"916\">standardisierte Vorgehensweise<\/strong> f\u00fcr die Anforderung und \u00dcbermittlung von Bestrahlungsunterlagen zwischen verschiedenen Strahlentherapie-Abteilungen zu entwickeln und einzuf\u00fchren.<\/p>\n<p data-start=\"1067\" data-end=\"1388\">Die Schaffung einer <strong data-start=\"1087\" data-end=\"1124\">einheitlichen Anforderungsvorlage<\/strong>, kombiniert mit einem <strong data-start=\"1147\" data-end=\"1167\">klaren Leitfaden<\/strong> f\u00fcr den Datenaustausch, soll das Potenzial f\u00fcr Verz\u00f6gerungen und Fehlerquellen minimieren. Dies dient nicht nur der <strong data-start=\"1284\" data-end=\"1322\">Steigerung der Behandlungsqualit\u00e4t<\/strong>, sondern tr\u00e4gt auch ma\u00dfgeblich zur <strong data-start=\"1358\" data-end=\"1381\">Patientensicherheit<\/strong> bei.<\/p>\n<p data-start=\"1390\" data-end=\"1549\">Der erarbeitete Leitfaden ber\u00fccksichtigt sowohl digitale als auch physische \u00dcbermittlungswege, um vielf\u00e4ltigen Anforderungen und Szenarien gerecht zu werden.<\/p>\n<p data-start=\"1551\" data-end=\"1705\">Das Projekt <strong data-start=\"1563\" data-end=\"1578\">RadExchange<\/strong> soll dazu beitragen, eine <strong data-start=\"1605\" data-end=\"1661\">zuverl\u00e4ssige, schnelle und fehlerfreie Kommunikation<\/strong> in der Strahlentherapie zu gew\u00e4hrleisten.<\/p>\n<hr data-start=\"3552\" data-end=\"3555\" \/>\n<h2 data-start=\"3557\" data-end=\"3569\">Downloads<\/h2>\n<ul data-start=\"3571\" data-end=\"3668\">\n<li data-start=\"3571\" data-end=\"3620\">\n<p data-start=\"3573\" data-end=\"3620\"><a href=\"https:\/\/www.degro.org\/digitalisierung\/wp-content\/uploads\/sites\/22\/2025\/09\/RadExchange_Leitfaden_v20250901.pdf\">RadExchange Leitfaden<\/a><\/p>\n<\/li>\n<li data-start=\"3621\" data-end=\"3668\">\n<p data-start=\"3623\" data-end=\"3668\"><a href=\"https:\/\/www.degro.org\/digitalisierung\/wp-content\/uploads\/sites\/22\/2025\/08\/RadExchange_Anhaenge_v20250801_compress.pdf\">Anh\u00e4nge\/ Beispiele<\/a><\/p>\n<\/li>\n<\/ul>\n<hr data-start=\"1707\" data-end=\"1710\" \/>\n<h2 data-start=\"1712\" data-end=\"1737\">Projektverantwortliche<\/h2>\n<ol data-start=\"1739\" data-end=\"2025\">\n<li data-start=\"1739\" data-end=\"1878\">\n<p data-start=\"1742\" data-end=\"1878\"><strong data-start=\"1742\" data-end=\"1765\">Maximilian Grohmann<\/strong> (Medizinphysikexperte), Universit\u00e4tsklinikum Hamburg-Eppendorf, Klinik f\u00fcr Strahlentherapie und Radioonkologie<\/p>\n<\/li>\n<li data-start=\"1879\" data-end=\"2025\">\n<p data-start=\"1882\" data-end=\"2025\"><strong data-start=\"1882\" data-end=\"1910\">Prof. Dr. Stefan Janssen<\/strong>, Klinik f\u00fcr Strahlentherapie UKSH L\u00fcbeck und Gemeinschaftspraxis f\u00fcr Strahlentherapie Hannover\/Hildesheim\/Hameln<\/p>\n<\/li>\n<\/ol>\n<hr data-start=\"2027\" data-end=\"2030\" \/>\n<h2 data-start=\"2032\" data-end=\"2052\">Projektbeteiligte<\/h2>\n<ol data-start=\"2054\" data-end=\"3550\">\n<li data-start=\"2054\" data-end=\"2224\">\n<p data-start=\"2057\" data-end=\"2224\">PD Dr. med. Jan Peeken \u2013 Klinik und Poliklinik f\u00fcr Radioonkologie und Strahlentherapie, Universit\u00e4tsklinikum Klinikum rechts der Isar, Technische Universit\u00e4t M\u00fcnchen<\/p>\n<\/li>\n<li data-start=\"2225\" data-end=\"2345\">\n<p data-start=\"2228\" data-end=\"2345\">Univ.-Prof. Dr. med. Rami El Shafie \u2013 Klinik f\u00fcr Strahlentherapie und Radioonkologie, Universit\u00e4tsmedizin G\u00f6ttingen<\/p>\n<\/li>\n<li data-start=\"2346\" data-end=\"2454\">\n<p data-start=\"2349\" data-end=\"2454\">PD Dr. med. Felix Ernst Heinemann \u2013 Klinik f\u00fcr Strahlenheilkunde mit MVZ, Universit\u00e4tsklinikum Freiburg<\/p>\n<\/li>\n<li data-start=\"2455\" data-end=\"2546\">\n<p data-start=\"2458\" data-end=\"2546\">Dr. Berit Behnke \u2013 Gemeinschaftspraxis f\u00fcr Strahlentherapie Hannover\/Hildesheim\/Hameln<\/p>\n<\/li>\n<li data-start=\"2547\" data-end=\"2639\">\n<p data-start=\"2550\" data-end=\"2639\">Dr. Michael Tartz \u2013 Gemeinschaftspraxis f\u00fcr Strahlentherapie Hannover\/Hildesheim\/Hameln<\/p>\n<\/li>\n<li data-start=\"2640\" data-end=\"2735\">\n<p data-start=\"2643\" data-end=\"2735\">Dr. Florian Cremers \u2013 Klinik f\u00fcr Strahlentherapie, Universit\u00e4tsklinikum Schleswig-Holstein<\/p>\n<\/li>\n<li data-start=\"2736\" data-end=\"2801\">\n<p data-start=\"2739\" data-end=\"2801\">Dr. Fabio Dennst\u00e4dt \u2013 Inselspital, Universit\u00e4tsklinikum Bern<\/p>\n<\/li>\n<li data-start=\"2802\" data-end=\"2946\">\n<p data-start=\"2805\" data-end=\"2946\">Thomas Bezold \u2013 Klinik und Poliklinik f\u00fcr Radioonkologie und Strahlentherapie, Universit\u00e4tsmedizin der Johannes Gutenberg-Universit\u00e4t Mainz<\/p>\n<\/li>\n<li data-start=\"2947\" data-end=\"3020\">\n<p data-start=\"2950\" data-end=\"3020\">Samuel Peters \u2013 Klinik f\u00fcr Radio-Onkologie, Kantonsspital St. Gallen<\/p>\n<\/li>\n<li data-start=\"3021\" data-end=\"3079\">\n<p data-start=\"3025\" data-end=\"3079\">Stephanie Tanadini-Lang \u2013 Universit\u00e4ts Spital Z\u00fcrich<\/p>\n<\/li>\n<li data-start=\"3080\" data-end=\"3255\">\n<p data-start=\"3084\" data-end=\"3255\">PD Dr. med. Kristin Uzun-Lang \u2013 RadioOnkologie &amp; Strahlentherapie, Heidelberger Ionenstrahl-Therapiezentrum (HIT) | Radiologische Klinik, Universit\u00e4tsklinikum Heidelberg<\/p>\n<\/li>\n<li data-start=\"3256\" data-end=\"3382\">\n<p data-start=\"3260\" data-end=\"3382\">Dr. med. Jan-Niklas Becker \u2013 Klinik f\u00fcr Strahlentherapie und Spezielle Onkologie, Medizinische Hochschule Hannover (MHH)<\/p>\n<\/li>\n<li data-start=\"3383\" data-end=\"3464\">\n<p data-start=\"3387\" data-end=\"3464\">Dr. med. Stefan Knippen \u2013 Klinik f\u00fcr Strahlentherapie, HELIOS Kliniken GmbH<\/p>\n<\/li>\n<li data-start=\"3465\" data-end=\"3550\">\n<p data-start=\"3469\" data-end=\"3550\">PD Dr. med. habil. Florian Putz \u2013 Strahlenklinik, Universit\u00e4tsklinikum Erlangen<\/p>\n<\/li>\n<\/ol>\n<div id=\"gtx-trans\">\n<div class=\"gtx-trans-icon\"><\/div>\n<\/div>\n","protected":false},"excerpt":{"rendered":"<p>Projektbeschreibung<br \/>\nTitel: RadExchange \u2013 Standardisierung der \u00dcbermittlung von Behandlungsdaten in der Strahlentherapie<br \/>\nTr\u00e4gerschaft: AG Digitalisierung und K\u00fcnstliche Intelligenz der DEGRO (Deutsche Gesellschaft f\u00fcr Radioonkologie)<br \/>\nIn der Strahlentherapie k\u00f6nnen verz\u00f6gerte oder fehlerhafte \u00dcbertragungen von Behandlungsdaten \u2013 seien es Diagnostiken oder Informationen <\/p>\n","protected":false},"author":8,"featured_media":0,"parent":0,"menu_order":0,"comment_status":"closed","ping_status":"closed","template":"","meta":[],"_links":{"self":[{"href":"https:\/\/www.degro.org\/digitalisierung\/wp-json\/wp\/v2\/pages\/91"}],"collection":[{"href":"https:\/\/www.degro.org\/digitalisierung\/wp-json\/wp\/v2\/pages"}],"about":[{"href":"https:\/\/www.degro.org\/digitalisierung\/wp-json\/wp\/v2\/types\/page"}],"author":[{"embeddable":true,"href":"https:\/\/www.degro.org\/digitalisierung\/wp-json\/wp\/v2\/users\/8"}],"replies":[{"embeddable":true,"href":"https:\/\/www.degro.org\/digitalisierung\/wp-json\/wp\/v2\/comments?post=91"}],"version-history":[{"count":6,"href":"https:\/\/www.degro.org\/digitalisierung\/wp-json\/wp\/v2\/pages\/91\/revisions"}],"predecessor-version":[{"id":171,"href":"https:\/\/www.degro.org\/digitalisierung\/wp-json\/wp\/v2\/pages\/91\/revisions\/171"}],"wp:attachment":[{"href":"https:\/\/www.degro.org\/digitalisierung\/wp-json\/wp\/v2\/media?parent=91"}],"curies":[{"name":"wp","href":"https:\/\/api.w.org\/{rel}","templated":true}]}}