


{"id":37,"date":"2025-02-21T09:22:47","date_gmt":"2025-02-21T08:22:47","guid":{"rendered":"https:\/\/www.degro.org\/digitalisierung\/?page_id=37"},"modified":"2025-05-07T12:08:06","modified_gmt":"2025-05-07T10:08:06","slug":"kontakt","status":"publish","type":"page","link":"https:\/\/www.degro.org\/digitalisierung\/kontakt\/","title":{"rendered":"Kontakt"},"content":{"rendered":"<div id=\"pl-37\"><style scoped>#pg-37-0 , #pl-37 .panel-grid-cell .so-panel { margin-bottom:30px } #pg-37-0 .panel-grid-cell { float:none } #pgc-37-1-0 , #pgc-37-1-1 , #pgc-37-1-2 { width:33.333% } #pg-37-1 .panel-grid-cell { float:left } #pl-37 .panel-grid-cell .so-panel:last-child { margin-bottom:0px } #pg-37-0 , #pg-37-1 { margin-left:-15px;margin-right:-15px } #pg-37-0 .panel-grid-cell , #pg-37-1 .panel-grid-cell { padding-left:15px;padding-right:15px } #panel-37-1-0-0 a , #panel-37-1-2-0 a { color:#ef4335 } @media (max-width:780px){ #pg-37-0 .panel-grid-cell , #pg-37-1 .panel-grid-cell { float:none;width:auto } #pgc-37-1-0 , #pgc-37-1-1 { margin-bottom:30px } #pl-37 .panel-grid , #pl-37 .panel-grid-cell {  } #pl-37 .panel-grid .panel-grid-cell-empty { display:none } #pl-37 .panel-grid .panel-grid-cell-mobile-last { margin-bottom:0px }  } <\/style><div class=\"panel-grid\" id=\"pg-37-0\" ><div class=\"panel-grid-cell\" id=\"pgc-37-0-0\" ><div class=\"so-panel widget widget_sow-editor panel-first-child panel-last-child\" id=\"panel-37-0-0-0\" data-index=\"0\"><div class=\"so-widget-sow-editor so-widget-sow-editor-base\">\n<div class=\"siteorigin-widget-tinymce textwidget\">\n\t<h2><span style=\"color: #009cd8\">F\u00fcr Fragen und weiterf\u00fchrende Informationen steht Ihnen die Vorsitzenden zur Verf\u00fcgung:<\/span><\/h2>\n<\/div>\n<\/div><\/div><\/div><\/div><div class=\"panel-grid\" id=\"pg-37-1\" ><div class=\"panel-grid-cell\" id=\"pgc-37-1-0\" ><div class=\"so-panel widget widget_lsow-team-members panel-first-child panel-last-child\" id=\"panel-37-1-0-0\" data-index=\"1\"><div style=\"color: #009cd8;\" class=\"panel-widget-style\" ><div class=\"so-widget-lsow-team-members so-widget-lsow-team-members-base\">\n\n\n\n\n<div class=\"lsow-team-members lsow-style2 lsow-container\">\n\n    \n        <div class=\"lsow-team-member-wrapper \">\n\n            <div class=\"lsow-team-member\">\n\n                <div class=\"lsow-image-wrapper\">\n\n                    <img width=\"667\" height=\"667\" src=\"https:\/\/www.degro.org\/digitalisierung\/wp-content\/uploads\/sites\/22\/2025\/02\/peeken_jan_0.jpg\" class=\"lsow-image full\" alt=\"\" loading=\"lazy\" srcset=\"https:\/\/www.degro.org\/digitalisierung\/wp-content\/uploads\/sites\/22\/2025\/02\/peeken_jan_0.jpg 667w, https:\/\/www.degro.org\/digitalisierung\/wp-content\/uploads\/sites\/22\/2025\/02\/peeken_jan_0-300x300.jpg 300w, https:\/\/www.degro.org\/digitalisierung\/wp-content\/uploads\/sites\/22\/2025\/02\/peeken_jan_0-150x150.jpg 150w\" sizes=\"(max-width: 667px) 100vw, 667px\" \/>\n                    \n                <\/div>\n\n                <div class=\"lsow-team-member-text\">\n\n                    <h3 class=\"lsow-title\">PD Dr. med. Jan Peeken <\/h3>\n\n                    <div class=\"lsow-team-member-position\">\n\n                        Sprecher \n                    <\/div>\n\n                    <div class=\"lsow-team-member-details\">\n\n                        Klinik und Poliklinik f\u00fcr Radioonkologie und Strahlentherapie\nTUM Universita\u0308tsklinikum\nKlinikum rechts der Isar\nTechnische Universit\u00e4t M\u00fcnchen\nIsmaninger Str. 22\n81675 M\u00fcnchen\n\n\n\n                    <\/div>\n\n                    \n                        \n<div class=\"lsow-social-wrap\">\n\n    <div class=\"lsow-social-list\">\n\n        <div class=\"lsow-social-list-item\"><a class=\"lsow-email\" href=\"mailto:jan.peeken@tum.de\" title=\"Send an email\"><i class=\"lsow-icon-email\"><\/i><\/a><\/div>\n    <\/div>\n\n<\/div>\n\n                    \n                <\/div>\n\n            <\/div>\n\n        <\/div>\n\n    \n<\/div><\/div><\/div><\/div><\/div><div class=\"panel-grid-cell panel-grid-cell-empty\" id=\"pgc-37-1-1\" ><\/div><div class=\"panel-grid-cell\" id=\"pgc-37-1-2\" ><div class=\"so-panel widget widget_lsow-team-members panel-first-child panel-last-child\" id=\"panel-37-1-2-0\" data-index=\"2\"><div style=\"color: #009cd8;\" class=\"panel-widget-style\" ><div class=\"so-widget-lsow-team-members so-widget-lsow-team-members-base\">\n\n\n\n\n<div class=\"lsow-team-members lsow-style2 lsow-container\">\n\n    \n        <div class=\"lsow-team-member-wrapper \">\n\n            <div class=\"lsow-team-member\">\n\n                <div class=\"lsow-image-wrapper\">\n\n                    <img width=\"313\" height=\"312\" src=\"https:\/\/www.degro.org\/digitalisierung\/wp-content\/uploads\/sites\/22\/2025\/02\/csm_el_shafie_rami_6182_ab793a5bf6.jpg\" class=\"lsow-image full\" alt=\"\" loading=\"lazy\" srcset=\"https:\/\/www.degro.org\/digitalisierung\/wp-content\/uploads\/sites\/22\/2025\/02\/csm_el_shafie_rami_6182_ab793a5bf6.jpg 313w, https:\/\/www.degro.org\/digitalisierung\/wp-content\/uploads\/sites\/22\/2025\/02\/csm_el_shafie_rami_6182_ab793a5bf6-300x300.jpg 300w, https:\/\/www.degro.org\/digitalisierung\/wp-content\/uploads\/sites\/22\/2025\/02\/csm_el_shafie_rami_6182_ab793a5bf6-150x150.jpg 150w\" sizes=\"(max-width: 313px) 100vw, 313px\" \/>\n                    \n                <\/div>\n\n                <div class=\"lsow-team-member-text\">\n\n                    <h3 class=\"lsow-title\">Univ.-Prof. Dr. med. Rami El Shafie<\/h3>\n\n                    <div class=\"lsow-team-member-position\">\n\n                        Stellv. Sprecher\n                    <\/div>\n\n                    <div class=\"lsow-team-member-details\">\n\n                        Stellvertretender Direktor\nKlinik f\u00fcr Strahlentherapie und Radioonkologie\nUniversit\u00e4tsmedizin G\u00f6ttingen\nGeorg-August-Universit\u00e4t\nRobert-Koch-Stra\u00dfe 40\n37075 G\u00f6ttingen\n\n\n\n                    <\/div>\n\n                    \n                        \n<div class=\"lsow-social-wrap\">\n\n    <div class=\"lsow-social-list\">\n\n        <div class=\"lsow-social-list-item\"><a class=\"lsow-email\" href=\"mailto:rami.elshafie@med.uni-goettingen.de \" title=\"Send an email\"><i class=\"lsow-icon-email\"><\/i><\/a><\/div>\n    <\/div>\n\n<\/div>\n\n                    \n                <\/div>\n\n            <\/div>\n\n        <\/div>\n\n    \n<\/div><\/div><\/div><\/div><\/div><\/div><\/div>","protected":false},"excerpt":{"rendered":"<p>#pg-37-0 , #pl-37 .panel-grid-cell .so-panel { margin-bottom:30px } #pg-37-0 .panel-grid-cell { float:none } #pgc-37-1-0 , #pgc-37-1-1 , #pgc-37-1-2 { width:33.333% } #pg-37-1 .panel-grid-cell { float:left } #pl-37 .panel-grid-cell .so-panel:last-child { margin-bottom:0px } #pg-37-0 , #pg-37-1 { margin-left:-15px;margin-right:-15px } #pg-37-0 .panel-grid-cell <\/p>\n","protected":false},"author":8,"featured_media":0,"parent":0,"menu_order":0,"comment_status":"closed","ping_status":"closed","template":"","meta":[],"_links":{"self":[{"href":"https:\/\/www.degro.org\/digitalisierung\/wp-json\/wp\/v2\/pages\/37"}],"collection":[{"href":"https:\/\/www.degro.org\/digitalisierung\/wp-json\/wp\/v2\/pages"}],"about":[{"href":"https:\/\/www.degro.org\/digitalisierung\/wp-json\/wp\/v2\/types\/page"}],"author":[{"embeddable":true,"href":"https:\/\/www.degro.org\/digitalisierung\/wp-json\/wp\/v2\/users\/8"}],"replies":[{"embeddable":true,"href":"https:\/\/www.degro.org\/digitalisierung\/wp-json\/wp\/v2\/comments?post=37"}],"version-history":[{"count":10,"href":"https:\/\/www.degro.org\/digitalisierung\/wp-json\/wp\/v2\/pages\/37\/revisions"}],"predecessor-version":[{"id":150,"href":"https:\/\/www.degro.org\/digitalisierung\/wp-json\/wp\/v2\/pages\/37\/revisions\/150"}],"wp:attachment":[{"href":"https:\/\/www.degro.org\/digitalisierung\/wp-json\/wp\/v2\/media?parent=37"}],"curies":[{"name":"wp","href":"https:\/\/api.w.org\/{rel}","templated":true}]}}