


{"id":128,"date":"2025-05-07T09:26:48","date_gmt":"2025-05-07T07:26:48","guid":{"rendered":"https:\/\/www.degro.org\/digitalisierung\/?page_id=128"},"modified":"2025-05-07T11:01:04","modified_gmt":"2025-05-07T09:01:04","slug":"data-sharing-infrastruktur","status":"publish","type":"page","link":"https:\/\/www.degro.org\/digitalisierung\/data-sharing-infrastruktur\/","title":{"rendered":"Data Sharing Infrastruktur"},"content":{"rendered":"<p><strong>Study PI<\/strong>:<\/p>\n<ul>\n<li>Jan C. Peeken<br \/>\nKlinik und Poliklinik f\u00fcr RadioOnkologie und Strahlentherapie, TUM Universit\u00e4tsklinikum rechts der Isar<br \/>\n<a href=\"mailto:Jan.Peeken@tum.de\">Jan.Peeken@tum.de<\/a><\/li>\n<\/ul>\n<p><strong>Zielsetzung<\/strong>: Aufbau einer Dateninfrastruktur zur GMP-konformen Daten Teilen idealerweise zur Vereinfachung der gemeinsamen Forschung und Datenteilung im Rahmen des Gesundheitsdatennutzungsgesetzes (GDNG)<\/p>\n<p><strong>Prozedere:<\/strong><\/p>\n<ul>\n<li>Kooperation mit der AG Stereotaxie und der AG Neuroonkologie<\/li>\n<li>Erste Gespr\u00e4che mit m\u00f6glichen Industriepartnern<\/li>\n<li>Aufbau eines Datenschutzprojektes<\/li>\n<li>Durchf\u00fchrung eines Pilotprojektes<\/li>\n<li>\u00d6ffnung f\u00fcr zuk\u00fcnftige Studien<\/li>\n<\/ul>\n<p>&nbsp;<\/p>\n","protected":false},"excerpt":{"rendered":"<p>Study PI:<\/p>\n<p>Jan C. Peeken<br \/>\nKlinik und Poliklinik f\u00fcr RadioOnkologie und Strahlentherapie, TUM Universit\u00e4tsklinikum rechts der Isar<br \/>\nJan.Peeken@tum.de<\/p>\n<p>Zielsetzung: Aufbau einer Dateninfrastruktur zur GMP-konformen Daten Teilen idealerweise zur Vereinfachung der gemeinsamen Forschung und Datenteilung im Rahmen des Gesundheitsdatennutzungsgesetzes <\/p>\n","protected":false},"author":8,"featured_media":0,"parent":0,"menu_order":0,"comment_status":"closed","ping_status":"closed","template":"","meta":[],"_links":{"self":[{"href":"https:\/\/www.degro.org\/digitalisierung\/wp-json\/wp\/v2\/pages\/128"}],"collection":[{"href":"https:\/\/www.degro.org\/digitalisierung\/wp-json\/wp\/v2\/pages"}],"about":[{"href":"https:\/\/www.degro.org\/digitalisierung\/wp-json\/wp\/v2\/types\/page"}],"author":[{"embeddable":true,"href":"https:\/\/www.degro.org\/digitalisierung\/wp-json\/wp\/v2\/users\/8"}],"replies":[{"embeddable":true,"href":"https:\/\/www.degro.org\/digitalisierung\/wp-json\/wp\/v2\/comments?post=128"}],"version-history":[{"count":3,"href":"https:\/\/www.degro.org\/digitalisierung\/wp-json\/wp\/v2\/pages\/128\/revisions"}],"predecessor-version":[{"id":137,"href":"https:\/\/www.degro.org\/digitalisierung\/wp-json\/wp\/v2\/pages\/128\/revisions\/137"}],"wp:attachment":[{"href":"https:\/\/www.degro.org\/digitalisierung\/wp-json\/wp\/v2\/media?parent=128"}],"curies":[{"name":"wp","href":"https:\/\/api.w.org\/{rel}","templated":true}]}}