


{"id":51,"date":"2024-02-15T11:59:26","date_gmt":"2024-02-15T10:59:26","guid":{"rendered":"https:\/\/www.degro.org\/dermatoonkologie\/?page_id=51"},"modified":"2024-02-15T12:19:51","modified_gmt":"2024-02-15T11:19:51","slug":"kontakt","status":"publish","type":"page","link":"https:\/\/www.degro.org\/dermatoonkologie\/kontakt\/","title":{"rendered":"Vorsitzende"},"content":{"rendered":"\r\n\r\n\r\n\r\n\r\n\r\n\r\n\r\n\r\n\r\n\r\n\r\n\r\n\r\n\r\n<br><img width=\"16\" height=\"16\" class=\"alignnone size-full wp-image-1430\" alt=\"degro-arrow\" src=\"https:\/\/www.degro.org\/wp-content\/uploads\/2016\/07\/degro-arrow.gif\">&nbsp;<b>Vorsitz:<\/b><br><b>PD Dr. med. habil. Khaled Elsayad<\/b><br>Universit\u00e4tsklinikum Gie\u00dfen und Marburg GmbH<br>Klinik f\u00fcr Strahlentherapie und Radioonkologie<br>E-Mail: <a href=\"mailto:khaled.elsayad@uk-gm.de\">khaled.elsayad@uk-gm.de<\/a><br><br><img width=\"16\" height=\"16\" class=\"alignnone size-full wp-image-1430\" alt=\"degro-arrow\" src=\"https:\/\/www.degro.org\/wp-content\/uploads\/2016\/07\/degro-arrow.gif\"><b>&nbsp;Stellvertreter:<\/b><br><b>Dr. med. Tilmann Rackwitz<\/b><br>Universit\u00e4tsKlinikum Heidelberg<br>Klinik f\u00fcr RadioOnkologie und Strahlentherapie<br>E-Mail: <a href=\"mailto:tilmann.rackwitz@med.uni-heidelberg.de\">tilmann.rackwitz@med.uni-heidelberg.de<\/a><br><br><img width=\"16\" height=\"16\" class=\"alignnone size-full wp-image-1430\" alt=\"degro-arrow\" src=\"https:\/\/www.degro.org\/wp-content\/uploads\/2016\/07\/degro-arrow.gif\">&nbsp;<b>Beisitzer:<\/b><br><b>Prof. Dr. med. Hans Theodor Eich<\/b><br>Universit\u00e4tsklinikum M\u00fcnster<br>Klinik f\u00fcr Strahlentherapie<br>E-Mail: <a href=\"mailto:hans.eich@ukmuenster.de\">hans.eich@ukmuenster.de<\/a><br><br><b>Dr. med. Jan Tobias Oelmann-Av\u00e9ndano<\/b><br>Universit\u00e4tsmedizin G\u00f6ttingen<br>Klinik f\u00fcr Strahlentherapie und Radioonkologie<br>Georg-August-Universit\u00e4t<br>E-Mail: <a href=\"mailto:jan.oelmann-avendano@med.uni-goettingen.de\">jan.oelmann-avendano@med.uni-goettingen.de<\/a><br><br><b>Dr. med Cora Waldstein<\/b><br>Medizinische Universit\u00e4t \/ AKH Wien<br>Univ.-Klinik f\u00fcr Strahlentherapie<br>E-Mail: <a href=\"mailto:cora.waldstein@meduniwien.ac.at\">cora.waldstein@meduniwien.ac.at<\/a><br><br><b>Dr. med. Angela Besserer<\/b><br>Klinikum Ernst von Bergmann<br>Klinik f\u00fcr Radioonkologie und Strahlentherapie, Brachytherapie<br><br>E-Mail: <a href=\"mailto:angela.besserer@klinikumevb.de\">angela.besserer@klinikumevb.de<\/a><br><br><b>Prof. Dr. med. Panagiotis Balermpas<\/b><br>Universit\u00e4tsspital Z\u00fcrich<br>Klinik f\u00fcr Radio-Onkologie<br>Kompetenzzentrum f\u00fcr Palliative Care<br>Interdisziplin\u00e4res Zentrum f\u00fcr Hochpr\u00e4zisionstherapie<br>E-Mail: <a href=\"mailto:Panagiotis.Balermpas@usz.ch\">Panagiotis.Balermpas@usz.ch<\/a><br><br><b>Dr. med. Kathrin Hering<\/b><br>Universit\u00e4tsklinikum Leipzig<br>Klinik und Poliklinik f\u00fcr Strahlentherapie <br>E-Mail: <a href=\"mailto:kathrin.hering@medizin.uni-leipzig.de\">kathrin.hering@medizin.uni-leipzig.de<\/a><br><br><img width=\"16\" height=\"16\" class=\"alignnone size-full wp-image-1430\" alt=\"degro-arrow\" src=\"https:\/\/www.degro.org\/wp-content\/uploads\/2016\/07\/degro-arrow.gif\">&nbsp;<b>Beisitzer:<\/b><br> <b>Univ. Prof. Dr. med. Eleni Gkika<\/b><br>Universit\u00e4tsklinikum Bonn<br>Klinik f\u00fcr Strahlentherapie und Radioonkologie<br>E-Mail: <a href=\"mailto:eleni.gkika@ukbonn.de\">eleni.gkika@ukbonn.de<\/a><br>\r\n\t\t\t\t\t\t\r\n\n","protected":false},"excerpt":{"rendered":"","protected":false},"author":8,"featured_media":0,"parent":0,"menu_order":0,"comment_status":"closed","ping_status":"closed","template":"","meta":[],"_links":{"self":[{"href":"https:\/\/www.degro.org\/dermatoonkologie\/wp-json\/wp\/v2\/pages\/51"}],"collection":[{"href":"https:\/\/www.degro.org\/dermatoonkologie\/wp-json\/wp\/v2\/pages"}],"about":[{"href":"https:\/\/www.degro.org\/dermatoonkologie\/wp-json\/wp\/v2\/types\/page"}],"author":[{"embeddable":true,"href":"https:\/\/www.degro.org\/dermatoonkologie\/wp-json\/wp\/v2\/users\/8"}],"replies":[{"embeddable":true,"href":"https:\/\/www.degro.org\/dermatoonkologie\/wp-json\/wp\/v2\/comments?post=51"}],"version-history":[{"count":2,"href":"https:\/\/www.degro.org\/dermatoonkologie\/wp-json\/wp\/v2\/pages\/51\/revisions"}],"predecessor-version":[{"id":74,"href":"https:\/\/www.degro.org\/dermatoonkologie\/wp-json\/wp\/v2\/pages\/51\/revisions\/74"}],"wp:attachment":[{"href":"https:\/\/www.degro.org\/dermatoonkologie\/wp-json\/wp\/v2\/media?parent=51"}],"curies":[{"name":"wp","href":"https:\/\/api.w.org\/{rel}","templated":true}]}}