


{"id":37,"date":"2024-02-15T11:42:42","date_gmt":"2024-02-15T10:42:42","guid":{"rendered":"https:\/\/www.degro.org\/dermatoonkologie\/?page_id=37"},"modified":"2026-03-22T10:47:34","modified_gmt":"2026-03-22T09:47:34","slug":"aktuelles","status":"publish","type":"page","link":"https:\/\/www.degro.org\/dermatoonkologie\/aktuelles\/","title":{"rendered":"Aktuelles"},"content":{"rendered":"<div id=\"pl-37\"><style scoped>#pg-37-0 , #pg-37-1 , #pg-37-2 , #pl-37 .panel-grid-cell .so-panel { margin-bottom:30px } #pg-37-0 .panel-grid-cell , #pg-37-2 .panel-grid-cell , #pg-37-3 .panel-grid-cell { float:none } #pgc-37-1-0 , #pgc-37-1-1 { width:50% } #pg-37-1 .panel-grid-cell { float:left } #pl-37 .panel-grid-cell .so-panel:last-child { margin-bottom:0px } #pg-37-0 , #pg-37-1 , #pg-37-2 , #pg-37-3 { margin-left:-15px;margin-right:-15px } #pg-37-0 .panel-grid-cell , #pg-37-1 .panel-grid-cell , #pg-37-2 .panel-grid-cell , #pg-37-3 .panel-grid-cell { padding-left:15px;padding-right:15px } @media (max-width:780px){ #pg-37-0 .panel-grid-cell , #pg-37-1 .panel-grid-cell , #pg-37-2 .panel-grid-cell , #pg-37-3 .panel-grid-cell { float:none;width:auto } #pgc-37-1-0 { margin-bottom:30px } #pl-37 .panel-grid , #pl-37 .panel-grid-cell {  } #pl-37 .panel-grid .panel-grid-cell-empty { display:none } #pl-37 .panel-grid .panel-grid-cell-mobile-last { margin-bottom:0px }  } <\/style><div class=\"panel-grid\" id=\"pg-37-0\" ><div class=\"panel-grid-cell\" id=\"pgc-37-0-0\" ><div class=\"so-panel widget widget_sow-editor panel-first-child\" id=\"panel-37-0-0-0\" data-index=\"0\"><div class=\"so-widget-sow-editor so-widget-sow-editor-base\">\n<div class=\"siteorigin-widget-tinymce textwidget\">\n\t<div id=\"panel-29-0-0-0\" class=\"so-panel widget widget_sow-editor panel-first-child\" data-index=\"0\">\n<div class=\"so-widget-sow-editor so-widget-sow-editor-base\">\n<h3 class=\"widget-title\" style=\"text-align: center\">N\u00e4chste AG Sitzung<\/h3>\n<h2 style=\"text-align: center\"><strong><span style=\"color: #009cd8\">Samstag, 27. Juni 2026 | 09:45 - 10:45 Uhr | in Pr\u00e4senz auf dem DEGRO Kongress in Leipzig<br \/>\nRaum: Bankett 4 in der Ebene 0<\/span><\/strong><\/h2>\n<h2 style=\"text-align: center\">\u00a0<\/h2>\n<div class=\"siteorigin-widget-tinymce textwidget\">\n<p style=\"text-align: center\">\u00a0<\/p>\n<\/div>\n<\/div>\n<\/div>\n<\/div>\n<\/div><\/div><div class=\"so-panel widget widget_countdown-box panel-last-child\" id=\"panel-37-0-0-1\" data-index=\"1\"><div class=\"thim-widget-countdown-box thim-widget-countdown-box-base\"><div class=\"text-center color-black\" id=\"coming-soon-counter69de72281d41e\"><\/div><script type=\"text\/javascript\">\njQuery(function () {\n\tjQuery(document).ready(function () {\n\t\tjQuery(\"#coming-soon-counter69de72281d41e\").mbComingsoon({\n\t\t\texpiryDate  : new Date(2026,5,27,),\n\t\t\tlocalization: {\n\t\t\t\tdays   : \"Tage\",\n\t\t\t\thours  : \"Stunden\",\n\t\t\t\tminutes: \"minutes\",\n\t\t\t\tseconds: \"seconds\"\n\t\t\t},\n\t\t\tspeed       : 100\n\t\t});\n\t\tsetTimeout(function () {\n\t\t\tjQuery(window).resize();\n\t\t}, 200);\n\t});\n});\n<\/script><\/div><\/div><\/div><\/div><div class=\"panel-grid\" id=\"pg-37-1\" ><div class=\"panel-grid-cell\" id=\"pgc-37-1-0\" ><div class=\"so-panel widget widget_sow-editor panel-first-child panel-last-child\" id=\"panel-37-1-0-0\" data-index=\"2\"><div class=\"so-widget-sow-editor so-widget-sow-editor-base\">\n<div class=\"siteorigin-widget-tinymce textwidget\">\n\t<h3 style=\"text-align: left\">AG Sitzungen im Jahr 2026<\/h3>\n<\/div>\n<\/div><\/div><\/div><div class=\"panel-grid-cell\" id=\"pgc-37-1-1\" ><div class=\"so-panel widget widget_sow-editor panel-first-child panel-last-child\" id=\"panel-37-1-1-0\" data-index=\"3\"><div class=\"so-widget-sow-editor so-widget-sow-editor-base\">\n<div class=\"siteorigin-widget-tinymce textwidget\">\n\t<p>\u00a0<\/p>\n<ul>\n<li>Montag, den 14. September 2026 um 16:45 via Zoom<\/li>\n<li>Montag, den 16. November 2026 um 16:45 via Zoom<\/li>\n<\/ul>\n<\/div>\n<\/div><\/div><\/div><\/div><div class=\"panel-grid\" id=\"pg-37-2\" ><div class=\"panel-grid-cell\" id=\"pgc-37-2-0\" ><div class=\"so-panel widget widget_sow-editor panel-first-child panel-last-child\" id=\"panel-37-2-0-0\" data-index=\"4\"><div class=\"so-widget-sow-editor so-widget-sow-editor-base\"><h3 class=\"widget-title\">AG Sitzung in Pr\u00e4senz auf dem DEGRO Kongress 2025 in Dresden<\/h3>\n<div class=\"siteorigin-widget-tinymce textwidget\">\n\t<p>Im Rahmen des diesj\u00e4hrigen DEGRO Kongresses 2025 kam die AG Dermatoonkologie zu einer sehr gut besuchten AG Sitzung zusammen.<br \/>\nIn kollegialer und konstruktiver Atmosph\u00e4re konnten aktuelle Entwicklungen innerhalb der Arbeitsgemeinschaft sowie Perspektiven f\u00fcr die zuk\u00fcnftige Zusammenarbeit diskutiert werden.<\/p>\n<p>Ein besonderer Dank gilt allen Mitgliedern und Interessierten, die durch ihre Teilnahme, Beitr\u00e4ge und den offenen Austausch zum Gelingen des Treffens beigetragen haben.<br \/>\nDer pers\u00f6nliche Kontakt und das gemeinsame Engagement zeigen einmal mehr, wie wichtig der interdisziplin\u00e4re Dialog und die kontinuierliche Weiterentwicklung in der Dermatoonkologie sind.<\/p>\n<p>Wir freuen uns auf die weitere Zusammenarbeit und danken allen Beteiligten f\u00fcr ihre Pr\u00e4senz und ihr Engagement!<\/p>\n<p><img loading=\"lazy\" class=\"\" src=\"https:\/\/www.degro.org\/dermatoonkologie\/wp-content\/uploads\/sites\/19\/2025\/07\/AG-Dermatoonkologie.jpg\" width=\"887\" height=\"459\" \/><\/p>\n<\/div>\n<\/div><\/div><\/div><\/div><div class=\"panel-grid\" id=\"pg-37-3\" ><div class=\"panel-grid-cell\" id=\"pgc-37-3-0\" ><div class=\"so-panel widget widget_sow-editor panel-first-child\" id=\"panel-37-3-0-0\" data-index=\"5\"><div class=\"so-widget-sow-editor so-widget-sow-editor-base\">\n<div class=\"siteorigin-widget-tinymce textwidget\">\n\t<div id=\"panel-29-0-0-0\" class=\"so-panel widget widget_sow-editor panel-first-child\" data-index=\"0\">\n<div class=\"so-widget-sow-editor so-widget-sow-editor-base\">\n<h3 class=\"widget-title\">Evaluation der AG Dermatoonkologie - Pattern-of-Care Survey <\/h3>\n<div class=\"siteorigin-widget-tinymce textwidget\"><span class=\"js-editable-inline js-txt-37156494 fr-box fr-ltr fr-inline\" role=\"application\" data-txt-id=\"37156494\">Liebes DEGRO - Mitglied,<br \/>\nLiebes AG - Mitglied, <\/p>\n<p>im Namen der AG Dermatoonkologie w\u00fcrden wir Sie gerne zu einer Umfrage \u00fcber die strahlentherapeutischen Versorgungsmuster verschiedener Hauterkrankungen einladen.<br \/>\nZiel der Umfrage ist es, die aktuelle Versorgungssituation in Deutschland systematisch zu erfassen und wissenschaftlich auszuwerten.<br \/>\nDie Daten werden anonymisiert erhoben und f\u00fcr Forschungszwecke innerhalb der DEGRO-Arbeitsgruppe verwendet.<\/span><\/p>\n<p>Zur Umfrage klicken sie <a href=\"https:\/\/www.umfrageonline.com\/c\/uptgdehv\"><span style=\"color: #ff0000\">HIER<\/span><\/a><\/p>\n<\/div>\n<\/div>\n<\/div>\n<\/div>\n<\/div><\/div><div class=\"so-panel widget widget_sow-editor\" id=\"panel-37-3-0-1\" data-index=\"6\"><div class=\"so-widget-sow-editor so-widget-sow-editor-base\">\n<div class=\"siteorigin-widget-tinymce textwidget\">\n\t<hr \/>\n<p>\u00a0<\/p>\n<\/div>\n<\/div><\/div><div class=\"so-panel widget widget_sow-editor\" id=\"panel-37-3-0-2\" data-index=\"7\"><div class=\"so-widget-sow-editor so-widget-sow-editor-base\">\n<div class=\"siteorigin-widget-tinymce textwidget\">\n\t<div id=\"panel-29-0-0-0\" class=\"so-panel widget widget_sow-editor panel-first-child\" data-index=\"0\">\n<div class=\"so-widget-sow-editor so-widget-sow-editor-base\">\n<h3><img loading=\"lazy\" class=\"alignnone size-full wp-image-167\" src=\"https:\/\/www.degro.org\/dermatoonkologie\/wp-content\/uploads\/sites\/19\/2025\/07\/estro.jpg\" alt=\"\" width=\"228\" height=\"88\" \/><\/h3>\n<h3 class=\"widget-title\">ESTRO 2026<\/h3>\n<div class=\"siteorigin-widget-tinymce textwidget\">Die ESTRO findet vom<strong> 15.-19. Mai 2026 <\/strong>in Stockholm, Schweden statt.<br \/>\nN\u00e4here Informationen k\u00f6nnen Sie der <a href=\"https:\/\/www.estro.org\/Congresses\/ESTRO-2026\" target=\"_blank\" rel=\"noopener\">Kongress-Webseite<\/a> entnehmen.<\/p>\n<p>\u00a0<\/p>\n<\/div>\n<\/div>\n<\/div>\n<\/div>\n<\/div><\/div><div class=\"so-panel widget widget_sow-editor\" id=\"panel-37-3-0-3\" data-index=\"8\"><div class=\"so-widget-sow-editor so-widget-sow-editor-base\">\n<div class=\"siteorigin-widget-tinymce textwidget\">\n\t<hr \/>\n<p>\u00a0<\/p>\n<\/div>\n<\/div><\/div><div class=\"so-panel widget widget_sow-editor\" id=\"panel-37-3-0-4\" data-index=\"9\"><div class=\"so-widget-sow-editor so-widget-sow-editor-base\">\n<div class=\"siteorigin-widget-tinymce textwidget\">\n\t<div id=\"panel-29-0-0-0\" class=\"so-panel widget widget_sow-editor panel-first-child\" data-index=\"0\">\n<div class=\"so-widget-sow-editor so-widget-sow-editor-base\">\n<h3><img loading=\"lazy\" class=\"alignnone size-medium wp-image-174\" src=\"https:\/\/www.degro.org\/dermatoonkologie\/wp-content\/uploads\/sites\/19\/2025\/07\/DEGRO2026_StD-Banner_5zu2-300x120.png\" alt=\"\" width=\"300\" height=\"120\" srcset=\"https:\/\/www.degro.org\/dermatoonkologie\/wp-content\/uploads\/sites\/19\/2025\/07\/DEGRO2026_StD-Banner_5zu2-300x120.png 300w, https:\/\/www.degro.org\/dermatoonkologie\/wp-content\/uploads\/sites\/19\/2025\/07\/DEGRO2026_StD-Banner_5zu2-1024x409.png 1024w, https:\/\/www.degro.org\/dermatoonkologie\/wp-content\/uploads\/sites\/19\/2025\/07\/DEGRO2026_StD-Banner_5zu2-768x307.png 768w, https:\/\/www.degro.org\/dermatoonkologie\/wp-content\/uploads\/sites\/19\/2025\/07\/DEGRO2026_StD-Banner_5zu2.png 1398w\" sizes=\"(max-width: 300px) 100vw, 300px\" \/><\/h3>\n<h3>SAVE THE DATE - 32. DEGRO Jahreskongress 2026<\/h3>\n<div class=\"siteorigin-widget-tinymce textwidget\">Der 32. Jahreskongress der DEGRO findet vom<strong> 25.-27. Juni 2026 <\/strong>im CCL in Leipzig statt.<br \/>\nN\u00e4here Informationen k\u00f6nnen Sie der <a href=\"https:\/\/www.degro-kongress.org\/\" target=\"_blank\" rel=\"noopener\">Kongress-Webseite<\/a> entnehmen.<\/p>\n<p>\u00a0<\/p>\n<\/div>\n<\/div>\n<\/div>\n<\/div>\n<\/div><\/div><div class=\"so-panel widget widget_sow-editor\" id=\"panel-37-3-0-5\" data-index=\"10\"><div class=\"so-widget-sow-editor so-widget-sow-editor-base\">\n<div class=\"siteorigin-widget-tinymce textwidget\">\n\t<hr \/>\n<p>\u00a0<\/p>\n<\/div>\n<\/div><\/div><div class=\"so-panel widget widget_sow-editor panel-last-child\" id=\"panel-37-3-0-6\" data-index=\"11\"><div class=\"so-widget-sow-editor so-widget-sow-editor-base\">\n<div class=\"siteorigin-widget-tinymce textwidget\">\n\t<div id=\"panel-29-0-0-0\" class=\"so-panel widget widget_sow-editor panel-first-child\" data-index=\"0\">\n<div class=\"so-widget-sow-editor so-widget-sow-editor-base\">\n<h3>\u00a0<\/h3>\n<h3 class=\"widget-title\">SAVE THE DATE - jDEGRO zu Gast in Marburg<\/h3>\n<div class=\"siteorigin-widget-tinymce textwidget\">\n<ul>\n<li>Datum: 06.-07. November 2026<\/li>\n<li>Veranstaltungsort: Auditorium des Universit\u00e4tsklinikums Marburg | Baldingerstra\u00dfe 3,\u00a035033 Marburg<\/li>\n<li><a href=\"https:\/\/www.degro.org\/jd\/jdegro-zu-gast\/\">zum Programm&gt;&gt;&gt;&gt;&gt;&gt;&gt;&gt;&gt;<\/a><\/li>\n<\/ul>\n<\/div>\n<\/div>\n<\/div>\n<\/div>\n<\/div><\/div><\/div><\/div><\/div>","protected":false},"excerpt":{"rendered":"<p>#pg-37-0 , #pg-37-1 , #pg-37-2 , #pl-37 .panel-grid-cell .so-panel { margin-bottom:30px } #pg-37-0 .panel-grid-cell , #pg-37-2 .panel-grid-cell , #pg-37-3 .panel-grid-cell { float:none } #pgc-37-1-0 , #pgc-37-1-1 { width:50% } #pg-37-1 .panel-grid-cell { float:left } #pl-37 .panel-grid-cell .so-panel:last-child { margin-bottom:0px } <\/p>\n","protected":false},"author":8,"featured_media":0,"parent":0,"menu_order":0,"comment_status":"closed","ping_status":"closed","template":"","meta":[],"_links":{"self":[{"href":"https:\/\/www.degro.org\/dermatoonkologie\/wp-json\/wp\/v2\/pages\/37"}],"collection":[{"href":"https:\/\/www.degro.org\/dermatoonkologie\/wp-json\/wp\/v2\/pages"}],"about":[{"href":"https:\/\/www.degro.org\/dermatoonkologie\/wp-json\/wp\/v2\/types\/page"}],"author":[{"embeddable":true,"href":"https:\/\/www.degro.org\/dermatoonkologie\/wp-json\/wp\/v2\/users\/8"}],"replies":[{"embeddable":true,"href":"https:\/\/www.degro.org\/dermatoonkologie\/wp-json\/wp\/v2\/comments?post=37"}],"version-history":[{"count":36,"href":"https:\/\/www.degro.org\/dermatoonkologie\/wp-json\/wp\/v2\/pages\/37\/revisions"}],"predecessor-version":[{"id":230,"href":"https:\/\/www.degro.org\/dermatoonkologie\/wp-json\/wp\/v2\/pages\/37\/revisions\/230"}],"wp:attachment":[{"href":"https:\/\/www.degro.org\/dermatoonkologie\/wp-json\/wp\/v2\/media?parent=37"}],"curies":[{"name":"wp","href":"https:\/\/api.w.org\/{rel}","templated":true}]}}