


{"id":997,"date":"2022-10-12T12:02:59","date_gmt":"2022-10-12T10:02:59","guid":{"rendered":"https:\/\/www.degro.org\/club100\/?page_id=997"},"modified":"2022-10-12T13:45:54","modified_gmt":"2022-10-12T11:45:54","slug":"fortbildungsreise-2022","status":"publish","type":"page","link":"https:\/\/www.degro.org\/club100\/fortbildungsreise-2022\/","title":{"rendered":"Fortbildungsreise 2022"},"content":{"rendered":"<div id=\"pl-997\"><style scoped>#pg-997-0 , #pl-997 .panel-grid-cell .so-panel { margin-bottom:30px } #pg-997-0 .panel-grid-cell { float:none } #pgc-997-1-0 , #pgc-997-1-1 , #pgc-997-1-2 , #pgc-997-1-3 { width:25% } #pg-997-1 .panel-grid-cell { float:left } #pl-997 .panel-grid-cell .so-panel:last-child { margin-bottom:0px } #pg-997-0 , #pg-997-1 { margin-left:-15px;margin-right:-15px } #pg-997-0 .panel-grid-cell , #pg-997-1 .panel-grid-cell { padding-left:15px;padding-right:15px } @media (max-width:780px){ #pg-997-0 .panel-grid-cell , #pg-997-1 .panel-grid-cell { float:none;width:auto } #pgc-997-1-0 , #pgc-997-1-1 , #pgc-997-1-2 { margin-bottom:30px } #pl-997 .panel-grid , #pl-997 .panel-grid-cell {  } #pl-997 .panel-grid .panel-grid-cell-empty { display:none } #pl-997 .panel-grid .panel-grid-cell-mobile-last { margin-bottom:0px }  } <\/style><div class=\"panel-grid\" id=\"pg-997-0\" ><div class=\"panel-grid-cell\" id=\"pgc-997-0-0\" ><div class=\"so-panel widget widget_sow-editor panel-first-child panel-last-child\" id=\"panel-997-0-0-0\" data-index=\"0\"><div class=\"so-widget-sow-editor so-widget-sow-editor-base\"><h3 class=\"widget-title\">Fortbildungsreise nach Mannheim\/Wiesbaden am 7.-8.10.2022<\/h3>\n<div class=\"siteorigin-widget-tinymce textwidget\">\n\t<p>Wir freuen uns dass es uns m\u00f6glich war auch in diesen Jahr unsere traditionelle Fortbildungreise anbieten zu k\u00f6nnen. In diesen Jahr ging unsere Reise nach Mannheim und Wiesbaden.<\/p>\n<p>Am Freitagvormittag trafen sich insgesamt 6 Teilnehmer:innen um 11:30 Uhr zu einer fachkundigen F\u00fchrung der Firma <a href=\"https:\/\/opasca.com\/\">OPASCA GmbH<\/a> in Mannheim. <strong>OPASCA<\/strong> ist Pionier und deutschlandweiter Marktf\u00fchrer f\u00fcr integrierte Sicherheitsl\u00f6sungen in der Strahlentherapie. Es werden sichere, effiziente und einfache Prozesse f\u00fcr den Klinikalltag anschaulich mit Vortr\u00e4gen und Objektbesichtigungen dargestellt.<\/p>\n<p>Nach Ende der Veranstaltung, ca. gegen 14 Uhr trat die Gruppe die R\u00fcckfahrt nach Wiesbaden an und bezog ihre Hotelzimmer im <strong>Mercure Hotel Wiesbaden City<\/strong>. Von dort ging es gegen 17:30 Uhr zu einer Besichtigung des Hessischen Landtages und des Stadtschlosses und ehemaliger Residenz der Herz\u00f6ge von Nassau. Gegen 19 Uhr folgte das gemeinsame Abendessen im Restaurant <strong>Webers Wikinger<\/strong> - ein gem\u00fctlicher Ausklang\u00a0 am Ende des ersten Tages.<\/p>\n<p>Am Samstagmorgen startete die Gruppe 10:30 Uhr\u00a0 zur <a href=\"https:\/\/www.rns-wiesbaden.de\/de\/\">RNS Gemeinschaftspraxis Wiesbaden<\/a>,\u00a0 f\u00fcr einen interessanten Vortrag der Firma <a href=\"https:\/\/www.mvision.ai\/\">MVision<\/a>,\u00a0 ein Pionier im Software- Angebot, f\u00fcr automatische Segmentierung und Konturierung in der Strahlentherapieplanung. Herrn St\u00e4hlin referierte \u00fcber \u201e<em>Strahlentherapieplanung mittels Autokonturierung und\u00a0 Segmentierung mit Hilfe k\u00fcnstlicher Intelligenz.\"<\/em> Wir danken Herrn St\u00e4hlin, Firma MVision, f\u00fcr seine Unterst\u00fctzung.<\/p>\n<p>11:30 Uhr folgete ein weiterer Vortrag der Firma <a href=\"https:\/\/www.varian.com\/de\">Varian<\/a>, f\u00fchrender Hersteller f\u00fcr die moderne Radiotherapie, zum Thema <em>\"<\/em><br \/>\n<em>K\u00fcnstliche Intelligenz in der modernen Strahlentherapie, Ethos \u2013 das neue Bestrahlungsger\u00e4t der Firma Varian und seine\u00a0\u00a0\u00a0\u00a0\u00a0 M\u00f6glichkeiten\". <\/em>Wir danken Herrn Vincent Lengkeek, Firma Varian, f\u00fcr seine Unterst\u00fctzung.<\/p>\n<p>Anschlie\u00dfend erfolgte eine Diskussion \u00fcber K\u00fcnstliche Intelligenz in Strahlentherapieplanung und -durchf\u00fchrung.<\/p>\n<p>Gegen 13:00 Uhr versammlte sich die Gruppe zum gemeinsamen Mittagsimbiss, um die gemeinsame Fortbildungsreise zu diskutieren sowie positive und auch ggf. negative Kritik an Ablauf und Planung zu besprechen.<\/p>\n<p>Am Nachmittag wurden die Teilnehmer\/innen zur Heimreise verabschiedet.<\/p>\n<p>Wir freuen uns sehr dar\u00fcber, dass die Reise auf gro\u00dfe Zustimmung gesto\u00dfen ist und uns allen, auch den erfahrenen Radiotherapeuten, viele neue interessante wissenswerte Eindr\u00fccke erbracht hat.<\/p>\n<\/div>\n<\/div><\/div><\/div><\/div><div class=\"panel-grid\" id=\"pg-997-1\" ><div class=\"panel-grid-cell\" id=\"pgc-997-1-0\" ><div class=\"so-panel widget widget_sow-image panel-first-child panel-last-child\" id=\"panel-997-1-0-0\" data-index=\"1\"><div class=\"so-widget-sow-image so-widget-sow-image-default-3f547a15eaaa\">\n\n<div class=\"sow-image-container\">\n\t<img src=\"https:\/\/www.degro.org\/club100\/wp-content\/uploads\/sites\/9\/2022\/10\/Gruppenbild_Club100_Opasca_Mannheim-scaled.jpg\" width=\"2560\" height=\"1920\" srcset=\"https:\/\/www.degro.org\/club100\/wp-content\/uploads\/sites\/9\/2022\/10\/Gruppenbild_Club100_Opasca_Mannheim-scaled.jpg 2560w, https:\/\/www.degro.org\/club100\/wp-content\/uploads\/sites\/9\/2022\/10\/Gruppenbild_Club100_Opasca_Mannheim-300x225.jpg 300w, https:\/\/www.degro.org\/club100\/wp-content\/uploads\/sites\/9\/2022\/10\/Gruppenbild_Club100_Opasca_Mannheim-1024x768.jpg 1024w, https:\/\/www.degro.org\/club100\/wp-content\/uploads\/sites\/9\/2022\/10\/Gruppenbild_Club100_Opasca_Mannheim-768x576.jpg 768w, https:\/\/www.degro.org\/club100\/wp-content\/uploads\/sites\/9\/2022\/10\/Gruppenbild_Club100_Opasca_Mannheim-1536x1152.jpg 1536w, https:\/\/www.degro.org\/club100\/wp-content\/uploads\/sites\/9\/2022\/10\/Gruppenbild_Club100_Opasca_Mannheim-2048x1536.jpg 2048w\" title=\"Gruppenbild_Club100_Opasca_Mannheim\"  class=\"so-widget-image\"\/>\n<\/div>\n\n<\/div><\/div><\/div><div class=\"panel-grid-cell\" id=\"pgc-997-1-1\" ><div class=\"so-panel widget widget_sow-image panel-first-child panel-last-child\" id=\"panel-997-1-1-0\" data-index=\"2\"><div class=\"so-widget-sow-image so-widget-sow-image-default-3f547a15eaaa\">\n\n<div class=\"sow-image-container\">\n\t<img src=\"https:\/\/www.degro.org\/club100\/wp-content\/uploads\/sites\/9\/2022\/10\/Vortrag_Opasca_Mannheim-scaled.jpg\" width=\"2560\" height=\"1920\" srcset=\"https:\/\/www.degro.org\/club100\/wp-content\/uploads\/sites\/9\/2022\/10\/Vortrag_Opasca_Mannheim-scaled.jpg 2560w, https:\/\/www.degro.org\/club100\/wp-content\/uploads\/sites\/9\/2022\/10\/Vortrag_Opasca_Mannheim-300x225.jpg 300w, https:\/\/www.degro.org\/club100\/wp-content\/uploads\/sites\/9\/2022\/10\/Vortrag_Opasca_Mannheim-1024x768.jpg 1024w, https:\/\/www.degro.org\/club100\/wp-content\/uploads\/sites\/9\/2022\/10\/Vortrag_Opasca_Mannheim-768x576.jpg 768w, https:\/\/www.degro.org\/club100\/wp-content\/uploads\/sites\/9\/2022\/10\/Vortrag_Opasca_Mannheim-1536x1152.jpg 1536w, https:\/\/www.degro.org\/club100\/wp-content\/uploads\/sites\/9\/2022\/10\/Vortrag_Opasca_Mannheim-2048x1536.jpg 2048w\" title=\"Vortrag_Opasca_Mannheim\"  class=\"so-widget-image\"\/>\n<\/div>\n\n<\/div><\/div><\/div><div class=\"panel-grid-cell\" id=\"pgc-997-1-2\" ><div class=\"so-panel widget widget_sow-image panel-first-child panel-last-child\" id=\"panel-997-1-2-0\" data-index=\"3\"><div class=\"so-widget-sow-image so-widget-sow-image-default-2b1fadbace82\">\n\n<div class=\"sow-image-container\">\n\t<img src=\"https:\/\/www.degro.org\/club100\/wp-content\/uploads\/sites\/9\/2022\/10\/Gruppenbild_Club100_Hessischer_Landtag-scaled.jpg\" width=\"2560\" height=\"1920\" srcset=\"https:\/\/www.degro.org\/club100\/wp-content\/uploads\/sites\/9\/2022\/10\/Gruppenbild_Club100_Hessischer_Landtag-scaled.jpg 2560w, https:\/\/www.degro.org\/club100\/wp-content\/uploads\/sites\/9\/2022\/10\/Gruppenbild_Club100_Hessischer_Landtag-300x225.jpg 300w, https:\/\/www.degro.org\/club100\/wp-content\/uploads\/sites\/9\/2022\/10\/Gruppenbild_Club100_Hessischer_Landtag-1024x768.jpg 1024w, https:\/\/www.degro.org\/club100\/wp-content\/uploads\/sites\/9\/2022\/10\/Gruppenbild_Club100_Hessischer_Landtag-768x576.jpg 768w, https:\/\/www.degro.org\/club100\/wp-content\/uploads\/sites\/9\/2022\/10\/Gruppenbild_Club100_Hessischer_Landtag-1536x1152.jpg 1536w, https:\/\/www.degro.org\/club100\/wp-content\/uploads\/sites\/9\/2022\/10\/Gruppenbild_Club100_Hessischer_Landtag-2048x1536.jpg 2048w\" title=\"Gruppenbild_Club100_Hessischer_Landtag\"  class=\"so-widget-image\"\/>\n<\/div>\n\n<\/div><\/div><\/div><div class=\"panel-grid-cell\" id=\"pgc-997-1-3\" ><div class=\"so-panel widget widget_sow-image panel-first-child panel-last-child\" id=\"panel-997-1-3-0\" data-index=\"4\"><div class=\"so-widget-sow-image so-widget-sow-image-default-3f547a15eaaa\">\n\n<div class=\"sow-image-container\">\n\t<img src=\"https:\/\/www.degro.org\/club100\/wp-content\/uploads\/sites\/9\/2022\/10\/Fuehrung_Club100_Residenzschloss_Wiesbaden-scaled.jpg\" width=\"2560\" height=\"1920\" srcset=\"https:\/\/www.degro.org\/club100\/wp-content\/uploads\/sites\/9\/2022\/10\/Fuehrung_Club100_Residenzschloss_Wiesbaden-scaled.jpg 2560w, https:\/\/www.degro.org\/club100\/wp-content\/uploads\/sites\/9\/2022\/10\/Fuehrung_Club100_Residenzschloss_Wiesbaden-300x225.jpg 300w, https:\/\/www.degro.org\/club100\/wp-content\/uploads\/sites\/9\/2022\/10\/Fuehrung_Club100_Residenzschloss_Wiesbaden-1024x768.jpg 1024w, https:\/\/www.degro.org\/club100\/wp-content\/uploads\/sites\/9\/2022\/10\/Fuehrung_Club100_Residenzschloss_Wiesbaden-768x576.jpg 768w, https:\/\/www.degro.org\/club100\/wp-content\/uploads\/sites\/9\/2022\/10\/Fuehrung_Club100_Residenzschloss_Wiesbaden-1536x1152.jpg 1536w, https:\/\/www.degro.org\/club100\/wp-content\/uploads\/sites\/9\/2022\/10\/Fuehrung_Club100_Residenzschloss_Wiesbaden-2048x1536.jpg 2048w\" title=\"F\u00fchrung_Club100_Residenzschloss_Wiesbaden\"  class=\"so-widget-image\"\/>\n<\/div>\n\n<\/div><\/div><\/div><\/div><\/div>","protected":false},"excerpt":{"rendered":"<p>#pg-997-0 , #pl-997 .panel-grid-cell .so-panel { margin-bottom:30px } #pg-997-0 .panel-grid-cell { float:none } #pgc-997-1-0 , #pgc-997-1-1 , #pgc-997-1-2 , #pgc-997-1-3 { width:25% } #pg-997-1 .panel-grid-cell { float:left } #pl-997 .panel-grid-cell .so-panel:last-child { margin-bottom:0px } #pg-997-0 , #pg-997-1 { margin-left:-15px;margin-right:-15px } <\/p>\n","protected":false},"author":8,"featured_media":0,"parent":0,"menu_order":0,"comment_status":"closed","ping_status":"closed","template":"","meta":[],"_links":{"self":[{"href":"https:\/\/www.degro.org\/club100\/wp-json\/wp\/v2\/pages\/997"}],"collection":[{"href":"https:\/\/www.degro.org\/club100\/wp-json\/wp\/v2\/pages"}],"about":[{"href":"https:\/\/www.degro.org\/club100\/wp-json\/wp\/v2\/types\/page"}],"author":[{"embeddable":true,"href":"https:\/\/www.degro.org\/club100\/wp-json\/wp\/v2\/users\/8"}],"replies":[{"embeddable":true,"href":"https:\/\/www.degro.org\/club100\/wp-json\/wp\/v2\/comments?post=997"}],"version-history":[{"count":7,"href":"https:\/\/www.degro.org\/club100\/wp-json\/wp\/v2\/pages\/997\/revisions"}],"predecessor-version":[{"id":1008,"href":"https:\/\/www.degro.org\/club100\/wp-json\/wp\/v2\/pages\/997\/revisions\/1008"}],"wp:attachment":[{"href":"https:\/\/www.degro.org\/club100\/wp-json\/wp\/v2\/media?parent=997"}],"curies":[{"name":"wp","href":"https:\/\/api.w.org\/{rel}","templated":true}]}}