


{"id":911,"date":"2022-06-01T09:33:37","date_gmt":"2022-06-01T07:33:37","guid":{"rendered":"https:\/\/www.degro.org\/club100\/?page_id=911"},"modified":"2024-06-25T15:21:53","modified_gmt":"2024-06-25T13:21:53","slug":"degro-jahreskongress-2022","status":"publish","type":"page","link":"https:\/\/www.degro.org\/club100\/degro-jahreskongress-2022\/","title":{"rendered":"DEGRO Jahreskongress 2022"},"content":{"rendered":"<div id=\"pl-911\"><style scoped>#pgc-911-0-0 , #pgc-911-0-1 , #pgc-911-0-2 , #pgc-911-0-3 { width:25% } #pg-911-0 , #pl-911 .panel-grid-cell .so-panel { margin-bottom:30px } #pg-911-0 .panel-grid-cell { float:left } #pg-911-1 .panel-grid-cell { float:none } #pl-911 .panel-grid-cell .so-panel:last-child { margin-bottom:0px } #pg-911-0 , #pg-911-1 { margin-left:-15px;margin-right:-15px } #pg-911-0 .panel-grid-cell , #pg-911-1 .panel-grid-cell { padding-left:15px;padding-right:15px } @media (max-width:780px){ #pg-911-0 .panel-grid-cell , #pg-911-1 .panel-grid-cell { float:none;width:auto } #pgc-911-0-0 , #pgc-911-0-1 , #pgc-911-0-2 { margin-bottom:30px } #pl-911 .panel-grid , #pl-911 .panel-grid-cell {  } #pl-911 .panel-grid .panel-grid-cell-empty { display:none } #pl-911 .panel-grid .panel-grid-cell-mobile-last { margin-bottom:0px }  } <\/style><div class=\"panel-grid\" id=\"pg-911-0\" ><div class=\"panel-grid-cell\" id=\"pgc-911-0-0\" ><div class=\"so-panel widget widget_sow-image panel-first-child panel-last-child\" id=\"panel-911-0-0-0\" data-index=\"0\"><div class=\"so-widget-sow-image so-widget-sow-image-default-3f547a15eaaa\">\n\n<div class=\"sow-image-container\">\n\t<img src=\"https:\/\/www.degro.org\/club100\/wp-content\/uploads\/sites\/9\/2022\/06\/028_2805_PREVIEW_0384.jpg\" width=\"2500\" height=\"1664\" srcset=\"https:\/\/www.degro.org\/club100\/wp-content\/uploads\/sites\/9\/2022\/06\/028_2805_PREVIEW_0384.jpg 2500w, https:\/\/www.degro.org\/club100\/wp-content\/uploads\/sites\/9\/2022\/06\/028_2805_PREVIEW_0384-300x200.jpg 300w, https:\/\/www.degro.org\/club100\/wp-content\/uploads\/sites\/9\/2022\/06\/028_2805_PREVIEW_0384-1024x682.jpg 1024w, https:\/\/www.degro.org\/club100\/wp-content\/uploads\/sites\/9\/2022\/06\/028_2805_PREVIEW_0384-768x511.jpg 768w, https:\/\/www.degro.org\/club100\/wp-content\/uploads\/sites\/9\/2022\/06\/028_2805_PREVIEW_0384-1536x1022.jpg 1536w, https:\/\/www.degro.org\/club100\/wp-content\/uploads\/sites\/9\/2022\/06\/028_2805_PREVIEW_0384-2048x1363.jpg 2048w, https:\/\/www.degro.org\/club100\/wp-content\/uploads\/sites\/9\/2022\/06\/028_2805_PREVIEW_0384-272x182.jpg 272w\"  class=\"so-widget-image\"\/>\n<\/div>\n\n<\/div><\/div><\/div><div class=\"panel-grid-cell\" id=\"pgc-911-0-1\" ><div class=\"so-panel widget widget_sow-image panel-first-child panel-last-child\" id=\"panel-911-0-1-0\" data-index=\"1\"><div class=\"so-widget-sow-image so-widget-sow-image-default-3f547a15eaaa\">\n\n<div class=\"sow-image-container\">\n\t<img src=\"https:\/\/www.degro.org\/club100\/wp-content\/uploads\/sites\/9\/2022\/06\/026_2805_PREVIEW_101713.jpg\" width=\"2500\" height=\"1671\" srcset=\"https:\/\/www.degro.org\/club100\/wp-content\/uploads\/sites\/9\/2022\/06\/026_2805_PREVIEW_101713.jpg 2500w, https:\/\/www.degro.org\/club100\/wp-content\/uploads\/sites\/9\/2022\/06\/026_2805_PREVIEW_101713-300x201.jpg 300w, https:\/\/www.degro.org\/club100\/wp-content\/uploads\/sites\/9\/2022\/06\/026_2805_PREVIEW_101713-1024x684.jpg 1024w, https:\/\/www.degro.org\/club100\/wp-content\/uploads\/sites\/9\/2022\/06\/026_2805_PREVIEW_101713-768x513.jpg 768w, https:\/\/www.degro.org\/club100\/wp-content\/uploads\/sites\/9\/2022\/06\/026_2805_PREVIEW_101713-1536x1027.jpg 1536w, https:\/\/www.degro.org\/club100\/wp-content\/uploads\/sites\/9\/2022\/06\/026_2805_PREVIEW_101713-2048x1369.jpg 2048w, https:\/\/www.degro.org\/club100\/wp-content\/uploads\/sites\/9\/2022\/06\/026_2805_PREVIEW_101713-272x182.jpg 272w\"  class=\"so-widget-image\"\/>\n<\/div>\n\n<\/div><\/div><\/div><div class=\"panel-grid-cell\" id=\"pgc-911-0-2\" ><div class=\"so-panel widget widget_sow-image panel-first-child panel-last-child\" id=\"panel-911-0-2-0\" data-index=\"2\"><div class=\"so-widget-sow-image so-widget-sow-image-default-3f547a15eaaa\">\n\n<div class=\"sow-image-container\">\n\t<img src=\"https:\/\/www.degro.org\/club100\/wp-content\/uploads\/sites\/9\/2022\/06\/029_2805_PREVIEW_0395.jpg\" width=\"2500\" height=\"1664\" srcset=\"https:\/\/www.degro.org\/club100\/wp-content\/uploads\/sites\/9\/2022\/06\/029_2805_PREVIEW_0395.jpg 2500w, https:\/\/www.degro.org\/club100\/wp-content\/uploads\/sites\/9\/2022\/06\/029_2805_PREVIEW_0395-300x200.jpg 300w, https:\/\/www.degro.org\/club100\/wp-content\/uploads\/sites\/9\/2022\/06\/029_2805_PREVIEW_0395-1024x682.jpg 1024w, https:\/\/www.degro.org\/club100\/wp-content\/uploads\/sites\/9\/2022\/06\/029_2805_PREVIEW_0395-768x511.jpg 768w, https:\/\/www.degro.org\/club100\/wp-content\/uploads\/sites\/9\/2022\/06\/029_2805_PREVIEW_0395-1536x1022.jpg 1536w, https:\/\/www.degro.org\/club100\/wp-content\/uploads\/sites\/9\/2022\/06\/029_2805_PREVIEW_0395-2048x1363.jpg 2048w, https:\/\/www.degro.org\/club100\/wp-content\/uploads\/sites\/9\/2022\/06\/029_2805_PREVIEW_0395-272x182.jpg 272w\"  class=\"so-widget-image\"\/>\n<\/div>\n\n<\/div><\/div><\/div><div class=\"panel-grid-cell\" id=\"pgc-911-0-3\" ><div class=\"so-panel widget widget_sow-image panel-first-child panel-last-child\" id=\"panel-911-0-3-0\" data-index=\"3\"><div class=\"so-widget-sow-image so-widget-sow-image-default-3f547a15eaaa\">\n\n<div class=\"sow-image-container\">\n\t<img src=\"https:\/\/www.degro.org\/club100\/wp-content\/uploads\/sites\/9\/2022\/06\/233_2705_PREVIEW_0360.jpg\" width=\"2500\" height=\"1664\" srcset=\"https:\/\/www.degro.org\/club100\/wp-content\/uploads\/sites\/9\/2022\/06\/233_2705_PREVIEW_0360.jpg 2500w, https:\/\/www.degro.org\/club100\/wp-content\/uploads\/sites\/9\/2022\/06\/233_2705_PREVIEW_0360-300x200.jpg 300w, https:\/\/www.degro.org\/club100\/wp-content\/uploads\/sites\/9\/2022\/06\/233_2705_PREVIEW_0360-1024x682.jpg 1024w, https:\/\/www.degro.org\/club100\/wp-content\/uploads\/sites\/9\/2022\/06\/233_2705_PREVIEW_0360-768x511.jpg 768w, https:\/\/www.degro.org\/club100\/wp-content\/uploads\/sites\/9\/2022\/06\/233_2705_PREVIEW_0360-1536x1022.jpg 1536w, https:\/\/www.degro.org\/club100\/wp-content\/uploads\/sites\/9\/2022\/06\/233_2705_PREVIEW_0360-2048x1363.jpg 2048w, https:\/\/www.degro.org\/club100\/wp-content\/uploads\/sites\/9\/2022\/06\/233_2705_PREVIEW_0360-272x182.jpg 272w\"  class=\"so-widget-image\"\/>\n<\/div>\n\n<\/div><\/div><\/div><\/div><div class=\"panel-grid\" id=\"pg-911-1\" ><div class=\"panel-grid-cell\" id=\"pgc-911-1-0\" ><div class=\"so-panel widget widget_sow-editor panel-first-child\" id=\"panel-911-1-0-0\" data-index=\"4\"><div class=\"so-widget-sow-editor so-widget-sow-editor-base\">\n<div class=\"siteorigin-widget-tinymce textwidget\">\n\t<div id=\"pg-751-1\" class=\"panel-grid\">\n<div id=\"pgc-751-1-0\" class=\"panel-grid-cell\">\n<div id=\"panel-751-1-0-0\" class=\"so-panel widget widget_sow-editor panel-first-child panel-last-child\" data-index=\"1\">\n<div class=\"so-widget-sow-editor so-widget-sow-editor-base\">\n<div class=\"siteorigin-widget-tinymce textwidget\">\n<article id=\"post-402\" class=\"post-402 page type-page status-publish hentry\">\n<div class=\"entry-content\">\n<div id=\"pl-402\">\n<div id=\"pg-402-2\" class=\"panel-grid\">\n<div id=\"pgc-402-2-0\" class=\"panel-grid-cell\">\n<div id=\"panel-402-2-0-1\" class=\"so-panel widget widget_sow-editor panel-last-child\" data-index=\"6\">\n<div class=\"so-widget-sow-editor so-widget-sow-editor-base\">\n<div class=\"siteorigin-widget-tinymce textwidget\">Der 28. Jahreskongressg der DEGRO fand unter der Leitung von Frau Professor Grosu und Herrn Profs. Hehr und Zips vom <strong>26.\u201328. Mai 2022 <\/strong>im ICS Stuttgart statt. Weitere Informationen zur Jahrestagung sind unter <a href=\"http:\/\/www.degro-kongress.org\">www.degro-kongress.org<\/a> zu finden. Die Abstracts zum Kongress k\u00f6nnen hier eingesehen werden.<\/div>\n<\/div>\n<\/div>\n<\/div>\n<\/div>\n<\/div>\n<\/div>\n<\/article>\n<\/div>\n<\/div>\n<\/div>\n<\/div>\n<\/div>\n<div id=\"pg-751-2\" class=\"panel-grid\">\n<div id=\"pgc-751-2-0\" class=\"panel-grid-cell\">\n<div id=\"panel-751-2-0-0\" class=\"so-panel widget widget_accordion panel-first-child panel-last-child\" data-index=\"2\">\n<div class=\"thim-widget-accordion thim-widget-accordion-base\">\n<div class=\"thim-widget-accordion\">\n<h4>Preis \"Bester Vortrag\"<\/h4>\n<p>Der Preis f\u00fcr den inhaltlich und stilistisch besten Vortrag des Symposium \"<span class=\"title ng-binding\">Symposium der AG Studenten \/ Club 100 von Studenten f\u00fcr Studenten - Von Patientenf\u00fcrsorge bis zur Hochpr\u00e4zionsradiotherapie\", dotiert mit <strong>\u20ac1000,-<\/strong> ging an Marlies Harten (Frankfurt) f\u00fcr Ihren Beitrag: <\/span><em>Prognostischer Stellenwert von Immunparametern zur Vorhersage des Therapieansprechens einer neoadjuvanten Therapie beim lokal fortgeschrittenen Rektumkarzinom<span class=\"title ng-binding\"><span class=\"presentation-title ng-binding\">.<\/span><\/span> <\/em>Wir gratulieren Frau Harten und w\u00fcnschen Ihr viel Freude mit Ihrem Gewinn.<\/p>\n<\/div>\n<\/div>\n<\/div>\n<\/div>\n<\/div>\n<\/div>\n<\/div><\/div><div class=\"so-panel widget widget_accordion panel-last-child\" id=\"panel-911-1-0-1\" data-index=\"5\"><div class=\"thim-widget-accordion thim-widget-accordion-base\">\n<div class=\"thim-widget-accordion\">\n\t<h3 class=\"widget-title\">\u00dcbersicht der Symposien und Vortr\u00e4ge<\/h3>\t<div id=\"accordion_69f0c71c56fb7\" class=\"panel-group\" role=\"tablist\" aria-multiselectable=\"true\">\n\t\t<!-- List Panel -->\n\t\t\n\t\t\t<div class=\"panel panel-default\">\n\t\t\t\t<div class=\"panel-heading\" role=\"tab\" id=\"heading_accordion_69f0c71c56fb7_0\">\n\t\t\t\t\t<h4 class=\"panel-title\">\n\t\t\t\t\t\t<a role=\"button\" class=\"collapsed\" data-toggle=\"collapse\" data-parent=\"#accordion_69f0c71c56fb7\" href=\"#collapse_accordion_69f0c71c56fb7_0\" aria-expanded=\"false\" aria-controls=\"collapse_accordion_69f0c71c56fb7_0\">\n\t\t\t\t\t\t\tC-RAD\/Elekta GmbH: Surface Guided Radiotherapy - F\u00fcr Studierende\t\t\t\t\t\t<\/a>\n\t\t\t\t\t<\/h4>\n\t\t\t\t<\/div>\n\t\t\t\t<div id=\"collapse_accordion_69f0c71c56fb7_0\" class=\"panel-collapse collapse\" role=\"tabpanel\" aria-labelledby=\"heading_accordion_69f0c71c56fb7_0\">\n\t\t\t\t\t<div class=\"panel-body\">\n\t\t\t\t\t\tVorsitzende: Sophia L. B\u00fcrkle (Freiburg), Martin Schuler (Erlangen)\n<ul>\n<li>\nSurface Guided Radiotherapy, klinische Anwendungen und Erfahrungen, Maren Strack (Freiburg)\n<\/li>\n<li>\nSurface Guided Radiotherapy, Julian Guggenberger (M\u00fcnchen)\n<\/li>\n<li>\nQ&#38;A, Sophia L. B\u00fcrkle (Freiburg), Martin Schuler (Erlangen), Maren Strack (Freiburg), Julian Guggenberger (M\u00fcnchen)\n<\/li>\t\t\t\t\t<\/div>\n\t\t\t\t<\/div>\n\t\t\t<\/div>\n\n\t\t\n\t\t\t<div class=\"panel panel-default\">\n\t\t\t\t<div class=\"panel-heading\" role=\"tab\" id=\"heading_accordion_69f0c71c56fb7_1\">\n\t\t\t\t\t<h4 class=\"panel-title\">\n\t\t\t\t\t\t<a role=\"button\" class=\"collapsed\" data-toggle=\"collapse\" data-parent=\"#accordion_69f0c71c56fb7\" href=\"#collapse_accordion_69f0c71c56fb7_1\" aria-expanded=\"false\" aria-controls=\"collapse_accordion_69f0c71c56fb7_1\">\n\t\t\t\t\t\t\tSymposium von Studierenden f\u00fcr Studierende: Radiooncology in a smart hospital\t\t\t\t\t\t<\/a>\n\t\t\t\t\t<\/h4>\n\t\t\t\t<\/div>\n\t\t\t\t<div id=\"collapse_accordion_69f0c71c56fb7_1\" class=\"panel-collapse collapse\" role=\"tabpanel\" aria-labelledby=\"heading_accordion_69f0c71c56fb7_1\">\n\t\t\t\t\t<div class=\"panel-body\">\n\t\t\t\t\t\tVorsitzende: Franz-Josef Prott (Wiesbaden, Uwe Haverkamp (M\u00fcnster)\n<li>\nDigitalisierung und K\u00fcnstliche Intelligenz in Radio-Onkologie \u2013 Herausforderungen und Chancen, Rolf St\u00e4helin (Z\u00fcrich)\n<\/li>\n<li>\nRadiooncology in a smart hospital: Wie radioonkologische Patienten von einem digitalisierten Medizinsektor profitieren k\u00f6nnen, Jan Tamino Peters (M\u00fcnchen)\n<\/li>\n<li>\nIn-vitro Analyse der Photon- und Proton-induzierten Bestrahlungsantwort in Sarkome, Teresa Bernardo (Essen)\n<\/li>\n<li>\nValidierung dreidimensionaler Ganzk\u00f6rper-Oberfl\u00e4chenaufnahmen zur Verlaufskontrolle der adjuvanten Radiotherapie bei Patientinnen mit Mammakarzinom: eine prospektive Auswertung, Sanda Boyaci (M\u00fcnchen)\n<\/li>\t\t\t\t\t<\/div>\n\t\t\t\t<\/div>\n\t\t\t<\/div>\n\n\t\t\n\t\t\t<div class=\"panel panel-default\">\n\t\t\t\t<div class=\"panel-heading\" role=\"tab\" id=\"heading_accordion_69f0c71c56fb7_2\">\n\t\t\t\t\t<h4 class=\"panel-title\">\n\t\t\t\t\t\t<a role=\"button\" class=\"collapsed\" data-toggle=\"collapse\" data-parent=\"#accordion_69f0c71c56fb7\" href=\"#collapse_accordion_69f0c71c56fb7_2\" aria-expanded=\"false\" aria-controls=\"collapse_accordion_69f0c71c56fb7_2\">\n\t\t\t\t\t\t\tSitzung AG Studenten\/Club 100\t\t\t\t\t\t<\/a>\n\t\t\t\t\t<\/h4>\n\t\t\t\t<\/div>\n\t\t\t\t<div id=\"collapse_accordion_69f0c71c56fb7_2\" class=\"panel-collapse collapse\" role=\"tabpanel\" aria-labelledby=\"heading_accordion_69f0c71c56fb7_2\">\n\t\t\t\t\t<div class=\"panel-body\">\n\t\t\t\t\t\tVorsitzende: Franz-Josef Prott (Wiesbaden, Lukas K\u00e4smann (M\u00fcnchen)\n<li>\nBericht des Vorstandes \u00fcber die Aktivit\u00e4ten 2021 und 2022\n<\/li>\n<li>\nVorstellung des Programms des Club 100 AG Studenten f\u00fcr Samstag, 28. Mai 2022\n<\/li>\n<li>\nVeranstaltung der AG (Fortbildungsreise Herbst 2022, Themenvorschl\u00e4ge\/Reisezielvorschl\u00e4ge)\n<\/li>\t\t\t\t\t<\/div>\n\t\t\t\t<\/div>\n\t\t\t<\/div>\n\n\t\t\t\t<!-- End: List Panel -->\n\t<\/div>\n\n<\/div><\/div><\/div><\/div><\/div><\/div>","protected":false},"excerpt":{"rendered":"<p>#pgc-911-0-0 , #pgc-911-0-1 , #pgc-911-0-2 , #pgc-911-0-3 { width:25% } #pg-911-0 , #pl-911 .panel-grid-cell .so-panel { margin-bottom:30px } #pg-911-0 .panel-grid-cell { float:left } #pg-911-1 .panel-grid-cell { float:none } #pl-911 .panel-grid-cell .so-panel:last-child { margin-bottom:0px } #pg-911-0 , #pg-911-1 { margin-left:-15px;margin-right:-15px } <\/p>\n","protected":false},"author":8,"featured_media":0,"parent":0,"menu_order":0,"comment_status":"closed","ping_status":"closed","template":"","meta":[],"_links":{"self":[{"href":"https:\/\/www.degro.org\/club100\/wp-json\/wp\/v2\/pages\/911"}],"collection":[{"href":"https:\/\/www.degro.org\/club100\/wp-json\/wp\/v2\/pages"}],"about":[{"href":"https:\/\/www.degro.org\/club100\/wp-json\/wp\/v2\/types\/page"}],"author":[{"embeddable":true,"href":"https:\/\/www.degro.org\/club100\/wp-json\/wp\/v2\/users\/8"}],"replies":[{"embeddable":true,"href":"https:\/\/www.degro.org\/club100\/wp-json\/wp\/v2\/comments?post=911"}],"version-history":[{"count":21,"href":"https:\/\/www.degro.org\/club100\/wp-json\/wp\/v2\/pages\/911\/revisions"}],"predecessor-version":[{"id":1163,"href":"https:\/\/www.degro.org\/club100\/wp-json\/wp\/v2\/pages\/911\/revisions\/1163"}],"wp:attachment":[{"href":"https:\/\/www.degro.org\/club100\/wp-json\/wp\/v2\/media?parent=911"}],"curies":[{"name":"wp","href":"https:\/\/api.w.org\/{rel}","templated":true}]}}