


{"id":86,"date":"2017-04-10T11:52:15","date_gmt":"2017-04-10T09:52:15","guid":{"rendered":"https:\/\/www.degro.org\/club100\/?page_id=86"},"modified":"2019-05-08T10:07:15","modified_gmt":"2019-05-08T08:07:15","slug":"vorstand","status":"publish","type":"page","link":"https:\/\/www.degro.org\/club100\/vorstand\/","title":{"rendered":"Vorstand"},"content":{"rendered":"\r\n\r\n\r\n\r\n\r\n\r\n\r\n\r\n\r\n\r\n\r\n\r\n\r\n\r\n\r\n<br><img width=\"16\" height=\"16\" class=\"alignnone size-full wp-image-1430\" alt=\"degro-arrow\" src=\"https:\/\/www.degro.org\/wp-content\/uploads\/2016\/07\/degro-arrow.gif\">&nbsp;<b>Vorsitz:<\/b><br><b>Prof.  Dr. med. Franz-Josef Prott<\/b><br>RNS Gemeinschaftspraxis GbR<br>Strahlentherapie \/ St. Josefs-Hospital<br>E-Mail: <a href=\"mailto:fj.prott@googlemail.com\">fj.prott@googlemail.com<\/a><br><br><img width=\"16\" height=\"16\" class=\"alignnone size-full wp-image-1430\" alt=\"degro-arrow\" src=\"https:\/\/www.degro.org\/wp-content\/uploads\/2016\/07\/degro-arrow.gif\"><b>&nbsp;Stellvertreter:<\/b><br><b>Prof.  Dr. med. Uwe Haverkamp<\/b><br><br><img width=\"16\" height=\"16\" class=\"alignnone size-full wp-image-1430\" alt=\"degro-arrow\" src=\"https:\/\/www.degro.org\/wp-content\/uploads\/2016\/07\/degro-arrow.gif\">&nbsp;<b>Beisitzer:<\/b><br><b>Prof.  Dr. med. Hans Christiansen<\/b><br>Medizinische Hochschule Hannover \/ MVZ der MHH GmbH<br>Klinik f\u00fcr Strahlentherapie und Spezielle Onkologie<br>Fachbereich Strahlentherapie im MVZ<br>E-Mail: <a href=\"mailto:christiansen.hans@mh-hannover.de\">christiansen.hans@mh-hannover.de<\/a><br><br><b>PD Dr. med. Lukas K\u00e4smann<\/b><br>Klinikum Landshut, LA-Regio Kliniken gKUAd\u00f6R, Abulanz-Zentrum Landshut<br>Klinik f\u00fcr Radioonkologie und Strahlentherapie<br>E-Mail: <a href=\"mailto:lukas.kaesmann@la-regio-kliniken.de\">lukas.kaesmann@la-regio-kliniken.de<\/a><br><br><b>Dr. rer. medic. Christopher Kittel<\/b><br>Universit\u00e4tsklinikum M\u00fcnster<br>Klinik f\u00fcr Strahlentherapie<br>E-Mail: <a href=\"mailto:christopher.kittel@ukmuenster.de\">christopher.kittel@ukmuenster.de<\/a><br><br><b>Dr. med. Stefan Gravemeyer<\/b><br>Universit\u00e4tsklinikum M\u00fcnster<br>Klinik f\u00fcr Strahlentherapie<br>E-Mail: <a href=\"mailto:stefan.lerch@ukmuenster.de\">stefan.lerch@ukmuenster.de<\/a><br><br><b>Prof. Dr. med. Dipl.-Phys. Hilke Vorwerk<\/b><br>Lahn-Dill-Kliniken GmbH, Standort Klinikum Wetzlar-Braunfels<br>Klinik f\u00fcr Strahlentherapie \/ Radioonkologie<br>E-Mail: <a href=\"mailto:hilke.vorwerk@lahn-dill-kliniken.de\">hilke.vorwerk@lahn-dill-kliniken.de<\/a><br><br><img width=\"16\" height=\"16\" class=\"alignnone size-full wp-image-1430\" alt=\"degro-arrow\" src=\"https:\/\/www.degro.org\/wp-content\/uploads\/2016\/07\/degro-arrow.gif\">&nbsp;<b>Beisitzer:<\/b><br> <b>Dr. med. David Rene Steike<\/b><br>Universit\u00e4tsklinikum M\u00fcnster<br>Klinik f\u00fcr Strahlentherapie<br>E-Mail: <a href=\"mailto:davidrene.steike@ukmuenster.de\">davidrene.steike@ukmuenster.de<\/a><br>\r\n\t\t\t\t\t\t\r\n\n","protected":false},"excerpt":{"rendered":"","protected":false},"author":8,"featured_media":0,"parent":0,"menu_order":0,"comment_status":"closed","ping_status":"closed","template":"","meta":[],"_links":{"self":[{"href":"https:\/\/www.degro.org\/club100\/wp-json\/wp\/v2\/pages\/86"}],"collection":[{"href":"https:\/\/www.degro.org\/club100\/wp-json\/wp\/v2\/pages"}],"about":[{"href":"https:\/\/www.degro.org\/club100\/wp-json\/wp\/v2\/types\/page"}],"author":[{"embeddable":true,"href":"https:\/\/www.degro.org\/club100\/wp-json\/wp\/v2\/users\/8"}],"replies":[{"embeddable":true,"href":"https:\/\/www.degro.org\/club100\/wp-json\/wp\/v2\/comments?post=86"}],"version-history":[{"count":3,"href":"https:\/\/www.degro.org\/club100\/wp-json\/wp\/v2\/pages\/86\/revisions"}],"predecessor-version":[{"id":563,"href":"https:\/\/www.degro.org\/club100\/wp-json\/wp\/v2\/pages\/86\/revisions\/563"}],"wp:attachment":[{"href":"https:\/\/www.degro.org\/club100\/wp-json\/wp\/v2\/media?parent=86"}],"curies":[{"name":"wp","href":"https:\/\/api.w.org\/{rel}","templated":true}]}}